{"id":10320,"date":"2024-01-09T10:28:37","date_gmt":"2024-01-09T09:28:37","guid":{"rendered":"https:\/\/www.kaphonic.com\/shop\/until-shes-gone\/"},"modified":"2024-04-08T10:33:05","modified_gmt":"2024-04-08T08:33:05","slug":"until-shes-gone","status":"publish","type":"product","link":"https:\/\/www.kaphonic.com\/fr\/shop\/until-shes-gone\/","title":{"rendered":"UNTIL SHE&rsquo;S GONE"},"content":{"rendered":"","protected":false},"excerpt":{"rendered":"<p>Apr\u00e8s \u00ab Kan Sir\u00e8nn la Sonn\u00e9 \u00bb (reprise du titre phare de Robert Loyson), <strong>WOZAN MONZA<\/strong>, chanteur t\u00e9nor de la sc\u00e8ne musicale guadeloup\u00e9enne, pose \u00e0 nouveau sa voix sur la puissante Techno M\u00e9lodic de <strong>KEVIN TOY<\/strong> !<\/p>\n<p>Avec \u00ab <strong>UNTIL SHE\u2019S GONE<\/strong> \u00bb, le plus cosmopolite des chanteurs de Gwo-Ka, nous balance sa conception sans fard de l\u2019Amour. Un titre en anglais, un refrain en Kr\u00e9yol, des couplets en fran\u00e7ais, et des mots qui disent le sentiment d\u2019Amour de ce vuln\u00e9rable \u00ab Kolos aux pieds d\u2019argile \u00bb. Malgr\u00e9 les \u00e9checs et les tumultes, il marche sans rel\u00e2che vers un sentiment sup\u00e9rieur et universel, celui de porter avec ferveur les g\u00e9n\u00e9rations futures, n\u00e9es de ses unions pass\u00e9es.<\/p>\n<p>Le son Techno M\u00e9lodic de KEVIN TOY accompagne ce cheminement, v\u00e9ritable fil conducteur d\u2019un voyage \u00e9motionnel, entre minimalisme et complexit\u00e9. Le beat emboite le pas, les couches m\u00e9lodiques se superposent, et s\u2019alignent aux \u00e9tats de pens\u00e9es du chanteur.<\/p>\n<p>\u00ab UNTIL SHE\u2019S GONE \u00bb est une symbiose des langues, des rythmes et des \u00e9motions, mais c\u2019est aussi il faut le dire, un son d\u2019une efficacit\u00e9 redoutable pour les oreilles des fans de la House Music, o\u00f9 qu\u2019ils soient sur <strong>la plan\u00e8te Amour<\/strong> !<\/p>\n","protected":false},"featured_media":10203,"template":"","meta":{"_acf_changed":false},"product_brand":[],"product_cat":[78,84],"product_tag":[88,107],"class_list":{"0":"post-10320","1":"product","2":"type-product","3":"status-publish","4":"has-post-thumbnail","6":"product_cat-album-fr","7":"product_cat-ancestral-ka-fr","8":"product_tag-album-ancestral-ka-fr","9":"product_tag-album-kevin-toy-fr","11":"first","12":"instock","13":"featured","14":"downloadable","15":"virtual","16":"taxable","17":"purchasable","18":"product-type-simple"},"acf":[],"yoast_head":"<!-- This site is optimized with the Yoast SEO plugin v27.3 - https:\/\/yoast.com\/product\/yoast-seo-wordpress\/ -->\n<title>Acheter UNTIL SHE&#039;S GONE de Wozan Monza et Kevin Toy<\/title>\n<meta name=\"description\" content=\"WOZAN MONZA, chanteur t\u00e9nor de la sc\u00e8ne musicale guadeloup\u00e9enne, pose \u00e0 nouveau sa voix sur la puissante Techno M\u00e9lodic de KEVIN TOY !\" \/>\n<meta name=\"robots\" content=\"index, follow, max-snippet:-1, max-image-preview:large, max-video-preview:-1\" \/>\n<link rel=\"canonical\" href=\"https:\/\/www.kaphonic.com\/fr\/shop\/until-shes-gone\/\" \/>\n<meta property=\"og:locale\" content=\"fr_FR\" \/>\n<meta property=\"og:type\" content=\"article\" \/>\n<meta property=\"og:title\" content=\"Acheter UNTIL SHE&#039;S GONE de Wozan Monza et Kevin Toy\" \/>\n<meta property=\"og:description\" content=\"WOZAN MONZA, chanteur t\u00e9nor de la sc\u00e8ne musicale guadeloup\u00e9enne, pose \u00e0 nouveau sa voix sur la puissante Techno M\u00e9lodic de KEVIN TOY !\" \/>\n<meta property=\"og:url\" content=\"https:\/\/www.kaphonic.com\/fr\/shop\/until-shes-gone\/\" \/>\n<meta property=\"og:site_name\" content=\"Kaphonic\" \/>\n<meta property=\"article:publisher\" content=\"https:\/\/www.facebook.com\/kaphonic\/\" \/>\n<meta property=\"article:modified_time\" content=\"2024-04-08T08:33:05+00:00\" \/>\n<meta property=\"og:image\" content=\"https:\/\/www.kaphonic.com\/wp-content\/uploads\/2024\/01\/COVER-UNTILSHESGONE-500.jpg\" \/>\n\t<meta property=\"og:image:width\" content=\"500\" \/>\n\t<meta property=\"og:image:height\" content=\"500\" \/>\n\t<meta property=\"og:image:type\" content=\"image\/jpeg\" \/>\n<meta name=\"twitter:card\" content=\"summary_large_image\" \/>\n<meta name=\"twitter:label1\" content=\"Dur\u00e9e de lecture estim\u00e9e\" \/>\n\t<meta name=\"twitter:data1\" content=\"1 minute\" \/>\n<script type=\"application\/ld+json\" class=\"yoast-schema-graph\">{\"@context\":\"https:\\\/\\\/schema.org\",\"@graph\":[{\"@type\":\"WebPage\",\"@id\":\"https:\\\/\\\/www.kaphonic.com\\\/fr\\\/shop\\\/until-shes-gone\\\/\",\"url\":\"https:\\\/\\\/www.kaphonic.com\\\/fr\\\/shop\\\/until-shes-gone\\\/\",\"name\":\"Acheter UNTIL SHE'S GONE de Wozan Monza et Kevin Toy\",\"isPartOf\":{\"@id\":\"https:\\\/\\\/www.kaphonic.com\\\/fr\\\/#website\"},\"primaryImageOfPage\":{\"@id\":\"https:\\\/\\\/www.kaphonic.com\\\/fr\\\/shop\\\/until-shes-gone\\\/#primaryimage\"},\"image\":{\"@id\":\"https:\\\/\\\/www.kaphonic.com\\\/fr\\\/shop\\\/until-shes-gone\\\/#primaryimage\"},\"thumbnailUrl\":\"https:\\\/\\\/www.kaphonic.com\\\/wp-content\\\/uploads\\\/2024\\\/01\\\/COVER-UNTILSHESGONE-500.jpg\",\"datePublished\":\"2024-01-09T09:28:37+00:00\",\"dateModified\":\"2024-04-08T08:33:05+00:00\",\"description\":\"WOZAN MONZA, chanteur t\u00e9nor de la sc\u00e8ne musicale guadeloup\u00e9enne, pose \u00e0 nouveau sa voix sur la puissante Techno M\u00e9lodic de KEVIN TOY !\",\"breadcrumb\":{\"@id\":\"https:\\\/\\\/www.kaphonic.com\\\/fr\\\/shop\\\/until-shes-gone\\\/#breadcrumb\"},\"inLanguage\":\"fr-FR\",\"potentialAction\":[{\"@type\":\"ReadAction\",\"target\":[\"https:\\\/\\\/www.kaphonic.com\\\/fr\\\/shop\\\/until-shes-gone\\\/\"]}]},{\"@type\":\"ImageObject\",\"inLanguage\":\"fr-FR\",\"@id\":\"https:\\\/\\\/www.kaphonic.com\\\/fr\\\/shop\\\/until-shes-gone\\\/#primaryimage\",\"url\":\"https:\\\/\\\/www.kaphonic.com\\\/wp-content\\\/uploads\\\/2024\\\/01\\\/COVER-UNTILSHESGONE-500.jpg\",\"contentUrl\":\"https:\\\/\\\/www.kaphonic.com\\\/wp-content\\\/uploads\\\/2024\\\/01\\\/COVER-UNTILSHESGONE-500.jpg\",\"width\":500,\"height\":500},{\"@type\":\"BreadcrumbList\",\"@id\":\"https:\\\/\\\/www.kaphonic.com\\\/fr\\\/shop\\\/until-shes-gone\\\/#breadcrumb\",\"itemListElement\":[{\"@type\":\"ListItem\",\"position\":1,\"name\":\"Home\",\"item\":\"https:\\\/\\\/www.kaphonic.com\\\/fr\\\/accueil\\\/\"},{\"@type\":\"ListItem\",\"position\":2,\"name\":\"Shop\",\"item\":\"https:\\\/\\\/www.kaphonic.com\\\/fr\\\/shop\\\/\"},{\"@type\":\"ListItem\",\"position\":3,\"name\":\"UNTIL SHE&#8217;S GONE\"}]},{\"@type\":\"WebSite\",\"@id\":\"https:\\\/\\\/www.kaphonic.com\\\/fr\\\/#website\",\"url\":\"https:\\\/\\\/www.kaphonic.com\\\/fr\\\/\",\"name\":\"Kaphonic\",\"description\":\"Label - \u00c9dition musicale - \u00c9v\u00e9nements\",\"publisher\":{\"@id\":\"https:\\\/\\\/www.kaphonic.com\\\/fr\\\/#organization\"},\"alternateName\":\"Kaphonic\",\"potentialAction\":[{\"@type\":\"SearchAction\",\"target\":{\"@type\":\"EntryPoint\",\"urlTemplate\":\"https:\\\/\\\/www.kaphonic.com\\\/fr\\\/?s={search_term_string}\"},\"query-input\":{\"@type\":\"PropertyValueSpecification\",\"valueRequired\":true,\"valueName\":\"search_term_string\"}}],\"inLanguage\":\"fr-FR\"},{\"@type\":\"Organization\",\"@id\":\"https:\\\/\\\/www.kaphonic.com\\\/fr\\\/#organization\",\"name\":\"SAS KAPHONIC\",\"alternateName\":\"KAPHONIC\",\"url\":\"https:\\\/\\\/www.kaphonic.com\\\/fr\\\/\",\"logo\":{\"@type\":\"ImageObject\",\"inLanguage\":\"fr-FR\",\"@id\":\"https:\\\/\\\/www.kaphonic.com\\\/fr\\\/#\\\/schema\\\/logo\\\/image\\\/\",\"url\":\"https:\\\/\\\/www.kaphonic.com\\\/wp-content\\\/uploads\\\/2023\\\/10\\\/LOGO-kaphonic-noir.png\",\"contentUrl\":\"https:\\\/\\\/www.kaphonic.com\\\/wp-content\\\/uploads\\\/2023\\\/10\\\/LOGO-kaphonic-noir.png\",\"width\":1000,\"height\":339,\"caption\":\"SAS KAPHONIC\"},\"image\":{\"@id\":\"https:\\\/\\\/www.kaphonic.com\\\/fr\\\/#\\\/schema\\\/logo\\\/image\\\/\"},\"sameAs\":[\"https:\\\/\\\/www.facebook.com\\\/kaphonic\\\/\",\"https:\\\/\\\/www.youtube.com\\\/@kaphonicrecords\",\"https:\\\/\\\/kaphonicrecords.bandcamp.com\\\/\",\"https:\\\/\\\/www.instagram.com\\\/kaphonicrecords\\\/\",\"https:\\\/\\\/soundcloud.com\\\/motsek\"]}]}<\/script>\n<!-- \/ Yoast SEO plugin. -->","yoast_head_json":{"title":"Acheter UNTIL SHE'S GONE de Wozan Monza et Kevin Toy","description":"WOZAN MONZA, chanteur t\u00e9nor de la sc\u00e8ne musicale guadeloup\u00e9enne, pose \u00e0 nouveau sa voix sur la puissante Techno M\u00e9lodic de KEVIN TOY !","robots":{"index":"index","follow":"follow","max-snippet":"max-snippet:-1","max-image-preview":"max-image-preview:large","max-video-preview":"max-video-preview:-1"},"canonical":"https:\/\/www.kaphonic.com\/fr\/shop\/until-shes-gone\/","og_locale":"fr_FR","og_type":"article","og_title":"Acheter UNTIL SHE'S GONE de Wozan Monza et Kevin Toy","og_description":"WOZAN MONZA, chanteur t\u00e9nor de la sc\u00e8ne musicale guadeloup\u00e9enne, pose \u00e0 nouveau sa voix sur la puissante Techno M\u00e9lodic de KEVIN TOY !","og_url":"https:\/\/www.kaphonic.com\/fr\/shop\/until-shes-gone\/","og_site_name":"Kaphonic","article_publisher":"https:\/\/www.facebook.com\/kaphonic\/","article_modified_time":"2024-04-08T08:33:05+00:00","og_image":[{"width":500,"height":500,"url":"https:\/\/www.kaphonic.com\/wp-content\/uploads\/2024\/01\/COVER-UNTILSHESGONE-500.jpg","type":"image\/jpeg"}],"twitter_card":"summary_large_image","twitter_misc":{"Dur\u00e9e de lecture estim\u00e9e":"1 minute"},"schema":{"@context":"https:\/\/schema.org","@graph":[{"@type":"WebPage","@id":"https:\/\/www.kaphonic.com\/fr\/shop\/until-shes-gone\/","url":"https:\/\/www.kaphonic.com\/fr\/shop\/until-shes-gone\/","name":"Acheter UNTIL SHE'S GONE de Wozan Monza et Kevin Toy","isPartOf":{"@id":"https:\/\/www.kaphonic.com\/fr\/#website"},"primaryImageOfPage":{"@id":"https:\/\/www.kaphonic.com\/fr\/shop\/until-shes-gone\/#primaryimage"},"image":{"@id":"https:\/\/www.kaphonic.com\/fr\/shop\/until-shes-gone\/#primaryimage"},"thumbnailUrl":"https:\/\/www.kaphonic.com\/wp-content\/uploads\/2024\/01\/COVER-UNTILSHESGONE-500.jpg","datePublished":"2024-01-09T09:28:37+00:00","dateModified":"2024-04-08T08:33:05+00:00","description":"WOZAN MONZA, chanteur t\u00e9nor de la sc\u00e8ne musicale guadeloup\u00e9enne, pose \u00e0 nouveau sa voix sur la puissante Techno M\u00e9lodic de KEVIN TOY !","breadcrumb":{"@id":"https:\/\/www.kaphonic.com\/fr\/shop\/until-shes-gone\/#breadcrumb"},"inLanguage":"fr-FR","potentialAction":[{"@type":"ReadAction","target":["https:\/\/www.kaphonic.com\/fr\/shop\/until-shes-gone\/"]}]},{"@type":"ImageObject","inLanguage":"fr-FR","@id":"https:\/\/www.kaphonic.com\/fr\/shop\/until-shes-gone\/#primaryimage","url":"https:\/\/www.kaphonic.com\/wp-content\/uploads\/2024\/01\/COVER-UNTILSHESGONE-500.jpg","contentUrl":"https:\/\/www.kaphonic.com\/wp-content\/uploads\/2024\/01\/COVER-UNTILSHESGONE-500.jpg","width":500,"height":500},{"@type":"BreadcrumbList","@id":"https:\/\/www.kaphonic.com\/fr\/shop\/until-shes-gone\/#breadcrumb","itemListElement":[{"@type":"ListItem","position":1,"name":"Home","item":"https:\/\/www.kaphonic.com\/fr\/accueil\/"},{"@type":"ListItem","position":2,"name":"Shop","item":"https:\/\/www.kaphonic.com\/fr\/shop\/"},{"@type":"ListItem","position":3,"name":"UNTIL SHE&#8217;S GONE"}]},{"@type":"WebSite","@id":"https:\/\/www.kaphonic.com\/fr\/#website","url":"https:\/\/www.kaphonic.com\/fr\/","name":"Kaphonic","description":"Label - \u00c9dition musicale - \u00c9v\u00e9nements","publisher":{"@id":"https:\/\/www.kaphonic.com\/fr\/#organization"},"alternateName":"Kaphonic","potentialAction":[{"@type":"SearchAction","target":{"@type":"EntryPoint","urlTemplate":"https:\/\/www.kaphonic.com\/fr\/?s={search_term_string}"},"query-input":{"@type":"PropertyValueSpecification","valueRequired":true,"valueName":"search_term_string"}}],"inLanguage":"fr-FR"},{"@type":"Organization","@id":"https:\/\/www.kaphonic.com\/fr\/#organization","name":"SAS KAPHONIC","alternateName":"KAPHONIC","url":"https:\/\/www.kaphonic.com\/fr\/","logo":{"@type":"ImageObject","inLanguage":"fr-FR","@id":"https:\/\/www.kaphonic.com\/fr\/#\/schema\/logo\/image\/","url":"https:\/\/www.kaphonic.com\/wp-content\/uploads\/2023\/10\/LOGO-kaphonic-noir.png","contentUrl":"https:\/\/www.kaphonic.com\/wp-content\/uploads\/2023\/10\/LOGO-kaphonic-noir.png","width":1000,"height":339,"caption":"SAS KAPHONIC"},"image":{"@id":"https:\/\/www.kaphonic.com\/fr\/#\/schema\/logo\/image\/"},"sameAs":["https:\/\/www.facebook.com\/kaphonic\/","https:\/\/www.youtube.com\/@kaphonicrecords","https:\/\/kaphonicrecords.bandcamp.com\/","https:\/\/www.instagram.com\/kaphonicrecords\/","https:\/\/soundcloud.com\/motsek"]}]}},"_links":{"self":[{"href":"https:\/\/www.kaphonic.com\/fr\/wp-json\/wp\/v2\/product\/10320","targetHints":{"allow":["GET"]}}],"collection":[{"href":"https:\/\/www.kaphonic.com\/fr\/wp-json\/wp\/v2\/product"}],"about":[{"href":"https:\/\/www.kaphonic.com\/fr\/wp-json\/wp\/v2\/types\/product"}],"version-history":[{"count":0,"href":"https:\/\/www.kaphonic.com\/fr\/wp-json\/wp\/v2\/product\/10320\/revisions"}],"wp:featuredmedia":[{"embeddable":true,"href":"https:\/\/www.kaphonic.com\/fr\/wp-json\/wp\/v2\/media\/10203"}],"wp:attachment":[{"href":"https:\/\/www.kaphonic.com\/fr\/wp-json\/wp\/v2\/media?parent=10320"}],"wp:term":[{"taxonomy":"product_brand","embeddable":true,"href":"https:\/\/www.kaphonic.com\/fr\/wp-json\/wp\/v2\/product_brand?post=10320"},{"taxonomy":"product_cat","embeddable":true,"href":"https:\/\/www.kaphonic.com\/fr\/wp-json\/wp\/v2\/product_cat?post=10320"},{"taxonomy":"product_tag","embeddable":true,"href":"https:\/\/www.kaphonic.com\/fr\/wp-json\/wp\/v2\/product_tag?post=10320"}],"curies":[{"name":"wp","href":"https:\/\/api.w.org\/{rel}","templated":true}]}}