{"id":10858,"date":"2024-02-08T09:06:11","date_gmt":"2024-02-08T08:06:11","guid":{"rendered":"https:\/\/www.kaphonic.com\/shop\/blue-valentine\/"},"modified":"2024-04-08T10:32:39","modified_gmt":"2024-04-08T08:32:39","slug":"blue-valentine","status":"publish","type":"product","link":"https:\/\/www.kaphonic.com\/fr\/shop\/blue-valentine\/","title":{"rendered":"BLUE VALENTINE"},"content":{"rendered":"","protected":false},"excerpt":{"rendered":"<p>Le 9 f\u00e9vrier marque la sortie de \u00ab <strong>Blue Valentine<\/strong> \u00bb, le dernier EP de Blue Nefertiti (Celia Nubians) chez Kaphonic Records.<br \/>\nPour c\u00e9l\u00e9brer le \u00ab mois de l\u2019amour \u00bb et sp\u00e9cialement con\u00e7ue pour la Saint-Valentin, <strong>Blue Nefertiti<\/strong> pr\u00e9sente une version soulful House du standard de jazz \u00ab <strong>My Funny Valentine<\/strong> \u00bb \u2013 une v\u00e9ritable cure de jouvence 2.0 pour ce classique !<\/p>\n<p>Et comme une bonne nouvelle n&rsquo;arrive jamais seule, deux autres remix compl\u00e8tent cet EP. Tout d\u2019abord, l\u2019un confectionn\u00e9 par nos amis de Chicago, Cordell Johnson et Scorpeze <strong>d\u2019Excursions<\/strong>. Et pour couronner cette sortie, c&rsquo;est <strong>Manoo<\/strong>, qui accompagn\u00e9 de Bacanito au piano, propose une version soulful spirit du titre.<\/p>\n<p>Dans la lign\u00e9e de la couverture sign\u00e9e de l&rsquo;illustratrice Catel, ces trois versions de \u00ab My Funny Valentine \u00bb sont d\u00e9cal\u00e9es et sexy, douces comme un magnifique coucher de soleil dans les Cara\u00efbes, \u00e0 savourer pour tout moment privil\u00e9gi\u00e9.<\/p>\n","protected":false},"featured_media":10751,"template":"","meta":{"_acf_changed":false},"product_brand":[],"product_cat":[78],"product_tag":[105],"class_list":{"0":"post-10858","1":"product","2":"type-product","3":"status-publish","4":"has-post-thumbnail","6":"product_cat-album-fr","7":"product_tag-album-blue-nefertiti-fr","9":"first","10":"instock","11":"featured","12":"downloadable","13":"virtual","14":"taxable","15":"purchasable","16":"product-type-simple"},"acf":[],"yoast_head":"<!-- This site is optimized with the Yoast SEO plugin v27.3 - https:\/\/yoast.com\/product\/yoast-seo-wordpress\/ -->\n<title>Acheter BLUE VALENTINE de Blue Nefertiti | Kaphonic Records<\/title>\n<meta name=\"description\" content=\"D\u00e9couvrez les remix s\u00e9duisants de Blue Nefertiti de &quot;My Funny Valentine&quot;, y compris les versions de Manoo et d&#039;Excursions. L&#039;\u00e9l\u00e9gance du jazz rencontre les Terres universelles de la House Music.\" \/>\n<meta name=\"robots\" content=\"index, follow, max-snippet:-1, max-image-preview:large, max-video-preview:-1\" \/>\n<link rel=\"canonical\" href=\"https:\/\/www.kaphonic.com\/fr\/shop\/blue-valentine\/\" \/>\n<meta property=\"og:locale\" content=\"fr_FR\" \/>\n<meta property=\"og:type\" content=\"article\" \/>\n<meta property=\"og:title\" content=\"Acheter BLUE VALENTINE de Blue Nefertiti | Kaphonic Records\" \/>\n<meta property=\"og:description\" content=\"D\u00e9couvrez les remix s\u00e9duisants de Blue Nefertiti de &quot;My Funny Valentine&quot;, y compris les versions de Manoo et d&#039;Excursions. L&#039;\u00e9l\u00e9gance du jazz rencontre les Terres universelles de la House Music.\" \/>\n<meta property=\"og:url\" content=\"https:\/\/www.kaphonic.com\/fr\/shop\/blue-valentine\/\" \/>\n<meta property=\"og:site_name\" content=\"Kaphonic\" \/>\n<meta property=\"article:publisher\" content=\"https:\/\/www.facebook.com\/kaphonic\/\" \/>\n<meta property=\"article:modified_time\" content=\"2024-04-08T08:32:39+00:00\" \/>\n<meta property=\"og:image\" content=\"https:\/\/www.kaphonic.com\/wp-content\/uploads\/2024\/01\/COVER-BLUE-VALENTINE-remix-500.jpg\" \/>\n\t<meta property=\"og:image:width\" content=\"500\" \/>\n\t<meta property=\"og:image:height\" content=\"500\" \/>\n\t<meta property=\"og:image:type\" content=\"image\/jpeg\" \/>\n<meta name=\"twitter:card\" content=\"summary_large_image\" \/>\n<meta name=\"twitter:label1\" content=\"Dur\u00e9e de lecture estim\u00e9e\" \/>\n\t<meta name=\"twitter:data1\" content=\"1 minute\" \/>\n<script type=\"application\/ld+json\" class=\"yoast-schema-graph\">{\"@context\":\"https:\\\/\\\/schema.org\",\"@graph\":[{\"@type\":\"WebPage\",\"@id\":\"https:\\\/\\\/www.kaphonic.com\\\/fr\\\/shop\\\/blue-valentine\\\/\",\"url\":\"https:\\\/\\\/www.kaphonic.com\\\/fr\\\/shop\\\/blue-valentine\\\/\",\"name\":\"Acheter BLUE VALENTINE de Blue Nefertiti | Kaphonic Records\",\"isPartOf\":{\"@id\":\"https:\\\/\\\/www.kaphonic.com\\\/fr\\\/#website\"},\"primaryImageOfPage\":{\"@id\":\"https:\\\/\\\/www.kaphonic.com\\\/fr\\\/shop\\\/blue-valentine\\\/#primaryimage\"},\"image\":{\"@id\":\"https:\\\/\\\/www.kaphonic.com\\\/fr\\\/shop\\\/blue-valentine\\\/#primaryimage\"},\"thumbnailUrl\":\"https:\\\/\\\/www.kaphonic.com\\\/wp-content\\\/uploads\\\/2024\\\/01\\\/COVER-BLUE-VALENTINE-remix-500.jpg\",\"datePublished\":\"2024-02-08T08:06:11+00:00\",\"dateModified\":\"2024-04-08T08:32:39+00:00\",\"description\":\"D\u00e9couvrez les remix s\u00e9duisants de Blue Nefertiti de \\\"My Funny Valentine\\\", y compris les versions de Manoo et d'Excursions. L'\u00e9l\u00e9gance du jazz rencontre les Terres universelles de la House Music.\",\"breadcrumb\":{\"@id\":\"https:\\\/\\\/www.kaphonic.com\\\/fr\\\/shop\\\/blue-valentine\\\/#breadcrumb\"},\"inLanguage\":\"fr-FR\",\"potentialAction\":[{\"@type\":\"ReadAction\",\"target\":[\"https:\\\/\\\/www.kaphonic.com\\\/fr\\\/shop\\\/blue-valentine\\\/\"]}]},{\"@type\":\"ImageObject\",\"inLanguage\":\"fr-FR\",\"@id\":\"https:\\\/\\\/www.kaphonic.com\\\/fr\\\/shop\\\/blue-valentine\\\/#primaryimage\",\"url\":\"https:\\\/\\\/www.kaphonic.com\\\/wp-content\\\/uploads\\\/2024\\\/01\\\/COVER-BLUE-VALENTINE-remix-500.jpg\",\"contentUrl\":\"https:\\\/\\\/www.kaphonic.com\\\/wp-content\\\/uploads\\\/2024\\\/01\\\/COVER-BLUE-VALENTINE-remix-500.jpg\",\"width\":500,\"height\":500},{\"@type\":\"BreadcrumbList\",\"@id\":\"https:\\\/\\\/www.kaphonic.com\\\/fr\\\/shop\\\/blue-valentine\\\/#breadcrumb\",\"itemListElement\":[{\"@type\":\"ListItem\",\"position\":1,\"name\":\"Home\",\"item\":\"https:\\\/\\\/www.kaphonic.com\\\/fr\\\/accueil\\\/\"},{\"@type\":\"ListItem\",\"position\":2,\"name\":\"Shop\",\"item\":\"https:\\\/\\\/www.kaphonic.com\\\/fr\\\/shop\\\/\"},{\"@type\":\"ListItem\",\"position\":3,\"name\":\"BLUE VALENTINE\"}]},{\"@type\":\"WebSite\",\"@id\":\"https:\\\/\\\/www.kaphonic.com\\\/fr\\\/#website\",\"url\":\"https:\\\/\\\/www.kaphonic.com\\\/fr\\\/\",\"name\":\"Kaphonic\",\"description\":\"Label - \u00c9dition musicale - \u00c9v\u00e9nements\",\"publisher\":{\"@id\":\"https:\\\/\\\/www.kaphonic.com\\\/fr\\\/#organization\"},\"alternateName\":\"Kaphonic\",\"potentialAction\":[{\"@type\":\"SearchAction\",\"target\":{\"@type\":\"EntryPoint\",\"urlTemplate\":\"https:\\\/\\\/www.kaphonic.com\\\/fr\\\/?s={search_term_string}\"},\"query-input\":{\"@type\":\"PropertyValueSpecification\",\"valueRequired\":true,\"valueName\":\"search_term_string\"}}],\"inLanguage\":\"fr-FR\"},{\"@type\":\"Organization\",\"@id\":\"https:\\\/\\\/www.kaphonic.com\\\/fr\\\/#organization\",\"name\":\"SAS KAPHONIC\",\"alternateName\":\"KAPHONIC\",\"url\":\"https:\\\/\\\/www.kaphonic.com\\\/fr\\\/\",\"logo\":{\"@type\":\"ImageObject\",\"inLanguage\":\"fr-FR\",\"@id\":\"https:\\\/\\\/www.kaphonic.com\\\/fr\\\/#\\\/schema\\\/logo\\\/image\\\/\",\"url\":\"https:\\\/\\\/www.kaphonic.com\\\/wp-content\\\/uploads\\\/2023\\\/10\\\/LOGO-kaphonic-noir.png\",\"contentUrl\":\"https:\\\/\\\/www.kaphonic.com\\\/wp-content\\\/uploads\\\/2023\\\/10\\\/LOGO-kaphonic-noir.png\",\"width\":1000,\"height\":339,\"caption\":\"SAS KAPHONIC\"},\"image\":{\"@id\":\"https:\\\/\\\/www.kaphonic.com\\\/fr\\\/#\\\/schema\\\/logo\\\/image\\\/\"},\"sameAs\":[\"https:\\\/\\\/www.facebook.com\\\/kaphonic\\\/\",\"https:\\\/\\\/www.youtube.com\\\/@kaphonicrecords\",\"https:\\\/\\\/kaphonicrecords.bandcamp.com\\\/\",\"https:\\\/\\\/www.instagram.com\\\/kaphonicrecords\\\/\",\"https:\\\/\\\/soundcloud.com\\\/motsek\"]}]}<\/script>\n<!-- \/ Yoast SEO plugin. -->","yoast_head_json":{"title":"Acheter BLUE VALENTINE de Blue Nefertiti | Kaphonic Records","description":"D\u00e9couvrez les remix s\u00e9duisants de Blue Nefertiti de \"My Funny Valentine\", y compris les versions de Manoo et d'Excursions. L'\u00e9l\u00e9gance du jazz rencontre les Terres universelles de la House Music.","robots":{"index":"index","follow":"follow","max-snippet":"max-snippet:-1","max-image-preview":"max-image-preview:large","max-video-preview":"max-video-preview:-1"},"canonical":"https:\/\/www.kaphonic.com\/fr\/shop\/blue-valentine\/","og_locale":"fr_FR","og_type":"article","og_title":"Acheter BLUE VALENTINE de Blue Nefertiti | Kaphonic Records","og_description":"D\u00e9couvrez les remix s\u00e9duisants de Blue Nefertiti de \"My Funny Valentine\", y compris les versions de Manoo et d'Excursions. L'\u00e9l\u00e9gance du jazz rencontre les Terres universelles de la House Music.","og_url":"https:\/\/www.kaphonic.com\/fr\/shop\/blue-valentine\/","og_site_name":"Kaphonic","article_publisher":"https:\/\/www.facebook.com\/kaphonic\/","article_modified_time":"2024-04-08T08:32:39+00:00","og_image":[{"width":500,"height":500,"url":"https:\/\/www.kaphonic.com\/wp-content\/uploads\/2024\/01\/COVER-BLUE-VALENTINE-remix-500.jpg","type":"image\/jpeg"}],"twitter_card":"summary_large_image","twitter_misc":{"Dur\u00e9e de lecture estim\u00e9e":"1 minute"},"schema":{"@context":"https:\/\/schema.org","@graph":[{"@type":"WebPage","@id":"https:\/\/www.kaphonic.com\/fr\/shop\/blue-valentine\/","url":"https:\/\/www.kaphonic.com\/fr\/shop\/blue-valentine\/","name":"Acheter BLUE VALENTINE de Blue Nefertiti | Kaphonic Records","isPartOf":{"@id":"https:\/\/www.kaphonic.com\/fr\/#website"},"primaryImageOfPage":{"@id":"https:\/\/www.kaphonic.com\/fr\/shop\/blue-valentine\/#primaryimage"},"image":{"@id":"https:\/\/www.kaphonic.com\/fr\/shop\/blue-valentine\/#primaryimage"},"thumbnailUrl":"https:\/\/www.kaphonic.com\/wp-content\/uploads\/2024\/01\/COVER-BLUE-VALENTINE-remix-500.jpg","datePublished":"2024-02-08T08:06:11+00:00","dateModified":"2024-04-08T08:32:39+00:00","description":"D\u00e9couvrez les remix s\u00e9duisants de Blue Nefertiti de \"My Funny Valentine\", y compris les versions de Manoo et d'Excursions. L'\u00e9l\u00e9gance du jazz rencontre les Terres universelles de la House Music.","breadcrumb":{"@id":"https:\/\/www.kaphonic.com\/fr\/shop\/blue-valentine\/#breadcrumb"},"inLanguage":"fr-FR","potentialAction":[{"@type":"ReadAction","target":["https:\/\/www.kaphonic.com\/fr\/shop\/blue-valentine\/"]}]},{"@type":"ImageObject","inLanguage":"fr-FR","@id":"https:\/\/www.kaphonic.com\/fr\/shop\/blue-valentine\/#primaryimage","url":"https:\/\/www.kaphonic.com\/wp-content\/uploads\/2024\/01\/COVER-BLUE-VALENTINE-remix-500.jpg","contentUrl":"https:\/\/www.kaphonic.com\/wp-content\/uploads\/2024\/01\/COVER-BLUE-VALENTINE-remix-500.jpg","width":500,"height":500},{"@type":"BreadcrumbList","@id":"https:\/\/www.kaphonic.com\/fr\/shop\/blue-valentine\/#breadcrumb","itemListElement":[{"@type":"ListItem","position":1,"name":"Home","item":"https:\/\/www.kaphonic.com\/fr\/accueil\/"},{"@type":"ListItem","position":2,"name":"Shop","item":"https:\/\/www.kaphonic.com\/fr\/shop\/"},{"@type":"ListItem","position":3,"name":"BLUE VALENTINE"}]},{"@type":"WebSite","@id":"https:\/\/www.kaphonic.com\/fr\/#website","url":"https:\/\/www.kaphonic.com\/fr\/","name":"Kaphonic","description":"Label - \u00c9dition musicale - \u00c9v\u00e9nements","publisher":{"@id":"https:\/\/www.kaphonic.com\/fr\/#organization"},"alternateName":"Kaphonic","potentialAction":[{"@type":"SearchAction","target":{"@type":"EntryPoint","urlTemplate":"https:\/\/www.kaphonic.com\/fr\/?s={search_term_string}"},"query-input":{"@type":"PropertyValueSpecification","valueRequired":true,"valueName":"search_term_string"}}],"inLanguage":"fr-FR"},{"@type":"Organization","@id":"https:\/\/www.kaphonic.com\/fr\/#organization","name":"SAS KAPHONIC","alternateName":"KAPHONIC","url":"https:\/\/www.kaphonic.com\/fr\/","logo":{"@type":"ImageObject","inLanguage":"fr-FR","@id":"https:\/\/www.kaphonic.com\/fr\/#\/schema\/logo\/image\/","url":"https:\/\/www.kaphonic.com\/wp-content\/uploads\/2023\/10\/LOGO-kaphonic-noir.png","contentUrl":"https:\/\/www.kaphonic.com\/wp-content\/uploads\/2023\/10\/LOGO-kaphonic-noir.png","width":1000,"height":339,"caption":"SAS KAPHONIC"},"image":{"@id":"https:\/\/www.kaphonic.com\/fr\/#\/schema\/logo\/image\/"},"sameAs":["https:\/\/www.facebook.com\/kaphonic\/","https:\/\/www.youtube.com\/@kaphonicrecords","https:\/\/kaphonicrecords.bandcamp.com\/","https:\/\/www.instagram.com\/kaphonicrecords\/","https:\/\/soundcloud.com\/motsek"]}]}},"_links":{"self":[{"href":"https:\/\/www.kaphonic.com\/fr\/wp-json\/wp\/v2\/product\/10858","targetHints":{"allow":["GET"]}}],"collection":[{"href":"https:\/\/www.kaphonic.com\/fr\/wp-json\/wp\/v2\/product"}],"about":[{"href":"https:\/\/www.kaphonic.com\/fr\/wp-json\/wp\/v2\/types\/product"}],"version-history":[{"count":0,"href":"https:\/\/www.kaphonic.com\/fr\/wp-json\/wp\/v2\/product\/10858\/revisions"}],"wp:featuredmedia":[{"embeddable":true,"href":"https:\/\/www.kaphonic.com\/fr\/wp-json\/wp\/v2\/media\/10751"}],"wp:attachment":[{"href":"https:\/\/www.kaphonic.com\/fr\/wp-json\/wp\/v2\/media?parent=10858"}],"wp:term":[{"taxonomy":"product_brand","embeddable":true,"href":"https:\/\/www.kaphonic.com\/fr\/wp-json\/wp\/v2\/product_brand?post=10858"},{"taxonomy":"product_cat","embeddable":true,"href":"https:\/\/www.kaphonic.com\/fr\/wp-json\/wp\/v2\/product_cat?post=10858"},{"taxonomy":"product_tag","embeddable":true,"href":"https:\/\/www.kaphonic.com\/fr\/wp-json\/wp\/v2\/product_tag?post=10858"}],"curies":[{"name":"wp","href":"https:\/\/api.w.org\/{rel}","templated":true}]}}