{"id":11265,"date":"2024-02-20T12:04:19","date_gmt":"2024-02-20T11:04:19","guid":{"rendered":"https:\/\/www.kaphonic.com\/shop\/mama-ed-ward-remix-radio-edit\/"},"modified":"2024-04-25T17:36:00","modified_gmt":"2024-04-25T15:36:00","slug":"mama-ed-ward-remix-radio-edit","status":"publish","type":"product","link":"https:\/\/www.kaphonic.com\/fr\/shop\/mama-ed-ward-remix-radio-edit\/","title":{"rendered":"MAMA &#8211; Ed-Ward Remix (Radio Edit)"},"content":{"rendered":"","protected":false},"excerpt":{"rendered":"<p>Le parcours d&rsquo;un label est souvent rempli de surprises, et parfois, les \u00e9toiles vous sourient v\u00e9ritablement&#8230; Comme ce jour o\u00f9 <strong>Exte C<\/strong> nous a propos\u00e9 de produire la chanson \u00ab\u00a0<strong>Mama<\/strong>\u00ab\u00a0. Ce titre, con\u00e7u en hommage \u00e0 sa m\u00e8re, a \u00e9t\u00e9 pour nous un v\u00e9ritable coup de foudre. Les textes de <strong>Mariloe<\/strong> et sa voix de velours glissent sur le groove d&rsquo;Exte C, et le charme op\u00e8re irr\u00e9sistiblement !<\/p>\n<p>Une belle surprise aurait pu suffire, mais en discutant avec Exte C, l&rsquo;id\u00e9e de produire un remix du titre est apparue, et avec elle, le nom d&rsquo;<strong>Ed-Ward<\/strong>, une autre figure importante de la sc\u00e8ne <strong>deep house sud-africaine<\/strong>. Si le nom \u00e0 lui seul a du poids, l&rsquo;exp\u00e9rience musicale est d&rsquo;un tout autre ordre, nous pouvons vous l&rsquo;assurer.<\/p>\n<p>Lorsque vous \u00e9couterez \u00ab\u00a0Mama\u00a0\u00bb pour la premi\u00e8re fois, pr\u00e9parez-vous \u00e0 un voyage exaltant, car il ne manquera pas de laisser les auditeurs non pr\u00e9par\u00e9s bouche b\u00e9e.<\/p>\n","protected":false},"featured_media":11181,"template":"","meta":{"_acf_changed":false},"product_brand":[],"product_cat":[74],"product_tag":[],"class_list":{"0":"post-11265","1":"product","2":"type-product","3":"status-publish","4":"has-post-thumbnail","6":"product_cat-piste","8":"first","9":"instock","10":"downloadable","11":"virtual","12":"taxable","13":"purchasable","14":"product-type-simple"},"acf":[],"yoast_head":"<!-- This site is optimized with the Yoast SEO plugin v27.3 - https:\/\/yoast.com\/product\/yoast-seo-wordpress\/ -->\n<title>Acheter MAMA par Exte C et Mariloe | Kaphonic Records<\/title>\n<meta name=\"description\" content=\"D\u00e9couvrez le voyage soulful de l&#039;album &#039;MAMA&#039;, un hommage aux m\u00e8res, par Exte C et Mariloe. Pr\u00e9parez-vous pour une exp\u00e9rience musicale exaltante !\" \/>\n<meta name=\"robots\" content=\"index, follow, max-snippet:-1, max-image-preview:large, max-video-preview:-1\" \/>\n<link rel=\"canonical\" href=\"https:\/\/www.kaphonic.com\/fr\/shop\/mama-ed-ward-remix-radio-edit\/\" \/>\n<meta property=\"og:locale\" content=\"fr_FR\" \/>\n<meta property=\"og:type\" content=\"article\" \/>\n<meta property=\"og:title\" content=\"Acheter MAMA par Exte C et Mariloe | Kaphonic Records\" \/>\n<meta property=\"og:description\" content=\"D\u00e9couvrez le voyage soulful de l&#039;album &#039;MAMA&#039;, un hommage aux m\u00e8res, par Exte C et Mariloe. Pr\u00e9parez-vous pour une exp\u00e9rience musicale exaltante !\" \/>\n<meta property=\"og:url\" content=\"https:\/\/www.kaphonic.com\/fr\/shop\/mama-ed-ward-remix-radio-edit\/\" \/>\n<meta property=\"og:site_name\" content=\"Kaphonic\" \/>\n<meta property=\"article:publisher\" content=\"https:\/\/www.facebook.com\/kaphonic\/\" \/>\n<meta property=\"article:modified_time\" content=\"2024-04-25T15:36:00+00:00\" \/>\n<meta property=\"og:image\" content=\"https:\/\/www.kaphonic.com\/wp-content\/uploads\/2024\/02\/MAMA-EXTE_C-COVER-all-names-600.jpg\" \/>\n\t<meta property=\"og:image:width\" content=\"600\" \/>\n\t<meta property=\"og:image:height\" content=\"600\" \/>\n\t<meta property=\"og:image:type\" content=\"image\/jpeg\" \/>\n<meta name=\"twitter:card\" content=\"summary_large_image\" \/>\n<meta name=\"twitter:label1\" content=\"Dur\u00e9e de lecture estim\u00e9e\" \/>\n\t<meta name=\"twitter:data1\" content=\"1 minute\" \/>\n<script type=\"application\/ld+json\" class=\"yoast-schema-graph\">{\"@context\":\"https:\\\/\\\/schema.org\",\"@graph\":[{\"@type\":\"WebPage\",\"@id\":\"https:\\\/\\\/www.kaphonic.com\\\/fr\\\/shop\\\/mama-ed-ward-remix-radio-edit\\\/\",\"url\":\"https:\\\/\\\/www.kaphonic.com\\\/fr\\\/shop\\\/mama-ed-ward-remix-radio-edit\\\/\",\"name\":\"Acheter MAMA par Exte C et Mariloe | Kaphonic Records\",\"isPartOf\":{\"@id\":\"https:\\\/\\\/www.kaphonic.com\\\/fr\\\/#website\"},\"primaryImageOfPage\":{\"@id\":\"https:\\\/\\\/www.kaphonic.com\\\/fr\\\/shop\\\/mama-ed-ward-remix-radio-edit\\\/#primaryimage\"},\"image\":{\"@id\":\"https:\\\/\\\/www.kaphonic.com\\\/fr\\\/shop\\\/mama-ed-ward-remix-radio-edit\\\/#primaryimage\"},\"thumbnailUrl\":\"https:\\\/\\\/www.kaphonic.com\\\/wp-content\\\/uploads\\\/2024\\\/02\\\/MAMA-EXTE_C-COVER-all-names-600.jpg\",\"datePublished\":\"2024-02-20T11:04:19+00:00\",\"dateModified\":\"2024-04-25T15:36:00+00:00\",\"description\":\"D\u00e9couvrez le voyage soulful de l'album 'MAMA', un hommage aux m\u00e8res, par Exte C et Mariloe. Pr\u00e9parez-vous pour une exp\u00e9rience musicale exaltante !\",\"breadcrumb\":{\"@id\":\"https:\\\/\\\/www.kaphonic.com\\\/fr\\\/shop\\\/mama-ed-ward-remix-radio-edit\\\/#breadcrumb\"},\"inLanguage\":\"fr-FR\",\"potentialAction\":[{\"@type\":\"ReadAction\",\"target\":[\"https:\\\/\\\/www.kaphonic.com\\\/fr\\\/shop\\\/mama-ed-ward-remix-radio-edit\\\/\"]}]},{\"@type\":\"ImageObject\",\"inLanguage\":\"fr-FR\",\"@id\":\"https:\\\/\\\/www.kaphonic.com\\\/fr\\\/shop\\\/mama-ed-ward-remix-radio-edit\\\/#primaryimage\",\"url\":\"https:\\\/\\\/www.kaphonic.com\\\/wp-content\\\/uploads\\\/2024\\\/02\\\/MAMA-EXTE_C-COVER-all-names-600.jpg\",\"contentUrl\":\"https:\\\/\\\/www.kaphonic.com\\\/wp-content\\\/uploads\\\/2024\\\/02\\\/MAMA-EXTE_C-COVER-all-names-600.jpg\",\"width\":600,\"height\":600},{\"@type\":\"BreadcrumbList\",\"@id\":\"https:\\\/\\\/www.kaphonic.com\\\/fr\\\/shop\\\/mama-ed-ward-remix-radio-edit\\\/#breadcrumb\",\"itemListElement\":[{\"@type\":\"ListItem\",\"position\":1,\"name\":\"Home\",\"item\":\"https:\\\/\\\/www.kaphonic.com\\\/fr\\\/accueil\\\/\"},{\"@type\":\"ListItem\",\"position\":2,\"name\":\"Shop\",\"item\":\"https:\\\/\\\/www.kaphonic.com\\\/fr\\\/shop\\\/\"},{\"@type\":\"ListItem\",\"position\":3,\"name\":\"MAMA &#8211; Ed-Ward Remix (Radio Edit)\"}]},{\"@type\":\"WebSite\",\"@id\":\"https:\\\/\\\/www.kaphonic.com\\\/fr\\\/#website\",\"url\":\"https:\\\/\\\/www.kaphonic.com\\\/fr\\\/\",\"name\":\"Kaphonic\",\"description\":\"Label - \u00c9dition musicale - \u00c9v\u00e9nements\",\"publisher\":{\"@id\":\"https:\\\/\\\/www.kaphonic.com\\\/fr\\\/#organization\"},\"alternateName\":\"Kaphonic\",\"potentialAction\":[{\"@type\":\"SearchAction\",\"target\":{\"@type\":\"EntryPoint\",\"urlTemplate\":\"https:\\\/\\\/www.kaphonic.com\\\/fr\\\/?s={search_term_string}\"},\"query-input\":{\"@type\":\"PropertyValueSpecification\",\"valueRequired\":true,\"valueName\":\"search_term_string\"}}],\"inLanguage\":\"fr-FR\"},{\"@type\":\"Organization\",\"@id\":\"https:\\\/\\\/www.kaphonic.com\\\/fr\\\/#organization\",\"name\":\"SAS KAPHONIC\",\"alternateName\":\"KAPHONIC\",\"url\":\"https:\\\/\\\/www.kaphonic.com\\\/fr\\\/\",\"logo\":{\"@type\":\"ImageObject\",\"inLanguage\":\"fr-FR\",\"@id\":\"https:\\\/\\\/www.kaphonic.com\\\/fr\\\/#\\\/schema\\\/logo\\\/image\\\/\",\"url\":\"https:\\\/\\\/www.kaphonic.com\\\/wp-content\\\/uploads\\\/2023\\\/10\\\/LOGO-kaphonic-noir.png\",\"contentUrl\":\"https:\\\/\\\/www.kaphonic.com\\\/wp-content\\\/uploads\\\/2023\\\/10\\\/LOGO-kaphonic-noir.png\",\"width\":1000,\"height\":339,\"caption\":\"SAS KAPHONIC\"},\"image\":{\"@id\":\"https:\\\/\\\/www.kaphonic.com\\\/fr\\\/#\\\/schema\\\/logo\\\/image\\\/\"},\"sameAs\":[\"https:\\\/\\\/www.facebook.com\\\/kaphonic\\\/\",\"https:\\\/\\\/www.youtube.com\\\/@kaphonicrecords\",\"https:\\\/\\\/kaphonicrecords.bandcamp.com\\\/\",\"https:\\\/\\\/www.instagram.com\\\/kaphonicrecords\\\/\",\"https:\\\/\\\/soundcloud.com\\\/motsek\"]}]}<\/script>\n<!-- \/ Yoast SEO plugin. -->","yoast_head_json":{"title":"Acheter MAMA par Exte C et Mariloe | Kaphonic Records","description":"D\u00e9couvrez le voyage soulful de l'album 'MAMA', un hommage aux m\u00e8res, par Exte C et Mariloe. Pr\u00e9parez-vous pour une exp\u00e9rience musicale exaltante !","robots":{"index":"index","follow":"follow","max-snippet":"max-snippet:-1","max-image-preview":"max-image-preview:large","max-video-preview":"max-video-preview:-1"},"canonical":"https:\/\/www.kaphonic.com\/fr\/shop\/mama-ed-ward-remix-radio-edit\/","og_locale":"fr_FR","og_type":"article","og_title":"Acheter MAMA par Exte C et Mariloe | Kaphonic Records","og_description":"D\u00e9couvrez le voyage soulful de l'album 'MAMA', un hommage aux m\u00e8res, par Exte C et Mariloe. Pr\u00e9parez-vous pour une exp\u00e9rience musicale exaltante !","og_url":"https:\/\/www.kaphonic.com\/fr\/shop\/mama-ed-ward-remix-radio-edit\/","og_site_name":"Kaphonic","article_publisher":"https:\/\/www.facebook.com\/kaphonic\/","article_modified_time":"2024-04-25T15:36:00+00:00","og_image":[{"width":600,"height":600,"url":"https:\/\/www.kaphonic.com\/wp-content\/uploads\/2024\/02\/MAMA-EXTE_C-COVER-all-names-600.jpg","type":"image\/jpeg"}],"twitter_card":"summary_large_image","twitter_misc":{"Dur\u00e9e de lecture estim\u00e9e":"1 minute"},"schema":{"@context":"https:\/\/schema.org","@graph":[{"@type":"WebPage","@id":"https:\/\/www.kaphonic.com\/fr\/shop\/mama-ed-ward-remix-radio-edit\/","url":"https:\/\/www.kaphonic.com\/fr\/shop\/mama-ed-ward-remix-radio-edit\/","name":"Acheter MAMA par Exte C et Mariloe | Kaphonic Records","isPartOf":{"@id":"https:\/\/www.kaphonic.com\/fr\/#website"},"primaryImageOfPage":{"@id":"https:\/\/www.kaphonic.com\/fr\/shop\/mama-ed-ward-remix-radio-edit\/#primaryimage"},"image":{"@id":"https:\/\/www.kaphonic.com\/fr\/shop\/mama-ed-ward-remix-radio-edit\/#primaryimage"},"thumbnailUrl":"https:\/\/www.kaphonic.com\/wp-content\/uploads\/2024\/02\/MAMA-EXTE_C-COVER-all-names-600.jpg","datePublished":"2024-02-20T11:04:19+00:00","dateModified":"2024-04-25T15:36:00+00:00","description":"D\u00e9couvrez le voyage soulful de l'album 'MAMA', un hommage aux m\u00e8res, par Exte C et Mariloe. Pr\u00e9parez-vous pour une exp\u00e9rience musicale exaltante !","breadcrumb":{"@id":"https:\/\/www.kaphonic.com\/fr\/shop\/mama-ed-ward-remix-radio-edit\/#breadcrumb"},"inLanguage":"fr-FR","potentialAction":[{"@type":"ReadAction","target":["https:\/\/www.kaphonic.com\/fr\/shop\/mama-ed-ward-remix-radio-edit\/"]}]},{"@type":"ImageObject","inLanguage":"fr-FR","@id":"https:\/\/www.kaphonic.com\/fr\/shop\/mama-ed-ward-remix-radio-edit\/#primaryimage","url":"https:\/\/www.kaphonic.com\/wp-content\/uploads\/2024\/02\/MAMA-EXTE_C-COVER-all-names-600.jpg","contentUrl":"https:\/\/www.kaphonic.com\/wp-content\/uploads\/2024\/02\/MAMA-EXTE_C-COVER-all-names-600.jpg","width":600,"height":600},{"@type":"BreadcrumbList","@id":"https:\/\/www.kaphonic.com\/fr\/shop\/mama-ed-ward-remix-radio-edit\/#breadcrumb","itemListElement":[{"@type":"ListItem","position":1,"name":"Home","item":"https:\/\/www.kaphonic.com\/fr\/accueil\/"},{"@type":"ListItem","position":2,"name":"Shop","item":"https:\/\/www.kaphonic.com\/fr\/shop\/"},{"@type":"ListItem","position":3,"name":"MAMA &#8211; Ed-Ward Remix (Radio Edit)"}]},{"@type":"WebSite","@id":"https:\/\/www.kaphonic.com\/fr\/#website","url":"https:\/\/www.kaphonic.com\/fr\/","name":"Kaphonic","description":"Label - \u00c9dition musicale - \u00c9v\u00e9nements","publisher":{"@id":"https:\/\/www.kaphonic.com\/fr\/#organization"},"alternateName":"Kaphonic","potentialAction":[{"@type":"SearchAction","target":{"@type":"EntryPoint","urlTemplate":"https:\/\/www.kaphonic.com\/fr\/?s={search_term_string}"},"query-input":{"@type":"PropertyValueSpecification","valueRequired":true,"valueName":"search_term_string"}}],"inLanguage":"fr-FR"},{"@type":"Organization","@id":"https:\/\/www.kaphonic.com\/fr\/#organization","name":"SAS KAPHONIC","alternateName":"KAPHONIC","url":"https:\/\/www.kaphonic.com\/fr\/","logo":{"@type":"ImageObject","inLanguage":"fr-FR","@id":"https:\/\/www.kaphonic.com\/fr\/#\/schema\/logo\/image\/","url":"https:\/\/www.kaphonic.com\/wp-content\/uploads\/2023\/10\/LOGO-kaphonic-noir.png","contentUrl":"https:\/\/www.kaphonic.com\/wp-content\/uploads\/2023\/10\/LOGO-kaphonic-noir.png","width":1000,"height":339,"caption":"SAS KAPHONIC"},"image":{"@id":"https:\/\/www.kaphonic.com\/fr\/#\/schema\/logo\/image\/"},"sameAs":["https:\/\/www.facebook.com\/kaphonic\/","https:\/\/www.youtube.com\/@kaphonicrecords","https:\/\/kaphonicrecords.bandcamp.com\/","https:\/\/www.instagram.com\/kaphonicrecords\/","https:\/\/soundcloud.com\/motsek"]}]}},"_links":{"self":[{"href":"https:\/\/www.kaphonic.com\/fr\/wp-json\/wp\/v2\/product\/11265","targetHints":{"allow":["GET"]}}],"collection":[{"href":"https:\/\/www.kaphonic.com\/fr\/wp-json\/wp\/v2\/product"}],"about":[{"href":"https:\/\/www.kaphonic.com\/fr\/wp-json\/wp\/v2\/types\/product"}],"version-history":[{"count":0,"href":"https:\/\/www.kaphonic.com\/fr\/wp-json\/wp\/v2\/product\/11265\/revisions"}],"wp:featuredmedia":[{"embeddable":true,"href":"https:\/\/www.kaphonic.com\/fr\/wp-json\/wp\/v2\/media\/11181"}],"wp:attachment":[{"href":"https:\/\/www.kaphonic.com\/fr\/wp-json\/wp\/v2\/media?parent=11265"}],"wp:term":[{"taxonomy":"product_brand","embeddable":true,"href":"https:\/\/www.kaphonic.com\/fr\/wp-json\/wp\/v2\/product_brand?post=11265"},{"taxonomy":"product_cat","embeddable":true,"href":"https:\/\/www.kaphonic.com\/fr\/wp-json\/wp\/v2\/product_cat?post=11265"},{"taxonomy":"product_tag","embeddable":true,"href":"https:\/\/www.kaphonic.com\/fr\/wp-json\/wp\/v2\/product_tag?post=11265"}],"curies":[{"name":"wp","href":"https:\/\/api.w.org\/{rel}","templated":true}]}}