{"id":12119,"date":"2024-03-26T16:11:46","date_gmt":"2024-03-26T15:11:46","guid":{"rendered":"https:\/\/www.kaphonic.com\/shop\/kisa-nou-le-kevin-toy-remix\/"},"modified":"2024-04-25T17:34:32","modified_gmt":"2024-04-25T15:34:32","slug":"kisa-nou-le-kevin-toy-remix","status":"publish","type":"product","link":"https:\/\/www.kaphonic.com\/fr\/shop\/kisa-nou-le-kevin-toy-remix\/","title":{"rendered":"KISA NOU LE\u0301 (Kevin Toy Remix)"},"content":{"rendered":"","protected":false},"excerpt":{"rendered":"<p>Comme tu le sais d\u00e9j\u00e0, chez <strong>Kaphonic Records<\/strong>, on adore cr\u00e9er des collab entre artistes, en les invitant \u00e0 un \u00ab\u00a0laboratoire sonic\u00a0\u00bb, souvent sismique ! Aux manettes pour cette prochaine sortie, nous avons invit\u00e9 le talentueux <strong>MARRON AGE<\/strong>. Plus connu sous le pseudo de <strong>NAUGHTY J<\/strong>, il accompagne de longue date aux platines, l\u2019illustre rappeur de NTM, Joey Starr. Associ\u00e9 pour l&rsquo;occasion au Beatmaker <strong>KILIGAK<\/strong>, ils ont \u00e9labor\u00e9 ensemble les premi\u00e8res mol\u00e9cules sonores de <strong>KISA NOU L\u00c9<\/strong>.<\/p>\n<p>Puis, ils ont \u00e9t\u00e9 rejoints par <strong>KE\u00cfLA<\/strong>, l&rsquo;\u00e9toile montante de la sc\u00e8ne r\u00e9unionna ise, qui vient juste de sortir son nouvel EP \u00ab\u00a0Pure\u00a0\u00bb. Pour notre label, elle a relev\u00e9 le d\u00e9fi de poser sa voix sur un son \u00e9lectro, en infusant la musique du duo de compositeurs, de son cr\u00e9ole aussi authentique que puissant.<\/p>\n<p>Ensuite, c&rsquo;est <strong>KEVIN TOY<\/strong> qui est entr\u00e9 en jeu, avec l&rsquo;excellence qu&rsquo;on lui connait depuis ses premi\u00e8res collab avec notre label. Il nous propose une seconde potion de <strong>Kisa Nou L\u00e9<\/strong>, avec un Remix <strong>Afro M\u00e9lodic<\/strong>&#8230; et l&rsquo;alchimie de ce single est au complet !<\/p>\n","protected":false},"featured_media":12089,"template":"","meta":{"_acf_changed":false},"product_brand":[],"product_cat":[74],"product_tag":[],"class_list":{"0":"post-12119","1":"product","2":"type-product","3":"status-publish","4":"has-post-thumbnail","6":"product_cat-piste","8":"first","9":"instock","10":"downloadable","11":"virtual","12":"taxable","13":"purchasable","14":"product-type-simple"},"acf":[],"yoast_head":"<!-- This site is optimized with the Yoast SEO plugin v27.3 - https:\/\/yoast.com\/product\/yoast-seo-wordpress\/ -->\n<title>KISA NOU LE\u0301 de Ke\u00efla, Marron Age &amp; KiligaK | Kaphonic Records<\/title>\n<meta name=\"description\" content=\"D\u00e9couvrez &quot;Kisa Nou L\u00e9&quot;, le dernier album \u00e9lectro de KE\u00cfLA, MARRON AGE &amp; KILIGAK &amp; KEVIN TOY, m\u00ealant voix cr\u00e9oles et sons \u00e9lectriques.\" \/>\n<meta name=\"robots\" content=\"index, follow, max-snippet:-1, max-image-preview:large, max-video-preview:-1\" \/>\n<link rel=\"canonical\" href=\"https:\/\/www.kaphonic.com\/fr\/shop\/kisa-nou-le-kevin-toy-remix\/\" \/>\n<meta property=\"og:locale\" content=\"fr_FR\" \/>\n<meta property=\"og:type\" content=\"article\" \/>\n<meta property=\"og:title\" content=\"KISA NOU LE\u0301 de Ke\u00efla, Marron Age &amp; KiligaK | Kaphonic Records\" \/>\n<meta property=\"og:description\" content=\"D\u00e9couvrez &quot;Kisa Nou L\u00e9&quot;, le dernier album \u00e9lectro de KE\u00cfLA, MARRON AGE &amp; KILIGAK &amp; KEVIN TOY, m\u00ealant voix cr\u00e9oles et sons \u00e9lectriques.\" \/>\n<meta property=\"og:url\" content=\"https:\/\/www.kaphonic.com\/fr\/shop\/kisa-nou-le-kevin-toy-remix\/\" \/>\n<meta property=\"og:site_name\" content=\"Kaphonic\" \/>\n<meta property=\"article:publisher\" content=\"https:\/\/www.facebook.com\/kaphonic\/\" \/>\n<meta property=\"article:modified_time\" content=\"2024-04-25T15:34:32+00:00\" \/>\n<meta property=\"og:image\" content=\"https:\/\/www.kaphonic.com\/wp-content\/uploads\/2024\/03\/KISA-NOU-LE-COVER-track-02.jpg\" \/>\n\t<meta property=\"og:image:width\" content=\"600\" \/>\n\t<meta property=\"og:image:height\" content=\"600\" \/>\n\t<meta property=\"og:image:type\" content=\"image\/jpeg\" \/>\n<meta name=\"twitter:card\" content=\"summary_large_image\" \/>\n<meta name=\"twitter:label1\" content=\"Dur\u00e9e de lecture estim\u00e9e\" \/>\n\t<meta name=\"twitter:data1\" content=\"1 minute\" \/>\n<script type=\"application\/ld+json\" class=\"yoast-schema-graph\">{\"@context\":\"https:\\\/\\\/schema.org\",\"@graph\":[{\"@type\":\"WebPage\",\"@id\":\"https:\\\/\\\/www.kaphonic.com\\\/fr\\\/shop\\\/kisa-nou-le-kevin-toy-remix\\\/\",\"url\":\"https:\\\/\\\/www.kaphonic.com\\\/fr\\\/shop\\\/kisa-nou-le-kevin-toy-remix\\\/\",\"name\":\"KISA NOU LE\u0301 de Ke\u00efla, Marron Age & KiligaK | Kaphonic Records\",\"isPartOf\":{\"@id\":\"https:\\\/\\\/www.kaphonic.com\\\/fr\\\/#website\"},\"primaryImageOfPage\":{\"@id\":\"https:\\\/\\\/www.kaphonic.com\\\/fr\\\/shop\\\/kisa-nou-le-kevin-toy-remix\\\/#primaryimage\"},\"image\":{\"@id\":\"https:\\\/\\\/www.kaphonic.com\\\/fr\\\/shop\\\/kisa-nou-le-kevin-toy-remix\\\/#primaryimage\"},\"thumbnailUrl\":\"https:\\\/\\\/www.kaphonic.com\\\/wp-content\\\/uploads\\\/2024\\\/03\\\/KISA-NOU-LE-COVER-track-02.jpg\",\"datePublished\":\"2024-03-26T15:11:46+00:00\",\"dateModified\":\"2024-04-25T15:34:32+00:00\",\"description\":\"D\u00e9couvrez \\\"Kisa Nou L\u00e9\\\", le dernier album \u00e9lectro de KE\u00cfLA, MARRON AGE & KILIGAK & KEVIN TOY, m\u00ealant voix cr\u00e9oles et sons \u00e9lectriques.\",\"breadcrumb\":{\"@id\":\"https:\\\/\\\/www.kaphonic.com\\\/fr\\\/shop\\\/kisa-nou-le-kevin-toy-remix\\\/#breadcrumb\"},\"inLanguage\":\"fr-FR\",\"potentialAction\":[{\"@type\":\"ReadAction\",\"target\":[\"https:\\\/\\\/www.kaphonic.com\\\/fr\\\/shop\\\/kisa-nou-le-kevin-toy-remix\\\/\"]}]},{\"@type\":\"ImageObject\",\"inLanguage\":\"fr-FR\",\"@id\":\"https:\\\/\\\/www.kaphonic.com\\\/fr\\\/shop\\\/kisa-nou-le-kevin-toy-remix\\\/#primaryimage\",\"url\":\"https:\\\/\\\/www.kaphonic.com\\\/wp-content\\\/uploads\\\/2024\\\/03\\\/KISA-NOU-LE-COVER-track-02.jpg\",\"contentUrl\":\"https:\\\/\\\/www.kaphonic.com\\\/wp-content\\\/uploads\\\/2024\\\/03\\\/KISA-NOU-LE-COVER-track-02.jpg\",\"width\":600,\"height\":600},{\"@type\":\"BreadcrumbList\",\"@id\":\"https:\\\/\\\/www.kaphonic.com\\\/fr\\\/shop\\\/kisa-nou-le-kevin-toy-remix\\\/#breadcrumb\",\"itemListElement\":[{\"@type\":\"ListItem\",\"position\":1,\"name\":\"Home\",\"item\":\"https:\\\/\\\/www.kaphonic.com\\\/fr\\\/\"},{\"@type\":\"ListItem\",\"position\":2,\"name\":\"Shop\",\"item\":\"https:\\\/\\\/www.kaphonic.com\\\/fr\\\/shop\\\/\"},{\"@type\":\"ListItem\",\"position\":3,\"name\":\"KISA NOU LE\u0301 (Kevin Toy Remix)\"}]},{\"@type\":\"WebSite\",\"@id\":\"https:\\\/\\\/www.kaphonic.com\\\/fr\\\/#website\",\"url\":\"https:\\\/\\\/www.kaphonic.com\\\/fr\\\/\",\"name\":\"Kaphonic\",\"description\":\"Label - \u00c9dition musicale - \u00c9v\u00e9nements\",\"publisher\":{\"@id\":\"https:\\\/\\\/www.kaphonic.com\\\/fr\\\/#organization\"},\"alternateName\":\"Kaphonic\",\"potentialAction\":[{\"@type\":\"SearchAction\",\"target\":{\"@type\":\"EntryPoint\",\"urlTemplate\":\"https:\\\/\\\/www.kaphonic.com\\\/fr\\\/?s={search_term_string}\"},\"query-input\":{\"@type\":\"PropertyValueSpecification\",\"valueRequired\":true,\"valueName\":\"search_term_string\"}}],\"inLanguage\":\"fr-FR\"},{\"@type\":\"Organization\",\"@id\":\"https:\\\/\\\/www.kaphonic.com\\\/fr\\\/#organization\",\"name\":\"SAS KAPHONIC\",\"alternateName\":\"KAPHONIC\",\"url\":\"https:\\\/\\\/www.kaphonic.com\\\/fr\\\/\",\"logo\":{\"@type\":\"ImageObject\",\"inLanguage\":\"fr-FR\",\"@id\":\"https:\\\/\\\/www.kaphonic.com\\\/fr\\\/#\\\/schema\\\/logo\\\/image\\\/\",\"url\":\"https:\\\/\\\/www.kaphonic.com\\\/wp-content\\\/uploads\\\/2023\\\/10\\\/LOGO-kaphonic-noir.png\",\"contentUrl\":\"https:\\\/\\\/www.kaphonic.com\\\/wp-content\\\/uploads\\\/2023\\\/10\\\/LOGO-kaphonic-noir.png\",\"width\":1000,\"height\":339,\"caption\":\"SAS KAPHONIC\"},\"image\":{\"@id\":\"https:\\\/\\\/www.kaphonic.com\\\/fr\\\/#\\\/schema\\\/logo\\\/image\\\/\"},\"sameAs\":[\"https:\\\/\\\/www.facebook.com\\\/kaphonic\\\/\",\"https:\\\/\\\/www.youtube.com\\\/@kaphonicrecords\",\"https:\\\/\\\/kaphonicrecords.bandcamp.com\\\/\",\"https:\\\/\\\/www.instagram.com\\\/kaphonicrecords\\\/\",\"https:\\\/\\\/soundcloud.com\\\/motsek\"]}]}<\/script>\n<!-- \/ Yoast SEO plugin. -->","yoast_head_json":{"title":"KISA NOU LE\u0301 de Ke\u00efla, Marron Age & KiligaK | Kaphonic Records","description":"D\u00e9couvrez \"Kisa Nou L\u00e9\", le dernier album \u00e9lectro de KE\u00cfLA, MARRON AGE & KILIGAK & KEVIN TOY, m\u00ealant voix cr\u00e9oles et sons \u00e9lectriques.","robots":{"index":"index","follow":"follow","max-snippet":"max-snippet:-1","max-image-preview":"max-image-preview:large","max-video-preview":"max-video-preview:-1"},"canonical":"https:\/\/www.kaphonic.com\/fr\/shop\/kisa-nou-le-kevin-toy-remix\/","og_locale":"fr_FR","og_type":"article","og_title":"KISA NOU LE\u0301 de Ke\u00efla, Marron Age & KiligaK | Kaphonic Records","og_description":"D\u00e9couvrez \"Kisa Nou L\u00e9\", le dernier album \u00e9lectro de KE\u00cfLA, MARRON AGE & KILIGAK & KEVIN TOY, m\u00ealant voix cr\u00e9oles et sons \u00e9lectriques.","og_url":"https:\/\/www.kaphonic.com\/fr\/shop\/kisa-nou-le-kevin-toy-remix\/","og_site_name":"Kaphonic","article_publisher":"https:\/\/www.facebook.com\/kaphonic\/","article_modified_time":"2024-04-25T15:34:32+00:00","og_image":[{"width":600,"height":600,"url":"https:\/\/www.kaphonic.com\/wp-content\/uploads\/2024\/03\/KISA-NOU-LE-COVER-track-02.jpg","type":"image\/jpeg"}],"twitter_card":"summary_large_image","twitter_misc":{"Dur\u00e9e de lecture estim\u00e9e":"1 minute"},"schema":{"@context":"https:\/\/schema.org","@graph":[{"@type":"WebPage","@id":"https:\/\/www.kaphonic.com\/fr\/shop\/kisa-nou-le-kevin-toy-remix\/","url":"https:\/\/www.kaphonic.com\/fr\/shop\/kisa-nou-le-kevin-toy-remix\/","name":"KISA NOU LE\u0301 de Ke\u00efla, Marron Age & KiligaK | Kaphonic Records","isPartOf":{"@id":"https:\/\/www.kaphonic.com\/fr\/#website"},"primaryImageOfPage":{"@id":"https:\/\/www.kaphonic.com\/fr\/shop\/kisa-nou-le-kevin-toy-remix\/#primaryimage"},"image":{"@id":"https:\/\/www.kaphonic.com\/fr\/shop\/kisa-nou-le-kevin-toy-remix\/#primaryimage"},"thumbnailUrl":"https:\/\/www.kaphonic.com\/wp-content\/uploads\/2024\/03\/KISA-NOU-LE-COVER-track-02.jpg","datePublished":"2024-03-26T15:11:46+00:00","dateModified":"2024-04-25T15:34:32+00:00","description":"D\u00e9couvrez \"Kisa Nou L\u00e9\", le dernier album \u00e9lectro de KE\u00cfLA, MARRON AGE & KILIGAK & KEVIN TOY, m\u00ealant voix cr\u00e9oles et sons \u00e9lectriques.","breadcrumb":{"@id":"https:\/\/www.kaphonic.com\/fr\/shop\/kisa-nou-le-kevin-toy-remix\/#breadcrumb"},"inLanguage":"fr-FR","potentialAction":[{"@type":"ReadAction","target":["https:\/\/www.kaphonic.com\/fr\/shop\/kisa-nou-le-kevin-toy-remix\/"]}]},{"@type":"ImageObject","inLanguage":"fr-FR","@id":"https:\/\/www.kaphonic.com\/fr\/shop\/kisa-nou-le-kevin-toy-remix\/#primaryimage","url":"https:\/\/www.kaphonic.com\/wp-content\/uploads\/2024\/03\/KISA-NOU-LE-COVER-track-02.jpg","contentUrl":"https:\/\/www.kaphonic.com\/wp-content\/uploads\/2024\/03\/KISA-NOU-LE-COVER-track-02.jpg","width":600,"height":600},{"@type":"BreadcrumbList","@id":"https:\/\/www.kaphonic.com\/fr\/shop\/kisa-nou-le-kevin-toy-remix\/#breadcrumb","itemListElement":[{"@type":"ListItem","position":1,"name":"Home","item":"https:\/\/www.kaphonic.com\/fr\/"},{"@type":"ListItem","position":2,"name":"Shop","item":"https:\/\/www.kaphonic.com\/fr\/shop\/"},{"@type":"ListItem","position":3,"name":"KISA NOU LE\u0301 (Kevin Toy Remix)"}]},{"@type":"WebSite","@id":"https:\/\/www.kaphonic.com\/fr\/#website","url":"https:\/\/www.kaphonic.com\/fr\/","name":"Kaphonic","description":"Label - \u00c9dition musicale - \u00c9v\u00e9nements","publisher":{"@id":"https:\/\/www.kaphonic.com\/fr\/#organization"},"alternateName":"Kaphonic","potentialAction":[{"@type":"SearchAction","target":{"@type":"EntryPoint","urlTemplate":"https:\/\/www.kaphonic.com\/fr\/?s={search_term_string}"},"query-input":{"@type":"PropertyValueSpecification","valueRequired":true,"valueName":"search_term_string"}}],"inLanguage":"fr-FR"},{"@type":"Organization","@id":"https:\/\/www.kaphonic.com\/fr\/#organization","name":"SAS KAPHONIC","alternateName":"KAPHONIC","url":"https:\/\/www.kaphonic.com\/fr\/","logo":{"@type":"ImageObject","inLanguage":"fr-FR","@id":"https:\/\/www.kaphonic.com\/fr\/#\/schema\/logo\/image\/","url":"https:\/\/www.kaphonic.com\/wp-content\/uploads\/2023\/10\/LOGO-kaphonic-noir.png","contentUrl":"https:\/\/www.kaphonic.com\/wp-content\/uploads\/2023\/10\/LOGO-kaphonic-noir.png","width":1000,"height":339,"caption":"SAS KAPHONIC"},"image":{"@id":"https:\/\/www.kaphonic.com\/fr\/#\/schema\/logo\/image\/"},"sameAs":["https:\/\/www.facebook.com\/kaphonic\/","https:\/\/www.youtube.com\/@kaphonicrecords","https:\/\/kaphonicrecords.bandcamp.com\/","https:\/\/www.instagram.com\/kaphonicrecords\/","https:\/\/soundcloud.com\/motsek"]}]}},"_links":{"self":[{"href":"https:\/\/www.kaphonic.com\/fr\/wp-json\/wp\/v2\/product\/12119","targetHints":{"allow":["GET"]}}],"collection":[{"href":"https:\/\/www.kaphonic.com\/fr\/wp-json\/wp\/v2\/product"}],"about":[{"href":"https:\/\/www.kaphonic.com\/fr\/wp-json\/wp\/v2\/types\/product"}],"version-history":[{"count":0,"href":"https:\/\/www.kaphonic.com\/fr\/wp-json\/wp\/v2\/product\/12119\/revisions"}],"wp:featuredmedia":[{"embeddable":true,"href":"https:\/\/www.kaphonic.com\/fr\/wp-json\/wp\/v2\/media\/12089"}],"wp:attachment":[{"href":"https:\/\/www.kaphonic.com\/fr\/wp-json\/wp\/v2\/media?parent=12119"}],"wp:term":[{"taxonomy":"product_brand","embeddable":true,"href":"https:\/\/www.kaphonic.com\/fr\/wp-json\/wp\/v2\/product_brand?post=12119"},{"taxonomy":"product_cat","embeddable":true,"href":"https:\/\/www.kaphonic.com\/fr\/wp-json\/wp\/v2\/product_cat?post=12119"},{"taxonomy":"product_tag","embeddable":true,"href":"https:\/\/www.kaphonic.com\/fr\/wp-json\/wp\/v2\/product_tag?post=12119"}],"curies":[{"name":"wp","href":"https:\/\/api.w.org\/{rel}","templated":true}]}}