{"id":12649,"date":"2024-04-15T00:12:28","date_gmt":"2024-04-14T22:12:28","guid":{"rendered":"https:\/\/www.kaphonic.com\/shop\/peace-ft-tlhalefo-extended-mix\/"},"modified":"2024-04-25T17:33:35","modified_gmt":"2024-04-25T15:33:35","slug":"peace-ft-tlhalefo-extended-mix","status":"publish","type":"product","link":"https:\/\/www.kaphonic.com\/fr\/shop\/peace-ft-tlhalefo-extended-mix\/","title":{"rendered":"Peace ft. Tlhalefo (Extended Mix)"},"content":{"rendered":"","protected":false},"excerpt":{"rendered":"<p>Dans le foisonnement de la musique \u00e9lectronique d\u2019aujourd\u2019hui, en tant que label, on \u00e9coute beaucoup, beaucoup de musique. Il y a presque un an, nous avons d\u00e9couvert un artiste pour qui on a eu un coup de c\u0153ur radical !<\/p>\n<p>Il s\u2019appelle <strong>PRIVACII<\/strong>, et on pense sinc\u00e8rement que sa musique ne restera pas priv\u00e9e bien longtemps. Originaire de Mbabane, la capitale de l\u2019Eswatini, DJ et producteur aux multiples talents, <strong>PRIVACII<\/strong> a fait ses armes en contribuant activement \u00e0 de nombreuses collaborations, mais aussi en travaillant sans rel\u00e2che pour \u00e9laborer un son qui d\u00e9fie toute cat\u00e9gorisation.<\/p>\n<p>Inspir\u00e9e par le concept de l&rsquo;Afrofuturisme, sa musique dans la lign\u00e9e directe de l&rsquo;Afro-House est n\u00e9anmoins impr\u00e9gn\u00e9e d&rsquo;un univers \u00e9lectronique aussi subtil que puissant. Gr\u00e2ce au succ\u00e8s de sa musique, <strong>PRIVACII<\/strong> a partag\u00e9 la sc\u00e8ne avec un large \u00e9ventail d&rsquo;artistes tels que Shimza, Themba, Da Capo, Zakes Bantwini et le DJ laur\u00e9at d&rsquo;un Grammy Award, Black Coffee.<\/p>\n<p>L\u2019EP \u00ab <strong>Metamorphosis<\/strong> \u00bb repr\u00e9sente un moment charni\u00e8re dans le parcours artistique de <strong>PRIVACII<\/strong>, avec deux morceaux originaux et une version extended. Ce titre rev\u00eat pour lui une signification profonde, symbolisant sa croissance et son \u00e9volution en tant que musicien.<\/p>\n<p>\u00ab <strong>Peace<\/strong> \u00bb : produit \u00e0 l&rsquo;origine comme un morceau instrumental, et d\u00e9j\u00e0 compos\u00e9 de m\u00e9lodies captivantes et de rythmes complexes, \u00ab Peace \u00bb a ensuite \u00e9t\u00e9 amen\u00e9 \u00e0 un autre niveau gr\u00e2ce \u00e0 la collaboration avec le chanteur <strong>TLHALEFO<\/strong>.<\/p>\n<p>\u00ab <strong>Tangerine<\/strong> \u00bb : Avec un m\u00e9lange harmonieux de synth\u00e9s atmosph\u00e9riques, de lignes de basse captivantes et d&rsquo;harmonies vocales compl\u00e9mentaires de \u00ab Lele \u00bb, \u00ab\u00bb se transforme en un crescendo euphorique, mettant en valeur l&rsquo;arrangement et la production signature de <strong>PRIVACII<\/strong>.<\/p>\n<p>\u00ab <strong>Metamorphosis<\/strong> \u00bb est une invitation de <strong>PRIVACII<\/strong> \u00e0 d\u00e9couvrir un royaume d&rsquo;innovation sonore et de r\u00e9sonance \u00e9motionnelle. Avec un savoir-faire m\u00e9ticuleux et une cr\u00e9ativit\u00e9 repoussant les limites, cet artiste prometteur se taille une place unique dans le paysage musical \u00e9lectronique de l\u2019Afro-House d&rsquo;aujourd&rsquo;hui.<\/p>\n","protected":false},"featured_media":12497,"template":"","meta":{"_acf_changed":false},"product_brand":[],"product_cat":[74],"product_tag":[],"class_list":{"0":"post-12649","1":"product","2":"type-product","3":"status-publish","4":"has-post-thumbnail","6":"product_cat-piste","8":"first","9":"instock","10":"downloadable","11":"virtual","12":"taxable","13":"purchasable","14":"product-type-simple"},"acf":[],"yoast_head":"<!-- This site is optimized with the Yoast SEO plugin v27.3 - https:\/\/yoast.com\/product\/yoast-seo-wordpress\/ -->\n<title>METAMORPHOSIS de Privacii | Kaphonic Records<\/title>\n<meta name=\"description\" content=\"&quot;Metamorphosis&quot; est une invitation de l\u2019artiste sudafricain PRIVACII \u00e0 d\u00e9couvrir un royaume d&#039;innovation sonore et de r\u00e9sonance \u00e9motionnelle.\" \/>\n<meta name=\"robots\" content=\"index, follow, max-snippet:-1, max-image-preview:large, max-video-preview:-1\" \/>\n<link rel=\"canonical\" href=\"https:\/\/www.kaphonic.com\/fr\/shop\/peace-ft-tlhalefo-extended-mix\/\" \/>\n<meta property=\"og:locale\" content=\"fr_FR\" \/>\n<meta property=\"og:type\" content=\"article\" \/>\n<meta property=\"og:title\" content=\"METAMORPHOSIS de Privacii | Kaphonic Records\" \/>\n<meta property=\"og:description\" content=\"&quot;Metamorphosis&quot; est une invitation de l\u2019artiste sudafricain PRIVACII \u00e0 d\u00e9couvrir un royaume d&#039;innovation sonore et de r\u00e9sonance \u00e9motionnelle.\" \/>\n<meta property=\"og:url\" content=\"https:\/\/www.kaphonic.com\/fr\/shop\/peace-ft-tlhalefo-extended-mix\/\" \/>\n<meta property=\"og:site_name\" content=\"Kaphonic\" \/>\n<meta property=\"article:publisher\" content=\"https:\/\/www.facebook.com\/kaphonic\/\" \/>\n<meta property=\"article:modified_time\" content=\"2024-04-25T15:33:35+00:00\" \/>\n<meta property=\"og:image\" content=\"https:\/\/www.kaphonic.com\/wp-content\/uploads\/2024\/04\/METAMORPHOSIS-COVER-500.jpg\" \/>\n\t<meta property=\"og:image:width\" content=\"500\" \/>\n\t<meta property=\"og:image:height\" content=\"500\" \/>\n\t<meta property=\"og:image:type\" content=\"image\/jpeg\" \/>\n<meta name=\"twitter:card\" content=\"summary_large_image\" \/>\n<meta name=\"twitter:label1\" content=\"Dur\u00e9e de lecture estim\u00e9e\" \/>\n\t<meta name=\"twitter:data1\" content=\"1 minute\" \/>\n<script type=\"application\/ld+json\" class=\"yoast-schema-graph\">{\"@context\":\"https:\\\/\\\/schema.org\",\"@graph\":[{\"@type\":\"WebPage\",\"@id\":\"https:\\\/\\\/www.kaphonic.com\\\/fr\\\/shop\\\/peace-ft-tlhalefo-extended-mix\\\/\",\"url\":\"https:\\\/\\\/www.kaphonic.com\\\/fr\\\/shop\\\/peace-ft-tlhalefo-extended-mix\\\/\",\"name\":\"METAMORPHOSIS de Privacii | Kaphonic Records\",\"isPartOf\":{\"@id\":\"https:\\\/\\\/www.kaphonic.com\\\/fr\\\/#website\"},\"primaryImageOfPage\":{\"@id\":\"https:\\\/\\\/www.kaphonic.com\\\/fr\\\/shop\\\/peace-ft-tlhalefo-extended-mix\\\/#primaryimage\"},\"image\":{\"@id\":\"https:\\\/\\\/www.kaphonic.com\\\/fr\\\/shop\\\/peace-ft-tlhalefo-extended-mix\\\/#primaryimage\"},\"thumbnailUrl\":\"https:\\\/\\\/www.kaphonic.com\\\/wp-content\\\/uploads\\\/2024\\\/04\\\/METAMORPHOSIS-COVER-500.jpg\",\"datePublished\":\"2024-04-14T22:12:28+00:00\",\"dateModified\":\"2024-04-25T15:33:35+00:00\",\"description\":\"\\\"Metamorphosis\\\" est une invitation de l\u2019artiste sudafricain PRIVACII \u00e0 d\u00e9couvrir un royaume d'innovation sonore et de r\u00e9sonance \u00e9motionnelle.\",\"breadcrumb\":{\"@id\":\"https:\\\/\\\/www.kaphonic.com\\\/fr\\\/shop\\\/peace-ft-tlhalefo-extended-mix\\\/#breadcrumb\"},\"inLanguage\":\"fr-FR\",\"potentialAction\":[{\"@type\":\"ReadAction\",\"target\":[\"https:\\\/\\\/www.kaphonic.com\\\/fr\\\/shop\\\/peace-ft-tlhalefo-extended-mix\\\/\"]}]},{\"@type\":\"ImageObject\",\"inLanguage\":\"fr-FR\",\"@id\":\"https:\\\/\\\/www.kaphonic.com\\\/fr\\\/shop\\\/peace-ft-tlhalefo-extended-mix\\\/#primaryimage\",\"url\":\"https:\\\/\\\/www.kaphonic.com\\\/wp-content\\\/uploads\\\/2024\\\/04\\\/METAMORPHOSIS-COVER-500.jpg\",\"contentUrl\":\"https:\\\/\\\/www.kaphonic.com\\\/wp-content\\\/uploads\\\/2024\\\/04\\\/METAMORPHOSIS-COVER-500.jpg\",\"width\":500,\"height\":500},{\"@type\":\"BreadcrumbList\",\"@id\":\"https:\\\/\\\/www.kaphonic.com\\\/fr\\\/shop\\\/peace-ft-tlhalefo-extended-mix\\\/#breadcrumb\",\"itemListElement\":[{\"@type\":\"ListItem\",\"position\":1,\"name\":\"Home\",\"item\":\"https:\\\/\\\/www.kaphonic.com\\\/fr\\\/accueil\\\/\"},{\"@type\":\"ListItem\",\"position\":2,\"name\":\"Shop\",\"item\":\"https:\\\/\\\/www.kaphonic.com\\\/fr\\\/shop\\\/\"},{\"@type\":\"ListItem\",\"position\":3,\"name\":\"Peace ft. Tlhalefo (Extended Mix)\"}]},{\"@type\":\"WebSite\",\"@id\":\"https:\\\/\\\/www.kaphonic.com\\\/fr\\\/#website\",\"url\":\"https:\\\/\\\/www.kaphonic.com\\\/fr\\\/\",\"name\":\"Kaphonic\",\"description\":\"Label - \u00c9dition musicale - \u00c9v\u00e9nements\",\"publisher\":{\"@id\":\"https:\\\/\\\/www.kaphonic.com\\\/fr\\\/#organization\"},\"alternateName\":\"Kaphonic\",\"potentialAction\":[{\"@type\":\"SearchAction\",\"target\":{\"@type\":\"EntryPoint\",\"urlTemplate\":\"https:\\\/\\\/www.kaphonic.com\\\/fr\\\/?s={search_term_string}\"},\"query-input\":{\"@type\":\"PropertyValueSpecification\",\"valueRequired\":true,\"valueName\":\"search_term_string\"}}],\"inLanguage\":\"fr-FR\"},{\"@type\":\"Organization\",\"@id\":\"https:\\\/\\\/www.kaphonic.com\\\/fr\\\/#organization\",\"name\":\"SAS KAPHONIC\",\"alternateName\":\"KAPHONIC\",\"url\":\"https:\\\/\\\/www.kaphonic.com\\\/fr\\\/\",\"logo\":{\"@type\":\"ImageObject\",\"inLanguage\":\"fr-FR\",\"@id\":\"https:\\\/\\\/www.kaphonic.com\\\/fr\\\/#\\\/schema\\\/logo\\\/image\\\/\",\"url\":\"https:\\\/\\\/www.kaphonic.com\\\/wp-content\\\/uploads\\\/2023\\\/10\\\/LOGO-kaphonic-noir.png\",\"contentUrl\":\"https:\\\/\\\/www.kaphonic.com\\\/wp-content\\\/uploads\\\/2023\\\/10\\\/LOGO-kaphonic-noir.png\",\"width\":1000,\"height\":339,\"caption\":\"SAS KAPHONIC\"},\"image\":{\"@id\":\"https:\\\/\\\/www.kaphonic.com\\\/fr\\\/#\\\/schema\\\/logo\\\/image\\\/\"},\"sameAs\":[\"https:\\\/\\\/www.facebook.com\\\/kaphonic\\\/\",\"https:\\\/\\\/www.youtube.com\\\/@kaphonicrecords\",\"https:\\\/\\\/kaphonicrecords.bandcamp.com\\\/\",\"https:\\\/\\\/www.instagram.com\\\/kaphonicrecords\\\/\",\"https:\\\/\\\/soundcloud.com\\\/motsek\"]}]}<\/script>\n<!-- \/ Yoast SEO plugin. -->","yoast_head_json":{"title":"METAMORPHOSIS de Privacii | Kaphonic Records","description":"\"Metamorphosis\" est une invitation de l\u2019artiste sudafricain PRIVACII \u00e0 d\u00e9couvrir un royaume d'innovation sonore et de r\u00e9sonance \u00e9motionnelle.","robots":{"index":"index","follow":"follow","max-snippet":"max-snippet:-1","max-image-preview":"max-image-preview:large","max-video-preview":"max-video-preview:-1"},"canonical":"https:\/\/www.kaphonic.com\/fr\/shop\/peace-ft-tlhalefo-extended-mix\/","og_locale":"fr_FR","og_type":"article","og_title":"METAMORPHOSIS de Privacii | Kaphonic Records","og_description":"\"Metamorphosis\" est une invitation de l\u2019artiste sudafricain PRIVACII \u00e0 d\u00e9couvrir un royaume d'innovation sonore et de r\u00e9sonance \u00e9motionnelle.","og_url":"https:\/\/www.kaphonic.com\/fr\/shop\/peace-ft-tlhalefo-extended-mix\/","og_site_name":"Kaphonic","article_publisher":"https:\/\/www.facebook.com\/kaphonic\/","article_modified_time":"2024-04-25T15:33:35+00:00","og_image":[{"width":500,"height":500,"url":"https:\/\/www.kaphonic.com\/wp-content\/uploads\/2024\/04\/METAMORPHOSIS-COVER-500.jpg","type":"image\/jpeg"}],"twitter_card":"summary_large_image","twitter_misc":{"Dur\u00e9e de lecture estim\u00e9e":"1 minute"},"schema":{"@context":"https:\/\/schema.org","@graph":[{"@type":"WebPage","@id":"https:\/\/www.kaphonic.com\/fr\/shop\/peace-ft-tlhalefo-extended-mix\/","url":"https:\/\/www.kaphonic.com\/fr\/shop\/peace-ft-tlhalefo-extended-mix\/","name":"METAMORPHOSIS de Privacii | Kaphonic Records","isPartOf":{"@id":"https:\/\/www.kaphonic.com\/fr\/#website"},"primaryImageOfPage":{"@id":"https:\/\/www.kaphonic.com\/fr\/shop\/peace-ft-tlhalefo-extended-mix\/#primaryimage"},"image":{"@id":"https:\/\/www.kaphonic.com\/fr\/shop\/peace-ft-tlhalefo-extended-mix\/#primaryimage"},"thumbnailUrl":"https:\/\/www.kaphonic.com\/wp-content\/uploads\/2024\/04\/METAMORPHOSIS-COVER-500.jpg","datePublished":"2024-04-14T22:12:28+00:00","dateModified":"2024-04-25T15:33:35+00:00","description":"\"Metamorphosis\" est une invitation de l\u2019artiste sudafricain PRIVACII \u00e0 d\u00e9couvrir un royaume d'innovation sonore et de r\u00e9sonance \u00e9motionnelle.","breadcrumb":{"@id":"https:\/\/www.kaphonic.com\/fr\/shop\/peace-ft-tlhalefo-extended-mix\/#breadcrumb"},"inLanguage":"fr-FR","potentialAction":[{"@type":"ReadAction","target":["https:\/\/www.kaphonic.com\/fr\/shop\/peace-ft-tlhalefo-extended-mix\/"]}]},{"@type":"ImageObject","inLanguage":"fr-FR","@id":"https:\/\/www.kaphonic.com\/fr\/shop\/peace-ft-tlhalefo-extended-mix\/#primaryimage","url":"https:\/\/www.kaphonic.com\/wp-content\/uploads\/2024\/04\/METAMORPHOSIS-COVER-500.jpg","contentUrl":"https:\/\/www.kaphonic.com\/wp-content\/uploads\/2024\/04\/METAMORPHOSIS-COVER-500.jpg","width":500,"height":500},{"@type":"BreadcrumbList","@id":"https:\/\/www.kaphonic.com\/fr\/shop\/peace-ft-tlhalefo-extended-mix\/#breadcrumb","itemListElement":[{"@type":"ListItem","position":1,"name":"Home","item":"https:\/\/www.kaphonic.com\/fr\/accueil\/"},{"@type":"ListItem","position":2,"name":"Shop","item":"https:\/\/www.kaphonic.com\/fr\/shop\/"},{"@type":"ListItem","position":3,"name":"Peace ft. Tlhalefo (Extended Mix)"}]},{"@type":"WebSite","@id":"https:\/\/www.kaphonic.com\/fr\/#website","url":"https:\/\/www.kaphonic.com\/fr\/","name":"Kaphonic","description":"Label - \u00c9dition musicale - \u00c9v\u00e9nements","publisher":{"@id":"https:\/\/www.kaphonic.com\/fr\/#organization"},"alternateName":"Kaphonic","potentialAction":[{"@type":"SearchAction","target":{"@type":"EntryPoint","urlTemplate":"https:\/\/www.kaphonic.com\/fr\/?s={search_term_string}"},"query-input":{"@type":"PropertyValueSpecification","valueRequired":true,"valueName":"search_term_string"}}],"inLanguage":"fr-FR"},{"@type":"Organization","@id":"https:\/\/www.kaphonic.com\/fr\/#organization","name":"SAS KAPHONIC","alternateName":"KAPHONIC","url":"https:\/\/www.kaphonic.com\/fr\/","logo":{"@type":"ImageObject","inLanguage":"fr-FR","@id":"https:\/\/www.kaphonic.com\/fr\/#\/schema\/logo\/image\/","url":"https:\/\/www.kaphonic.com\/wp-content\/uploads\/2023\/10\/LOGO-kaphonic-noir.png","contentUrl":"https:\/\/www.kaphonic.com\/wp-content\/uploads\/2023\/10\/LOGO-kaphonic-noir.png","width":1000,"height":339,"caption":"SAS KAPHONIC"},"image":{"@id":"https:\/\/www.kaphonic.com\/fr\/#\/schema\/logo\/image\/"},"sameAs":["https:\/\/www.facebook.com\/kaphonic\/","https:\/\/www.youtube.com\/@kaphonicrecords","https:\/\/kaphonicrecords.bandcamp.com\/","https:\/\/www.instagram.com\/kaphonicrecords\/","https:\/\/soundcloud.com\/motsek"]}]}},"_links":{"self":[{"href":"https:\/\/www.kaphonic.com\/fr\/wp-json\/wp\/v2\/product\/12649","targetHints":{"allow":["GET"]}}],"collection":[{"href":"https:\/\/www.kaphonic.com\/fr\/wp-json\/wp\/v2\/product"}],"about":[{"href":"https:\/\/www.kaphonic.com\/fr\/wp-json\/wp\/v2\/types\/product"}],"version-history":[{"count":0,"href":"https:\/\/www.kaphonic.com\/fr\/wp-json\/wp\/v2\/product\/12649\/revisions"}],"wp:featuredmedia":[{"embeddable":true,"href":"https:\/\/www.kaphonic.com\/fr\/wp-json\/wp\/v2\/media\/12497"}],"wp:attachment":[{"href":"https:\/\/www.kaphonic.com\/fr\/wp-json\/wp\/v2\/media?parent=12649"}],"wp:term":[{"taxonomy":"product_brand","embeddable":true,"href":"https:\/\/www.kaphonic.com\/fr\/wp-json\/wp\/v2\/product_brand?post=12649"},{"taxonomy":"product_cat","embeddable":true,"href":"https:\/\/www.kaphonic.com\/fr\/wp-json\/wp\/v2\/product_cat?post=12649"},{"taxonomy":"product_tag","embeddable":true,"href":"https:\/\/www.kaphonic.com\/fr\/wp-json\/wp\/v2\/product_tag?post=12649"}],"curies":[{"name":"wp","href":"https:\/\/api.w.org\/{rel}","templated":true}]}}