{"id":13436,"date":"2024-05-10T16:02:02","date_gmt":"2024-05-10T14:02:02","guid":{"rendered":"https:\/\/www.kaphonic.com\/shop\/lage-mwen\/"},"modified":"2025-01-29T17:06:57","modified_gmt":"2025-01-29T16:06:57","slug":"lage-mwen","status":"publish","type":"product","link":"https:\/\/www.kaphonic.com\/fr\/shop\/lage-mwen\/","title":{"rendered":"LAG\u00c9 MWEN"},"content":{"rendered":"","protected":false},"excerpt":{"rendered":"<p>\u201dLyannaj\u201d entre l\u2019Afrique du Sud et la Guadeloupe ! Le titre \u00ab\u00a0LAG\u00c9 MWEN\u00a0\u00bb r\u00e9sonne avec l&rsquo;histoire et la r\u00e9silience de tout un peuple, racontant le \u00ab marronage \u00bb d\u2019une femme fugitive, qui se lance avec courage et d\u00e9termination vers l\u2019inconnu. Elle brave les d\u00e9fis pour conqu\u00e9rir sa libert\u00e9. Cette chanson c\u00e9l\u00e8bre la <strong>force de l&rsquo;esprit humain<\/strong> face \u00e0 l&rsquo;adversit\u00e9, au service d\u2019une prise de conscience juste et universelle. Avec \u00ab\u00a0LAG\u00c9 MWEN\u00a0\u00bb, notre amie <strong>C\u00c9LINE LANGUEDOC<\/strong>, l\u2019une des voix les plus incontournables de la sc\u00e8ne cr\u00e9ole d\u2019aujourd\u2019hui, rejoint notre label, et nous en sommes tr\u00e8s heureux ! Passant du jazz au gospel avec une \u00e9l\u00e9gance et une aisance d\u00e9concertante, la voici ravie de cette collaboration avec <strong>EXTE C<\/strong>. DJ et producteur bien connu des playlists DeepHouse les plus \u00ab high-rated \u00bb, EXTE C ne rate jamais une occasion de nous livrer un son avec ce groove unique, qu\u2019on lui connait et que l&rsquo;on aime depuis son premier album jusqu&rsquo;au plus r\u00e9cent \u00ab\u00a0Something real\u00a0\u00bb. Cette sortie sera accompagn\u00e9e d&rsquo;un remix de <strong>MOTSEK<\/strong>, avec <strong>Samuel Darnal<\/strong> au clavier, un accord parfait pour ce d\u00e9but de printemps.<\/p>\n","protected":false},"featured_media":13394,"template":"","meta":{"_acf_changed":false},"product_brand":[],"product_cat":[78],"product_tag":[122,109,76],"class_list":{"0":"post-13436","1":"product","2":"type-product","3":"status-publish","4":"has-post-thumbnail","6":"product_cat-album-fr","7":"product_tag-album-celine-languedoc-fr","8":"product_tag-album-extec-fr","9":"product_tag-piste-motsek","11":"first","12":"instock","13":"downloadable","14":"virtual","15":"taxable","16":"purchasable","17":"product-type-simple"},"acf":[],"yoast_head":"<!-- This site is optimized with the Yoast SEO plugin v27.3 - https:\/\/yoast.com\/product\/yoast-seo-wordpress\/ -->\n<title>LAG\u00c9 MWEN de C\u00e9line Languedoc &amp; Exte C| Kaphonic Records<\/title>\n<meta name=\"robots\" content=\"index, follow, max-snippet:-1, max-image-preview:large, max-video-preview:-1\" \/>\n<link rel=\"canonical\" href=\"https:\/\/www.kaphonic.com\/fr\/shop\/lage-mwen\/\" \/>\n<meta property=\"og:locale\" content=\"fr_FR\" \/>\n<meta property=\"og:type\" content=\"article\" \/>\n<meta property=\"og:title\" content=\"LAG\u00c9 MWEN de C\u00e9line Languedoc &amp; Exte C| Kaphonic Records\" \/>\n<meta property=\"og:description\" content=\"\u201dLyannaj\u201d entre l\u2019Afrique du Sud et la Guadeloupe ! Le titre &quot;LAG\u00c9 MWEN&quot; r\u00e9sonne avec l&#039;histoire et la r\u00e9silience de tout un peuple, racontant le \u00ab marronage \u00bb d\u2019une femme fugitive, qui se lance avec courage et d\u00e9termination vers l\u2019inconnu. Elle brave les d\u00e9fis pour conqu\u00e9rir sa libert\u00e9. Cette chanson c\u00e9l\u00e8bre la force de l&#039;esprit humain face \u00e0 l&#039;adversit\u00e9, au service d\u2019une prise de conscience juste et universelle. Avec &quot;LAG\u00c9 MWEN&quot;, notre amie C\u00c9LINE LANGUEDOC, l\u2019une des voix les plus incontournables de la sc\u00e8ne cr\u00e9ole d\u2019aujourd\u2019hui, rejoint notre label, et nous en sommes tr\u00e8s heureux ! Passant du jazz au gospel avec une \u00e9l\u00e9gance et une aisance d\u00e9concertante, la voici ravie de cette collaboration avec EXTE C. DJ et producteur bien connu des playlists DeepHouse les plus \u00ab high-rated \u00bb, EXTE C ne rate jamais une occasion de nous livrer un son avec ce groove unique, qu\u2019on lui connait et que l&#039;on aime depuis son premier album jusqu&#039;au plus r\u00e9cent &quot;Something real&quot;. Cette sortie sera accompagn\u00e9e d&#039;un remix de MOTSEK, avec Samuel Darnal au clavier, un accord parfait pour ce d\u00e9but de printemps.\" \/>\n<meta property=\"og:url\" content=\"https:\/\/www.kaphonic.com\/fr\/shop\/lage-mwen\/\" \/>\n<meta property=\"og:site_name\" content=\"Kaphonic\" \/>\n<meta property=\"article:publisher\" content=\"https:\/\/www.facebook.com\/kaphonic\/\" \/>\n<meta property=\"article:modified_time\" content=\"2025-01-29T16:06:57+00:00\" \/>\n<meta property=\"og:image\" content=\"https:\/\/www.kaphonic.com\/wp-content\/uploads\/2024\/05\/LAGE-MWEN-cover-500.jpg\" \/>\n\t<meta property=\"og:image:width\" content=\"500\" \/>\n\t<meta property=\"og:image:height\" content=\"500\" \/>\n\t<meta property=\"og:image:type\" content=\"image\/jpeg\" \/>\n<meta name=\"twitter:card\" content=\"summary_large_image\" \/>\n<meta name=\"twitter:label1\" content=\"Dur\u00e9e de lecture estim\u00e9e\" \/>\n\t<meta name=\"twitter:data1\" content=\"1 minute\" \/>\n<script type=\"application\/ld+json\" class=\"yoast-schema-graph\">{\"@context\":\"https:\\\/\\\/schema.org\",\"@graph\":[{\"@type\":\"WebPage\",\"@id\":\"https:\\\/\\\/www.kaphonic.com\\\/fr\\\/shop\\\/lage-mwen\\\/\",\"url\":\"https:\\\/\\\/www.kaphonic.com\\\/fr\\\/shop\\\/lage-mwen\\\/\",\"name\":\"LAG\u00c9 MWEN de C\u00e9line Languedoc & Exte C| Kaphonic Records\",\"isPartOf\":{\"@id\":\"https:\\\/\\\/www.kaphonic.com\\\/fr\\\/#website\"},\"primaryImageOfPage\":{\"@id\":\"https:\\\/\\\/www.kaphonic.com\\\/fr\\\/shop\\\/lage-mwen\\\/#primaryimage\"},\"image\":{\"@id\":\"https:\\\/\\\/www.kaphonic.com\\\/fr\\\/shop\\\/lage-mwen\\\/#primaryimage\"},\"thumbnailUrl\":\"https:\\\/\\\/www.kaphonic.com\\\/wp-content\\\/uploads\\\/2024\\\/05\\\/LAGE-MWEN-cover-500.jpg\",\"datePublished\":\"2024-05-10T14:02:02+00:00\",\"dateModified\":\"2025-01-29T16:06:57+00:00\",\"breadcrumb\":{\"@id\":\"https:\\\/\\\/www.kaphonic.com\\\/fr\\\/shop\\\/lage-mwen\\\/#breadcrumb\"},\"inLanguage\":\"fr-FR\",\"potentialAction\":[{\"@type\":\"ReadAction\",\"target\":[\"https:\\\/\\\/www.kaphonic.com\\\/fr\\\/shop\\\/lage-mwen\\\/\"]}]},{\"@type\":\"ImageObject\",\"inLanguage\":\"fr-FR\",\"@id\":\"https:\\\/\\\/www.kaphonic.com\\\/fr\\\/shop\\\/lage-mwen\\\/#primaryimage\",\"url\":\"https:\\\/\\\/www.kaphonic.com\\\/wp-content\\\/uploads\\\/2024\\\/05\\\/LAGE-MWEN-cover-500.jpg\",\"contentUrl\":\"https:\\\/\\\/www.kaphonic.com\\\/wp-content\\\/uploads\\\/2024\\\/05\\\/LAGE-MWEN-cover-500.jpg\",\"width\":500,\"height\":500},{\"@type\":\"BreadcrumbList\",\"@id\":\"https:\\\/\\\/www.kaphonic.com\\\/fr\\\/shop\\\/lage-mwen\\\/#breadcrumb\",\"itemListElement\":[{\"@type\":\"ListItem\",\"position\":1,\"name\":\"Home\",\"item\":\"https:\\\/\\\/www.kaphonic.com\\\/fr\\\/\"},{\"@type\":\"ListItem\",\"position\":2,\"name\":\"Shop\",\"item\":\"https:\\\/\\\/www.kaphonic.com\\\/fr\\\/shop\\\/\"},{\"@type\":\"ListItem\",\"position\":3,\"name\":\"LAG\u00c9 MWEN\"}]},{\"@type\":\"WebSite\",\"@id\":\"https:\\\/\\\/www.kaphonic.com\\\/fr\\\/#website\",\"url\":\"https:\\\/\\\/www.kaphonic.com\\\/fr\\\/\",\"name\":\"Kaphonic\",\"description\":\"Label - \u00c9dition musicale - \u00c9v\u00e9nements\",\"publisher\":{\"@id\":\"https:\\\/\\\/www.kaphonic.com\\\/fr\\\/#organization\"},\"alternateName\":\"Kaphonic\",\"potentialAction\":[{\"@type\":\"SearchAction\",\"target\":{\"@type\":\"EntryPoint\",\"urlTemplate\":\"https:\\\/\\\/www.kaphonic.com\\\/fr\\\/?s={search_term_string}\"},\"query-input\":{\"@type\":\"PropertyValueSpecification\",\"valueRequired\":true,\"valueName\":\"search_term_string\"}}],\"inLanguage\":\"fr-FR\"},{\"@type\":\"Organization\",\"@id\":\"https:\\\/\\\/www.kaphonic.com\\\/fr\\\/#organization\",\"name\":\"SAS KAPHONIC\",\"alternateName\":\"KAPHONIC\",\"url\":\"https:\\\/\\\/www.kaphonic.com\\\/fr\\\/\",\"logo\":{\"@type\":\"ImageObject\",\"inLanguage\":\"fr-FR\",\"@id\":\"https:\\\/\\\/www.kaphonic.com\\\/fr\\\/#\\\/schema\\\/logo\\\/image\\\/\",\"url\":\"https:\\\/\\\/www.kaphonic.com\\\/wp-content\\\/uploads\\\/2023\\\/10\\\/LOGO-kaphonic-noir.png\",\"contentUrl\":\"https:\\\/\\\/www.kaphonic.com\\\/wp-content\\\/uploads\\\/2023\\\/10\\\/LOGO-kaphonic-noir.png\",\"width\":1000,\"height\":339,\"caption\":\"SAS KAPHONIC\"},\"image\":{\"@id\":\"https:\\\/\\\/www.kaphonic.com\\\/fr\\\/#\\\/schema\\\/logo\\\/image\\\/\"},\"sameAs\":[\"https:\\\/\\\/www.facebook.com\\\/kaphonic\\\/\",\"https:\\\/\\\/www.youtube.com\\\/@kaphonicrecords\",\"https:\\\/\\\/kaphonicrecords.bandcamp.com\\\/\",\"https:\\\/\\\/www.instagram.com\\\/kaphonicrecords\\\/\",\"https:\\\/\\\/soundcloud.com\\\/motsek\"]}]}<\/script>\n<!-- \/ Yoast SEO plugin. -->","yoast_head_json":{"title":"LAG\u00c9 MWEN de C\u00e9line Languedoc & Exte C| Kaphonic Records","robots":{"index":"index","follow":"follow","max-snippet":"max-snippet:-1","max-image-preview":"max-image-preview:large","max-video-preview":"max-video-preview:-1"},"canonical":"https:\/\/www.kaphonic.com\/fr\/shop\/lage-mwen\/","og_locale":"fr_FR","og_type":"article","og_title":"LAG\u00c9 MWEN de C\u00e9line Languedoc & Exte C| Kaphonic Records","og_description":"\u201dLyannaj\u201d entre l\u2019Afrique du Sud et la Guadeloupe ! Le titre \"LAG\u00c9 MWEN\" r\u00e9sonne avec l'histoire et la r\u00e9silience de tout un peuple, racontant le \u00ab marronage \u00bb d\u2019une femme fugitive, qui se lance avec courage et d\u00e9termination vers l\u2019inconnu. Elle brave les d\u00e9fis pour conqu\u00e9rir sa libert\u00e9. Cette chanson c\u00e9l\u00e8bre la force de l'esprit humain face \u00e0 l'adversit\u00e9, au service d\u2019une prise de conscience juste et universelle. Avec \"LAG\u00c9 MWEN\", notre amie C\u00c9LINE LANGUEDOC, l\u2019une des voix les plus incontournables de la sc\u00e8ne cr\u00e9ole d\u2019aujourd\u2019hui, rejoint notre label, et nous en sommes tr\u00e8s heureux ! Passant du jazz au gospel avec une \u00e9l\u00e9gance et une aisance d\u00e9concertante, la voici ravie de cette collaboration avec EXTE C. DJ et producteur bien connu des playlists DeepHouse les plus \u00ab high-rated \u00bb, EXTE C ne rate jamais une occasion de nous livrer un son avec ce groove unique, qu\u2019on lui connait et que l'on aime depuis son premier album jusqu'au plus r\u00e9cent \"Something real\". Cette sortie sera accompagn\u00e9e d'un remix de MOTSEK, avec Samuel Darnal au clavier, un accord parfait pour ce d\u00e9but de printemps.","og_url":"https:\/\/www.kaphonic.com\/fr\/shop\/lage-mwen\/","og_site_name":"Kaphonic","article_publisher":"https:\/\/www.facebook.com\/kaphonic\/","article_modified_time":"2025-01-29T16:06:57+00:00","og_image":[{"width":500,"height":500,"url":"https:\/\/www.kaphonic.com\/wp-content\/uploads\/2024\/05\/LAGE-MWEN-cover-500.jpg","type":"image\/jpeg"}],"twitter_card":"summary_large_image","twitter_misc":{"Dur\u00e9e de lecture estim\u00e9e":"1 minute"},"schema":{"@context":"https:\/\/schema.org","@graph":[{"@type":"WebPage","@id":"https:\/\/www.kaphonic.com\/fr\/shop\/lage-mwen\/","url":"https:\/\/www.kaphonic.com\/fr\/shop\/lage-mwen\/","name":"LAG\u00c9 MWEN de C\u00e9line Languedoc & Exte C| Kaphonic Records","isPartOf":{"@id":"https:\/\/www.kaphonic.com\/fr\/#website"},"primaryImageOfPage":{"@id":"https:\/\/www.kaphonic.com\/fr\/shop\/lage-mwen\/#primaryimage"},"image":{"@id":"https:\/\/www.kaphonic.com\/fr\/shop\/lage-mwen\/#primaryimage"},"thumbnailUrl":"https:\/\/www.kaphonic.com\/wp-content\/uploads\/2024\/05\/LAGE-MWEN-cover-500.jpg","datePublished":"2024-05-10T14:02:02+00:00","dateModified":"2025-01-29T16:06:57+00:00","breadcrumb":{"@id":"https:\/\/www.kaphonic.com\/fr\/shop\/lage-mwen\/#breadcrumb"},"inLanguage":"fr-FR","potentialAction":[{"@type":"ReadAction","target":["https:\/\/www.kaphonic.com\/fr\/shop\/lage-mwen\/"]}]},{"@type":"ImageObject","inLanguage":"fr-FR","@id":"https:\/\/www.kaphonic.com\/fr\/shop\/lage-mwen\/#primaryimage","url":"https:\/\/www.kaphonic.com\/wp-content\/uploads\/2024\/05\/LAGE-MWEN-cover-500.jpg","contentUrl":"https:\/\/www.kaphonic.com\/wp-content\/uploads\/2024\/05\/LAGE-MWEN-cover-500.jpg","width":500,"height":500},{"@type":"BreadcrumbList","@id":"https:\/\/www.kaphonic.com\/fr\/shop\/lage-mwen\/#breadcrumb","itemListElement":[{"@type":"ListItem","position":1,"name":"Home","item":"https:\/\/www.kaphonic.com\/fr\/"},{"@type":"ListItem","position":2,"name":"Shop","item":"https:\/\/www.kaphonic.com\/fr\/shop\/"},{"@type":"ListItem","position":3,"name":"LAG\u00c9 MWEN"}]},{"@type":"WebSite","@id":"https:\/\/www.kaphonic.com\/fr\/#website","url":"https:\/\/www.kaphonic.com\/fr\/","name":"Kaphonic","description":"Label - \u00c9dition musicale - \u00c9v\u00e9nements","publisher":{"@id":"https:\/\/www.kaphonic.com\/fr\/#organization"},"alternateName":"Kaphonic","potentialAction":[{"@type":"SearchAction","target":{"@type":"EntryPoint","urlTemplate":"https:\/\/www.kaphonic.com\/fr\/?s={search_term_string}"},"query-input":{"@type":"PropertyValueSpecification","valueRequired":true,"valueName":"search_term_string"}}],"inLanguage":"fr-FR"},{"@type":"Organization","@id":"https:\/\/www.kaphonic.com\/fr\/#organization","name":"SAS KAPHONIC","alternateName":"KAPHONIC","url":"https:\/\/www.kaphonic.com\/fr\/","logo":{"@type":"ImageObject","inLanguage":"fr-FR","@id":"https:\/\/www.kaphonic.com\/fr\/#\/schema\/logo\/image\/","url":"https:\/\/www.kaphonic.com\/wp-content\/uploads\/2023\/10\/LOGO-kaphonic-noir.png","contentUrl":"https:\/\/www.kaphonic.com\/wp-content\/uploads\/2023\/10\/LOGO-kaphonic-noir.png","width":1000,"height":339,"caption":"SAS KAPHONIC"},"image":{"@id":"https:\/\/www.kaphonic.com\/fr\/#\/schema\/logo\/image\/"},"sameAs":["https:\/\/www.facebook.com\/kaphonic\/","https:\/\/www.youtube.com\/@kaphonicrecords","https:\/\/kaphonicrecords.bandcamp.com\/","https:\/\/www.instagram.com\/kaphonicrecords\/","https:\/\/soundcloud.com\/motsek"]}]}},"_links":{"self":[{"href":"https:\/\/www.kaphonic.com\/fr\/wp-json\/wp\/v2\/product\/13436","targetHints":{"allow":["GET"]}}],"collection":[{"href":"https:\/\/www.kaphonic.com\/fr\/wp-json\/wp\/v2\/product"}],"about":[{"href":"https:\/\/www.kaphonic.com\/fr\/wp-json\/wp\/v2\/types\/product"}],"version-history":[{"count":0,"href":"https:\/\/www.kaphonic.com\/fr\/wp-json\/wp\/v2\/product\/13436\/revisions"}],"wp:featuredmedia":[{"embeddable":true,"href":"https:\/\/www.kaphonic.com\/fr\/wp-json\/wp\/v2\/media\/13394"}],"wp:attachment":[{"href":"https:\/\/www.kaphonic.com\/fr\/wp-json\/wp\/v2\/media?parent=13436"}],"wp:term":[{"taxonomy":"product_brand","embeddable":true,"href":"https:\/\/www.kaphonic.com\/fr\/wp-json\/wp\/v2\/product_brand?post=13436"},{"taxonomy":"product_cat","embeddable":true,"href":"https:\/\/www.kaphonic.com\/fr\/wp-json\/wp\/v2\/product_cat?post=13436"},{"taxonomy":"product_tag","embeddable":true,"href":"https:\/\/www.kaphonic.com\/fr\/wp-json\/wp\/v2\/product_tag?post=13436"}],"curies":[{"name":"wp","href":"https:\/\/api.w.org\/{rel}","templated":true}]}}