{"id":14326,"date":"2024-07-13T17:26:14","date_gmt":"2024-07-13T15:26:14","guid":{"rendered":"https:\/\/www.kaphonic.com\/shop\/dialog-hi\/"},"modified":"2024-07-26T18:13:19","modified_gmt":"2024-07-26T16:13:19","slug":"dialog-hi","status":"publish","type":"product","link":"https:\/\/www.kaphonic.com\/fr\/shop\/dialog-hi\/","title":{"rendered":"DIALOG-HI"},"content":{"rendered":"","protected":false},"excerpt":{"rendered":"<p>Le Monza nouveau est arriv\u00e9, tel qu\u2019il convient d\u2019annoncer la derni\u00e8re production de cet artiste pluriel et constamment innovant. C\u2019est incontestablement une voix du Gwo-ka ; mais une voix qui cherche d\u2019autres nuances de voies, qui t\u00e2te des sentiers inexplor\u00e9s dans le champ vaste de nos possibles, pour tracer sa route et nous convoquer \u00e0 partager avec lui, chaque \u00e9tape de ses trouvailles.<\/p>\n<p>Cette permanente mise en danger lui r\u00e9ussit. Ce rendez-vous est un pur d\u00e9lice. Un bouquet de sensibilit\u00e9s. Une audace fleurtant tant\u00f4t avec un boulag\u00e8l (polyphonie guadeloup\u00e9enne) en filigrane, d\u2019autres fois approchant l\u2019un des sept fondamentaux de notre musique traditionnelle, sans trop se soumettre, il nous transporte. Toujours Monza se retrouve \u00e0 nous proposer du neuf, avec une dose appuy\u00e9e de son g\u00e9nie libre. Ses nouvelles esth\u00e9tiques musicales nous bercent avec la constance d\u2019un blues des bois, des ballades qui puisent leur substance dans nos racines oubli\u00e9es. Ses th\u00e8mes dynamisent nos consciences et la voix qui les porte amplifie les r\u00e9sonances\u2026<\/p>\n<p>C\u2019est \u00e0 l\u2019\u00e9coute de cet excellent dernier Wozan Monza que je vous invite, sans d\u00e9lai.<\/p>\n<p><strong>Max Rippon<\/strong><\/p>\n","protected":false},"featured_media":14271,"template":"","meta":{"_acf_changed":false},"product_brand":[],"product_cat":[78],"product_tag":[],"class_list":{"0":"post-14326","1":"product","2":"type-product","3":"status-publish","4":"has-post-thumbnail","6":"product_cat-album-fr","8":"first","9":"instock","10":"downloadable","11":"virtual","12":"taxable","13":"purchasable","14":"product-type-simple"},"acf":[],"yoast_head":"<!-- This site is optimized with the Yoast SEO plugin v27.3 - https:\/\/yoast.com\/product\/yoast-seo-wordpress\/ -->\n<title>Acheter DiaLog-Hi de Wozan Monza et Gr\u00e9gory Privat<\/title>\n<meta name=\"description\" content=\"Avec \u00ab Dialog-Hi \u00bb, WOZAN MONZA nous rappelle avec force l\u2019importance de nos racines et de notre h\u00e9ritage culturel, tout en nous encourageant \u00e0 c\u00e9l\u00e9brer la diversit\u00e9.\" \/>\n<meta name=\"robots\" content=\"index, follow, max-snippet:-1, max-image-preview:large, max-video-preview:-1\" \/>\n<link rel=\"canonical\" href=\"https:\/\/www.kaphonic.com\/fr\/shop\/dialog-hi\/\" \/>\n<meta property=\"og:locale\" content=\"fr_FR\" \/>\n<meta property=\"og:type\" content=\"article\" \/>\n<meta property=\"og:title\" content=\"Acheter DiaLog-Hi de Wozan Monza et Gr\u00e9gory Privat\" \/>\n<meta property=\"og:description\" content=\"Avec \u00ab Dialog-Hi \u00bb, WOZAN MONZA nous rappelle avec force l\u2019importance de nos racines et de notre h\u00e9ritage culturel, tout en nous encourageant \u00e0 c\u00e9l\u00e9brer la diversit\u00e9.\" \/>\n<meta property=\"og:url\" content=\"https:\/\/www.kaphonic.com\/fr\/shop\/dialog-hi\/\" \/>\n<meta property=\"og:site_name\" content=\"Kaphonic\" \/>\n<meta property=\"article:publisher\" content=\"https:\/\/www.facebook.com\/kaphonic\/\" \/>\n<meta property=\"article:modified_time\" content=\"2024-07-26T16:13:19+00:00\" \/>\n<meta property=\"og:image\" content=\"https:\/\/www.kaphonic.com\/wp-content\/uploads\/2024\/07\/DIALOG-HI-COVER-500.jpg\" \/>\n\t<meta property=\"og:image:width\" content=\"500\" \/>\n\t<meta property=\"og:image:height\" content=\"500\" \/>\n\t<meta property=\"og:image:type\" content=\"image\/jpeg\" \/>\n<meta name=\"twitter:card\" content=\"summary_large_image\" \/>\n<meta name=\"twitter:label1\" content=\"Dur\u00e9e de lecture estim\u00e9e\" \/>\n\t<meta name=\"twitter:data1\" content=\"1 minute\" \/>\n<script type=\"application\/ld+json\" class=\"yoast-schema-graph\">{\"@context\":\"https:\\\/\\\/schema.org\",\"@graph\":[{\"@type\":\"WebPage\",\"@id\":\"https:\\\/\\\/www.kaphonic.com\\\/fr\\\/shop\\\/dialog-hi\\\/\",\"url\":\"https:\\\/\\\/www.kaphonic.com\\\/fr\\\/shop\\\/dialog-hi\\\/\",\"name\":\"Acheter DiaLog-Hi de Wozan Monza et Gr\u00e9gory Privat\",\"isPartOf\":{\"@id\":\"https:\\\/\\\/www.kaphonic.com\\\/fr\\\/#website\"},\"primaryImageOfPage\":{\"@id\":\"https:\\\/\\\/www.kaphonic.com\\\/fr\\\/shop\\\/dialog-hi\\\/#primaryimage\"},\"image\":{\"@id\":\"https:\\\/\\\/www.kaphonic.com\\\/fr\\\/shop\\\/dialog-hi\\\/#primaryimage\"},\"thumbnailUrl\":\"https:\\\/\\\/www.kaphonic.com\\\/wp-content\\\/uploads\\\/2024\\\/07\\\/DIALOG-HI-COVER-500.jpg\",\"datePublished\":\"2024-07-13T15:26:14+00:00\",\"dateModified\":\"2024-07-26T16:13:19+00:00\",\"description\":\"Avec \u00ab Dialog-Hi \u00bb, WOZAN MONZA nous rappelle avec force l\u2019importance de nos racines et de notre h\u00e9ritage culturel, tout en nous encourageant \u00e0 c\u00e9l\u00e9brer la diversit\u00e9.\",\"breadcrumb\":{\"@id\":\"https:\\\/\\\/www.kaphonic.com\\\/fr\\\/shop\\\/dialog-hi\\\/#breadcrumb\"},\"inLanguage\":\"fr-FR\",\"potentialAction\":[{\"@type\":\"ReadAction\",\"target\":[\"https:\\\/\\\/www.kaphonic.com\\\/fr\\\/shop\\\/dialog-hi\\\/\"]}]},{\"@type\":\"ImageObject\",\"inLanguage\":\"fr-FR\",\"@id\":\"https:\\\/\\\/www.kaphonic.com\\\/fr\\\/shop\\\/dialog-hi\\\/#primaryimage\",\"url\":\"https:\\\/\\\/www.kaphonic.com\\\/wp-content\\\/uploads\\\/2024\\\/07\\\/DIALOG-HI-COVER-500.jpg\",\"contentUrl\":\"https:\\\/\\\/www.kaphonic.com\\\/wp-content\\\/uploads\\\/2024\\\/07\\\/DIALOG-HI-COVER-500.jpg\",\"width\":500,\"height\":500},{\"@type\":\"BreadcrumbList\",\"@id\":\"https:\\\/\\\/www.kaphonic.com\\\/fr\\\/shop\\\/dialog-hi\\\/#breadcrumb\",\"itemListElement\":[{\"@type\":\"ListItem\",\"position\":1,\"name\":\"Home\",\"item\":\"https:\\\/\\\/www.kaphonic.com\\\/fr\\\/\"},{\"@type\":\"ListItem\",\"position\":2,\"name\":\"Shop\",\"item\":\"https:\\\/\\\/www.kaphonic.com\\\/fr\\\/shop\\\/\"},{\"@type\":\"ListItem\",\"position\":3,\"name\":\"DIALOG-HI\"}]},{\"@type\":\"WebSite\",\"@id\":\"https:\\\/\\\/www.kaphonic.com\\\/fr\\\/#website\",\"url\":\"https:\\\/\\\/www.kaphonic.com\\\/fr\\\/\",\"name\":\"Kaphonic\",\"description\":\"Label - \u00c9dition musicale - \u00c9v\u00e9nements\",\"publisher\":{\"@id\":\"https:\\\/\\\/www.kaphonic.com\\\/fr\\\/#organization\"},\"alternateName\":\"Kaphonic\",\"potentialAction\":[{\"@type\":\"SearchAction\",\"target\":{\"@type\":\"EntryPoint\",\"urlTemplate\":\"https:\\\/\\\/www.kaphonic.com\\\/fr\\\/?s={search_term_string}\"},\"query-input\":{\"@type\":\"PropertyValueSpecification\",\"valueRequired\":true,\"valueName\":\"search_term_string\"}}],\"inLanguage\":\"fr-FR\"},{\"@type\":\"Organization\",\"@id\":\"https:\\\/\\\/www.kaphonic.com\\\/fr\\\/#organization\",\"name\":\"SAS KAPHONIC\",\"alternateName\":\"KAPHONIC\",\"url\":\"https:\\\/\\\/www.kaphonic.com\\\/fr\\\/\",\"logo\":{\"@type\":\"ImageObject\",\"inLanguage\":\"fr-FR\",\"@id\":\"https:\\\/\\\/www.kaphonic.com\\\/fr\\\/#\\\/schema\\\/logo\\\/image\\\/\",\"url\":\"https:\\\/\\\/www.kaphonic.com\\\/wp-content\\\/uploads\\\/2023\\\/10\\\/LOGO-kaphonic-noir.png\",\"contentUrl\":\"https:\\\/\\\/www.kaphonic.com\\\/wp-content\\\/uploads\\\/2023\\\/10\\\/LOGO-kaphonic-noir.png\",\"width\":1000,\"height\":339,\"caption\":\"SAS KAPHONIC\"},\"image\":{\"@id\":\"https:\\\/\\\/www.kaphonic.com\\\/fr\\\/#\\\/schema\\\/logo\\\/image\\\/\"},\"sameAs\":[\"https:\\\/\\\/www.facebook.com\\\/kaphonic\\\/\",\"https:\\\/\\\/www.youtube.com\\\/@kaphonicrecords\",\"https:\\\/\\\/kaphonicrecords.bandcamp.com\\\/\",\"https:\\\/\\\/www.instagram.com\\\/kaphonicrecords\\\/\",\"https:\\\/\\\/soundcloud.com\\\/motsek\"]}]}<\/script>\n<!-- \/ Yoast SEO plugin. -->","yoast_head_json":{"title":"Acheter DiaLog-Hi de Wozan Monza et Gr\u00e9gory Privat","description":"Avec \u00ab Dialog-Hi \u00bb, WOZAN MONZA nous rappelle avec force l\u2019importance de nos racines et de notre h\u00e9ritage culturel, tout en nous encourageant \u00e0 c\u00e9l\u00e9brer la diversit\u00e9.","robots":{"index":"index","follow":"follow","max-snippet":"max-snippet:-1","max-image-preview":"max-image-preview:large","max-video-preview":"max-video-preview:-1"},"canonical":"https:\/\/www.kaphonic.com\/fr\/shop\/dialog-hi\/","og_locale":"fr_FR","og_type":"article","og_title":"Acheter DiaLog-Hi de Wozan Monza et Gr\u00e9gory Privat","og_description":"Avec \u00ab Dialog-Hi \u00bb, WOZAN MONZA nous rappelle avec force l\u2019importance de nos racines et de notre h\u00e9ritage culturel, tout en nous encourageant \u00e0 c\u00e9l\u00e9brer la diversit\u00e9.","og_url":"https:\/\/www.kaphonic.com\/fr\/shop\/dialog-hi\/","og_site_name":"Kaphonic","article_publisher":"https:\/\/www.facebook.com\/kaphonic\/","article_modified_time":"2024-07-26T16:13:19+00:00","og_image":[{"width":500,"height":500,"url":"https:\/\/www.kaphonic.com\/wp-content\/uploads\/2024\/07\/DIALOG-HI-COVER-500.jpg","type":"image\/jpeg"}],"twitter_card":"summary_large_image","twitter_misc":{"Dur\u00e9e de lecture estim\u00e9e":"1 minute"},"schema":{"@context":"https:\/\/schema.org","@graph":[{"@type":"WebPage","@id":"https:\/\/www.kaphonic.com\/fr\/shop\/dialog-hi\/","url":"https:\/\/www.kaphonic.com\/fr\/shop\/dialog-hi\/","name":"Acheter DiaLog-Hi de Wozan Monza et Gr\u00e9gory Privat","isPartOf":{"@id":"https:\/\/www.kaphonic.com\/fr\/#website"},"primaryImageOfPage":{"@id":"https:\/\/www.kaphonic.com\/fr\/shop\/dialog-hi\/#primaryimage"},"image":{"@id":"https:\/\/www.kaphonic.com\/fr\/shop\/dialog-hi\/#primaryimage"},"thumbnailUrl":"https:\/\/www.kaphonic.com\/wp-content\/uploads\/2024\/07\/DIALOG-HI-COVER-500.jpg","datePublished":"2024-07-13T15:26:14+00:00","dateModified":"2024-07-26T16:13:19+00:00","description":"Avec \u00ab Dialog-Hi \u00bb, WOZAN MONZA nous rappelle avec force l\u2019importance de nos racines et de notre h\u00e9ritage culturel, tout en nous encourageant \u00e0 c\u00e9l\u00e9brer la diversit\u00e9.","breadcrumb":{"@id":"https:\/\/www.kaphonic.com\/fr\/shop\/dialog-hi\/#breadcrumb"},"inLanguage":"fr-FR","potentialAction":[{"@type":"ReadAction","target":["https:\/\/www.kaphonic.com\/fr\/shop\/dialog-hi\/"]}]},{"@type":"ImageObject","inLanguage":"fr-FR","@id":"https:\/\/www.kaphonic.com\/fr\/shop\/dialog-hi\/#primaryimage","url":"https:\/\/www.kaphonic.com\/wp-content\/uploads\/2024\/07\/DIALOG-HI-COVER-500.jpg","contentUrl":"https:\/\/www.kaphonic.com\/wp-content\/uploads\/2024\/07\/DIALOG-HI-COVER-500.jpg","width":500,"height":500},{"@type":"BreadcrumbList","@id":"https:\/\/www.kaphonic.com\/fr\/shop\/dialog-hi\/#breadcrumb","itemListElement":[{"@type":"ListItem","position":1,"name":"Home","item":"https:\/\/www.kaphonic.com\/fr\/"},{"@type":"ListItem","position":2,"name":"Shop","item":"https:\/\/www.kaphonic.com\/fr\/shop\/"},{"@type":"ListItem","position":3,"name":"DIALOG-HI"}]},{"@type":"WebSite","@id":"https:\/\/www.kaphonic.com\/fr\/#website","url":"https:\/\/www.kaphonic.com\/fr\/","name":"Kaphonic","description":"Label - \u00c9dition musicale - \u00c9v\u00e9nements","publisher":{"@id":"https:\/\/www.kaphonic.com\/fr\/#organization"},"alternateName":"Kaphonic","potentialAction":[{"@type":"SearchAction","target":{"@type":"EntryPoint","urlTemplate":"https:\/\/www.kaphonic.com\/fr\/?s={search_term_string}"},"query-input":{"@type":"PropertyValueSpecification","valueRequired":true,"valueName":"search_term_string"}}],"inLanguage":"fr-FR"},{"@type":"Organization","@id":"https:\/\/www.kaphonic.com\/fr\/#organization","name":"SAS KAPHONIC","alternateName":"KAPHONIC","url":"https:\/\/www.kaphonic.com\/fr\/","logo":{"@type":"ImageObject","inLanguage":"fr-FR","@id":"https:\/\/www.kaphonic.com\/fr\/#\/schema\/logo\/image\/","url":"https:\/\/www.kaphonic.com\/wp-content\/uploads\/2023\/10\/LOGO-kaphonic-noir.png","contentUrl":"https:\/\/www.kaphonic.com\/wp-content\/uploads\/2023\/10\/LOGO-kaphonic-noir.png","width":1000,"height":339,"caption":"SAS KAPHONIC"},"image":{"@id":"https:\/\/www.kaphonic.com\/fr\/#\/schema\/logo\/image\/"},"sameAs":["https:\/\/www.facebook.com\/kaphonic\/","https:\/\/www.youtube.com\/@kaphonicrecords","https:\/\/kaphonicrecords.bandcamp.com\/","https:\/\/www.instagram.com\/kaphonicrecords\/","https:\/\/soundcloud.com\/motsek"]}]}},"_links":{"self":[{"href":"https:\/\/www.kaphonic.com\/fr\/wp-json\/wp\/v2\/product\/14326","targetHints":{"allow":["GET"]}}],"collection":[{"href":"https:\/\/www.kaphonic.com\/fr\/wp-json\/wp\/v2\/product"}],"about":[{"href":"https:\/\/www.kaphonic.com\/fr\/wp-json\/wp\/v2\/types\/product"}],"version-history":[{"count":0,"href":"https:\/\/www.kaphonic.com\/fr\/wp-json\/wp\/v2\/product\/14326\/revisions"}],"wp:featuredmedia":[{"embeddable":true,"href":"https:\/\/www.kaphonic.com\/fr\/wp-json\/wp\/v2\/media\/14271"}],"wp:attachment":[{"href":"https:\/\/www.kaphonic.com\/fr\/wp-json\/wp\/v2\/media?parent=14326"}],"wp:term":[{"taxonomy":"product_brand","embeddable":true,"href":"https:\/\/www.kaphonic.com\/fr\/wp-json\/wp\/v2\/product_brand?post=14326"},{"taxonomy":"product_cat","embeddable":true,"href":"https:\/\/www.kaphonic.com\/fr\/wp-json\/wp\/v2\/product_cat?post=14326"},{"taxonomy":"product_tag","embeddable":true,"href":"https:\/\/www.kaphonic.com\/fr\/wp-json\/wp\/v2\/product_tag?post=14326"}],"curies":[{"name":"wp","href":"https:\/\/api.w.org\/{rel}","templated":true}]}}