{"id":15256,"date":"2024-09-17T17:58:24","date_gmt":"2024-09-17T15:58:24","guid":{"rendered":"https:\/\/www.kaphonic.com\/shop\/on-son-pou-yo\/"},"modified":"2024-09-18T21:20:42","modified_gmt":"2024-09-18T19:20:42","slug":"on-son-pou-yo","status":"publish","type":"product","link":"https:\/\/www.kaphonic.com\/fr\/shop\/on-son-pou-yo\/","title":{"rendered":"ON SON POU YO"},"content":{"rendered":"","protected":false},"excerpt":{"rendered":"<p>On dit qu\u2019un fruit ne tombe jamais loin de l\u2019arbre\u2026<br \/>\nLes 4 titres de ce nouvel EP KafroHouse sign\u00e9 <strong>MOTSEK<\/strong>, te racontent \u00e0 leur fa\u00e7on, cette convergence culturelle entre la Guadeloupe et la Colombie\u202f; deux Terres \u00e9loign\u00e9es, mais fruits d\u2019une histoire commune, o\u00f9 le \u00ab\u202fBouladj\u00e8l\u202f\u00bb de l\u2019une entre en r\u00e9sonnance avec le \u00ab\u202fBullerengu\u00e9\u202f\u00bb de l\u2019autre.<\/p>\n<p>Pour l&rsquo;occasion, MOTSEK a invit\u00e9 la sublime chanteuse colombienne <strong>ANLLY MARIN<\/strong>, d\u00e9couverte sur l\u2019excellentissime \u00ab\u202fAy Como Hago\u202f\u00bb. Elle pose sur 3 titres sa voix unique et si distinctive de Bullerengu\u00e9.<\/p>\n<p>Mais l\u2019exp\u00e9rience du projet \u00ab\u202fBOULARENGU\u00c9\u202f\u00bb ne s\u2019arr\u00eate pas l\u00e0\u202f! MOTSEK a \u00e9galement convi\u00e9 sur le titre \u00ab On son pou yo \u00bb, le Bouladj\u00e8l puissant de <strong>Wozan Monza<\/strong>. Ce jeu polyrythmique de chants percussifs est soutenu par des compositions Afrohouse cisel\u00e9es, puls\u00e9es de rythmiques cara\u00efb\u00e9ennes.<br \/>\nEnfin <strong>Timoth\u00e9 Petter<\/strong>, est venu enrichir de sa trompette, les strates m\u00e9lodiques de \u00ab\u202fCome canta L\u2019uccello\u202f\u00bb et \u00ab\u202fOn son pou Yo\u202f\u00bb.<\/p>\n<p>Le r\u00e9sultat de ces rencontres te fera peut-\u00eatre dire que le hasard n\u2019existe pas, ou que le destin fait tr\u00e8s bien les choses\u202f;-) \u2026 et l\u2019on te r\u00e9pondra que plusieurs fruits d\u00e9gust\u00e9s d\u2019un m\u00eame arbre d\u00e9cuplent les saveurs, Enjoy\u202f!<\/p>\n","protected":false},"featured_media":15177,"template":"","meta":{"_acf_changed":false},"product_brand":[],"product_cat":[74],"product_tag":[],"class_list":{"0":"post-15256","1":"product","2":"type-product","3":"status-publish","4":"has-post-thumbnail","6":"product_cat-piste","8":"first","9":"instock","10":"downloadable","11":"virtual","12":"taxable","13":"purchasable","14":"product-type-simple"},"acf":[],"yoast_head":"<!-- This site is optimized with the Yoast SEO plugin v27.3 - https:\/\/yoast.com\/product\/yoast-seo-wordpress\/ -->\n<title>ON SON POU YO - Kaphonic<\/title>\n<meta name=\"robots\" content=\"index, follow, max-snippet:-1, max-image-preview:large, max-video-preview:-1\" \/>\n<link rel=\"canonical\" href=\"https:\/\/www.kaphonic.com\/fr\/shop\/on-son-pou-yo\/\" \/>\n<meta property=\"og:locale\" content=\"fr_FR\" \/>\n<meta property=\"og:type\" content=\"article\" \/>\n<meta property=\"og:title\" content=\"ON SON POU YO - Kaphonic\" \/>\n<meta property=\"og:description\" content=\"On dit qu\u2019un fruit ne tombe jamais loin de l\u2019arbre\u2026 Les 4 titres de ce nouvel EP KafroHouse sign\u00e9 MOTSEK, te racontent \u00e0 leur fa\u00e7on, cette convergence culturelle entre la Guadeloupe et la Colombie\u202f; deux Terres \u00e9loign\u00e9es, mais fruits d\u2019une histoire commune, o\u00f9 le \u00ab\u202fBouladj\u00e8l\u202f\u00bb de l\u2019une entre en r\u00e9sonnance avec le \u00ab\u202fBullerengu\u00e9\u202f\u00bb de l\u2019autre.  Pour l&#039;occasion, MOTSEK a invit\u00e9 la sublime chanteuse colombienne ANLLY MARIN, d\u00e9couverte sur l\u2019excellentissime \u00ab\u202fAy Como Hago\u202f\u00bb. Elle pose sur 3 titres sa voix unique et si distinctive de Bullerengu\u00e9.  Mais l\u2019exp\u00e9rience du projet \u00ab\u202fBOULARENGU\u00c9\u202f\u00bb ne s\u2019arr\u00eate pas l\u00e0\u202f! MOTSEK a \u00e9galement convi\u00e9 sur le titre \u00ab On son pou yo \u00bb, le Bouladj\u00e8l puissant de Wozan Monza. Ce jeu polyrythmique de chants percussifs est soutenu par des compositions Afrohouse cisel\u00e9es, puls\u00e9es de rythmiques cara\u00efb\u00e9ennes. Enfin Timoth\u00e9 Petter, est venu enrichir de sa trompette, les strates m\u00e9lodiques de \u00ab\u202fCome canta L\u2019uccello\u202f\u00bb et \u00ab\u202fOn son pou Yo\u202f\u00bb.  Le r\u00e9sultat de ces rencontres te fera peut-\u00eatre dire que le hasard n\u2019existe pas, ou que le destin fait tr\u00e8s bien les choses\u202f;-) \u2026 et l\u2019on te r\u00e9pondra que plusieurs fruits d\u00e9gust\u00e9s d\u2019un m\u00eame arbre d\u00e9cuplent les saveurs, Enjoy\u202f!\" \/>\n<meta property=\"og:url\" content=\"https:\/\/www.kaphonic.com\/fr\/shop\/on-son-pou-yo\/\" \/>\n<meta property=\"og:site_name\" content=\"Kaphonic\" \/>\n<meta property=\"article:publisher\" content=\"https:\/\/www.facebook.com\/kaphonic\/\" \/>\n<meta property=\"article:modified_time\" content=\"2024-09-18T19:20:42+00:00\" \/>\n<meta property=\"og:image\" content=\"https:\/\/www.kaphonic.com\/wp-content\/uploads\/2024\/09\/BOULARENGUE-MOTSEK-ANLLY-MARIN-500.webp\" \/>\n\t<meta property=\"og:image:width\" content=\"500\" \/>\n\t<meta property=\"og:image:height\" content=\"500\" \/>\n\t<meta property=\"og:image:type\" content=\"image\/webp\" \/>\n<meta name=\"twitter:card\" content=\"summary_large_image\" \/>\n<meta name=\"twitter:label1\" content=\"Dur\u00e9e de lecture estim\u00e9e\" \/>\n\t<meta name=\"twitter:data1\" content=\"1 minute\" \/>\n<script type=\"application\/ld+json\" class=\"yoast-schema-graph\">{\"@context\":\"https:\\\/\\\/schema.org\",\"@graph\":[{\"@type\":\"WebPage\",\"@id\":\"https:\\\/\\\/www.kaphonic.com\\\/fr\\\/shop\\\/on-son-pou-yo\\\/\",\"url\":\"https:\\\/\\\/www.kaphonic.com\\\/fr\\\/shop\\\/on-son-pou-yo\\\/\",\"name\":\"ON SON POU YO - Kaphonic\",\"isPartOf\":{\"@id\":\"https:\\\/\\\/www.kaphonic.com\\\/fr\\\/#website\"},\"primaryImageOfPage\":{\"@id\":\"https:\\\/\\\/www.kaphonic.com\\\/fr\\\/shop\\\/on-son-pou-yo\\\/#primaryimage\"},\"image\":{\"@id\":\"https:\\\/\\\/www.kaphonic.com\\\/fr\\\/shop\\\/on-son-pou-yo\\\/#primaryimage\"},\"thumbnailUrl\":\"https:\\\/\\\/www.kaphonic.com\\\/wp-content\\\/uploads\\\/2024\\\/09\\\/BOULARENGUE-MOTSEK-ANLLY-MARIN-500.webp\",\"datePublished\":\"2024-09-17T15:58:24+00:00\",\"dateModified\":\"2024-09-18T19:20:42+00:00\",\"breadcrumb\":{\"@id\":\"https:\\\/\\\/www.kaphonic.com\\\/fr\\\/shop\\\/on-son-pou-yo\\\/#breadcrumb\"},\"inLanguage\":\"fr-FR\",\"potentialAction\":[{\"@type\":\"ReadAction\",\"target\":[\"https:\\\/\\\/www.kaphonic.com\\\/fr\\\/shop\\\/on-son-pou-yo\\\/\"]}]},{\"@type\":\"ImageObject\",\"inLanguage\":\"fr-FR\",\"@id\":\"https:\\\/\\\/www.kaphonic.com\\\/fr\\\/shop\\\/on-son-pou-yo\\\/#primaryimage\",\"url\":\"https:\\\/\\\/www.kaphonic.com\\\/wp-content\\\/uploads\\\/2024\\\/09\\\/BOULARENGUE-MOTSEK-ANLLY-MARIN-500.webp\",\"contentUrl\":\"https:\\\/\\\/www.kaphonic.com\\\/wp-content\\\/uploads\\\/2024\\\/09\\\/BOULARENGUE-MOTSEK-ANLLY-MARIN-500.webp\",\"width\":500,\"height\":500},{\"@type\":\"BreadcrumbList\",\"@id\":\"https:\\\/\\\/www.kaphonic.com\\\/fr\\\/shop\\\/on-son-pou-yo\\\/#breadcrumb\",\"itemListElement\":[{\"@type\":\"ListItem\",\"position\":1,\"name\":\"Home\",\"item\":\"https:\\\/\\\/www.kaphonic.com\\\/fr\\\/\"},{\"@type\":\"ListItem\",\"position\":2,\"name\":\"Shop\",\"item\":\"https:\\\/\\\/www.kaphonic.com\\\/fr\\\/shop\\\/\"},{\"@type\":\"ListItem\",\"position\":3,\"name\":\"ON SON POU YO\"}]},{\"@type\":\"WebSite\",\"@id\":\"https:\\\/\\\/www.kaphonic.com\\\/fr\\\/#website\",\"url\":\"https:\\\/\\\/www.kaphonic.com\\\/fr\\\/\",\"name\":\"Kaphonic\",\"description\":\"Label - \u00c9dition musicale - \u00c9v\u00e9nements\",\"publisher\":{\"@id\":\"https:\\\/\\\/www.kaphonic.com\\\/fr\\\/#organization\"},\"alternateName\":\"Kaphonic\",\"potentialAction\":[{\"@type\":\"SearchAction\",\"target\":{\"@type\":\"EntryPoint\",\"urlTemplate\":\"https:\\\/\\\/www.kaphonic.com\\\/fr\\\/?s={search_term_string}\"},\"query-input\":{\"@type\":\"PropertyValueSpecification\",\"valueRequired\":true,\"valueName\":\"search_term_string\"}}],\"inLanguage\":\"fr-FR\"},{\"@type\":\"Organization\",\"@id\":\"https:\\\/\\\/www.kaphonic.com\\\/fr\\\/#organization\",\"name\":\"SAS KAPHONIC\",\"alternateName\":\"KAPHONIC\",\"url\":\"https:\\\/\\\/www.kaphonic.com\\\/fr\\\/\",\"logo\":{\"@type\":\"ImageObject\",\"inLanguage\":\"fr-FR\",\"@id\":\"https:\\\/\\\/www.kaphonic.com\\\/fr\\\/#\\\/schema\\\/logo\\\/image\\\/\",\"url\":\"https:\\\/\\\/www.kaphonic.com\\\/wp-content\\\/uploads\\\/2023\\\/10\\\/LOGO-kaphonic-noir.png\",\"contentUrl\":\"https:\\\/\\\/www.kaphonic.com\\\/wp-content\\\/uploads\\\/2023\\\/10\\\/LOGO-kaphonic-noir.png\",\"width\":1000,\"height\":339,\"caption\":\"SAS KAPHONIC\"},\"image\":{\"@id\":\"https:\\\/\\\/www.kaphonic.com\\\/fr\\\/#\\\/schema\\\/logo\\\/image\\\/\"},\"sameAs\":[\"https:\\\/\\\/www.facebook.com\\\/kaphonic\\\/\",\"https:\\\/\\\/www.youtube.com\\\/@kaphonicrecords\",\"https:\\\/\\\/kaphonicrecords.bandcamp.com\\\/\",\"https:\\\/\\\/www.instagram.com\\\/kaphonicrecords\\\/\",\"https:\\\/\\\/soundcloud.com\\\/motsek\"]}]}<\/script>\n<!-- \/ Yoast SEO plugin. -->","yoast_head_json":{"title":"ON SON POU YO - Kaphonic","robots":{"index":"index","follow":"follow","max-snippet":"max-snippet:-1","max-image-preview":"max-image-preview:large","max-video-preview":"max-video-preview:-1"},"canonical":"https:\/\/www.kaphonic.com\/fr\/shop\/on-son-pou-yo\/","og_locale":"fr_FR","og_type":"article","og_title":"ON SON POU YO - Kaphonic","og_description":"On dit qu\u2019un fruit ne tombe jamais loin de l\u2019arbre\u2026 Les 4 titres de ce nouvel EP KafroHouse sign\u00e9 MOTSEK, te racontent \u00e0 leur fa\u00e7on, cette convergence culturelle entre la Guadeloupe et la Colombie\u202f; deux Terres \u00e9loign\u00e9es, mais fruits d\u2019une histoire commune, o\u00f9 le \u00ab\u202fBouladj\u00e8l\u202f\u00bb de l\u2019une entre en r\u00e9sonnance avec le \u00ab\u202fBullerengu\u00e9\u202f\u00bb de l\u2019autre.  Pour l'occasion, MOTSEK a invit\u00e9 la sublime chanteuse colombienne ANLLY MARIN, d\u00e9couverte sur l\u2019excellentissime \u00ab\u202fAy Como Hago\u202f\u00bb. Elle pose sur 3 titres sa voix unique et si distinctive de Bullerengu\u00e9.  Mais l\u2019exp\u00e9rience du projet \u00ab\u202fBOULARENGU\u00c9\u202f\u00bb ne s\u2019arr\u00eate pas l\u00e0\u202f! MOTSEK a \u00e9galement convi\u00e9 sur le titre \u00ab On son pou yo \u00bb, le Bouladj\u00e8l puissant de Wozan Monza. Ce jeu polyrythmique de chants percussifs est soutenu par des compositions Afrohouse cisel\u00e9es, puls\u00e9es de rythmiques cara\u00efb\u00e9ennes. Enfin Timoth\u00e9 Petter, est venu enrichir de sa trompette, les strates m\u00e9lodiques de \u00ab\u202fCome canta L\u2019uccello\u202f\u00bb et \u00ab\u202fOn son pou Yo\u202f\u00bb.  Le r\u00e9sultat de ces rencontres te fera peut-\u00eatre dire que le hasard n\u2019existe pas, ou que le destin fait tr\u00e8s bien les choses\u202f;-) \u2026 et l\u2019on te r\u00e9pondra que plusieurs fruits d\u00e9gust\u00e9s d\u2019un m\u00eame arbre d\u00e9cuplent les saveurs, Enjoy\u202f!","og_url":"https:\/\/www.kaphonic.com\/fr\/shop\/on-son-pou-yo\/","og_site_name":"Kaphonic","article_publisher":"https:\/\/www.facebook.com\/kaphonic\/","article_modified_time":"2024-09-18T19:20:42+00:00","og_image":[{"width":500,"height":500,"url":"https:\/\/www.kaphonic.com\/wp-content\/uploads\/2024\/09\/BOULARENGUE-MOTSEK-ANLLY-MARIN-500.webp","type":"image\/webp"}],"twitter_card":"summary_large_image","twitter_misc":{"Dur\u00e9e de lecture estim\u00e9e":"1 minute"},"schema":{"@context":"https:\/\/schema.org","@graph":[{"@type":"WebPage","@id":"https:\/\/www.kaphonic.com\/fr\/shop\/on-son-pou-yo\/","url":"https:\/\/www.kaphonic.com\/fr\/shop\/on-son-pou-yo\/","name":"ON SON POU YO - Kaphonic","isPartOf":{"@id":"https:\/\/www.kaphonic.com\/fr\/#website"},"primaryImageOfPage":{"@id":"https:\/\/www.kaphonic.com\/fr\/shop\/on-son-pou-yo\/#primaryimage"},"image":{"@id":"https:\/\/www.kaphonic.com\/fr\/shop\/on-son-pou-yo\/#primaryimage"},"thumbnailUrl":"https:\/\/www.kaphonic.com\/wp-content\/uploads\/2024\/09\/BOULARENGUE-MOTSEK-ANLLY-MARIN-500.webp","datePublished":"2024-09-17T15:58:24+00:00","dateModified":"2024-09-18T19:20:42+00:00","breadcrumb":{"@id":"https:\/\/www.kaphonic.com\/fr\/shop\/on-son-pou-yo\/#breadcrumb"},"inLanguage":"fr-FR","potentialAction":[{"@type":"ReadAction","target":["https:\/\/www.kaphonic.com\/fr\/shop\/on-son-pou-yo\/"]}]},{"@type":"ImageObject","inLanguage":"fr-FR","@id":"https:\/\/www.kaphonic.com\/fr\/shop\/on-son-pou-yo\/#primaryimage","url":"https:\/\/www.kaphonic.com\/wp-content\/uploads\/2024\/09\/BOULARENGUE-MOTSEK-ANLLY-MARIN-500.webp","contentUrl":"https:\/\/www.kaphonic.com\/wp-content\/uploads\/2024\/09\/BOULARENGUE-MOTSEK-ANLLY-MARIN-500.webp","width":500,"height":500},{"@type":"BreadcrumbList","@id":"https:\/\/www.kaphonic.com\/fr\/shop\/on-son-pou-yo\/#breadcrumb","itemListElement":[{"@type":"ListItem","position":1,"name":"Home","item":"https:\/\/www.kaphonic.com\/fr\/"},{"@type":"ListItem","position":2,"name":"Shop","item":"https:\/\/www.kaphonic.com\/fr\/shop\/"},{"@type":"ListItem","position":3,"name":"ON SON POU YO"}]},{"@type":"WebSite","@id":"https:\/\/www.kaphonic.com\/fr\/#website","url":"https:\/\/www.kaphonic.com\/fr\/","name":"Kaphonic","description":"Label - \u00c9dition musicale - \u00c9v\u00e9nements","publisher":{"@id":"https:\/\/www.kaphonic.com\/fr\/#organization"},"alternateName":"Kaphonic","potentialAction":[{"@type":"SearchAction","target":{"@type":"EntryPoint","urlTemplate":"https:\/\/www.kaphonic.com\/fr\/?s={search_term_string}"},"query-input":{"@type":"PropertyValueSpecification","valueRequired":true,"valueName":"search_term_string"}}],"inLanguage":"fr-FR"},{"@type":"Organization","@id":"https:\/\/www.kaphonic.com\/fr\/#organization","name":"SAS KAPHONIC","alternateName":"KAPHONIC","url":"https:\/\/www.kaphonic.com\/fr\/","logo":{"@type":"ImageObject","inLanguage":"fr-FR","@id":"https:\/\/www.kaphonic.com\/fr\/#\/schema\/logo\/image\/","url":"https:\/\/www.kaphonic.com\/wp-content\/uploads\/2023\/10\/LOGO-kaphonic-noir.png","contentUrl":"https:\/\/www.kaphonic.com\/wp-content\/uploads\/2023\/10\/LOGO-kaphonic-noir.png","width":1000,"height":339,"caption":"SAS KAPHONIC"},"image":{"@id":"https:\/\/www.kaphonic.com\/fr\/#\/schema\/logo\/image\/"},"sameAs":["https:\/\/www.facebook.com\/kaphonic\/","https:\/\/www.youtube.com\/@kaphonicrecords","https:\/\/kaphonicrecords.bandcamp.com\/","https:\/\/www.instagram.com\/kaphonicrecords\/","https:\/\/soundcloud.com\/motsek"]}]}},"_links":{"self":[{"href":"https:\/\/www.kaphonic.com\/fr\/wp-json\/wp\/v2\/product\/15256","targetHints":{"allow":["GET"]}}],"collection":[{"href":"https:\/\/www.kaphonic.com\/fr\/wp-json\/wp\/v2\/product"}],"about":[{"href":"https:\/\/www.kaphonic.com\/fr\/wp-json\/wp\/v2\/types\/product"}],"version-history":[{"count":0,"href":"https:\/\/www.kaphonic.com\/fr\/wp-json\/wp\/v2\/product\/15256\/revisions"}],"wp:featuredmedia":[{"embeddable":true,"href":"https:\/\/www.kaphonic.com\/fr\/wp-json\/wp\/v2\/media\/15177"}],"wp:attachment":[{"href":"https:\/\/www.kaphonic.com\/fr\/wp-json\/wp\/v2\/media?parent=15256"}],"wp:term":[{"taxonomy":"product_brand","embeddable":true,"href":"https:\/\/www.kaphonic.com\/fr\/wp-json\/wp\/v2\/product_brand?post=15256"},{"taxonomy":"product_cat","embeddable":true,"href":"https:\/\/www.kaphonic.com\/fr\/wp-json\/wp\/v2\/product_cat?post=15256"},{"taxonomy":"product_tag","embeddable":true,"href":"https:\/\/www.kaphonic.com\/fr\/wp-json\/wp\/v2\/product_tag?post=15256"}],"curies":[{"name":"wp","href":"https:\/\/api.w.org\/{rel}","templated":true}]}}