{"id":15626,"date":"2024-10-18T09:53:31","date_gmt":"2024-10-18T07:53:31","guid":{"rendered":"https:\/\/www.kaphonic.com\/shop\/love-strings\/"},"modified":"2024-10-18T13:27:59","modified_gmt":"2024-10-18T11:27:59","slug":"love-strings","status":"publish","type":"product","link":"https:\/\/www.kaphonic.com\/fr\/shop\/love-strings\/","title":{"rendered":"LOVE &amp; STRINGS"},"content":{"rendered":"","protected":false},"excerpt":{"rendered":"<p>Les sonorit\u00e9s du monde s\u2019entrem\u00ealent pour cr\u00e9er des connexions inattendues. Dans ce nouvel EP, <b>Privacii<\/b>, talentueux compositeur sud-africain, tisse un lien entre l\u2019Afrique du Sud et la Guadeloupe, ainsi, les racines culturelles traversent les oc\u00e9ans pour mieux se retrouver. <\/p>\n<p>Deux titres sont sublim\u00e9s par la voix envo\u00fbtante de <strong>Meemee Nelzy<\/strong>, chanteuse guadeloup\u00e9enne, qui apporte toute la richesse de sa langue cr\u00e9ole. Son timbre unique, m\u00ealant douceur et puissance, ajoute une dimension culturelle et \u00e9motionnelle forte \u00e0 cet opus, o\u00f9 l\u2019Afrohouse rencontre avec d\u00e9lectation les vibrations carib\u00e9ennes profondes. <\/p>\n<p>Cette collaboration, n\u00e9e de l\u2019envie de Kaphonic Records de fusionner diff\u00e9rentes traditions et influences, s\u2019av\u00e8re \u00eatre une v\u00e9ritable symbiose musicale. Chaque titre transporte l\u2019auditeur \u00e0 travers un voyage auditif riche en textures et en \u00e9motions, o\u00f9 tradition et modernit\u00e9 se r\u00e9pondent en parfaite harmonie. <\/p>\n<p>Ainsi, le titre \u00ab\u00a0Maison d\u2019Amour\u00a0\u00bb de cet EP, est \u00e0 la fois une d\u00e9claration d\u2019amour \u00e0 la \u00ab\u202fHouse\u202f\u00bb music, mais aussi une invitation \u00e0 se sentir partout un peu chez soi, que l\u2019on soit d\u2019ici ou d\u2019ailleurs.      <\/p>\n","protected":false},"featured_media":15580,"template":"","meta":{"_acf_changed":false},"product_brand":[],"product_cat":[74],"product_tag":[],"class_list":{"0":"post-15626","1":"product","2":"type-product","3":"status-publish","4":"has-post-thumbnail","6":"product_cat-piste","8":"first","9":"instock","10":"downloadable","11":"virtual","12":"taxable","13":"purchasable","14":"product-type-simple"},"acf":[],"yoast_head":"<!-- This site is optimized with the Yoast SEO plugin v27.3 - https:\/\/yoast.com\/product\/yoast-seo-wordpress\/ -->\n<title>Maison d&#039;Amour EP par Privacii &amp; Meemee Nelzy \u2013 Achetez maintenant<\/title>\n<meta name=\"description\" content=\"L&#039;EP Maison d&#039;Amour par Privacii &amp; Meemee Nelzy m\u00e9lange Afrohouse et sonorit\u00e9s carib\u00e9ennes, cr\u00e9ant une fusion musicale et culturelle riche.\" \/>\n<meta name=\"robots\" content=\"index, follow, max-snippet:-1, max-image-preview:large, max-video-preview:-1\" \/>\n<link rel=\"canonical\" href=\"https:\/\/www.kaphonic.com\/fr\/shop\/love-strings\/\" \/>\n<meta property=\"og:locale\" content=\"fr_FR\" \/>\n<meta property=\"og:type\" content=\"article\" \/>\n<meta property=\"og:title\" content=\"Maison d&#039;Amour EP par Privacii &amp; Meemee Nelzy \u2013 Achetez maintenant\" \/>\n<meta property=\"og:description\" content=\"L&#039;EP Maison d&#039;Amour par Privacii &amp; Meemee Nelzy m\u00e9lange Afrohouse et sonorit\u00e9s carib\u00e9ennes, cr\u00e9ant une fusion musicale et culturelle riche.\" \/>\n<meta property=\"og:url\" content=\"https:\/\/www.kaphonic.com\/fr\/shop\/love-strings\/\" \/>\n<meta property=\"og:site_name\" content=\"Kaphonic\" \/>\n<meta property=\"article:publisher\" content=\"https:\/\/www.facebook.com\/kaphonic\/\" \/>\n<meta property=\"article:modified_time\" content=\"2024-10-18T11:27:59+00:00\" \/>\n<meta property=\"og:image\" content=\"https:\/\/www.kaphonic.com\/wp-content\/uploads\/2024\/10\/maisondamour-cover-500.webp\" \/>\n\t<meta property=\"og:image:width\" content=\"500\" \/>\n\t<meta property=\"og:image:height\" content=\"500\" \/>\n\t<meta property=\"og:image:type\" content=\"image\/webp\" \/>\n<meta name=\"twitter:card\" content=\"summary_large_image\" \/>\n<meta name=\"twitter:label1\" content=\"Dur\u00e9e de lecture estim\u00e9e\" \/>\n\t<meta name=\"twitter:data1\" content=\"1 minute\" \/>\n<script type=\"application\/ld+json\" class=\"yoast-schema-graph\">{\"@context\":\"https:\\\/\\\/schema.org\",\"@graph\":[{\"@type\":\"WebPage\",\"@id\":\"https:\\\/\\\/www.kaphonic.com\\\/fr\\\/shop\\\/love-strings\\\/\",\"url\":\"https:\\\/\\\/www.kaphonic.com\\\/fr\\\/shop\\\/love-strings\\\/\",\"name\":\"Maison d'Amour EP par Privacii & Meemee Nelzy \u2013 Achetez maintenant\",\"isPartOf\":{\"@id\":\"https:\\\/\\\/www.kaphonic.com\\\/fr\\\/#website\"},\"primaryImageOfPage\":{\"@id\":\"https:\\\/\\\/www.kaphonic.com\\\/fr\\\/shop\\\/love-strings\\\/#primaryimage\"},\"image\":{\"@id\":\"https:\\\/\\\/www.kaphonic.com\\\/fr\\\/shop\\\/love-strings\\\/#primaryimage\"},\"thumbnailUrl\":\"https:\\\/\\\/www.kaphonic.com\\\/wp-content\\\/uploads\\\/2024\\\/10\\\/maisondamour-cover-500.webp\",\"datePublished\":\"2024-10-18T07:53:31+00:00\",\"dateModified\":\"2024-10-18T11:27:59+00:00\",\"description\":\"L'EP Maison d'Amour par Privacii & Meemee Nelzy m\u00e9lange Afrohouse et sonorit\u00e9s carib\u00e9ennes, cr\u00e9ant une fusion musicale et culturelle riche.\",\"breadcrumb\":{\"@id\":\"https:\\\/\\\/www.kaphonic.com\\\/fr\\\/shop\\\/love-strings\\\/#breadcrumb\"},\"inLanguage\":\"fr-FR\",\"potentialAction\":[{\"@type\":\"ReadAction\",\"target\":[\"https:\\\/\\\/www.kaphonic.com\\\/fr\\\/shop\\\/love-strings\\\/\"]}]},{\"@type\":\"ImageObject\",\"inLanguage\":\"fr-FR\",\"@id\":\"https:\\\/\\\/www.kaphonic.com\\\/fr\\\/shop\\\/love-strings\\\/#primaryimage\",\"url\":\"https:\\\/\\\/www.kaphonic.com\\\/wp-content\\\/uploads\\\/2024\\\/10\\\/maisondamour-cover-500.webp\",\"contentUrl\":\"https:\\\/\\\/www.kaphonic.com\\\/wp-content\\\/uploads\\\/2024\\\/10\\\/maisondamour-cover-500.webp\",\"width\":500,\"height\":500},{\"@type\":\"BreadcrumbList\",\"@id\":\"https:\\\/\\\/www.kaphonic.com\\\/fr\\\/shop\\\/love-strings\\\/#breadcrumb\",\"itemListElement\":[{\"@type\":\"ListItem\",\"position\":1,\"name\":\"Home\",\"item\":\"https:\\\/\\\/www.kaphonic.com\\\/fr\\\/\"},{\"@type\":\"ListItem\",\"position\":2,\"name\":\"Shop\",\"item\":\"https:\\\/\\\/www.kaphonic.com\\\/fr\\\/shop\\\/\"},{\"@type\":\"ListItem\",\"position\":3,\"name\":\"LOVE &amp; STRINGS\"}]},{\"@type\":\"WebSite\",\"@id\":\"https:\\\/\\\/www.kaphonic.com\\\/fr\\\/#website\",\"url\":\"https:\\\/\\\/www.kaphonic.com\\\/fr\\\/\",\"name\":\"Kaphonic\",\"description\":\"Label - \u00c9dition musicale - \u00c9v\u00e9nements\",\"publisher\":{\"@id\":\"https:\\\/\\\/www.kaphonic.com\\\/fr\\\/#organization\"},\"alternateName\":\"Kaphonic\",\"potentialAction\":[{\"@type\":\"SearchAction\",\"target\":{\"@type\":\"EntryPoint\",\"urlTemplate\":\"https:\\\/\\\/www.kaphonic.com\\\/fr\\\/?s={search_term_string}\"},\"query-input\":{\"@type\":\"PropertyValueSpecification\",\"valueRequired\":true,\"valueName\":\"search_term_string\"}}],\"inLanguage\":\"fr-FR\"},{\"@type\":\"Organization\",\"@id\":\"https:\\\/\\\/www.kaphonic.com\\\/fr\\\/#organization\",\"name\":\"SAS KAPHONIC\",\"alternateName\":\"KAPHONIC\",\"url\":\"https:\\\/\\\/www.kaphonic.com\\\/fr\\\/\",\"logo\":{\"@type\":\"ImageObject\",\"inLanguage\":\"fr-FR\",\"@id\":\"https:\\\/\\\/www.kaphonic.com\\\/fr\\\/#\\\/schema\\\/logo\\\/image\\\/\",\"url\":\"https:\\\/\\\/www.kaphonic.com\\\/wp-content\\\/uploads\\\/2023\\\/10\\\/LOGO-kaphonic-noir.png\",\"contentUrl\":\"https:\\\/\\\/www.kaphonic.com\\\/wp-content\\\/uploads\\\/2023\\\/10\\\/LOGO-kaphonic-noir.png\",\"width\":1000,\"height\":339,\"caption\":\"SAS KAPHONIC\"},\"image\":{\"@id\":\"https:\\\/\\\/www.kaphonic.com\\\/fr\\\/#\\\/schema\\\/logo\\\/image\\\/\"},\"sameAs\":[\"https:\\\/\\\/www.facebook.com\\\/kaphonic\\\/\",\"https:\\\/\\\/www.youtube.com\\\/@kaphonicrecords\",\"https:\\\/\\\/kaphonicrecords.bandcamp.com\\\/\",\"https:\\\/\\\/www.instagram.com\\\/kaphonicrecords\\\/\",\"https:\\\/\\\/soundcloud.com\\\/motsek\"]}]}<\/script>\n<!-- \/ Yoast SEO plugin. -->","yoast_head_json":{"title":"Maison d'Amour EP par Privacii & Meemee Nelzy \u2013 Achetez maintenant","description":"L'EP Maison d'Amour par Privacii & Meemee Nelzy m\u00e9lange Afrohouse et sonorit\u00e9s carib\u00e9ennes, cr\u00e9ant une fusion musicale et culturelle riche.","robots":{"index":"index","follow":"follow","max-snippet":"max-snippet:-1","max-image-preview":"max-image-preview:large","max-video-preview":"max-video-preview:-1"},"canonical":"https:\/\/www.kaphonic.com\/fr\/shop\/love-strings\/","og_locale":"fr_FR","og_type":"article","og_title":"Maison d'Amour EP par Privacii & Meemee Nelzy \u2013 Achetez maintenant","og_description":"L'EP Maison d'Amour par Privacii & Meemee Nelzy m\u00e9lange Afrohouse et sonorit\u00e9s carib\u00e9ennes, cr\u00e9ant une fusion musicale et culturelle riche.","og_url":"https:\/\/www.kaphonic.com\/fr\/shop\/love-strings\/","og_site_name":"Kaphonic","article_publisher":"https:\/\/www.facebook.com\/kaphonic\/","article_modified_time":"2024-10-18T11:27:59+00:00","og_image":[{"width":500,"height":500,"url":"https:\/\/www.kaphonic.com\/wp-content\/uploads\/2024\/10\/maisondamour-cover-500.webp","type":"image\/webp"}],"twitter_card":"summary_large_image","twitter_misc":{"Dur\u00e9e de lecture estim\u00e9e":"1 minute"},"schema":{"@context":"https:\/\/schema.org","@graph":[{"@type":"WebPage","@id":"https:\/\/www.kaphonic.com\/fr\/shop\/love-strings\/","url":"https:\/\/www.kaphonic.com\/fr\/shop\/love-strings\/","name":"Maison d'Amour EP par Privacii & Meemee Nelzy \u2013 Achetez maintenant","isPartOf":{"@id":"https:\/\/www.kaphonic.com\/fr\/#website"},"primaryImageOfPage":{"@id":"https:\/\/www.kaphonic.com\/fr\/shop\/love-strings\/#primaryimage"},"image":{"@id":"https:\/\/www.kaphonic.com\/fr\/shop\/love-strings\/#primaryimage"},"thumbnailUrl":"https:\/\/www.kaphonic.com\/wp-content\/uploads\/2024\/10\/maisondamour-cover-500.webp","datePublished":"2024-10-18T07:53:31+00:00","dateModified":"2024-10-18T11:27:59+00:00","description":"L'EP Maison d'Amour par Privacii & Meemee Nelzy m\u00e9lange Afrohouse et sonorit\u00e9s carib\u00e9ennes, cr\u00e9ant une fusion musicale et culturelle riche.","breadcrumb":{"@id":"https:\/\/www.kaphonic.com\/fr\/shop\/love-strings\/#breadcrumb"},"inLanguage":"fr-FR","potentialAction":[{"@type":"ReadAction","target":["https:\/\/www.kaphonic.com\/fr\/shop\/love-strings\/"]}]},{"@type":"ImageObject","inLanguage":"fr-FR","@id":"https:\/\/www.kaphonic.com\/fr\/shop\/love-strings\/#primaryimage","url":"https:\/\/www.kaphonic.com\/wp-content\/uploads\/2024\/10\/maisondamour-cover-500.webp","contentUrl":"https:\/\/www.kaphonic.com\/wp-content\/uploads\/2024\/10\/maisondamour-cover-500.webp","width":500,"height":500},{"@type":"BreadcrumbList","@id":"https:\/\/www.kaphonic.com\/fr\/shop\/love-strings\/#breadcrumb","itemListElement":[{"@type":"ListItem","position":1,"name":"Home","item":"https:\/\/www.kaphonic.com\/fr\/"},{"@type":"ListItem","position":2,"name":"Shop","item":"https:\/\/www.kaphonic.com\/fr\/shop\/"},{"@type":"ListItem","position":3,"name":"LOVE &amp; STRINGS"}]},{"@type":"WebSite","@id":"https:\/\/www.kaphonic.com\/fr\/#website","url":"https:\/\/www.kaphonic.com\/fr\/","name":"Kaphonic","description":"Label - \u00c9dition musicale - \u00c9v\u00e9nements","publisher":{"@id":"https:\/\/www.kaphonic.com\/fr\/#organization"},"alternateName":"Kaphonic","potentialAction":[{"@type":"SearchAction","target":{"@type":"EntryPoint","urlTemplate":"https:\/\/www.kaphonic.com\/fr\/?s={search_term_string}"},"query-input":{"@type":"PropertyValueSpecification","valueRequired":true,"valueName":"search_term_string"}}],"inLanguage":"fr-FR"},{"@type":"Organization","@id":"https:\/\/www.kaphonic.com\/fr\/#organization","name":"SAS KAPHONIC","alternateName":"KAPHONIC","url":"https:\/\/www.kaphonic.com\/fr\/","logo":{"@type":"ImageObject","inLanguage":"fr-FR","@id":"https:\/\/www.kaphonic.com\/fr\/#\/schema\/logo\/image\/","url":"https:\/\/www.kaphonic.com\/wp-content\/uploads\/2023\/10\/LOGO-kaphonic-noir.png","contentUrl":"https:\/\/www.kaphonic.com\/wp-content\/uploads\/2023\/10\/LOGO-kaphonic-noir.png","width":1000,"height":339,"caption":"SAS KAPHONIC"},"image":{"@id":"https:\/\/www.kaphonic.com\/fr\/#\/schema\/logo\/image\/"},"sameAs":["https:\/\/www.facebook.com\/kaphonic\/","https:\/\/www.youtube.com\/@kaphonicrecords","https:\/\/kaphonicrecords.bandcamp.com\/","https:\/\/www.instagram.com\/kaphonicrecords\/","https:\/\/soundcloud.com\/motsek"]}]}},"_links":{"self":[{"href":"https:\/\/www.kaphonic.com\/fr\/wp-json\/wp\/v2\/product\/15626","targetHints":{"allow":["GET"]}}],"collection":[{"href":"https:\/\/www.kaphonic.com\/fr\/wp-json\/wp\/v2\/product"}],"about":[{"href":"https:\/\/www.kaphonic.com\/fr\/wp-json\/wp\/v2\/types\/product"}],"version-history":[{"count":0,"href":"https:\/\/www.kaphonic.com\/fr\/wp-json\/wp\/v2\/product\/15626\/revisions"}],"wp:featuredmedia":[{"embeddable":true,"href":"https:\/\/www.kaphonic.com\/fr\/wp-json\/wp\/v2\/media\/15580"}],"wp:attachment":[{"href":"https:\/\/www.kaphonic.com\/fr\/wp-json\/wp\/v2\/media?parent=15626"}],"wp:term":[{"taxonomy":"product_brand","embeddable":true,"href":"https:\/\/www.kaphonic.com\/fr\/wp-json\/wp\/v2\/product_brand?post=15626"},{"taxonomy":"product_cat","embeddable":true,"href":"https:\/\/www.kaphonic.com\/fr\/wp-json\/wp\/v2\/product_cat?post=15626"},{"taxonomy":"product_tag","embeddable":true,"href":"https:\/\/www.kaphonic.com\/fr\/wp-json\/wp\/v2\/product_tag?post=15626"}],"curies":[{"name":"wp","href":"https:\/\/api.w.org\/{rel}","templated":true}]}}