{"id":16260,"date":"2025-01-27T13:48:53","date_gmt":"2025-01-27T12:48:53","guid":{"rendered":"https:\/\/www.kaphonic.com\/shop\/siwo-brile\/"},"modified":"2025-01-29T17:39:35","modified_gmt":"2025-01-29T16:39:35","slug":"siwo-brile","status":"publish","type":"product","link":"https:\/\/www.kaphonic.com\/fr\/shop\/siwo-brile\/","title":{"rendered":"SIWO BRIL\u00c9"},"content":{"rendered":"","protected":false},"excerpt":{"rendered":"<p>Nous de\u0301butons cette anne\u0301e 2025 sur une high note avec l&rsquo;EP \u00ab\u00a0Siwo Brile\u0301\u00a0\u00bb.<br \/>\nCette collaboration puissante entre <strong>MOTSEK<\/strong> et <strong>FANSWA<\/strong> propose un Kafro sound en cinq titres de Deep Groove. L&rsquo;EP \u00ab\u00a0Siwo Brile\u0301\u00a0\u00bb nous transporte vers de nouvelles dimensions, au c\u0153ur me\u0302me de ce son E\u0301lectro ancestral de Guadeloupe.<\/p>\n<p>Issus tous deux de ce riche terreau culturel du Gwo Ka, <strong>MOTSEK<\/strong> et <strong>FANSWA LADRE\u0301ZEAU<\/strong>, incarnent cette tradition vivante, qu&rsquo;ils connaissent intimement et portent avec authenticite\u0301. Cette profonde connexion, leur permet de re\u0301inventer cette musique dans un contexte libre, faisant dialoguer tradition et innovation.<\/p>\n<p>Avec cette sortie, ils prennent leur he\u0301ritage comme boussole et nous embarquent. Que ce soit avec les Remix ( Yon De\u0301 Twa \/ Kolokoto ) ou en mode Boulage\u0300l ( Le\u0300 La Rive\u0301 \/ Ancestral Boulage\u0300l ) chaque titre pulse, groove et t&rsquo;invite a\u0300 le porter haut et fort !<\/p>\n<p>A noter l\u2019\u0153uvre originale de l\u2019artiste martiniquais Julieth Mars Toussaint, que l\u2019on remercie, pour le visuel de Siwo Brile\u0301.<\/p>\n","protected":false},"featured_media":16205,"template":"","meta":{"_acf_changed":false},"product_brand":[],"product_cat":[78],"product_tag":[127,76],"class_list":{"0":"post-16260","1":"product","2":"type-product","3":"status-publish","4":"has-post-thumbnail","6":"product_cat-album-fr","7":"product_tag-track-fanswa-fr","8":"product_tag-piste-motsek","10":"first","11":"instock","12":"downloadable","13":"virtual","14":"taxable","15":"purchasable","16":"product-type-simple"},"acf":[],"yoast_head":"<!-- This site is optimized with the Yoast SEO plugin v27.3 - https:\/\/yoast.com\/product\/yoast-seo-wordpress\/ -->\n<title>Acheter SIWO BRIL\u00c9 de Motsek &amp; Fanswa Ladr\u00e9zeau - Kaphonic<\/title>\n<meta name=\"description\" content=\"Siwo Bril\u00e9, le nouvel EP de MOTSEK &amp; FANSWA, fusionne \u00e9lectro profond et rythmes ancestraux du Gwo Ka. Tradition et innovation en harmonie !\" \/>\n<meta name=\"robots\" content=\"index, follow, max-snippet:-1, max-image-preview:large, max-video-preview:-1\" \/>\n<link rel=\"canonical\" href=\"https:\/\/www.kaphonic.com\/fr\/shop\/siwo-brile\/\" \/>\n<meta property=\"og:locale\" content=\"fr_FR\" \/>\n<meta property=\"og:type\" content=\"article\" \/>\n<meta property=\"og:title\" content=\"Acheter SIWO BRIL\u00c9 de Motsek &amp; Fanswa Ladr\u00e9zeau - Kaphonic\" \/>\n<meta property=\"og:description\" content=\"Siwo Bril\u00e9, le nouvel EP de MOTSEK &amp; FANSWA, fusionne \u00e9lectro profond et rythmes ancestraux du Gwo Ka. Tradition et innovation en harmonie !\" \/>\n<meta property=\"og:url\" content=\"https:\/\/www.kaphonic.com\/fr\/shop\/siwo-brile\/\" \/>\n<meta property=\"og:site_name\" content=\"Kaphonic\" \/>\n<meta property=\"article:publisher\" content=\"https:\/\/www.facebook.com\/kaphonic\/\" \/>\n<meta property=\"article:modified_time\" content=\"2025-01-29T16:39:35+00:00\" \/>\n<meta property=\"og:image\" content=\"https:\/\/www.kaphonic.com\/wp-content\/uploads\/2025\/01\/SIWO-BRILE-500x500-1.webp\" \/>\n\t<meta property=\"og:image:width\" content=\"500\" \/>\n\t<meta property=\"og:image:height\" content=\"500\" \/>\n\t<meta property=\"og:image:type\" content=\"image\/webp\" \/>\n<meta name=\"twitter:card\" content=\"summary_large_image\" \/>\n<meta name=\"twitter:label1\" content=\"Dur\u00e9e de lecture estim\u00e9e\" \/>\n\t<meta name=\"twitter:data1\" content=\"1 minute\" \/>\n<script type=\"application\/ld+json\" class=\"yoast-schema-graph\">{\"@context\":\"https:\\\/\\\/schema.org\",\"@graph\":[{\"@type\":\"WebPage\",\"@id\":\"https:\\\/\\\/www.kaphonic.com\\\/fr\\\/shop\\\/siwo-brile\\\/\",\"url\":\"https:\\\/\\\/www.kaphonic.com\\\/fr\\\/shop\\\/siwo-brile\\\/\",\"name\":\"Acheter SIWO BRIL\u00c9 de Motsek & Fanswa Ladr\u00e9zeau - Kaphonic\",\"isPartOf\":{\"@id\":\"https:\\\/\\\/www.kaphonic.com\\\/fr\\\/#website\"},\"primaryImageOfPage\":{\"@id\":\"https:\\\/\\\/www.kaphonic.com\\\/fr\\\/shop\\\/siwo-brile\\\/#primaryimage\"},\"image\":{\"@id\":\"https:\\\/\\\/www.kaphonic.com\\\/fr\\\/shop\\\/siwo-brile\\\/#primaryimage\"},\"thumbnailUrl\":\"https:\\\/\\\/www.kaphonic.com\\\/wp-content\\\/uploads\\\/2025\\\/01\\\/SIWO-BRILE-500x500-1.webp\",\"datePublished\":\"2025-01-27T12:48:53+00:00\",\"dateModified\":\"2025-01-29T16:39:35+00:00\",\"description\":\"Siwo Bril\u00e9, le nouvel EP de MOTSEK & FANSWA, fusionne \u00e9lectro profond et rythmes ancestraux du Gwo Ka. Tradition et innovation en harmonie !\",\"breadcrumb\":{\"@id\":\"https:\\\/\\\/www.kaphonic.com\\\/fr\\\/shop\\\/siwo-brile\\\/#breadcrumb\"},\"inLanguage\":\"fr-FR\",\"potentialAction\":[{\"@type\":\"ReadAction\",\"target\":[\"https:\\\/\\\/www.kaphonic.com\\\/fr\\\/shop\\\/siwo-brile\\\/\"]}]},{\"@type\":\"ImageObject\",\"inLanguage\":\"fr-FR\",\"@id\":\"https:\\\/\\\/www.kaphonic.com\\\/fr\\\/shop\\\/siwo-brile\\\/#primaryimage\",\"url\":\"https:\\\/\\\/www.kaphonic.com\\\/wp-content\\\/uploads\\\/2025\\\/01\\\/SIWO-BRILE-500x500-1.webp\",\"contentUrl\":\"https:\\\/\\\/www.kaphonic.com\\\/wp-content\\\/uploads\\\/2025\\\/01\\\/SIWO-BRILE-500x500-1.webp\",\"width\":500,\"height\":500},{\"@type\":\"BreadcrumbList\",\"@id\":\"https:\\\/\\\/www.kaphonic.com\\\/fr\\\/shop\\\/siwo-brile\\\/#breadcrumb\",\"itemListElement\":[{\"@type\":\"ListItem\",\"position\":1,\"name\":\"Home\",\"item\":\"https:\\\/\\\/www.kaphonic.com\\\/fr\\\/\"},{\"@type\":\"ListItem\",\"position\":2,\"name\":\"Shop\",\"item\":\"https:\\\/\\\/www.kaphonic.com\\\/fr\\\/shop\\\/\"},{\"@type\":\"ListItem\",\"position\":3,\"name\":\"SIWO BRIL\u00c9\"}]},{\"@type\":\"WebSite\",\"@id\":\"https:\\\/\\\/www.kaphonic.com\\\/fr\\\/#website\",\"url\":\"https:\\\/\\\/www.kaphonic.com\\\/fr\\\/\",\"name\":\"Kaphonic\",\"description\":\"Label - \u00c9dition musicale - \u00c9v\u00e9nements\",\"publisher\":{\"@id\":\"https:\\\/\\\/www.kaphonic.com\\\/fr\\\/#organization\"},\"alternateName\":\"Kaphonic\",\"potentialAction\":[{\"@type\":\"SearchAction\",\"target\":{\"@type\":\"EntryPoint\",\"urlTemplate\":\"https:\\\/\\\/www.kaphonic.com\\\/fr\\\/?s={search_term_string}\"},\"query-input\":{\"@type\":\"PropertyValueSpecification\",\"valueRequired\":true,\"valueName\":\"search_term_string\"}}],\"inLanguage\":\"fr-FR\"},{\"@type\":\"Organization\",\"@id\":\"https:\\\/\\\/www.kaphonic.com\\\/fr\\\/#organization\",\"name\":\"SAS KAPHONIC\",\"alternateName\":\"KAPHONIC\",\"url\":\"https:\\\/\\\/www.kaphonic.com\\\/fr\\\/\",\"logo\":{\"@type\":\"ImageObject\",\"inLanguage\":\"fr-FR\",\"@id\":\"https:\\\/\\\/www.kaphonic.com\\\/fr\\\/#\\\/schema\\\/logo\\\/image\\\/\",\"url\":\"https:\\\/\\\/www.kaphonic.com\\\/wp-content\\\/uploads\\\/2023\\\/10\\\/LOGO-kaphonic-noir.png\",\"contentUrl\":\"https:\\\/\\\/www.kaphonic.com\\\/wp-content\\\/uploads\\\/2023\\\/10\\\/LOGO-kaphonic-noir.png\",\"width\":1000,\"height\":339,\"caption\":\"SAS KAPHONIC\"},\"image\":{\"@id\":\"https:\\\/\\\/www.kaphonic.com\\\/fr\\\/#\\\/schema\\\/logo\\\/image\\\/\"},\"sameAs\":[\"https:\\\/\\\/www.facebook.com\\\/kaphonic\\\/\",\"https:\\\/\\\/www.youtube.com\\\/@kaphonicrecords\",\"https:\\\/\\\/kaphonicrecords.bandcamp.com\\\/\",\"https:\\\/\\\/www.instagram.com\\\/kaphonicrecords\\\/\",\"https:\\\/\\\/soundcloud.com\\\/motsek\"]}]}<\/script>\n<!-- \/ Yoast SEO plugin. -->","yoast_head_json":{"title":"Acheter SIWO BRIL\u00c9 de Motsek & Fanswa Ladr\u00e9zeau - Kaphonic","description":"Siwo Bril\u00e9, le nouvel EP de MOTSEK & FANSWA, fusionne \u00e9lectro profond et rythmes ancestraux du Gwo Ka. Tradition et innovation en harmonie !","robots":{"index":"index","follow":"follow","max-snippet":"max-snippet:-1","max-image-preview":"max-image-preview:large","max-video-preview":"max-video-preview:-1"},"canonical":"https:\/\/www.kaphonic.com\/fr\/shop\/siwo-brile\/","og_locale":"fr_FR","og_type":"article","og_title":"Acheter SIWO BRIL\u00c9 de Motsek & Fanswa Ladr\u00e9zeau - Kaphonic","og_description":"Siwo Bril\u00e9, le nouvel EP de MOTSEK & FANSWA, fusionne \u00e9lectro profond et rythmes ancestraux du Gwo Ka. Tradition et innovation en harmonie !","og_url":"https:\/\/www.kaphonic.com\/fr\/shop\/siwo-brile\/","og_site_name":"Kaphonic","article_publisher":"https:\/\/www.facebook.com\/kaphonic\/","article_modified_time":"2025-01-29T16:39:35+00:00","og_image":[{"width":500,"height":500,"url":"https:\/\/www.kaphonic.com\/wp-content\/uploads\/2025\/01\/SIWO-BRILE-500x500-1.webp","type":"image\/webp"}],"twitter_card":"summary_large_image","twitter_misc":{"Dur\u00e9e de lecture estim\u00e9e":"1 minute"},"schema":{"@context":"https:\/\/schema.org","@graph":[{"@type":"WebPage","@id":"https:\/\/www.kaphonic.com\/fr\/shop\/siwo-brile\/","url":"https:\/\/www.kaphonic.com\/fr\/shop\/siwo-brile\/","name":"Acheter SIWO BRIL\u00c9 de Motsek & Fanswa Ladr\u00e9zeau - Kaphonic","isPartOf":{"@id":"https:\/\/www.kaphonic.com\/fr\/#website"},"primaryImageOfPage":{"@id":"https:\/\/www.kaphonic.com\/fr\/shop\/siwo-brile\/#primaryimage"},"image":{"@id":"https:\/\/www.kaphonic.com\/fr\/shop\/siwo-brile\/#primaryimage"},"thumbnailUrl":"https:\/\/www.kaphonic.com\/wp-content\/uploads\/2025\/01\/SIWO-BRILE-500x500-1.webp","datePublished":"2025-01-27T12:48:53+00:00","dateModified":"2025-01-29T16:39:35+00:00","description":"Siwo Bril\u00e9, le nouvel EP de MOTSEK & FANSWA, fusionne \u00e9lectro profond et rythmes ancestraux du Gwo Ka. Tradition et innovation en harmonie !","breadcrumb":{"@id":"https:\/\/www.kaphonic.com\/fr\/shop\/siwo-brile\/#breadcrumb"},"inLanguage":"fr-FR","potentialAction":[{"@type":"ReadAction","target":["https:\/\/www.kaphonic.com\/fr\/shop\/siwo-brile\/"]}]},{"@type":"ImageObject","inLanguage":"fr-FR","@id":"https:\/\/www.kaphonic.com\/fr\/shop\/siwo-brile\/#primaryimage","url":"https:\/\/www.kaphonic.com\/wp-content\/uploads\/2025\/01\/SIWO-BRILE-500x500-1.webp","contentUrl":"https:\/\/www.kaphonic.com\/wp-content\/uploads\/2025\/01\/SIWO-BRILE-500x500-1.webp","width":500,"height":500},{"@type":"BreadcrumbList","@id":"https:\/\/www.kaphonic.com\/fr\/shop\/siwo-brile\/#breadcrumb","itemListElement":[{"@type":"ListItem","position":1,"name":"Home","item":"https:\/\/www.kaphonic.com\/fr\/"},{"@type":"ListItem","position":2,"name":"Shop","item":"https:\/\/www.kaphonic.com\/fr\/shop\/"},{"@type":"ListItem","position":3,"name":"SIWO BRIL\u00c9"}]},{"@type":"WebSite","@id":"https:\/\/www.kaphonic.com\/fr\/#website","url":"https:\/\/www.kaphonic.com\/fr\/","name":"Kaphonic","description":"Label - \u00c9dition musicale - \u00c9v\u00e9nements","publisher":{"@id":"https:\/\/www.kaphonic.com\/fr\/#organization"},"alternateName":"Kaphonic","potentialAction":[{"@type":"SearchAction","target":{"@type":"EntryPoint","urlTemplate":"https:\/\/www.kaphonic.com\/fr\/?s={search_term_string}"},"query-input":{"@type":"PropertyValueSpecification","valueRequired":true,"valueName":"search_term_string"}}],"inLanguage":"fr-FR"},{"@type":"Organization","@id":"https:\/\/www.kaphonic.com\/fr\/#organization","name":"SAS KAPHONIC","alternateName":"KAPHONIC","url":"https:\/\/www.kaphonic.com\/fr\/","logo":{"@type":"ImageObject","inLanguage":"fr-FR","@id":"https:\/\/www.kaphonic.com\/fr\/#\/schema\/logo\/image\/","url":"https:\/\/www.kaphonic.com\/wp-content\/uploads\/2023\/10\/LOGO-kaphonic-noir.png","contentUrl":"https:\/\/www.kaphonic.com\/wp-content\/uploads\/2023\/10\/LOGO-kaphonic-noir.png","width":1000,"height":339,"caption":"SAS KAPHONIC"},"image":{"@id":"https:\/\/www.kaphonic.com\/fr\/#\/schema\/logo\/image\/"},"sameAs":["https:\/\/www.facebook.com\/kaphonic\/","https:\/\/www.youtube.com\/@kaphonicrecords","https:\/\/kaphonicrecords.bandcamp.com\/","https:\/\/www.instagram.com\/kaphonicrecords\/","https:\/\/soundcloud.com\/motsek"]}]}},"_links":{"self":[{"href":"https:\/\/www.kaphonic.com\/fr\/wp-json\/wp\/v2\/product\/16260","targetHints":{"allow":["GET"]}}],"collection":[{"href":"https:\/\/www.kaphonic.com\/fr\/wp-json\/wp\/v2\/product"}],"about":[{"href":"https:\/\/www.kaphonic.com\/fr\/wp-json\/wp\/v2\/types\/product"}],"version-history":[{"count":0,"href":"https:\/\/www.kaphonic.com\/fr\/wp-json\/wp\/v2\/product\/16260\/revisions"}],"wp:featuredmedia":[{"embeddable":true,"href":"https:\/\/www.kaphonic.com\/fr\/wp-json\/wp\/v2\/media\/16205"}],"wp:attachment":[{"href":"https:\/\/www.kaphonic.com\/fr\/wp-json\/wp\/v2\/media?parent=16260"}],"wp:term":[{"taxonomy":"product_brand","embeddable":true,"href":"https:\/\/www.kaphonic.com\/fr\/wp-json\/wp\/v2\/product_brand?post=16260"},{"taxonomy":"product_cat","embeddable":true,"href":"https:\/\/www.kaphonic.com\/fr\/wp-json\/wp\/v2\/product_cat?post=16260"},{"taxonomy":"product_tag","embeddable":true,"href":"https:\/\/www.kaphonic.com\/fr\/wp-json\/wp\/v2\/product_tag?post=16260"}],"curies":[{"name":"wp","href":"https:\/\/api.w.org\/{rel}","templated":true}]}}