{"id":16525,"date":"2025-02-18T16:31:04","date_gmt":"2025-02-18T15:31:04","guid":{"rendered":"https:\/\/www.kaphonic.com\/shop\/gijima\/"},"modified":"2025-04-07T10:36:58","modified_gmt":"2025-04-07T08:36:58","slug":"gijima","status":"publish","type":"product","link":"https:\/\/www.kaphonic.com\/fr\/shop\/gijima\/","title":{"rendered":"GIJIMA"},"content":{"rendered":"","protected":false},"excerpt":{"rendered":"<p>Depuis 2016, <strong>Ed-Ward<\/strong> a sign\u00e9 plusieurs EPs et singles sur certains des labels de musique \u00e9lectronique les plus prestigieux au monde, parmi lesquels Atjazz Record, Stay True Sounds, Sondela Records et Ewaso Records.<\/p>\n<p>Aujourd\u2019hui, il pose ses valises chez Kaphonic Records avec un EP signature, <strong>DREAMER<\/strong>, qui refl\u00e8te le g\u00e9nie de ce compositeur d\u2019exception. Cet EP est une v\u00e9ritable d\u00e9claration artistique, m\u00ealant sa touche distinctive \u00e0 un savoir-faire musical profond. <\/p>\n<p><iframe src=\"https:\/\/www.youtube.com\/embed\/yoZ72EglQLo?si=8V8uygfO7AAmRv50\" width=\"560\" height=\"315\" frameborder=\"0\" allowfullscreen=\"allowfullscreen\"><\/iframe><\/p>\n","protected":false},"featured_media":16451,"template":"","meta":{"_acf_changed":false},"product_brand":[],"product_cat":[74],"product_tag":[],"class_list":{"0":"post-16525","1":"product","2":"type-product","3":"status-publish","4":"has-post-thumbnail","6":"product_cat-piste","8":"first","9":"instock","10":"downloadable","11":"virtual","12":"taxable","13":"purchasable","14":"product-type-simple"},"acf":[],"yoast_head":"<!-- This site is optimized with the Yoast SEO plugin v27.3 - https:\/\/yoast.com\/product\/yoast-seo-wordpress\/ -->\n<title>Achetez l&#039;EP &quot;Dreamer&quot; d&#039;Ed-Ward | Kaphonic Records<\/title>\n<meta name=\"description\" content=\"D\u00e9couvrez \u00ab Dreamer \u00bb, le nouvel EP d\u2019Ed-Ward sur Kaphonic Records. Une fusion captivante de deep house et de sonorit\u00e9s soul, r\u00e9v\u00e9lant tout le talent de cet artiste incontournable.\" \/>\n<meta name=\"robots\" content=\"index, follow, max-snippet:-1, max-image-preview:large, max-video-preview:-1\" \/>\n<link rel=\"canonical\" href=\"https:\/\/www.kaphonic.com\/fr\/shop\/gijima\/\" \/>\n<meta property=\"og:locale\" content=\"fr_FR\" \/>\n<meta property=\"og:type\" content=\"article\" \/>\n<meta property=\"og:title\" content=\"Achetez l&#039;EP &quot;Dreamer&quot; d&#039;Ed-Ward | Kaphonic Records\" \/>\n<meta property=\"og:description\" content=\"D\u00e9couvrez \u00ab Dreamer \u00bb, le nouvel EP d\u2019Ed-Ward sur Kaphonic Records. Une fusion captivante de deep house et de sonorit\u00e9s soul, r\u00e9v\u00e9lant tout le talent de cet artiste incontournable.\" \/>\n<meta property=\"og:url\" content=\"https:\/\/www.kaphonic.com\/fr\/shop\/gijima\/\" \/>\n<meta property=\"og:site_name\" content=\"Kaphonic\" \/>\n<meta property=\"article:publisher\" content=\"https:\/\/www.facebook.com\/kaphonic\/\" \/>\n<meta property=\"article:modified_time\" content=\"2025-04-07T08:36:58+00:00\" \/>\n<meta property=\"og:image\" content=\"https:\/\/www.kaphonic.com\/wp-content\/uploads\/2025\/02\/DREAMER-ED-WARD-500x500-1.webp\" \/>\n\t<meta property=\"og:image:width\" content=\"500\" \/>\n\t<meta property=\"og:image:height\" content=\"500\" \/>\n\t<meta property=\"og:image:type\" content=\"image\/webp\" \/>\n<meta name=\"twitter:card\" content=\"summary_large_image\" \/>\n<meta name=\"twitter:label1\" content=\"Dur\u00e9e de lecture estim\u00e9e\" \/>\n\t<meta name=\"twitter:data1\" content=\"1 minute\" \/>\n<script type=\"application\/ld+json\" class=\"yoast-schema-graph\">{\"@context\":\"https:\\\/\\\/schema.org\",\"@graph\":[{\"@type\":\"WebPage\",\"@id\":\"https:\\\/\\\/www.kaphonic.com\\\/fr\\\/shop\\\/gijima\\\/\",\"url\":\"https:\\\/\\\/www.kaphonic.com\\\/fr\\\/shop\\\/gijima\\\/\",\"name\":\"Achetez l'EP \\\"Dreamer\\\" d'Ed-Ward | Kaphonic Records\",\"isPartOf\":{\"@id\":\"https:\\\/\\\/www.kaphonic.com\\\/fr\\\/#website\"},\"primaryImageOfPage\":{\"@id\":\"https:\\\/\\\/www.kaphonic.com\\\/fr\\\/shop\\\/gijima\\\/#primaryimage\"},\"image\":{\"@id\":\"https:\\\/\\\/www.kaphonic.com\\\/fr\\\/shop\\\/gijima\\\/#primaryimage\"},\"thumbnailUrl\":\"https:\\\/\\\/www.kaphonic.com\\\/wp-content\\\/uploads\\\/2025\\\/02\\\/DREAMER-ED-WARD-500x500-1.webp\",\"datePublished\":\"2025-02-18T15:31:04+00:00\",\"dateModified\":\"2025-04-07T08:36:58+00:00\",\"description\":\"D\u00e9couvrez \u00ab Dreamer \u00bb, le nouvel EP d\u2019Ed-Ward sur Kaphonic Records. Une fusion captivante de deep house et de sonorit\u00e9s soul, r\u00e9v\u00e9lant tout le talent de cet artiste incontournable.\",\"breadcrumb\":{\"@id\":\"https:\\\/\\\/www.kaphonic.com\\\/fr\\\/shop\\\/gijima\\\/#breadcrumb\"},\"inLanguage\":\"fr-FR\",\"potentialAction\":[{\"@type\":\"ReadAction\",\"target\":[\"https:\\\/\\\/www.kaphonic.com\\\/fr\\\/shop\\\/gijima\\\/\"]}]},{\"@type\":\"ImageObject\",\"inLanguage\":\"fr-FR\",\"@id\":\"https:\\\/\\\/www.kaphonic.com\\\/fr\\\/shop\\\/gijima\\\/#primaryimage\",\"url\":\"https:\\\/\\\/www.kaphonic.com\\\/wp-content\\\/uploads\\\/2025\\\/02\\\/DREAMER-ED-WARD-500x500-1.webp\",\"contentUrl\":\"https:\\\/\\\/www.kaphonic.com\\\/wp-content\\\/uploads\\\/2025\\\/02\\\/DREAMER-ED-WARD-500x500-1.webp\",\"width\":500,\"height\":500},{\"@type\":\"BreadcrumbList\",\"@id\":\"https:\\\/\\\/www.kaphonic.com\\\/fr\\\/shop\\\/gijima\\\/#breadcrumb\",\"itemListElement\":[{\"@type\":\"ListItem\",\"position\":1,\"name\":\"Home\",\"item\":\"https:\\\/\\\/www.kaphonic.com\\\/fr\\\/\"},{\"@type\":\"ListItem\",\"position\":2,\"name\":\"Shop\",\"item\":\"https:\\\/\\\/www.kaphonic.com\\\/fr\\\/shop\\\/\"},{\"@type\":\"ListItem\",\"position\":3,\"name\":\"GIJIMA\"}]},{\"@type\":\"WebSite\",\"@id\":\"https:\\\/\\\/www.kaphonic.com\\\/fr\\\/#website\",\"url\":\"https:\\\/\\\/www.kaphonic.com\\\/fr\\\/\",\"name\":\"Kaphonic\",\"description\":\"Label - \u00c9dition musicale - \u00c9v\u00e9nements\",\"publisher\":{\"@id\":\"https:\\\/\\\/www.kaphonic.com\\\/fr\\\/#organization\"},\"alternateName\":\"Kaphonic\",\"potentialAction\":[{\"@type\":\"SearchAction\",\"target\":{\"@type\":\"EntryPoint\",\"urlTemplate\":\"https:\\\/\\\/www.kaphonic.com\\\/fr\\\/?s={search_term_string}\"},\"query-input\":{\"@type\":\"PropertyValueSpecification\",\"valueRequired\":true,\"valueName\":\"search_term_string\"}}],\"inLanguage\":\"fr-FR\"},{\"@type\":\"Organization\",\"@id\":\"https:\\\/\\\/www.kaphonic.com\\\/fr\\\/#organization\",\"name\":\"SAS KAPHONIC\",\"alternateName\":\"KAPHONIC\",\"url\":\"https:\\\/\\\/www.kaphonic.com\\\/fr\\\/\",\"logo\":{\"@type\":\"ImageObject\",\"inLanguage\":\"fr-FR\",\"@id\":\"https:\\\/\\\/www.kaphonic.com\\\/fr\\\/#\\\/schema\\\/logo\\\/image\\\/\",\"url\":\"https:\\\/\\\/www.kaphonic.com\\\/wp-content\\\/uploads\\\/2023\\\/10\\\/LOGO-kaphonic-noir.png\",\"contentUrl\":\"https:\\\/\\\/www.kaphonic.com\\\/wp-content\\\/uploads\\\/2023\\\/10\\\/LOGO-kaphonic-noir.png\",\"width\":1000,\"height\":339,\"caption\":\"SAS KAPHONIC\"},\"image\":{\"@id\":\"https:\\\/\\\/www.kaphonic.com\\\/fr\\\/#\\\/schema\\\/logo\\\/image\\\/\"},\"sameAs\":[\"https:\\\/\\\/www.facebook.com\\\/kaphonic\\\/\",\"https:\\\/\\\/www.youtube.com\\\/@kaphonicrecords\",\"https:\\\/\\\/kaphonicrecords.bandcamp.com\\\/\",\"https:\\\/\\\/www.instagram.com\\\/kaphonicrecords\\\/\",\"https:\\\/\\\/soundcloud.com\\\/motsek\"]}]}<\/script>\n<!-- \/ Yoast SEO plugin. -->","yoast_head_json":{"title":"Achetez l'EP \"Dreamer\" d'Ed-Ward | Kaphonic Records","description":"D\u00e9couvrez \u00ab Dreamer \u00bb, le nouvel EP d\u2019Ed-Ward sur Kaphonic Records. Une fusion captivante de deep house et de sonorit\u00e9s soul, r\u00e9v\u00e9lant tout le talent de cet artiste incontournable.","robots":{"index":"index","follow":"follow","max-snippet":"max-snippet:-1","max-image-preview":"max-image-preview:large","max-video-preview":"max-video-preview:-1"},"canonical":"https:\/\/www.kaphonic.com\/fr\/shop\/gijima\/","og_locale":"fr_FR","og_type":"article","og_title":"Achetez l'EP \"Dreamer\" d'Ed-Ward | Kaphonic Records","og_description":"D\u00e9couvrez \u00ab Dreamer \u00bb, le nouvel EP d\u2019Ed-Ward sur Kaphonic Records. Une fusion captivante de deep house et de sonorit\u00e9s soul, r\u00e9v\u00e9lant tout le talent de cet artiste incontournable.","og_url":"https:\/\/www.kaphonic.com\/fr\/shop\/gijima\/","og_site_name":"Kaphonic","article_publisher":"https:\/\/www.facebook.com\/kaphonic\/","article_modified_time":"2025-04-07T08:36:58+00:00","og_image":[{"width":500,"height":500,"url":"https:\/\/www.kaphonic.com\/wp-content\/uploads\/2025\/02\/DREAMER-ED-WARD-500x500-1.webp","type":"image\/webp"}],"twitter_card":"summary_large_image","twitter_misc":{"Dur\u00e9e de lecture estim\u00e9e":"1 minute"},"schema":{"@context":"https:\/\/schema.org","@graph":[{"@type":"WebPage","@id":"https:\/\/www.kaphonic.com\/fr\/shop\/gijima\/","url":"https:\/\/www.kaphonic.com\/fr\/shop\/gijima\/","name":"Achetez l'EP \"Dreamer\" d'Ed-Ward | Kaphonic Records","isPartOf":{"@id":"https:\/\/www.kaphonic.com\/fr\/#website"},"primaryImageOfPage":{"@id":"https:\/\/www.kaphonic.com\/fr\/shop\/gijima\/#primaryimage"},"image":{"@id":"https:\/\/www.kaphonic.com\/fr\/shop\/gijima\/#primaryimage"},"thumbnailUrl":"https:\/\/www.kaphonic.com\/wp-content\/uploads\/2025\/02\/DREAMER-ED-WARD-500x500-1.webp","datePublished":"2025-02-18T15:31:04+00:00","dateModified":"2025-04-07T08:36:58+00:00","description":"D\u00e9couvrez \u00ab Dreamer \u00bb, le nouvel EP d\u2019Ed-Ward sur Kaphonic Records. Une fusion captivante de deep house et de sonorit\u00e9s soul, r\u00e9v\u00e9lant tout le talent de cet artiste incontournable.","breadcrumb":{"@id":"https:\/\/www.kaphonic.com\/fr\/shop\/gijima\/#breadcrumb"},"inLanguage":"fr-FR","potentialAction":[{"@type":"ReadAction","target":["https:\/\/www.kaphonic.com\/fr\/shop\/gijima\/"]}]},{"@type":"ImageObject","inLanguage":"fr-FR","@id":"https:\/\/www.kaphonic.com\/fr\/shop\/gijima\/#primaryimage","url":"https:\/\/www.kaphonic.com\/wp-content\/uploads\/2025\/02\/DREAMER-ED-WARD-500x500-1.webp","contentUrl":"https:\/\/www.kaphonic.com\/wp-content\/uploads\/2025\/02\/DREAMER-ED-WARD-500x500-1.webp","width":500,"height":500},{"@type":"BreadcrumbList","@id":"https:\/\/www.kaphonic.com\/fr\/shop\/gijima\/#breadcrumb","itemListElement":[{"@type":"ListItem","position":1,"name":"Home","item":"https:\/\/www.kaphonic.com\/fr\/"},{"@type":"ListItem","position":2,"name":"Shop","item":"https:\/\/www.kaphonic.com\/fr\/shop\/"},{"@type":"ListItem","position":3,"name":"GIJIMA"}]},{"@type":"WebSite","@id":"https:\/\/www.kaphonic.com\/fr\/#website","url":"https:\/\/www.kaphonic.com\/fr\/","name":"Kaphonic","description":"Label - \u00c9dition musicale - \u00c9v\u00e9nements","publisher":{"@id":"https:\/\/www.kaphonic.com\/fr\/#organization"},"alternateName":"Kaphonic","potentialAction":[{"@type":"SearchAction","target":{"@type":"EntryPoint","urlTemplate":"https:\/\/www.kaphonic.com\/fr\/?s={search_term_string}"},"query-input":{"@type":"PropertyValueSpecification","valueRequired":true,"valueName":"search_term_string"}}],"inLanguage":"fr-FR"},{"@type":"Organization","@id":"https:\/\/www.kaphonic.com\/fr\/#organization","name":"SAS KAPHONIC","alternateName":"KAPHONIC","url":"https:\/\/www.kaphonic.com\/fr\/","logo":{"@type":"ImageObject","inLanguage":"fr-FR","@id":"https:\/\/www.kaphonic.com\/fr\/#\/schema\/logo\/image\/","url":"https:\/\/www.kaphonic.com\/wp-content\/uploads\/2023\/10\/LOGO-kaphonic-noir.png","contentUrl":"https:\/\/www.kaphonic.com\/wp-content\/uploads\/2023\/10\/LOGO-kaphonic-noir.png","width":1000,"height":339,"caption":"SAS KAPHONIC"},"image":{"@id":"https:\/\/www.kaphonic.com\/fr\/#\/schema\/logo\/image\/"},"sameAs":["https:\/\/www.facebook.com\/kaphonic\/","https:\/\/www.youtube.com\/@kaphonicrecords","https:\/\/kaphonicrecords.bandcamp.com\/","https:\/\/www.instagram.com\/kaphonicrecords\/","https:\/\/soundcloud.com\/motsek"]}]}},"_links":{"self":[{"href":"https:\/\/www.kaphonic.com\/fr\/wp-json\/wp\/v2\/product\/16525","targetHints":{"allow":["GET"]}}],"collection":[{"href":"https:\/\/www.kaphonic.com\/fr\/wp-json\/wp\/v2\/product"}],"about":[{"href":"https:\/\/www.kaphonic.com\/fr\/wp-json\/wp\/v2\/types\/product"}],"version-history":[{"count":0,"href":"https:\/\/www.kaphonic.com\/fr\/wp-json\/wp\/v2\/product\/16525\/revisions"}],"wp:featuredmedia":[{"embeddable":true,"href":"https:\/\/www.kaphonic.com\/fr\/wp-json\/wp\/v2\/media\/16451"}],"wp:attachment":[{"href":"https:\/\/www.kaphonic.com\/fr\/wp-json\/wp\/v2\/media?parent=16525"}],"wp:term":[{"taxonomy":"product_brand","embeddable":true,"href":"https:\/\/www.kaphonic.com\/fr\/wp-json\/wp\/v2\/product_brand?post=16525"},{"taxonomy":"product_cat","embeddable":true,"href":"https:\/\/www.kaphonic.com\/fr\/wp-json\/wp\/v2\/product_cat?post=16525"},{"taxonomy":"product_tag","embeddable":true,"href":"https:\/\/www.kaphonic.com\/fr\/wp-json\/wp\/v2\/product_tag?post=16525"}],"curies":[{"name":"wp","href":"https:\/\/api.w.org\/{rel}","templated":true}]}}