{"id":16807,"date":"2025-04-04T12:58:04","date_gmt":"2025-04-04T10:58:04","guid":{"rendered":"https:\/\/www.kaphonic.com\/shop\/when-alcohol-is-involved\/"},"modified":"2025-04-07T09:19:02","modified_gmt":"2025-04-07T07:19:02","slug":"when-alcohol-is-involved","status":"publish","type":"product","link":"https:\/\/www.kaphonic.com\/fr\/shop\/when-alcohol-is-involved\/","title":{"rendered":"WHEN ALCOHOL IS INVOLVED"},"content":{"rendered":"","protected":false},"excerpt":{"rendered":"<p>Une voix qui traverse les continents, un son qui d\u00e9fie les fronti\u00e8res\u2026 Avec Beneath the Surface, <strong>KALI MIJA<\/strong> signe son premier EP sur <strong>Kaphonic Records<\/strong>, confirmant sa place singuli\u00e8re sur la sc\u00e8ne AfroHouse sud-africaine et bien au-del\u00e0.<\/p>\n<p>Sa musique m\u00eale des beats profonds et immersifs \u00e0 des lignes vocales envo\u00fbtantes, pour cr\u00e9er un univers \u00e0 la fois puissant, personnel et sans compromis. Entendue aux quatre coins du monde, jou\u00e9e par les plus grands DJs, ressentie par celles et ceux qui cherchent une exp\u00e9rience musicale diff\u00e9rente, sa voix captive et touche \u00e0 l\u2019essentiel.<\/p>\n<p>Dans cet EP, chaque titre explore une \u00e9motion : \u201cWhy Should I?\u201d confronte le doute int\u00e9rieur, \u201cStay &amp; Fight\u201d c\u00e9l\u00e8bre la r\u00e9silience, et \u201cWhen the Alcohol Is Involved\u201d \u00e9voque ce moment fragile de l\u00e2cher-prise.<br \/>\nUne artiste \u00e0 suivre de pr\u00e8s, au parcours d\u00e9j\u00e0 r\u00e9solument global.<\/p>\n","protected":false},"featured_media":16680,"template":"","meta":{"_acf_changed":false},"product_brand":[],"product_cat":[74],"product_tag":[],"class_list":{"0":"post-16807","1":"product","2":"type-product","3":"status-publish","4":"has-post-thumbnail","6":"product_cat-piste","8":"first","9":"instock","10":"downloadable","11":"virtual","12":"taxable","13":"purchasable","14":"product-type-simple"},"acf":[],"yoast_head":"<!-- This site is optimized with the Yoast SEO plugin v27.3 - https:\/\/yoast.com\/product\/yoast-seo-wordpress\/ -->\n<title>WHEN ALCOHOL IS INVOLVED - Kaphonic<\/title>\n<meta name=\"robots\" content=\"index, follow, max-snippet:-1, max-image-preview:large, max-video-preview:-1\" \/>\n<link rel=\"canonical\" href=\"https:\/\/www.kaphonic.com\/fr\/shop\/when-alcohol-is-involved\/\" \/>\n<meta property=\"og:locale\" content=\"fr_FR\" \/>\n<meta property=\"og:type\" content=\"article\" \/>\n<meta property=\"og:title\" content=\"WHEN ALCOHOL IS INVOLVED - Kaphonic\" \/>\n<meta property=\"og:description\" content=\"Une voix qui traverse les continents, un son qui d\u00e9fie les fronti\u00e8res\u2026 Avec Beneath the Surface, KALI MIJA signe son premier EP sur Kaphonic Records, confirmant sa place singuli\u00e8re sur la sc\u00e8ne AfroHouse sud-africaine et bien au-del\u00e0.  Sa musique m\u00eale des beats profonds et immersifs \u00e0 des lignes vocales envo\u00fbtantes, pour cr\u00e9er un univers \u00e0 la fois puissant, personnel et sans compromis. Entendue aux quatre coins du monde, jou\u00e9e par les plus grands DJs, ressentie par celles et ceux qui cherchent une exp\u00e9rience musicale diff\u00e9rente, sa voix captive et touche \u00e0 l\u2019essentiel.  Dans cet EP, chaque titre explore une \u00e9motion : \u201cWhy Should I?\u201d confronte le doute int\u00e9rieur, \u201cStay &amp; Fight\u201d c\u00e9l\u00e8bre la r\u00e9silience, et \u201cWhen the Alcohol Is Involved\u201d \u00e9voque ce moment fragile de l\u00e2cher-prise. Une artiste \u00e0 suivre de pr\u00e8s, au parcours d\u00e9j\u00e0 r\u00e9solument global.\" \/>\n<meta property=\"og:url\" content=\"https:\/\/www.kaphonic.com\/fr\/shop\/when-alcohol-is-involved\/\" \/>\n<meta property=\"og:site_name\" content=\"Kaphonic\" \/>\n<meta property=\"article:publisher\" content=\"https:\/\/www.facebook.com\/kaphonic\/\" \/>\n<meta property=\"article:modified_time\" content=\"2025-04-07T07:19:02+00:00\" \/>\n<meta property=\"og:image\" content=\"https:\/\/www.kaphonic.com\/wp-content\/uploads\/2025\/04\/BENEATH-THE-SURFACE-cover-600.webp\" \/>\n\t<meta property=\"og:image:width\" content=\"600\" \/>\n\t<meta property=\"og:image:height\" content=\"600\" \/>\n\t<meta property=\"og:image:type\" content=\"image\/webp\" \/>\n<meta name=\"twitter:card\" content=\"summary_large_image\" \/>\n<meta name=\"twitter:label1\" content=\"Dur\u00e9e de lecture estim\u00e9e\" \/>\n\t<meta name=\"twitter:data1\" content=\"1 minute\" \/>\n<script type=\"application\/ld+json\" class=\"yoast-schema-graph\">{\"@context\":\"https:\\\/\\\/schema.org\",\"@graph\":[{\"@type\":\"WebPage\",\"@id\":\"https:\\\/\\\/www.kaphonic.com\\\/fr\\\/shop\\\/when-alcohol-is-involved\\\/\",\"url\":\"https:\\\/\\\/www.kaphonic.com\\\/fr\\\/shop\\\/when-alcohol-is-involved\\\/\",\"name\":\"WHEN ALCOHOL IS INVOLVED - Kaphonic\",\"isPartOf\":{\"@id\":\"https:\\\/\\\/www.kaphonic.com\\\/fr\\\/#website\"},\"primaryImageOfPage\":{\"@id\":\"https:\\\/\\\/www.kaphonic.com\\\/fr\\\/shop\\\/when-alcohol-is-involved\\\/#primaryimage\"},\"image\":{\"@id\":\"https:\\\/\\\/www.kaphonic.com\\\/fr\\\/shop\\\/when-alcohol-is-involved\\\/#primaryimage\"},\"thumbnailUrl\":\"https:\\\/\\\/www.kaphonic.com\\\/wp-content\\\/uploads\\\/2025\\\/04\\\/BENEATH-THE-SURFACE-cover-600.webp\",\"datePublished\":\"2025-04-04T10:58:04+00:00\",\"dateModified\":\"2025-04-07T07:19:02+00:00\",\"breadcrumb\":{\"@id\":\"https:\\\/\\\/www.kaphonic.com\\\/fr\\\/shop\\\/when-alcohol-is-involved\\\/#breadcrumb\"},\"inLanguage\":\"fr-FR\",\"potentialAction\":[{\"@type\":\"ReadAction\",\"target\":[\"https:\\\/\\\/www.kaphonic.com\\\/fr\\\/shop\\\/when-alcohol-is-involved\\\/\"]}]},{\"@type\":\"ImageObject\",\"inLanguage\":\"fr-FR\",\"@id\":\"https:\\\/\\\/www.kaphonic.com\\\/fr\\\/shop\\\/when-alcohol-is-involved\\\/#primaryimage\",\"url\":\"https:\\\/\\\/www.kaphonic.com\\\/wp-content\\\/uploads\\\/2025\\\/04\\\/BENEATH-THE-SURFACE-cover-600.webp\",\"contentUrl\":\"https:\\\/\\\/www.kaphonic.com\\\/wp-content\\\/uploads\\\/2025\\\/04\\\/BENEATH-THE-SURFACE-cover-600.webp\",\"width\":600,\"height\":600},{\"@type\":\"BreadcrumbList\",\"@id\":\"https:\\\/\\\/www.kaphonic.com\\\/fr\\\/shop\\\/when-alcohol-is-involved\\\/#breadcrumb\",\"itemListElement\":[{\"@type\":\"ListItem\",\"position\":1,\"name\":\"Home\",\"item\":\"https:\\\/\\\/www.kaphonic.com\\\/fr\\\/\"},{\"@type\":\"ListItem\",\"position\":2,\"name\":\"Shop\",\"item\":\"https:\\\/\\\/www.kaphonic.com\\\/fr\\\/shop\\\/\"},{\"@type\":\"ListItem\",\"position\":3,\"name\":\"WHEN ALCOHOL IS INVOLVED\"}]},{\"@type\":\"WebSite\",\"@id\":\"https:\\\/\\\/www.kaphonic.com\\\/fr\\\/#website\",\"url\":\"https:\\\/\\\/www.kaphonic.com\\\/fr\\\/\",\"name\":\"Kaphonic\",\"description\":\"Label - \u00c9dition musicale - \u00c9v\u00e9nements\",\"publisher\":{\"@id\":\"https:\\\/\\\/www.kaphonic.com\\\/fr\\\/#organization\"},\"alternateName\":\"Kaphonic\",\"potentialAction\":[{\"@type\":\"SearchAction\",\"target\":{\"@type\":\"EntryPoint\",\"urlTemplate\":\"https:\\\/\\\/www.kaphonic.com\\\/fr\\\/?s={search_term_string}\"},\"query-input\":{\"@type\":\"PropertyValueSpecification\",\"valueRequired\":true,\"valueName\":\"search_term_string\"}}],\"inLanguage\":\"fr-FR\"},{\"@type\":\"Organization\",\"@id\":\"https:\\\/\\\/www.kaphonic.com\\\/fr\\\/#organization\",\"name\":\"SAS KAPHONIC\",\"alternateName\":\"KAPHONIC\",\"url\":\"https:\\\/\\\/www.kaphonic.com\\\/fr\\\/\",\"logo\":{\"@type\":\"ImageObject\",\"inLanguage\":\"fr-FR\",\"@id\":\"https:\\\/\\\/www.kaphonic.com\\\/fr\\\/#\\\/schema\\\/logo\\\/image\\\/\",\"url\":\"https:\\\/\\\/www.kaphonic.com\\\/wp-content\\\/uploads\\\/2023\\\/10\\\/LOGO-kaphonic-noir.png\",\"contentUrl\":\"https:\\\/\\\/www.kaphonic.com\\\/wp-content\\\/uploads\\\/2023\\\/10\\\/LOGO-kaphonic-noir.png\",\"width\":1000,\"height\":339,\"caption\":\"SAS KAPHONIC\"},\"image\":{\"@id\":\"https:\\\/\\\/www.kaphonic.com\\\/fr\\\/#\\\/schema\\\/logo\\\/image\\\/\"},\"sameAs\":[\"https:\\\/\\\/www.facebook.com\\\/kaphonic\\\/\",\"https:\\\/\\\/www.youtube.com\\\/@kaphonicrecords\",\"https:\\\/\\\/kaphonicrecords.bandcamp.com\\\/\",\"https:\\\/\\\/www.instagram.com\\\/kaphonicrecords\\\/\",\"https:\\\/\\\/soundcloud.com\\\/motsek\"]}]}<\/script>\n<!-- \/ Yoast SEO plugin. -->","yoast_head_json":{"title":"WHEN ALCOHOL IS INVOLVED - Kaphonic","robots":{"index":"index","follow":"follow","max-snippet":"max-snippet:-1","max-image-preview":"max-image-preview:large","max-video-preview":"max-video-preview:-1"},"canonical":"https:\/\/www.kaphonic.com\/fr\/shop\/when-alcohol-is-involved\/","og_locale":"fr_FR","og_type":"article","og_title":"WHEN ALCOHOL IS INVOLVED - Kaphonic","og_description":"Une voix qui traverse les continents, un son qui d\u00e9fie les fronti\u00e8res\u2026 Avec Beneath the Surface, KALI MIJA signe son premier EP sur Kaphonic Records, confirmant sa place singuli\u00e8re sur la sc\u00e8ne AfroHouse sud-africaine et bien au-del\u00e0.  Sa musique m\u00eale des beats profonds et immersifs \u00e0 des lignes vocales envo\u00fbtantes, pour cr\u00e9er un univers \u00e0 la fois puissant, personnel et sans compromis. Entendue aux quatre coins du monde, jou\u00e9e par les plus grands DJs, ressentie par celles et ceux qui cherchent une exp\u00e9rience musicale diff\u00e9rente, sa voix captive et touche \u00e0 l\u2019essentiel.  Dans cet EP, chaque titre explore une \u00e9motion : \u201cWhy Should I?\u201d confronte le doute int\u00e9rieur, \u201cStay &amp; Fight\u201d c\u00e9l\u00e8bre la r\u00e9silience, et \u201cWhen the Alcohol Is Involved\u201d \u00e9voque ce moment fragile de l\u00e2cher-prise. Une artiste \u00e0 suivre de pr\u00e8s, au parcours d\u00e9j\u00e0 r\u00e9solument global.","og_url":"https:\/\/www.kaphonic.com\/fr\/shop\/when-alcohol-is-involved\/","og_site_name":"Kaphonic","article_publisher":"https:\/\/www.facebook.com\/kaphonic\/","article_modified_time":"2025-04-07T07:19:02+00:00","og_image":[{"width":600,"height":600,"url":"https:\/\/www.kaphonic.com\/wp-content\/uploads\/2025\/04\/BENEATH-THE-SURFACE-cover-600.webp","type":"image\/webp"}],"twitter_card":"summary_large_image","twitter_misc":{"Dur\u00e9e de lecture estim\u00e9e":"1 minute"},"schema":{"@context":"https:\/\/schema.org","@graph":[{"@type":"WebPage","@id":"https:\/\/www.kaphonic.com\/fr\/shop\/when-alcohol-is-involved\/","url":"https:\/\/www.kaphonic.com\/fr\/shop\/when-alcohol-is-involved\/","name":"WHEN ALCOHOL IS INVOLVED - Kaphonic","isPartOf":{"@id":"https:\/\/www.kaphonic.com\/fr\/#website"},"primaryImageOfPage":{"@id":"https:\/\/www.kaphonic.com\/fr\/shop\/when-alcohol-is-involved\/#primaryimage"},"image":{"@id":"https:\/\/www.kaphonic.com\/fr\/shop\/when-alcohol-is-involved\/#primaryimage"},"thumbnailUrl":"https:\/\/www.kaphonic.com\/wp-content\/uploads\/2025\/04\/BENEATH-THE-SURFACE-cover-600.webp","datePublished":"2025-04-04T10:58:04+00:00","dateModified":"2025-04-07T07:19:02+00:00","breadcrumb":{"@id":"https:\/\/www.kaphonic.com\/fr\/shop\/when-alcohol-is-involved\/#breadcrumb"},"inLanguage":"fr-FR","potentialAction":[{"@type":"ReadAction","target":["https:\/\/www.kaphonic.com\/fr\/shop\/when-alcohol-is-involved\/"]}]},{"@type":"ImageObject","inLanguage":"fr-FR","@id":"https:\/\/www.kaphonic.com\/fr\/shop\/when-alcohol-is-involved\/#primaryimage","url":"https:\/\/www.kaphonic.com\/wp-content\/uploads\/2025\/04\/BENEATH-THE-SURFACE-cover-600.webp","contentUrl":"https:\/\/www.kaphonic.com\/wp-content\/uploads\/2025\/04\/BENEATH-THE-SURFACE-cover-600.webp","width":600,"height":600},{"@type":"BreadcrumbList","@id":"https:\/\/www.kaphonic.com\/fr\/shop\/when-alcohol-is-involved\/#breadcrumb","itemListElement":[{"@type":"ListItem","position":1,"name":"Home","item":"https:\/\/www.kaphonic.com\/fr\/"},{"@type":"ListItem","position":2,"name":"Shop","item":"https:\/\/www.kaphonic.com\/fr\/shop\/"},{"@type":"ListItem","position":3,"name":"WHEN ALCOHOL IS INVOLVED"}]},{"@type":"WebSite","@id":"https:\/\/www.kaphonic.com\/fr\/#website","url":"https:\/\/www.kaphonic.com\/fr\/","name":"Kaphonic","description":"Label - \u00c9dition musicale - \u00c9v\u00e9nements","publisher":{"@id":"https:\/\/www.kaphonic.com\/fr\/#organization"},"alternateName":"Kaphonic","potentialAction":[{"@type":"SearchAction","target":{"@type":"EntryPoint","urlTemplate":"https:\/\/www.kaphonic.com\/fr\/?s={search_term_string}"},"query-input":{"@type":"PropertyValueSpecification","valueRequired":true,"valueName":"search_term_string"}}],"inLanguage":"fr-FR"},{"@type":"Organization","@id":"https:\/\/www.kaphonic.com\/fr\/#organization","name":"SAS KAPHONIC","alternateName":"KAPHONIC","url":"https:\/\/www.kaphonic.com\/fr\/","logo":{"@type":"ImageObject","inLanguage":"fr-FR","@id":"https:\/\/www.kaphonic.com\/fr\/#\/schema\/logo\/image\/","url":"https:\/\/www.kaphonic.com\/wp-content\/uploads\/2023\/10\/LOGO-kaphonic-noir.png","contentUrl":"https:\/\/www.kaphonic.com\/wp-content\/uploads\/2023\/10\/LOGO-kaphonic-noir.png","width":1000,"height":339,"caption":"SAS KAPHONIC"},"image":{"@id":"https:\/\/www.kaphonic.com\/fr\/#\/schema\/logo\/image\/"},"sameAs":["https:\/\/www.facebook.com\/kaphonic\/","https:\/\/www.youtube.com\/@kaphonicrecords","https:\/\/kaphonicrecords.bandcamp.com\/","https:\/\/www.instagram.com\/kaphonicrecords\/","https:\/\/soundcloud.com\/motsek"]}]}},"_links":{"self":[{"href":"https:\/\/www.kaphonic.com\/fr\/wp-json\/wp\/v2\/product\/16807","targetHints":{"allow":["GET"]}}],"collection":[{"href":"https:\/\/www.kaphonic.com\/fr\/wp-json\/wp\/v2\/product"}],"about":[{"href":"https:\/\/www.kaphonic.com\/fr\/wp-json\/wp\/v2\/types\/product"}],"version-history":[{"count":0,"href":"https:\/\/www.kaphonic.com\/fr\/wp-json\/wp\/v2\/product\/16807\/revisions"}],"wp:featuredmedia":[{"embeddable":true,"href":"https:\/\/www.kaphonic.com\/fr\/wp-json\/wp\/v2\/media\/16680"}],"wp:attachment":[{"href":"https:\/\/www.kaphonic.com\/fr\/wp-json\/wp\/v2\/media?parent=16807"}],"wp:term":[{"taxonomy":"product_brand","embeddable":true,"href":"https:\/\/www.kaphonic.com\/fr\/wp-json\/wp\/v2\/product_brand?post=16807"},{"taxonomy":"product_cat","embeddable":true,"href":"https:\/\/www.kaphonic.com\/fr\/wp-json\/wp\/v2\/product_cat?post=16807"},{"taxonomy":"product_tag","embeddable":true,"href":"https:\/\/www.kaphonic.com\/fr\/wp-json\/wp\/v2\/product_tag?post=16807"}],"curies":[{"name":"wp","href":"https:\/\/api.w.org\/{rel}","templated":true}]}}