{"id":17061,"date":"2025-05-19T18:55:48","date_gmt":"2025-05-19T16:55:48","guid":{"rendered":"https:\/\/www.kaphonic.com\/shop\/eau-enchantee\/"},"modified":"2025-05-21T21:11:21","modified_gmt":"2025-05-21T19:11:21","slug":"enchanted-water","status":"publish","type":"product","link":"https:\/\/www.kaphonic.com\/fr\/shop\/enchanted-water\/","title":{"rendered":"ENCHANTED WATER"},"content":{"rendered":"","protected":false},"excerpt":{"rendered":"<p>\u00ab\u202f<strong>Enchanted Water<\/strong>\u202f\u00bb est le nouvel EP du producteur guadeloup\u00e9en <strong>Motsek<\/strong>, qui a invit\u00e9 la chanteuse <strong>Ines Tola<\/strong> \u00e0 le rejoindre sur ce projet.<br \/>\nDe l\u2019appel hypnotique de \u00ab Mami Wata \u00bb \u00e0 son remix audacieux sign\u00e9 Jahta Manilla, du flow vibrant de \u00ab Y\u00e9kri \u00bb \u2014 avec les tambours Ka et percussions de Dominique Tauliaut \u2014 \u00e0 sa version profonde \u00ab Ancestral Mix \u00bb, ce projet circule entre les mondes \u2014 \u00e9lectronique, carib\u00e9en, soulful et ancr\u00e9.<\/p>\n<p>\u00c0 travers des textures \u00e9lectroniques subtiles et des voix charg\u00e9es de spiritualit\u00e9, Enchanted Water explore des territoires musicaux hybrides o\u00f9 traditions, mythes marins et sonorit\u00e9s actuelles dialoguent librement.<\/p>\n","protected":false},"featured_media":17013,"template":"","meta":{"_acf_changed":false},"product_brand":[],"product_cat":[78],"product_tag":[132,76],"class_list":{"0":"post-17061","1":"product","2":"type-product","3":"status-publish","4":"has-post-thumbnail","6":"product_cat-album-fr","7":"product_tag-album-ines-tola-fr","8":"product_tag-piste-motsek","10":"first","11":"instock","12":"downloadable","13":"virtual","14":"taxable","15":"purchasable","16":"product-type-simple"},"acf":[],"yoast_head":"<!-- This site is optimized with the Yoast SEO plugin v27.3 - https:\/\/yoast.com\/product\/yoast-seo-wordpress\/ -->\n<title>ENCHANTED WATER - Kaphonic<\/title>\n<meta name=\"robots\" content=\"index, follow, max-snippet:-1, max-image-preview:large, max-video-preview:-1\" \/>\n<link rel=\"canonical\" href=\"https:\/\/www.kaphonic.com\/fr\/shop\/enchanted-water\/\" \/>\n<meta property=\"og:locale\" content=\"fr_FR\" \/>\n<meta property=\"og:type\" content=\"article\" \/>\n<meta property=\"og:title\" content=\"ENCHANTED WATER - Kaphonic\" \/>\n<meta property=\"og:description\" content=\"\u00ab\u202fEnchanted Water\u202f\u00bb est le nouvel EP du producteur guadeloup\u00e9en Motsek, qui a invit\u00e9 la chanteuse Ines Tola \u00e0 le rejoindre sur ce projet. De l\u2019appel hypnotique de \u00ab Mami Wata \u00bb \u00e0 son remix audacieux sign\u00e9 Jahta Manilla, du flow vibrant de \u00ab Y\u00e9kri \u00bb \u2014 avec les tambours Ka et percussions de Dominique Tauliaut \u2014 \u00e0 sa version profonde \u00ab Ancestral Mix \u00bb, ce projet circule entre les mondes \u2014 \u00e9lectronique, carib\u00e9en, soulful et ancr\u00e9.  \u00c0 travers des textures \u00e9lectroniques subtiles et des voix charg\u00e9es de spiritualit\u00e9, Enchanted Water explore des territoires musicaux hybrides o\u00f9 traditions, mythes marins et sonorit\u00e9s actuelles dialoguent librement.\" \/>\n<meta property=\"og:url\" content=\"https:\/\/www.kaphonic.com\/fr\/shop\/enchanted-water\/\" \/>\n<meta property=\"og:site_name\" content=\"Kaphonic\" \/>\n<meta property=\"article:publisher\" content=\"https:\/\/www.facebook.com\/kaphonic\/\" \/>\n<meta property=\"article:modified_time\" content=\"2025-05-21T19:11:21+00:00\" \/>\n<meta property=\"og:image\" content=\"https:\/\/www.kaphonic.com\/wp-content\/uploads\/2025\/05\/cover-enchanted-water-600x600-1.webp\" \/>\n\t<meta property=\"og:image:width\" content=\"600\" \/>\n\t<meta property=\"og:image:height\" content=\"600\" \/>\n\t<meta property=\"og:image:type\" content=\"image\/webp\" \/>\n<meta name=\"twitter:card\" content=\"summary_large_image\" \/>\n<meta name=\"twitter:label1\" content=\"Dur\u00e9e de lecture estim\u00e9e\" \/>\n\t<meta name=\"twitter:data1\" content=\"1 minute\" \/>\n<script type=\"application\/ld+json\" class=\"yoast-schema-graph\">{\"@context\":\"https:\\\/\\\/schema.org\",\"@graph\":[{\"@type\":\"WebPage\",\"@id\":\"https:\\\/\\\/www.kaphonic.com\\\/fr\\\/shop\\\/enchanted-water\\\/\",\"url\":\"https:\\\/\\\/www.kaphonic.com\\\/fr\\\/shop\\\/enchanted-water\\\/\",\"name\":\"ENCHANTED WATER - Kaphonic\",\"isPartOf\":{\"@id\":\"https:\\\/\\\/www.kaphonic.com\\\/fr\\\/#website\"},\"primaryImageOfPage\":{\"@id\":\"https:\\\/\\\/www.kaphonic.com\\\/fr\\\/shop\\\/enchanted-water\\\/#primaryimage\"},\"image\":{\"@id\":\"https:\\\/\\\/www.kaphonic.com\\\/fr\\\/shop\\\/enchanted-water\\\/#primaryimage\"},\"thumbnailUrl\":\"https:\\\/\\\/www.kaphonic.com\\\/wp-content\\\/uploads\\\/2025\\\/05\\\/cover-enchanted-water-600x600-1.webp\",\"datePublished\":\"2025-05-19T16:55:48+00:00\",\"dateModified\":\"2025-05-21T19:11:21+00:00\",\"breadcrumb\":{\"@id\":\"https:\\\/\\\/www.kaphonic.com\\\/fr\\\/shop\\\/enchanted-water\\\/#breadcrumb\"},\"inLanguage\":\"fr-FR\",\"potentialAction\":[{\"@type\":\"ReadAction\",\"target\":[\"https:\\\/\\\/www.kaphonic.com\\\/fr\\\/shop\\\/enchanted-water\\\/\"]}]},{\"@type\":\"ImageObject\",\"inLanguage\":\"fr-FR\",\"@id\":\"https:\\\/\\\/www.kaphonic.com\\\/fr\\\/shop\\\/enchanted-water\\\/#primaryimage\",\"url\":\"https:\\\/\\\/www.kaphonic.com\\\/wp-content\\\/uploads\\\/2025\\\/05\\\/cover-enchanted-water-600x600-1.webp\",\"contentUrl\":\"https:\\\/\\\/www.kaphonic.com\\\/wp-content\\\/uploads\\\/2025\\\/05\\\/cover-enchanted-water-600x600-1.webp\",\"width\":600,\"height\":600},{\"@type\":\"BreadcrumbList\",\"@id\":\"https:\\\/\\\/www.kaphonic.com\\\/fr\\\/shop\\\/enchanted-water\\\/#breadcrumb\",\"itemListElement\":[{\"@type\":\"ListItem\",\"position\":1,\"name\":\"Home\",\"item\":\"https:\\\/\\\/www.kaphonic.com\\\/fr\\\/\"},{\"@type\":\"ListItem\",\"position\":2,\"name\":\"Shop\",\"item\":\"https:\\\/\\\/www.kaphonic.com\\\/fr\\\/shop\\\/\"},{\"@type\":\"ListItem\",\"position\":3,\"name\":\"ENCHANTED WATER\"}]},{\"@type\":\"WebSite\",\"@id\":\"https:\\\/\\\/www.kaphonic.com\\\/fr\\\/#website\",\"url\":\"https:\\\/\\\/www.kaphonic.com\\\/fr\\\/\",\"name\":\"Kaphonic\",\"description\":\"Label - \u00c9dition musicale - \u00c9v\u00e9nements\",\"publisher\":{\"@id\":\"https:\\\/\\\/www.kaphonic.com\\\/fr\\\/#organization\"},\"alternateName\":\"Kaphonic\",\"potentialAction\":[{\"@type\":\"SearchAction\",\"target\":{\"@type\":\"EntryPoint\",\"urlTemplate\":\"https:\\\/\\\/www.kaphonic.com\\\/fr\\\/?s={search_term_string}\"},\"query-input\":{\"@type\":\"PropertyValueSpecification\",\"valueRequired\":true,\"valueName\":\"search_term_string\"}}],\"inLanguage\":\"fr-FR\"},{\"@type\":\"Organization\",\"@id\":\"https:\\\/\\\/www.kaphonic.com\\\/fr\\\/#organization\",\"name\":\"SAS KAPHONIC\",\"alternateName\":\"KAPHONIC\",\"url\":\"https:\\\/\\\/www.kaphonic.com\\\/fr\\\/\",\"logo\":{\"@type\":\"ImageObject\",\"inLanguage\":\"fr-FR\",\"@id\":\"https:\\\/\\\/www.kaphonic.com\\\/fr\\\/#\\\/schema\\\/logo\\\/image\\\/\",\"url\":\"https:\\\/\\\/www.kaphonic.com\\\/wp-content\\\/uploads\\\/2023\\\/10\\\/LOGO-kaphonic-noir.png\",\"contentUrl\":\"https:\\\/\\\/www.kaphonic.com\\\/wp-content\\\/uploads\\\/2023\\\/10\\\/LOGO-kaphonic-noir.png\",\"width\":1000,\"height\":339,\"caption\":\"SAS KAPHONIC\"},\"image\":{\"@id\":\"https:\\\/\\\/www.kaphonic.com\\\/fr\\\/#\\\/schema\\\/logo\\\/image\\\/\"},\"sameAs\":[\"https:\\\/\\\/www.facebook.com\\\/kaphonic\\\/\",\"https:\\\/\\\/www.youtube.com\\\/@kaphonicrecords\",\"https:\\\/\\\/kaphonicrecords.bandcamp.com\\\/\",\"https:\\\/\\\/www.instagram.com\\\/kaphonicrecords\\\/\",\"https:\\\/\\\/soundcloud.com\\\/motsek\"]}]}<\/script>\n<!-- \/ Yoast SEO plugin. -->","yoast_head_json":{"title":"ENCHANTED WATER - Kaphonic","robots":{"index":"index","follow":"follow","max-snippet":"max-snippet:-1","max-image-preview":"max-image-preview:large","max-video-preview":"max-video-preview:-1"},"canonical":"https:\/\/www.kaphonic.com\/fr\/shop\/enchanted-water\/","og_locale":"fr_FR","og_type":"article","og_title":"ENCHANTED WATER - Kaphonic","og_description":"\u00ab\u202fEnchanted Water\u202f\u00bb est le nouvel EP du producteur guadeloup\u00e9en Motsek, qui a invit\u00e9 la chanteuse Ines Tola \u00e0 le rejoindre sur ce projet. De l\u2019appel hypnotique de \u00ab Mami Wata \u00bb \u00e0 son remix audacieux sign\u00e9 Jahta Manilla, du flow vibrant de \u00ab Y\u00e9kri \u00bb \u2014 avec les tambours Ka et percussions de Dominique Tauliaut \u2014 \u00e0 sa version profonde \u00ab Ancestral Mix \u00bb, ce projet circule entre les mondes \u2014 \u00e9lectronique, carib\u00e9en, soulful et ancr\u00e9.  \u00c0 travers des textures \u00e9lectroniques subtiles et des voix charg\u00e9es de spiritualit\u00e9, Enchanted Water explore des territoires musicaux hybrides o\u00f9 traditions, mythes marins et sonorit\u00e9s actuelles dialoguent librement.","og_url":"https:\/\/www.kaphonic.com\/fr\/shop\/enchanted-water\/","og_site_name":"Kaphonic","article_publisher":"https:\/\/www.facebook.com\/kaphonic\/","article_modified_time":"2025-05-21T19:11:21+00:00","og_image":[{"width":600,"height":600,"url":"https:\/\/www.kaphonic.com\/wp-content\/uploads\/2025\/05\/cover-enchanted-water-600x600-1.webp","type":"image\/webp"}],"twitter_card":"summary_large_image","twitter_misc":{"Dur\u00e9e de lecture estim\u00e9e":"1 minute"},"schema":{"@context":"https:\/\/schema.org","@graph":[{"@type":"WebPage","@id":"https:\/\/www.kaphonic.com\/fr\/shop\/enchanted-water\/","url":"https:\/\/www.kaphonic.com\/fr\/shop\/enchanted-water\/","name":"ENCHANTED WATER - Kaphonic","isPartOf":{"@id":"https:\/\/www.kaphonic.com\/fr\/#website"},"primaryImageOfPage":{"@id":"https:\/\/www.kaphonic.com\/fr\/shop\/enchanted-water\/#primaryimage"},"image":{"@id":"https:\/\/www.kaphonic.com\/fr\/shop\/enchanted-water\/#primaryimage"},"thumbnailUrl":"https:\/\/www.kaphonic.com\/wp-content\/uploads\/2025\/05\/cover-enchanted-water-600x600-1.webp","datePublished":"2025-05-19T16:55:48+00:00","dateModified":"2025-05-21T19:11:21+00:00","breadcrumb":{"@id":"https:\/\/www.kaphonic.com\/fr\/shop\/enchanted-water\/#breadcrumb"},"inLanguage":"fr-FR","potentialAction":[{"@type":"ReadAction","target":["https:\/\/www.kaphonic.com\/fr\/shop\/enchanted-water\/"]}]},{"@type":"ImageObject","inLanguage":"fr-FR","@id":"https:\/\/www.kaphonic.com\/fr\/shop\/enchanted-water\/#primaryimage","url":"https:\/\/www.kaphonic.com\/wp-content\/uploads\/2025\/05\/cover-enchanted-water-600x600-1.webp","contentUrl":"https:\/\/www.kaphonic.com\/wp-content\/uploads\/2025\/05\/cover-enchanted-water-600x600-1.webp","width":600,"height":600},{"@type":"BreadcrumbList","@id":"https:\/\/www.kaphonic.com\/fr\/shop\/enchanted-water\/#breadcrumb","itemListElement":[{"@type":"ListItem","position":1,"name":"Home","item":"https:\/\/www.kaphonic.com\/fr\/"},{"@type":"ListItem","position":2,"name":"Shop","item":"https:\/\/www.kaphonic.com\/fr\/shop\/"},{"@type":"ListItem","position":3,"name":"ENCHANTED WATER"}]},{"@type":"WebSite","@id":"https:\/\/www.kaphonic.com\/fr\/#website","url":"https:\/\/www.kaphonic.com\/fr\/","name":"Kaphonic","description":"Label - \u00c9dition musicale - \u00c9v\u00e9nements","publisher":{"@id":"https:\/\/www.kaphonic.com\/fr\/#organization"},"alternateName":"Kaphonic","potentialAction":[{"@type":"SearchAction","target":{"@type":"EntryPoint","urlTemplate":"https:\/\/www.kaphonic.com\/fr\/?s={search_term_string}"},"query-input":{"@type":"PropertyValueSpecification","valueRequired":true,"valueName":"search_term_string"}}],"inLanguage":"fr-FR"},{"@type":"Organization","@id":"https:\/\/www.kaphonic.com\/fr\/#organization","name":"SAS KAPHONIC","alternateName":"KAPHONIC","url":"https:\/\/www.kaphonic.com\/fr\/","logo":{"@type":"ImageObject","inLanguage":"fr-FR","@id":"https:\/\/www.kaphonic.com\/fr\/#\/schema\/logo\/image\/","url":"https:\/\/www.kaphonic.com\/wp-content\/uploads\/2023\/10\/LOGO-kaphonic-noir.png","contentUrl":"https:\/\/www.kaphonic.com\/wp-content\/uploads\/2023\/10\/LOGO-kaphonic-noir.png","width":1000,"height":339,"caption":"SAS KAPHONIC"},"image":{"@id":"https:\/\/www.kaphonic.com\/fr\/#\/schema\/logo\/image\/"},"sameAs":["https:\/\/www.facebook.com\/kaphonic\/","https:\/\/www.youtube.com\/@kaphonicrecords","https:\/\/kaphonicrecords.bandcamp.com\/","https:\/\/www.instagram.com\/kaphonicrecords\/","https:\/\/soundcloud.com\/motsek"]}]}},"_links":{"self":[{"href":"https:\/\/www.kaphonic.com\/fr\/wp-json\/wp\/v2\/product\/17061","targetHints":{"allow":["GET"]}}],"collection":[{"href":"https:\/\/www.kaphonic.com\/fr\/wp-json\/wp\/v2\/product"}],"about":[{"href":"https:\/\/www.kaphonic.com\/fr\/wp-json\/wp\/v2\/types\/product"}],"version-history":[{"count":0,"href":"https:\/\/www.kaphonic.com\/fr\/wp-json\/wp\/v2\/product\/17061\/revisions"}],"wp:featuredmedia":[{"embeddable":true,"href":"https:\/\/www.kaphonic.com\/fr\/wp-json\/wp\/v2\/media\/17013"}],"wp:attachment":[{"href":"https:\/\/www.kaphonic.com\/fr\/wp-json\/wp\/v2\/media?parent=17061"}],"wp:term":[{"taxonomy":"product_brand","embeddable":true,"href":"https:\/\/www.kaphonic.com\/fr\/wp-json\/wp\/v2\/product_brand?post=17061"},{"taxonomy":"product_cat","embeddable":true,"href":"https:\/\/www.kaphonic.com\/fr\/wp-json\/wp\/v2\/product_cat?post=17061"},{"taxonomy":"product_tag","embeddable":true,"href":"https:\/\/www.kaphonic.com\/fr\/wp-json\/wp\/v2\/product_tag?post=17061"}],"curies":[{"name":"wp","href":"https:\/\/api.w.org\/{rel}","templated":true}]}}