{"id":17384,"date":"2025-06-22T15:18:40","date_gmt":"2025-06-22T13:18:40","guid":{"rendered":"https:\/\/www.kaphonic.com\/shop\/mwanga-wa-tumaini\/"},"modified":"2025-08-13T17:18:23","modified_gmt":"2025-08-13T15:18:23","slug":"mwanga-wa-tumaini","status":"publish","type":"product","link":"https:\/\/www.kaphonic.com\/fr\/shop\/mwanga-wa-tumaini\/","title":{"rendered":"MWANGA WA TUMAINI"},"content":{"rendered":"","protected":false},"excerpt":{"rendered":"<p>Avec <strong><em>Awakening Ground<\/em><\/strong>, <strong>Jackson Brainwave<\/strong> signe sa toute premi\u00e8re sortie sur <strong>Kaphonic Records<\/strong>.<\/p>\n<p>DJ et producteur sud-africain, il s\u2019est impos\u00e9 comme l\u2019une des figures les plus singuli\u00e8res de la sc\u00e8ne Afro House, gr\u00e2ce \u00e0 un style m\u00ealant rythmes traditionnels africains, textures \u00e9lectroniques et profondeur spirituelle.<\/p>\n<p>D\u00e8s son premier titre <em>Hear the Drum<\/em>, salu\u00e9 par la critique et repris par des labels de r\u00e9f\u00e9rence (Defected, MoBlack), il affirme une identit\u00e9 sonore forte, que l\u2019on retrouve dans des morceaux phares comme <em>Furahini<\/em>, <em>The Healer<\/em> ou <em>Sadaka<\/em>.<\/p>\n<p>Ce nouvel EP s\u2019ouvre sur <em>Mami Wata<\/em>, hommage vibrant \u00e0 la d\u00e9esse des eaux. S\u2019ensuit un voyage en cinq titres puissants et organiques, o\u00f9 chaque pulsation raconte un lien entre terre et ciel. <\/p>\n<p>Une plong\u00e9e magn\u00e9tique dans l\u2019univers d\u2019un artiste qui fait vibrer l\u2019Afro House entre tradition et avant-garde.<\/p>\n<p><iframe title=\"YouTube video player\" src=\"https:\/\/www.youtube.com\/embed\/AkRMrAUUWFY?si=qLVHf8TYk-Wa9htc\" width=\"560\" height=\"315\" frameborder=\"0\" allowfullscreen=\"allowfullscreen\"><\/iframe><\/p>\n","protected":false},"featured_media":17269,"template":"","meta":{"_acf_changed":false},"product_brand":[],"product_cat":[74],"product_tag":[],"class_list":{"0":"post-17384","1":"product","2":"type-product","3":"status-publish","4":"has-post-thumbnail","6":"product_cat-piste","8":"first","9":"instock","10":"downloadable","11":"virtual","12":"taxable","13":"purchasable","14":"product-type-simple"},"acf":[],"yoast_head":"<!-- This site is optimized with the Yoast SEO plugin v27.3 - https:\/\/yoast.com\/product\/yoast-seo-wordpress\/ -->\n<title>Awakening Ground de Jackson Brainwave - Kaphonic<\/title>\n<meta name=\"description\" content=\"D\u00e9couvrez \u00ab Awakening Ground \u00bb, le premier EP de Jackson Brainwave sur Kaphonic, un voyage Afro House vibrant m\u00ealant tradition et rythmes futuristes.\" \/>\n<meta name=\"robots\" content=\"index, follow, max-snippet:-1, max-image-preview:large, max-video-preview:-1\" \/>\n<link rel=\"canonical\" href=\"https:\/\/www.kaphonic.com\/fr\/shop\/mwanga-wa-tumaini\/\" \/>\n<meta property=\"og:locale\" content=\"fr_FR\" \/>\n<meta property=\"og:type\" content=\"article\" \/>\n<meta property=\"og:title\" content=\"Awakening Ground de Jackson Brainwave - Kaphonic\" \/>\n<meta property=\"og:description\" content=\"D\u00e9couvrez \u00ab Awakening Ground \u00bb, le premier EP de Jackson Brainwave sur Kaphonic, un voyage Afro House vibrant m\u00ealant tradition et rythmes futuristes.\" \/>\n<meta property=\"og:url\" content=\"https:\/\/www.kaphonic.com\/fr\/shop\/mwanga-wa-tumaini\/\" \/>\n<meta property=\"og:site_name\" content=\"Kaphonic\" \/>\n<meta property=\"article:publisher\" content=\"https:\/\/www.facebook.com\/kaphonic\/\" \/>\n<meta property=\"article:modified_time\" content=\"2025-08-13T15:18:23+00:00\" \/>\n<meta property=\"og:image\" content=\"https:\/\/www.kaphonic.com\/wp-content\/uploads\/2025\/06\/JACKSON-BRAINWAVE-COVER-600.webp\" \/>\n\t<meta property=\"og:image:width\" content=\"600\" \/>\n\t<meta property=\"og:image:height\" content=\"600\" \/>\n\t<meta property=\"og:image:type\" content=\"image\/webp\" \/>\n<meta name=\"twitter:card\" content=\"summary_large_image\" \/>\n<meta name=\"twitter:label1\" content=\"Dur\u00e9e de lecture estim\u00e9e\" \/>\n\t<meta name=\"twitter:data1\" content=\"1 minute\" \/>\n<script type=\"application\/ld+json\" class=\"yoast-schema-graph\">{\"@context\":\"https:\\\/\\\/schema.org\",\"@graph\":[{\"@type\":\"WebPage\",\"@id\":\"https:\\\/\\\/www.kaphonic.com\\\/fr\\\/shop\\\/mwanga-wa-tumaini\\\/\",\"url\":\"https:\\\/\\\/www.kaphonic.com\\\/fr\\\/shop\\\/mwanga-wa-tumaini\\\/\",\"name\":\"Awakening Ground de Jackson Brainwave - Kaphonic\",\"isPartOf\":{\"@id\":\"https:\\\/\\\/www.kaphonic.com\\\/fr\\\/#website\"},\"primaryImageOfPage\":{\"@id\":\"https:\\\/\\\/www.kaphonic.com\\\/fr\\\/shop\\\/mwanga-wa-tumaini\\\/#primaryimage\"},\"image\":{\"@id\":\"https:\\\/\\\/www.kaphonic.com\\\/fr\\\/shop\\\/mwanga-wa-tumaini\\\/#primaryimage\"},\"thumbnailUrl\":\"https:\\\/\\\/www.kaphonic.com\\\/wp-content\\\/uploads\\\/2025\\\/06\\\/JACKSON-BRAINWAVE-COVER-600.webp\",\"datePublished\":\"2025-06-22T13:18:40+00:00\",\"dateModified\":\"2025-08-13T15:18:23+00:00\",\"description\":\"D\u00e9couvrez \u00ab Awakening Ground \u00bb, le premier EP de Jackson Brainwave sur Kaphonic, un voyage Afro House vibrant m\u00ealant tradition et rythmes futuristes.\",\"breadcrumb\":{\"@id\":\"https:\\\/\\\/www.kaphonic.com\\\/fr\\\/shop\\\/mwanga-wa-tumaini\\\/#breadcrumb\"},\"inLanguage\":\"fr-FR\",\"potentialAction\":[{\"@type\":\"ReadAction\",\"target\":[\"https:\\\/\\\/www.kaphonic.com\\\/fr\\\/shop\\\/mwanga-wa-tumaini\\\/\"]}]},{\"@type\":\"ImageObject\",\"inLanguage\":\"fr-FR\",\"@id\":\"https:\\\/\\\/www.kaphonic.com\\\/fr\\\/shop\\\/mwanga-wa-tumaini\\\/#primaryimage\",\"url\":\"https:\\\/\\\/www.kaphonic.com\\\/wp-content\\\/uploads\\\/2025\\\/06\\\/JACKSON-BRAINWAVE-COVER-600.webp\",\"contentUrl\":\"https:\\\/\\\/www.kaphonic.com\\\/wp-content\\\/uploads\\\/2025\\\/06\\\/JACKSON-BRAINWAVE-COVER-600.webp\",\"width\":600,\"height\":600},{\"@type\":\"BreadcrumbList\",\"@id\":\"https:\\\/\\\/www.kaphonic.com\\\/fr\\\/shop\\\/mwanga-wa-tumaini\\\/#breadcrumb\",\"itemListElement\":[{\"@type\":\"ListItem\",\"position\":1,\"name\":\"Home\",\"item\":\"https:\\\/\\\/www.kaphonic.com\\\/fr\\\/\"},{\"@type\":\"ListItem\",\"position\":2,\"name\":\"Shop\",\"item\":\"https:\\\/\\\/www.kaphonic.com\\\/fr\\\/shop\\\/\"},{\"@type\":\"ListItem\",\"position\":3,\"name\":\"MWANGA WA TUMAINI\"}]},{\"@type\":\"WebSite\",\"@id\":\"https:\\\/\\\/www.kaphonic.com\\\/fr\\\/#website\",\"url\":\"https:\\\/\\\/www.kaphonic.com\\\/fr\\\/\",\"name\":\"Kaphonic\",\"description\":\"Label - \u00c9dition musicale - \u00c9v\u00e9nements\",\"publisher\":{\"@id\":\"https:\\\/\\\/www.kaphonic.com\\\/fr\\\/#organization\"},\"alternateName\":\"Kaphonic\",\"potentialAction\":[{\"@type\":\"SearchAction\",\"target\":{\"@type\":\"EntryPoint\",\"urlTemplate\":\"https:\\\/\\\/www.kaphonic.com\\\/fr\\\/?s={search_term_string}\"},\"query-input\":{\"@type\":\"PropertyValueSpecification\",\"valueRequired\":true,\"valueName\":\"search_term_string\"}}],\"inLanguage\":\"fr-FR\"},{\"@type\":\"Organization\",\"@id\":\"https:\\\/\\\/www.kaphonic.com\\\/fr\\\/#organization\",\"name\":\"SAS KAPHONIC\",\"alternateName\":\"KAPHONIC\",\"url\":\"https:\\\/\\\/www.kaphonic.com\\\/fr\\\/\",\"logo\":{\"@type\":\"ImageObject\",\"inLanguage\":\"fr-FR\",\"@id\":\"https:\\\/\\\/www.kaphonic.com\\\/fr\\\/#\\\/schema\\\/logo\\\/image\\\/\",\"url\":\"https:\\\/\\\/www.kaphonic.com\\\/wp-content\\\/uploads\\\/2023\\\/10\\\/LOGO-kaphonic-noir.png\",\"contentUrl\":\"https:\\\/\\\/www.kaphonic.com\\\/wp-content\\\/uploads\\\/2023\\\/10\\\/LOGO-kaphonic-noir.png\",\"width\":1000,\"height\":339,\"caption\":\"SAS KAPHONIC\"},\"image\":{\"@id\":\"https:\\\/\\\/www.kaphonic.com\\\/fr\\\/#\\\/schema\\\/logo\\\/image\\\/\"},\"sameAs\":[\"https:\\\/\\\/www.facebook.com\\\/kaphonic\\\/\",\"https:\\\/\\\/www.youtube.com\\\/@kaphonicrecords\",\"https:\\\/\\\/kaphonicrecords.bandcamp.com\\\/\",\"https:\\\/\\\/www.instagram.com\\\/kaphonicrecords\\\/\",\"https:\\\/\\\/soundcloud.com\\\/motsek\"]}]}<\/script>\n<!-- \/ Yoast SEO plugin. -->","yoast_head_json":{"title":"Awakening Ground de Jackson Brainwave - Kaphonic","description":"D\u00e9couvrez \u00ab Awakening Ground \u00bb, le premier EP de Jackson Brainwave sur Kaphonic, un voyage Afro House vibrant m\u00ealant tradition et rythmes futuristes.","robots":{"index":"index","follow":"follow","max-snippet":"max-snippet:-1","max-image-preview":"max-image-preview:large","max-video-preview":"max-video-preview:-1"},"canonical":"https:\/\/www.kaphonic.com\/fr\/shop\/mwanga-wa-tumaini\/","og_locale":"fr_FR","og_type":"article","og_title":"Awakening Ground de Jackson Brainwave - Kaphonic","og_description":"D\u00e9couvrez \u00ab Awakening Ground \u00bb, le premier EP de Jackson Brainwave sur Kaphonic, un voyage Afro House vibrant m\u00ealant tradition et rythmes futuristes.","og_url":"https:\/\/www.kaphonic.com\/fr\/shop\/mwanga-wa-tumaini\/","og_site_name":"Kaphonic","article_publisher":"https:\/\/www.facebook.com\/kaphonic\/","article_modified_time":"2025-08-13T15:18:23+00:00","og_image":[{"width":600,"height":600,"url":"https:\/\/www.kaphonic.com\/wp-content\/uploads\/2025\/06\/JACKSON-BRAINWAVE-COVER-600.webp","type":"image\/webp"}],"twitter_card":"summary_large_image","twitter_misc":{"Dur\u00e9e de lecture estim\u00e9e":"1 minute"},"schema":{"@context":"https:\/\/schema.org","@graph":[{"@type":"WebPage","@id":"https:\/\/www.kaphonic.com\/fr\/shop\/mwanga-wa-tumaini\/","url":"https:\/\/www.kaphonic.com\/fr\/shop\/mwanga-wa-tumaini\/","name":"Awakening Ground de Jackson Brainwave - Kaphonic","isPartOf":{"@id":"https:\/\/www.kaphonic.com\/fr\/#website"},"primaryImageOfPage":{"@id":"https:\/\/www.kaphonic.com\/fr\/shop\/mwanga-wa-tumaini\/#primaryimage"},"image":{"@id":"https:\/\/www.kaphonic.com\/fr\/shop\/mwanga-wa-tumaini\/#primaryimage"},"thumbnailUrl":"https:\/\/www.kaphonic.com\/wp-content\/uploads\/2025\/06\/JACKSON-BRAINWAVE-COVER-600.webp","datePublished":"2025-06-22T13:18:40+00:00","dateModified":"2025-08-13T15:18:23+00:00","description":"D\u00e9couvrez \u00ab Awakening Ground \u00bb, le premier EP de Jackson Brainwave sur Kaphonic, un voyage Afro House vibrant m\u00ealant tradition et rythmes futuristes.","breadcrumb":{"@id":"https:\/\/www.kaphonic.com\/fr\/shop\/mwanga-wa-tumaini\/#breadcrumb"},"inLanguage":"fr-FR","potentialAction":[{"@type":"ReadAction","target":["https:\/\/www.kaphonic.com\/fr\/shop\/mwanga-wa-tumaini\/"]}]},{"@type":"ImageObject","inLanguage":"fr-FR","@id":"https:\/\/www.kaphonic.com\/fr\/shop\/mwanga-wa-tumaini\/#primaryimage","url":"https:\/\/www.kaphonic.com\/wp-content\/uploads\/2025\/06\/JACKSON-BRAINWAVE-COVER-600.webp","contentUrl":"https:\/\/www.kaphonic.com\/wp-content\/uploads\/2025\/06\/JACKSON-BRAINWAVE-COVER-600.webp","width":600,"height":600},{"@type":"BreadcrumbList","@id":"https:\/\/www.kaphonic.com\/fr\/shop\/mwanga-wa-tumaini\/#breadcrumb","itemListElement":[{"@type":"ListItem","position":1,"name":"Home","item":"https:\/\/www.kaphonic.com\/fr\/"},{"@type":"ListItem","position":2,"name":"Shop","item":"https:\/\/www.kaphonic.com\/fr\/shop\/"},{"@type":"ListItem","position":3,"name":"MWANGA WA TUMAINI"}]},{"@type":"WebSite","@id":"https:\/\/www.kaphonic.com\/fr\/#website","url":"https:\/\/www.kaphonic.com\/fr\/","name":"Kaphonic","description":"Label - \u00c9dition musicale - \u00c9v\u00e9nements","publisher":{"@id":"https:\/\/www.kaphonic.com\/fr\/#organization"},"alternateName":"Kaphonic","potentialAction":[{"@type":"SearchAction","target":{"@type":"EntryPoint","urlTemplate":"https:\/\/www.kaphonic.com\/fr\/?s={search_term_string}"},"query-input":{"@type":"PropertyValueSpecification","valueRequired":true,"valueName":"search_term_string"}}],"inLanguage":"fr-FR"},{"@type":"Organization","@id":"https:\/\/www.kaphonic.com\/fr\/#organization","name":"SAS KAPHONIC","alternateName":"KAPHONIC","url":"https:\/\/www.kaphonic.com\/fr\/","logo":{"@type":"ImageObject","inLanguage":"fr-FR","@id":"https:\/\/www.kaphonic.com\/fr\/#\/schema\/logo\/image\/","url":"https:\/\/www.kaphonic.com\/wp-content\/uploads\/2023\/10\/LOGO-kaphonic-noir.png","contentUrl":"https:\/\/www.kaphonic.com\/wp-content\/uploads\/2023\/10\/LOGO-kaphonic-noir.png","width":1000,"height":339,"caption":"SAS KAPHONIC"},"image":{"@id":"https:\/\/www.kaphonic.com\/fr\/#\/schema\/logo\/image\/"},"sameAs":["https:\/\/www.facebook.com\/kaphonic\/","https:\/\/www.youtube.com\/@kaphonicrecords","https:\/\/kaphonicrecords.bandcamp.com\/","https:\/\/www.instagram.com\/kaphonicrecords\/","https:\/\/soundcloud.com\/motsek"]}]}},"_links":{"self":[{"href":"https:\/\/www.kaphonic.com\/fr\/wp-json\/wp\/v2\/product\/17384","targetHints":{"allow":["GET"]}}],"collection":[{"href":"https:\/\/www.kaphonic.com\/fr\/wp-json\/wp\/v2\/product"}],"about":[{"href":"https:\/\/www.kaphonic.com\/fr\/wp-json\/wp\/v2\/types\/product"}],"version-history":[{"count":0,"href":"https:\/\/www.kaphonic.com\/fr\/wp-json\/wp\/v2\/product\/17384\/revisions"}],"wp:featuredmedia":[{"embeddable":true,"href":"https:\/\/www.kaphonic.com\/fr\/wp-json\/wp\/v2\/media\/17269"}],"wp:attachment":[{"href":"https:\/\/www.kaphonic.com\/fr\/wp-json\/wp\/v2\/media?parent=17384"}],"wp:term":[{"taxonomy":"product_brand","embeddable":true,"href":"https:\/\/www.kaphonic.com\/fr\/wp-json\/wp\/v2\/product_brand?post=17384"},{"taxonomy":"product_cat","embeddable":true,"href":"https:\/\/www.kaphonic.com\/fr\/wp-json\/wp\/v2\/product_cat?post=17384"},{"taxonomy":"product_tag","embeddable":true,"href":"https:\/\/www.kaphonic.com\/fr\/wp-json\/wp\/v2\/product_tag?post=17384"}],"curies":[{"name":"wp","href":"https:\/\/api.w.org\/{rel}","templated":true}]}}