{"id":17916,"date":"2025-10-23T21:04:18","date_gmt":"2025-10-23T19:04:18","guid":{"rendered":"https:\/\/www.kaphonic.com\/shop\/lost-civilization-original-mix\/"},"modified":"2025-10-24T09:12:48","modified_gmt":"2025-10-24T07:12:48","slug":"lost-civilization-original-mix","status":"publish","type":"product","link":"https:\/\/www.kaphonic.com\/fr\/shop\/lost-civilization-original-mix\/","title":{"rendered":"LOST CIVILIZATION (Original Mix)"},"content":{"rendered":"","protected":false},"excerpt":{"rendered":"<p>Chez <strong>Kaphonic Records<\/strong>, d\u00e9couvrir et soutenir de jeunes producteurs talentueux, dot\u00e9s d\u2019une identit\u00e9 sonore marqu\u00e9e et d\u2019une v\u00e9ritable vision artistique, fait partie int\u00e9grante de notre mission \u2014 accompagner la nouvelle g\u00e9n\u00e9ration de cr\u00e9ateurs qui fa\u00e7onnent la musique de demain.<\/p>\n<p>Cette vision prend forme \u00e0 travers The Waters Above, un EP vibrant sign\u00e9 <strong>Benediction SA<\/strong> et <strong>Revosoul<\/strong>. Au fil de quatre titres, il se d\u00e9ploie comme un voyage profond et \u00e9vocateur vers des mondes situ\u00e9s au-del\u00e0 du ciel visible, o\u00f9 la sagesse ancienne et l\u2019\u00e9motion circulent comme des rivi\u00e8res c\u00e9lestes. Chaque morceau devient un chapitre d\u2019une chronique spirituelle, m\u00ealant textures atmosph\u00e9riques, rythmes hypnotiques et \u00e9nergie introspective.<\/p>\n<p>Originaire d\u2019Afrique du Sud, <strong>Benediction SA<\/strong> est reconnu pour ses paysages sonores empreints de spiritualit\u00e9, fusionnant les \u00e9l\u00e9ments deep, tech et tribal dans des exp\u00e9riences immersives. Sa musique d\u00e9passe le simple cadre du dancefloor pour inviter \u00e0 la r\u00e9flexion autant qu\u2019au mouvement.<\/p>\n<p><strong>Revosoul<\/strong>, originaire d\u2019eMalahleni, apporte une touche polyvalente fa\u00e7onn\u00e9e par plus de dix ans de production entre House et Hip-Hop. Son univers se distingue par des m\u00e9lodies soul, une profondeur rythmique et une pulsation typiquement sud-africaine.<\/p>\n<p><strong>Ensemble<\/strong>, ils livrent un projet o\u00f9 l\u2019\u00e9motion, la culture et la transcendance se rejoignent \u2014 une invitation \u00e0 s\u2019\u00e9lever au-dessus des eaux et \u00e0 ressentir ce qui se trouve au-del\u00e0.<\/p>\n","protected":false},"featured_media":17832,"template":"","meta":{"_acf_changed":false},"product_brand":[],"product_cat":[74],"product_tag":[],"class_list":{"0":"post-17916","1":"product","2":"type-product","3":"status-publish","4":"has-post-thumbnail","6":"product_cat-piste","8":"first","9":"instock","10":"downloadable","11":"virtual","12":"taxable","13":"purchasable","14":"product-type-simple"},"acf":[],"yoast_head":"<!-- This site is optimized with the Yoast SEO plugin v27.3 - https:\/\/yoast.com\/product\/yoast-seo-wordpress\/ -->\n<title>The Waters Above Benediction SA x Revosoul | Kaphonic Records<\/title>\n<meta name=\"description\" content=\"Kaphonic Records pr\u00e9sente The Waters Above, un EP vibrant de Benediction SA &amp; Revosoul, alliant \u00e9motion profonde, culture et transcendance.\" \/>\n<meta name=\"robots\" content=\"index, follow, max-snippet:-1, max-image-preview:large, max-video-preview:-1\" \/>\n<link rel=\"canonical\" href=\"https:\/\/www.kaphonic.com\/fr\/shop\/lost-civilization-original-mix\/\" \/>\n<meta property=\"og:locale\" content=\"fr_FR\" \/>\n<meta property=\"og:type\" content=\"article\" \/>\n<meta property=\"og:title\" content=\"The Waters Above Benediction SA x Revosoul | Kaphonic Records\" \/>\n<meta property=\"og:description\" content=\"Kaphonic Records pr\u00e9sente The Waters Above, un EP vibrant de Benediction SA &amp; Revosoul, alliant \u00e9motion profonde, culture et transcendance.\" \/>\n<meta property=\"og:url\" content=\"https:\/\/www.kaphonic.com\/fr\/shop\/lost-civilization-original-mix\/\" \/>\n<meta property=\"og:site_name\" content=\"Kaphonic\" \/>\n<meta property=\"article:publisher\" content=\"https:\/\/www.facebook.com\/kaphonic\/\" \/>\n<meta property=\"article:modified_time\" content=\"2025-10-24T07:12:48+00:00\" \/>\n<meta property=\"og:image\" content=\"https:\/\/www.kaphonic.com\/wp-content\/uploads\/2025\/10\/THEWATERABOVE-600x600-1.webp\" \/>\n\t<meta property=\"og:image:width\" content=\"600\" \/>\n\t<meta property=\"og:image:height\" content=\"600\" \/>\n\t<meta property=\"og:image:type\" content=\"image\/webp\" \/>\n<meta name=\"twitter:card\" content=\"summary_large_image\" \/>\n<meta name=\"twitter:label1\" content=\"Dur\u00e9e de lecture estim\u00e9e\" \/>\n\t<meta name=\"twitter:data1\" content=\"1 minute\" \/>\n<script type=\"application\/ld+json\" class=\"yoast-schema-graph\">{\"@context\":\"https:\\\/\\\/schema.org\",\"@graph\":[{\"@type\":\"WebPage\",\"@id\":\"https:\\\/\\\/www.kaphonic.com\\\/fr\\\/shop\\\/lost-civilization-original-mix\\\/\",\"url\":\"https:\\\/\\\/www.kaphonic.com\\\/fr\\\/shop\\\/lost-civilization-original-mix\\\/\",\"name\":\"The Waters Above Benediction SA x Revosoul | Kaphonic Records\",\"isPartOf\":{\"@id\":\"https:\\\/\\\/www.kaphonic.com\\\/fr\\\/#website\"},\"primaryImageOfPage\":{\"@id\":\"https:\\\/\\\/www.kaphonic.com\\\/fr\\\/shop\\\/lost-civilization-original-mix\\\/#primaryimage\"},\"image\":{\"@id\":\"https:\\\/\\\/www.kaphonic.com\\\/fr\\\/shop\\\/lost-civilization-original-mix\\\/#primaryimage\"},\"thumbnailUrl\":\"https:\\\/\\\/www.kaphonic.com\\\/wp-content\\\/uploads\\\/2025\\\/10\\\/THEWATERABOVE-600x600-1.webp\",\"datePublished\":\"2025-10-23T19:04:18+00:00\",\"dateModified\":\"2025-10-24T07:12:48+00:00\",\"description\":\"Kaphonic Records pr\u00e9sente The Waters Above, un EP vibrant de Benediction SA & Revosoul, alliant \u00e9motion profonde, culture et transcendance.\",\"breadcrumb\":{\"@id\":\"https:\\\/\\\/www.kaphonic.com\\\/fr\\\/shop\\\/lost-civilization-original-mix\\\/#breadcrumb\"},\"inLanguage\":\"fr-FR\",\"potentialAction\":[{\"@type\":\"ReadAction\",\"target\":[\"https:\\\/\\\/www.kaphonic.com\\\/fr\\\/shop\\\/lost-civilization-original-mix\\\/\"]}]},{\"@type\":\"ImageObject\",\"inLanguage\":\"fr-FR\",\"@id\":\"https:\\\/\\\/www.kaphonic.com\\\/fr\\\/shop\\\/lost-civilization-original-mix\\\/#primaryimage\",\"url\":\"https:\\\/\\\/www.kaphonic.com\\\/wp-content\\\/uploads\\\/2025\\\/10\\\/THEWATERABOVE-600x600-1.webp\",\"contentUrl\":\"https:\\\/\\\/www.kaphonic.com\\\/wp-content\\\/uploads\\\/2025\\\/10\\\/THEWATERABOVE-600x600-1.webp\",\"width\":600,\"height\":600},{\"@type\":\"BreadcrumbList\",\"@id\":\"https:\\\/\\\/www.kaphonic.com\\\/fr\\\/shop\\\/lost-civilization-original-mix\\\/#breadcrumb\",\"itemListElement\":[{\"@type\":\"ListItem\",\"position\":1,\"name\":\"Home\",\"item\":\"https:\\\/\\\/www.kaphonic.com\\\/fr\\\/\"},{\"@type\":\"ListItem\",\"position\":2,\"name\":\"Shop\",\"item\":\"https:\\\/\\\/www.kaphonic.com\\\/fr\\\/shop\\\/\"},{\"@type\":\"ListItem\",\"position\":3,\"name\":\"LOST CIVILIZATION (Original Mix)\"}]},{\"@type\":\"WebSite\",\"@id\":\"https:\\\/\\\/www.kaphonic.com\\\/fr\\\/#website\",\"url\":\"https:\\\/\\\/www.kaphonic.com\\\/fr\\\/\",\"name\":\"Kaphonic\",\"description\":\"Label - \u00c9dition musicale - \u00c9v\u00e9nements\",\"publisher\":{\"@id\":\"https:\\\/\\\/www.kaphonic.com\\\/fr\\\/#organization\"},\"alternateName\":\"Kaphonic\",\"potentialAction\":[{\"@type\":\"SearchAction\",\"target\":{\"@type\":\"EntryPoint\",\"urlTemplate\":\"https:\\\/\\\/www.kaphonic.com\\\/fr\\\/?s={search_term_string}\"},\"query-input\":{\"@type\":\"PropertyValueSpecification\",\"valueRequired\":true,\"valueName\":\"search_term_string\"}}],\"inLanguage\":\"fr-FR\"},{\"@type\":\"Organization\",\"@id\":\"https:\\\/\\\/www.kaphonic.com\\\/fr\\\/#organization\",\"name\":\"SAS KAPHONIC\",\"alternateName\":\"KAPHONIC\",\"url\":\"https:\\\/\\\/www.kaphonic.com\\\/fr\\\/\",\"logo\":{\"@type\":\"ImageObject\",\"inLanguage\":\"fr-FR\",\"@id\":\"https:\\\/\\\/www.kaphonic.com\\\/fr\\\/#\\\/schema\\\/logo\\\/image\\\/\",\"url\":\"https:\\\/\\\/www.kaphonic.com\\\/wp-content\\\/uploads\\\/2023\\\/10\\\/LOGO-kaphonic-noir.png\",\"contentUrl\":\"https:\\\/\\\/www.kaphonic.com\\\/wp-content\\\/uploads\\\/2023\\\/10\\\/LOGO-kaphonic-noir.png\",\"width\":1000,\"height\":339,\"caption\":\"SAS KAPHONIC\"},\"image\":{\"@id\":\"https:\\\/\\\/www.kaphonic.com\\\/fr\\\/#\\\/schema\\\/logo\\\/image\\\/\"},\"sameAs\":[\"https:\\\/\\\/www.facebook.com\\\/kaphonic\\\/\",\"https:\\\/\\\/www.youtube.com\\\/@kaphonicrecords\",\"https:\\\/\\\/kaphonicrecords.bandcamp.com\\\/\",\"https:\\\/\\\/www.instagram.com\\\/kaphonicrecords\\\/\",\"https:\\\/\\\/soundcloud.com\\\/motsek\"]}]}<\/script>\n<!-- \/ Yoast SEO plugin. -->","yoast_head_json":{"title":"The Waters Above Benediction SA x Revosoul | Kaphonic Records","description":"Kaphonic Records pr\u00e9sente The Waters Above, un EP vibrant de Benediction SA & Revosoul, alliant \u00e9motion profonde, culture et transcendance.","robots":{"index":"index","follow":"follow","max-snippet":"max-snippet:-1","max-image-preview":"max-image-preview:large","max-video-preview":"max-video-preview:-1"},"canonical":"https:\/\/www.kaphonic.com\/fr\/shop\/lost-civilization-original-mix\/","og_locale":"fr_FR","og_type":"article","og_title":"The Waters Above Benediction SA x Revosoul | Kaphonic Records","og_description":"Kaphonic Records pr\u00e9sente The Waters Above, un EP vibrant de Benediction SA & Revosoul, alliant \u00e9motion profonde, culture et transcendance.","og_url":"https:\/\/www.kaphonic.com\/fr\/shop\/lost-civilization-original-mix\/","og_site_name":"Kaphonic","article_publisher":"https:\/\/www.facebook.com\/kaphonic\/","article_modified_time":"2025-10-24T07:12:48+00:00","og_image":[{"width":600,"height":600,"url":"https:\/\/www.kaphonic.com\/wp-content\/uploads\/2025\/10\/THEWATERABOVE-600x600-1.webp","type":"image\/webp"}],"twitter_card":"summary_large_image","twitter_misc":{"Dur\u00e9e de lecture estim\u00e9e":"1 minute"},"schema":{"@context":"https:\/\/schema.org","@graph":[{"@type":"WebPage","@id":"https:\/\/www.kaphonic.com\/fr\/shop\/lost-civilization-original-mix\/","url":"https:\/\/www.kaphonic.com\/fr\/shop\/lost-civilization-original-mix\/","name":"The Waters Above Benediction SA x Revosoul | Kaphonic Records","isPartOf":{"@id":"https:\/\/www.kaphonic.com\/fr\/#website"},"primaryImageOfPage":{"@id":"https:\/\/www.kaphonic.com\/fr\/shop\/lost-civilization-original-mix\/#primaryimage"},"image":{"@id":"https:\/\/www.kaphonic.com\/fr\/shop\/lost-civilization-original-mix\/#primaryimage"},"thumbnailUrl":"https:\/\/www.kaphonic.com\/wp-content\/uploads\/2025\/10\/THEWATERABOVE-600x600-1.webp","datePublished":"2025-10-23T19:04:18+00:00","dateModified":"2025-10-24T07:12:48+00:00","description":"Kaphonic Records pr\u00e9sente The Waters Above, un EP vibrant de Benediction SA & Revosoul, alliant \u00e9motion profonde, culture et transcendance.","breadcrumb":{"@id":"https:\/\/www.kaphonic.com\/fr\/shop\/lost-civilization-original-mix\/#breadcrumb"},"inLanguage":"fr-FR","potentialAction":[{"@type":"ReadAction","target":["https:\/\/www.kaphonic.com\/fr\/shop\/lost-civilization-original-mix\/"]}]},{"@type":"ImageObject","inLanguage":"fr-FR","@id":"https:\/\/www.kaphonic.com\/fr\/shop\/lost-civilization-original-mix\/#primaryimage","url":"https:\/\/www.kaphonic.com\/wp-content\/uploads\/2025\/10\/THEWATERABOVE-600x600-1.webp","contentUrl":"https:\/\/www.kaphonic.com\/wp-content\/uploads\/2025\/10\/THEWATERABOVE-600x600-1.webp","width":600,"height":600},{"@type":"BreadcrumbList","@id":"https:\/\/www.kaphonic.com\/fr\/shop\/lost-civilization-original-mix\/#breadcrumb","itemListElement":[{"@type":"ListItem","position":1,"name":"Home","item":"https:\/\/www.kaphonic.com\/fr\/"},{"@type":"ListItem","position":2,"name":"Shop","item":"https:\/\/www.kaphonic.com\/fr\/shop\/"},{"@type":"ListItem","position":3,"name":"LOST CIVILIZATION (Original Mix)"}]},{"@type":"WebSite","@id":"https:\/\/www.kaphonic.com\/fr\/#website","url":"https:\/\/www.kaphonic.com\/fr\/","name":"Kaphonic","description":"Label - \u00c9dition musicale - \u00c9v\u00e9nements","publisher":{"@id":"https:\/\/www.kaphonic.com\/fr\/#organization"},"alternateName":"Kaphonic","potentialAction":[{"@type":"SearchAction","target":{"@type":"EntryPoint","urlTemplate":"https:\/\/www.kaphonic.com\/fr\/?s={search_term_string}"},"query-input":{"@type":"PropertyValueSpecification","valueRequired":true,"valueName":"search_term_string"}}],"inLanguage":"fr-FR"},{"@type":"Organization","@id":"https:\/\/www.kaphonic.com\/fr\/#organization","name":"SAS KAPHONIC","alternateName":"KAPHONIC","url":"https:\/\/www.kaphonic.com\/fr\/","logo":{"@type":"ImageObject","inLanguage":"fr-FR","@id":"https:\/\/www.kaphonic.com\/fr\/#\/schema\/logo\/image\/","url":"https:\/\/www.kaphonic.com\/wp-content\/uploads\/2023\/10\/LOGO-kaphonic-noir.png","contentUrl":"https:\/\/www.kaphonic.com\/wp-content\/uploads\/2023\/10\/LOGO-kaphonic-noir.png","width":1000,"height":339,"caption":"SAS KAPHONIC"},"image":{"@id":"https:\/\/www.kaphonic.com\/fr\/#\/schema\/logo\/image\/"},"sameAs":["https:\/\/www.facebook.com\/kaphonic\/","https:\/\/www.youtube.com\/@kaphonicrecords","https:\/\/kaphonicrecords.bandcamp.com\/","https:\/\/www.instagram.com\/kaphonicrecords\/","https:\/\/soundcloud.com\/motsek"]}]}},"_links":{"self":[{"href":"https:\/\/www.kaphonic.com\/fr\/wp-json\/wp\/v2\/product\/17916","targetHints":{"allow":["GET"]}}],"collection":[{"href":"https:\/\/www.kaphonic.com\/fr\/wp-json\/wp\/v2\/product"}],"about":[{"href":"https:\/\/www.kaphonic.com\/fr\/wp-json\/wp\/v2\/types\/product"}],"version-history":[{"count":0,"href":"https:\/\/www.kaphonic.com\/fr\/wp-json\/wp\/v2\/product\/17916\/revisions"}],"wp:featuredmedia":[{"embeddable":true,"href":"https:\/\/www.kaphonic.com\/fr\/wp-json\/wp\/v2\/media\/17832"}],"wp:attachment":[{"href":"https:\/\/www.kaphonic.com\/fr\/wp-json\/wp\/v2\/media?parent=17916"}],"wp:term":[{"taxonomy":"product_brand","embeddable":true,"href":"https:\/\/www.kaphonic.com\/fr\/wp-json\/wp\/v2\/product_brand?post=17916"},{"taxonomy":"product_cat","embeddable":true,"href":"https:\/\/www.kaphonic.com\/fr\/wp-json\/wp\/v2\/product_cat?post=17916"},{"taxonomy":"product_tag","embeddable":true,"href":"https:\/\/www.kaphonic.com\/fr\/wp-json\/wp\/v2\/product_tag?post=17916"}],"curies":[{"name":"wp","href":"https:\/\/api.w.org\/{rel}","templated":true}]}}