{"id":18086,"date":"2025-11-26T21:00:40","date_gmt":"2025-11-26T20:00:40","guid":{"rendered":"https:\/\/www.kaphonic.com\/shop\/ashes-of-tomorrow-2\/"},"modified":"2025-11-27T11:10:48","modified_gmt":"2025-11-27T10:10:48","slug":"ashes-of-tomorrow-track","status":"publish","type":"product","link":"https:\/\/www.kaphonic.com\/fr\/shop\/ashes-of-tomorrow-track\/","title":{"rendered":"ASHES OF TOMORROW"},"content":{"rendered":"","protected":false},"excerpt":{"rendered":"<p>Pour cette seconde sortie de la saison, <strong>Kaphonic Records<\/strong> invite <strong>Candy Man<\/strong>, talentueux producteur sud-africain, \u00e0 signer un single 2 titres d\u2019une grande solidit\u00e9 : <em>Ashes of Tomorrow<\/em>.<\/p>\n<p>Bas\u00e9 \u00e0 Johannesburg et d\u00e9j\u00e0 soutenu par des figures majeures comme Black Coffee ou Shimza, Candy Man s\u2019impose depuis plusieurs ann\u00e9es comme l\u2019une des voix les plus authentiques de la sc\u00e8ne afro-\u00e9lectronique.<br \/>\nAvec ce projet, il livre deux titres d\u2019une pr\u00e9cision remarquable, o\u00f9 chaque son semble trouver naturellement sa place.<\/p>\n<p>Pens\u00e9 \u00e0 l\u2019origine pour accueillir des voix, le morceau principal a finalement trouv\u00e9 toute sa force dans l\u2019\u00e9pure \u2014 sans chant, sans fioriture, simplement la puissance d\u2019un son brut et d\u2019une efficacit\u00e9 redoutable.<br \/>\nUn geste instinctif et sinc\u00e8re, qui nous rappelle que parfois, la musique n&rsquo;a besoin de rien d&rsquo;autre qu&rsquo;elle-m\u00eame pour exister.<\/p>\n<p><em>Ashes of Tomorrow<\/em> prolonge la ligne que <strong>Kaphonic Records<\/strong> d\u00e9fend depuis ses d\u00e9buts : une Afro-house organique, habit\u00e9e, et r\u00e9solument ouverte sur le monde.<\/p>\n","protected":false},"featured_media":18038,"template":"","meta":{"_acf_changed":false},"product_brand":[],"product_cat":[74],"product_tag":[],"class_list":{"0":"post-18086","1":"product","2":"type-product","3":"status-publish","4":"has-post-thumbnail","6":"product_cat-piste","8":"first","9":"instock","10":"downloadable","11":"virtual","12":"taxable","13":"purchasable","14":"product-type-simple"},"acf":[],"yoast_head":"<!-- This site is optimized with the Yoast SEO plugin v27.3 - https:\/\/yoast.com\/product\/yoast-seo-wordpress\/ -->\n<title>Ashes of Tomorrow de Candy Man | Kaphonic Records<\/title>\n<meta name=\"description\" content=\"D\u00e9couvrez \u00ab Ashes of Tomorrow \u00bb, le nouveau single afro-house de Candy Man chez Kaphonic Records : deux morceaux \u00e9lectroniques organiques, puissants et finement cisel\u00e9s.\" \/>\n<meta name=\"robots\" content=\"index, follow, max-snippet:-1, max-image-preview:large, max-video-preview:-1\" \/>\n<link rel=\"canonical\" href=\"https:\/\/www.kaphonic.com\/fr\/shop\/ashes-of-tomorrow-track\/\" \/>\n<meta property=\"og:locale\" content=\"fr_FR\" \/>\n<meta property=\"og:type\" content=\"article\" \/>\n<meta property=\"og:title\" content=\"Ashes of Tomorrow de Candy Man | Kaphonic Records\" \/>\n<meta property=\"og:description\" content=\"D\u00e9couvrez \u00ab Ashes of Tomorrow \u00bb, le nouveau single afro-house de Candy Man chez Kaphonic Records : deux morceaux \u00e9lectroniques organiques, puissants et finement cisel\u00e9s.\" \/>\n<meta property=\"og:url\" content=\"https:\/\/www.kaphonic.com\/fr\/shop\/ashes-of-tomorrow-track\/\" \/>\n<meta property=\"og:site_name\" content=\"Kaphonic\" \/>\n<meta property=\"article:publisher\" content=\"https:\/\/www.facebook.com\/kaphonic\/\" \/>\n<meta property=\"article:modified_time\" content=\"2025-11-27T10:10:48+00:00\" \/>\n<meta property=\"og:image\" content=\"https:\/\/www.kaphonic.com\/wp-content\/uploads\/2025\/11\/ASHES_OF_TOMORROW-600x600-1.webp\" \/>\n\t<meta property=\"og:image:width\" content=\"600\" \/>\n\t<meta property=\"og:image:height\" content=\"600\" \/>\n\t<meta property=\"og:image:type\" content=\"image\/webp\" \/>\n<meta name=\"twitter:card\" content=\"summary_large_image\" \/>\n<meta name=\"twitter:label1\" content=\"Dur\u00e9e de lecture estim\u00e9e\" \/>\n\t<meta name=\"twitter:data1\" content=\"1 minute\" \/>\n<script type=\"application\/ld+json\" class=\"yoast-schema-graph\">{\"@context\":\"https:\\\/\\\/schema.org\",\"@graph\":[{\"@type\":\"WebPage\",\"@id\":\"https:\\\/\\\/www.kaphonic.com\\\/fr\\\/shop\\\/ashes-of-tomorrow-track\\\/\",\"url\":\"https:\\\/\\\/www.kaphonic.com\\\/fr\\\/shop\\\/ashes-of-tomorrow-track\\\/\",\"name\":\"Ashes of Tomorrow de Candy Man | Kaphonic Records\",\"isPartOf\":{\"@id\":\"https:\\\/\\\/www.kaphonic.com\\\/fr\\\/#website\"},\"primaryImageOfPage\":{\"@id\":\"https:\\\/\\\/www.kaphonic.com\\\/fr\\\/shop\\\/ashes-of-tomorrow-track\\\/#primaryimage\"},\"image\":{\"@id\":\"https:\\\/\\\/www.kaphonic.com\\\/fr\\\/shop\\\/ashes-of-tomorrow-track\\\/#primaryimage\"},\"thumbnailUrl\":\"https:\\\/\\\/www.kaphonic.com\\\/wp-content\\\/uploads\\\/2025\\\/11\\\/ASHES_OF_TOMORROW-600x600-1.webp\",\"datePublished\":\"2025-11-26T20:00:40+00:00\",\"dateModified\":\"2025-11-27T10:10:48+00:00\",\"description\":\"D\u00e9couvrez \u00ab Ashes of Tomorrow \u00bb, le nouveau single afro-house de Candy Man chez Kaphonic Records : deux morceaux \u00e9lectroniques organiques, puissants et finement cisel\u00e9s.\",\"breadcrumb\":{\"@id\":\"https:\\\/\\\/www.kaphonic.com\\\/fr\\\/shop\\\/ashes-of-tomorrow-track\\\/#breadcrumb\"},\"inLanguage\":\"fr-FR\",\"potentialAction\":[{\"@type\":\"ReadAction\",\"target\":[\"https:\\\/\\\/www.kaphonic.com\\\/fr\\\/shop\\\/ashes-of-tomorrow-track\\\/\"]}]},{\"@type\":\"ImageObject\",\"inLanguage\":\"fr-FR\",\"@id\":\"https:\\\/\\\/www.kaphonic.com\\\/fr\\\/shop\\\/ashes-of-tomorrow-track\\\/#primaryimage\",\"url\":\"https:\\\/\\\/www.kaphonic.com\\\/wp-content\\\/uploads\\\/2025\\\/11\\\/ASHES_OF_TOMORROW-600x600-1.webp\",\"contentUrl\":\"https:\\\/\\\/www.kaphonic.com\\\/wp-content\\\/uploads\\\/2025\\\/11\\\/ASHES_OF_TOMORROW-600x600-1.webp\",\"width\":600,\"height\":600},{\"@type\":\"BreadcrumbList\",\"@id\":\"https:\\\/\\\/www.kaphonic.com\\\/fr\\\/shop\\\/ashes-of-tomorrow-track\\\/#breadcrumb\",\"itemListElement\":[{\"@type\":\"ListItem\",\"position\":1,\"name\":\"Home\",\"item\":\"https:\\\/\\\/www.kaphonic.com\\\/fr\\\/accueil\\\/\"},{\"@type\":\"ListItem\",\"position\":2,\"name\":\"Shop\",\"item\":\"https:\\\/\\\/www.kaphonic.com\\\/fr\\\/shop\\\/\"},{\"@type\":\"ListItem\",\"position\":3,\"name\":\"ASHES OF TOMORROW\"}]},{\"@type\":\"WebSite\",\"@id\":\"https:\\\/\\\/www.kaphonic.com\\\/fr\\\/#website\",\"url\":\"https:\\\/\\\/www.kaphonic.com\\\/fr\\\/\",\"name\":\"Kaphonic\",\"description\":\"Label - \u00c9dition musicale - \u00c9v\u00e9nements\",\"publisher\":{\"@id\":\"https:\\\/\\\/www.kaphonic.com\\\/fr\\\/#organization\"},\"alternateName\":\"Kaphonic\",\"potentialAction\":[{\"@type\":\"SearchAction\",\"target\":{\"@type\":\"EntryPoint\",\"urlTemplate\":\"https:\\\/\\\/www.kaphonic.com\\\/fr\\\/?s={search_term_string}\"},\"query-input\":{\"@type\":\"PropertyValueSpecification\",\"valueRequired\":true,\"valueName\":\"search_term_string\"}}],\"inLanguage\":\"fr-FR\"},{\"@type\":\"Organization\",\"@id\":\"https:\\\/\\\/www.kaphonic.com\\\/fr\\\/#organization\",\"name\":\"SAS KAPHONIC\",\"alternateName\":\"KAPHONIC\",\"url\":\"https:\\\/\\\/www.kaphonic.com\\\/fr\\\/\",\"logo\":{\"@type\":\"ImageObject\",\"inLanguage\":\"fr-FR\",\"@id\":\"https:\\\/\\\/www.kaphonic.com\\\/fr\\\/#\\\/schema\\\/logo\\\/image\\\/\",\"url\":\"https:\\\/\\\/www.kaphonic.com\\\/wp-content\\\/uploads\\\/2023\\\/10\\\/LOGO-kaphonic-noir.png\",\"contentUrl\":\"https:\\\/\\\/www.kaphonic.com\\\/wp-content\\\/uploads\\\/2023\\\/10\\\/LOGO-kaphonic-noir.png\",\"width\":1000,\"height\":339,\"caption\":\"SAS KAPHONIC\"},\"image\":{\"@id\":\"https:\\\/\\\/www.kaphonic.com\\\/fr\\\/#\\\/schema\\\/logo\\\/image\\\/\"},\"sameAs\":[\"https:\\\/\\\/www.facebook.com\\\/kaphonic\\\/\",\"https:\\\/\\\/www.youtube.com\\\/@kaphonicrecords\",\"https:\\\/\\\/kaphonicrecords.bandcamp.com\\\/\",\"https:\\\/\\\/www.instagram.com\\\/kaphonicrecords\\\/\",\"https:\\\/\\\/soundcloud.com\\\/motsek\"]}]}<\/script>\n<!-- \/ Yoast SEO plugin. -->","yoast_head_json":{"title":"Ashes of Tomorrow de Candy Man | Kaphonic Records","description":"D\u00e9couvrez \u00ab Ashes of Tomorrow \u00bb, le nouveau single afro-house de Candy Man chez Kaphonic Records : deux morceaux \u00e9lectroniques organiques, puissants et finement cisel\u00e9s.","robots":{"index":"index","follow":"follow","max-snippet":"max-snippet:-1","max-image-preview":"max-image-preview:large","max-video-preview":"max-video-preview:-1"},"canonical":"https:\/\/www.kaphonic.com\/fr\/shop\/ashes-of-tomorrow-track\/","og_locale":"fr_FR","og_type":"article","og_title":"Ashes of Tomorrow de Candy Man | Kaphonic Records","og_description":"D\u00e9couvrez \u00ab Ashes of Tomorrow \u00bb, le nouveau single afro-house de Candy Man chez Kaphonic Records : deux morceaux \u00e9lectroniques organiques, puissants et finement cisel\u00e9s.","og_url":"https:\/\/www.kaphonic.com\/fr\/shop\/ashes-of-tomorrow-track\/","og_site_name":"Kaphonic","article_publisher":"https:\/\/www.facebook.com\/kaphonic\/","article_modified_time":"2025-11-27T10:10:48+00:00","og_image":[{"width":600,"height":600,"url":"https:\/\/www.kaphonic.com\/wp-content\/uploads\/2025\/11\/ASHES_OF_TOMORROW-600x600-1.webp","type":"image\/webp"}],"twitter_card":"summary_large_image","twitter_misc":{"Dur\u00e9e de lecture estim\u00e9e":"1 minute"},"schema":{"@context":"https:\/\/schema.org","@graph":[{"@type":"WebPage","@id":"https:\/\/www.kaphonic.com\/fr\/shop\/ashes-of-tomorrow-track\/","url":"https:\/\/www.kaphonic.com\/fr\/shop\/ashes-of-tomorrow-track\/","name":"Ashes of Tomorrow de Candy Man | Kaphonic Records","isPartOf":{"@id":"https:\/\/www.kaphonic.com\/fr\/#website"},"primaryImageOfPage":{"@id":"https:\/\/www.kaphonic.com\/fr\/shop\/ashes-of-tomorrow-track\/#primaryimage"},"image":{"@id":"https:\/\/www.kaphonic.com\/fr\/shop\/ashes-of-tomorrow-track\/#primaryimage"},"thumbnailUrl":"https:\/\/www.kaphonic.com\/wp-content\/uploads\/2025\/11\/ASHES_OF_TOMORROW-600x600-1.webp","datePublished":"2025-11-26T20:00:40+00:00","dateModified":"2025-11-27T10:10:48+00:00","description":"D\u00e9couvrez \u00ab Ashes of Tomorrow \u00bb, le nouveau single afro-house de Candy Man chez Kaphonic Records : deux morceaux \u00e9lectroniques organiques, puissants et finement cisel\u00e9s.","breadcrumb":{"@id":"https:\/\/www.kaphonic.com\/fr\/shop\/ashes-of-tomorrow-track\/#breadcrumb"},"inLanguage":"fr-FR","potentialAction":[{"@type":"ReadAction","target":["https:\/\/www.kaphonic.com\/fr\/shop\/ashes-of-tomorrow-track\/"]}]},{"@type":"ImageObject","inLanguage":"fr-FR","@id":"https:\/\/www.kaphonic.com\/fr\/shop\/ashes-of-tomorrow-track\/#primaryimage","url":"https:\/\/www.kaphonic.com\/wp-content\/uploads\/2025\/11\/ASHES_OF_TOMORROW-600x600-1.webp","contentUrl":"https:\/\/www.kaphonic.com\/wp-content\/uploads\/2025\/11\/ASHES_OF_TOMORROW-600x600-1.webp","width":600,"height":600},{"@type":"BreadcrumbList","@id":"https:\/\/www.kaphonic.com\/fr\/shop\/ashes-of-tomorrow-track\/#breadcrumb","itemListElement":[{"@type":"ListItem","position":1,"name":"Home","item":"https:\/\/www.kaphonic.com\/fr\/accueil\/"},{"@type":"ListItem","position":2,"name":"Shop","item":"https:\/\/www.kaphonic.com\/fr\/shop\/"},{"@type":"ListItem","position":3,"name":"ASHES OF TOMORROW"}]},{"@type":"WebSite","@id":"https:\/\/www.kaphonic.com\/fr\/#website","url":"https:\/\/www.kaphonic.com\/fr\/","name":"Kaphonic","description":"Label - \u00c9dition musicale - \u00c9v\u00e9nements","publisher":{"@id":"https:\/\/www.kaphonic.com\/fr\/#organization"},"alternateName":"Kaphonic","potentialAction":[{"@type":"SearchAction","target":{"@type":"EntryPoint","urlTemplate":"https:\/\/www.kaphonic.com\/fr\/?s={search_term_string}"},"query-input":{"@type":"PropertyValueSpecification","valueRequired":true,"valueName":"search_term_string"}}],"inLanguage":"fr-FR"},{"@type":"Organization","@id":"https:\/\/www.kaphonic.com\/fr\/#organization","name":"SAS KAPHONIC","alternateName":"KAPHONIC","url":"https:\/\/www.kaphonic.com\/fr\/","logo":{"@type":"ImageObject","inLanguage":"fr-FR","@id":"https:\/\/www.kaphonic.com\/fr\/#\/schema\/logo\/image\/","url":"https:\/\/www.kaphonic.com\/wp-content\/uploads\/2023\/10\/LOGO-kaphonic-noir.png","contentUrl":"https:\/\/www.kaphonic.com\/wp-content\/uploads\/2023\/10\/LOGO-kaphonic-noir.png","width":1000,"height":339,"caption":"SAS KAPHONIC"},"image":{"@id":"https:\/\/www.kaphonic.com\/fr\/#\/schema\/logo\/image\/"},"sameAs":["https:\/\/www.facebook.com\/kaphonic\/","https:\/\/www.youtube.com\/@kaphonicrecords","https:\/\/kaphonicrecords.bandcamp.com\/","https:\/\/www.instagram.com\/kaphonicrecords\/","https:\/\/soundcloud.com\/motsek"]}]}},"_links":{"self":[{"href":"https:\/\/www.kaphonic.com\/fr\/wp-json\/wp\/v2\/product\/18086","targetHints":{"allow":["GET"]}}],"collection":[{"href":"https:\/\/www.kaphonic.com\/fr\/wp-json\/wp\/v2\/product"}],"about":[{"href":"https:\/\/www.kaphonic.com\/fr\/wp-json\/wp\/v2\/types\/product"}],"version-history":[{"count":0,"href":"https:\/\/www.kaphonic.com\/fr\/wp-json\/wp\/v2\/product\/18086\/revisions"}],"wp:featuredmedia":[{"embeddable":true,"href":"https:\/\/www.kaphonic.com\/fr\/wp-json\/wp\/v2\/media\/18038"}],"wp:attachment":[{"href":"https:\/\/www.kaphonic.com\/fr\/wp-json\/wp\/v2\/media?parent=18086"}],"wp:term":[{"taxonomy":"product_brand","embeddable":true,"href":"https:\/\/www.kaphonic.com\/fr\/wp-json\/wp\/v2\/product_brand?post=18086"},{"taxonomy":"product_cat","embeddable":true,"href":"https:\/\/www.kaphonic.com\/fr\/wp-json\/wp\/v2\/product_cat?post=18086"},{"taxonomy":"product_tag","embeddable":true,"href":"https:\/\/www.kaphonic.com\/fr\/wp-json\/wp\/v2\/product_tag?post=18086"}],"curies":[{"name":"wp","href":"https:\/\/api.w.org\/{rel}","templated":true}]}}