{"id":18386,"date":"2026-01-16T18:09:30","date_gmt":"2026-01-16T17:09:30","guid":{"rendered":"https:\/\/www.kaphonic.com\/shop\/radis-noir\/"},"modified":"2026-03-10T15:34:36","modified_gmt":"2026-03-10T14:34:36","slug":"radis-noir","status":"publish","type":"product","link":"https:\/\/www.kaphonic.com\/fr\/shop\/radis-noir\/","title":{"rendered":"RADIS NOIR"},"content":{"rendered":"","protected":false},"excerpt":{"rendered":"<p>Apr\u00e8s \u00ab <strong>Kalinago<\/strong> \u00bb, Kaphonic Records d\u00e9voile un second extrait du futur EP <strong>SOKO<\/strong> : \u00ab <strong>Radis Noir<\/strong> \u00bb, sign\u00e9 par <strong>MOTSEK<\/strong>, accompagn\u00e9 de ses complices <strong>D. TAULIAUT<\/strong> et <strong>M-CARLOS<\/strong>.<\/p>\n<p>Comme le premier single, \u00ab Radis Noir \u00bb \u00e9volue \u00e0 la fronti\u00e8re entre musique \u00e9lectronique et instruments acoustic, m\u00ealant Sound design, programmation, percussions, saxophone &amp; effets.<\/p>\n<p>Titre apr\u00e8s titre, les trois artisans du son esquissent l\u2019univers sonore de SOKO \u2014 un projet pens\u00e9 autant pour l\u2019\u00e9coute que pour la sc\u00e8ne, avec plusieurs dates d\u00e9j\u00e0 \u00e0 venir en 2026 !<\/p>\n","protected":false},"featured_media":18369,"template":"","meta":{"_acf_changed":false},"product_brand":[],"product_cat":[78],"product_tag":[76],"class_list":{"0":"post-18386","1":"product","2":"type-product","3":"status-publish","4":"has-post-thumbnail","6":"product_cat-album-fr","7":"product_tag-piste-motsek","9":"first","10":"instock","11":"downloadable","12":"virtual","13":"taxable","14":"purchasable","15":"product-type-simple"},"acf":[],"yoast_head":"<!-- This site is optimized with the Yoast SEO plugin v27.3 - https:\/\/yoast.com\/product\/yoast-seo-wordpress\/ -->\n<title>Acheter l&#039;EP Radis Noir de Motsek | Kaphonic Records<\/title>\n<meta name=\"description\" content=\"D\u00e9couvrez \u00ab Radis Noir \u00bb, le nouvel album de Motsek avec D. Tauliaut &amp; M-Carlos, m\u00ealant musique \u00e9lectronique et instruments live, sorti chez Kaphonic Records.\" \/>\n<meta name=\"robots\" content=\"index, follow, max-snippet:-1, max-image-preview:large, max-video-preview:-1\" \/>\n<link rel=\"canonical\" href=\"https:\/\/www.kaphonic.com\/fr\/shop\/radis-noir\/\" \/>\n<meta property=\"og:locale\" content=\"fr_FR\" \/>\n<meta property=\"og:type\" content=\"article\" \/>\n<meta property=\"og:title\" content=\"Acheter l&#039;EP Radis Noir de Motsek | Kaphonic Records\" \/>\n<meta property=\"og:description\" content=\"D\u00e9couvrez \u00ab Radis Noir \u00bb, le nouvel album de Motsek avec D. Tauliaut &amp; M-Carlos, m\u00ealant musique \u00e9lectronique et instruments live, sorti chez Kaphonic Records.\" \/>\n<meta property=\"og:url\" content=\"https:\/\/www.kaphonic.com\/fr\/shop\/radis-noir\/\" \/>\n<meta property=\"og:site_name\" content=\"Kaphonic\" \/>\n<meta property=\"article:publisher\" content=\"https:\/\/www.facebook.com\/kaphonic\/\" \/>\n<meta property=\"article:modified_time\" content=\"2026-03-10T14:34:36+00:00\" \/>\n<meta property=\"og:image\" content=\"https:\/\/www.kaphonic.com\/wp-content\/uploads\/2026\/01\/radis-noir-cover-600x600-1.webp\" \/>\n\t<meta property=\"og:image:width\" content=\"600\" \/>\n\t<meta property=\"og:image:height\" content=\"600\" \/>\n\t<meta property=\"og:image:type\" content=\"image\/webp\" \/>\n<meta name=\"twitter:card\" content=\"summary_large_image\" \/>\n<meta name=\"twitter:label1\" content=\"Dur\u00e9e de lecture estim\u00e9e\" \/>\n\t<meta name=\"twitter:data1\" content=\"1 minute\" \/>\n<script type=\"application\/ld+json\" class=\"yoast-schema-graph\">{\"@context\":\"https:\\\/\\\/schema.org\",\"@graph\":[{\"@type\":\"WebPage\",\"@id\":\"https:\\\/\\\/www.kaphonic.com\\\/fr\\\/shop\\\/radis-noir\\\/\",\"url\":\"https:\\\/\\\/www.kaphonic.com\\\/fr\\\/shop\\\/radis-noir\\\/\",\"name\":\"Acheter l'EP Radis Noir de Motsek | Kaphonic Records\",\"isPartOf\":{\"@id\":\"https:\\\/\\\/www.kaphonic.com\\\/fr\\\/#website\"},\"primaryImageOfPage\":{\"@id\":\"https:\\\/\\\/www.kaphonic.com\\\/fr\\\/shop\\\/radis-noir\\\/#primaryimage\"},\"image\":{\"@id\":\"https:\\\/\\\/www.kaphonic.com\\\/fr\\\/shop\\\/radis-noir\\\/#primaryimage\"},\"thumbnailUrl\":\"https:\\\/\\\/www.kaphonic.com\\\/wp-content\\\/uploads\\\/2026\\\/01\\\/radis-noir-cover-600x600-1.webp\",\"datePublished\":\"2026-01-16T17:09:30+00:00\",\"dateModified\":\"2026-03-10T14:34:36+00:00\",\"description\":\"D\u00e9couvrez \u00ab Radis Noir \u00bb, le nouvel album de Motsek avec D. Tauliaut & M-Carlos, m\u00ealant musique \u00e9lectronique et instruments live, sorti chez Kaphonic Records.\",\"breadcrumb\":{\"@id\":\"https:\\\/\\\/www.kaphonic.com\\\/fr\\\/shop\\\/radis-noir\\\/#breadcrumb\"},\"inLanguage\":\"fr-FR\",\"potentialAction\":[{\"@type\":\"ReadAction\",\"target\":[\"https:\\\/\\\/www.kaphonic.com\\\/fr\\\/shop\\\/radis-noir\\\/\"]}]},{\"@type\":\"ImageObject\",\"inLanguage\":\"fr-FR\",\"@id\":\"https:\\\/\\\/www.kaphonic.com\\\/fr\\\/shop\\\/radis-noir\\\/#primaryimage\",\"url\":\"https:\\\/\\\/www.kaphonic.com\\\/wp-content\\\/uploads\\\/2026\\\/01\\\/radis-noir-cover-600x600-1.webp\",\"contentUrl\":\"https:\\\/\\\/www.kaphonic.com\\\/wp-content\\\/uploads\\\/2026\\\/01\\\/radis-noir-cover-600x600-1.webp\",\"width\":600,\"height\":600},{\"@type\":\"BreadcrumbList\",\"@id\":\"https:\\\/\\\/www.kaphonic.com\\\/fr\\\/shop\\\/radis-noir\\\/#breadcrumb\",\"itemListElement\":[{\"@type\":\"ListItem\",\"position\":1,\"name\":\"Home\",\"item\":\"https:\\\/\\\/www.kaphonic.com\\\/fr\\\/\"},{\"@type\":\"ListItem\",\"position\":2,\"name\":\"Shop\",\"item\":\"https:\\\/\\\/www.kaphonic.com\\\/fr\\\/shop\\\/\"},{\"@type\":\"ListItem\",\"position\":3,\"name\":\"RADIS NOIR\"}]},{\"@type\":\"WebSite\",\"@id\":\"https:\\\/\\\/www.kaphonic.com\\\/fr\\\/#website\",\"url\":\"https:\\\/\\\/www.kaphonic.com\\\/fr\\\/\",\"name\":\"Kaphonic\",\"description\":\"Label - \u00c9dition musicale - \u00c9v\u00e9nements\",\"publisher\":{\"@id\":\"https:\\\/\\\/www.kaphonic.com\\\/fr\\\/#organization\"},\"alternateName\":\"Kaphonic\",\"potentialAction\":[{\"@type\":\"SearchAction\",\"target\":{\"@type\":\"EntryPoint\",\"urlTemplate\":\"https:\\\/\\\/www.kaphonic.com\\\/fr\\\/?s={search_term_string}\"},\"query-input\":{\"@type\":\"PropertyValueSpecification\",\"valueRequired\":true,\"valueName\":\"search_term_string\"}}],\"inLanguage\":\"fr-FR\"},{\"@type\":\"Organization\",\"@id\":\"https:\\\/\\\/www.kaphonic.com\\\/fr\\\/#organization\",\"name\":\"SAS KAPHONIC\",\"alternateName\":\"KAPHONIC\",\"url\":\"https:\\\/\\\/www.kaphonic.com\\\/fr\\\/\",\"logo\":{\"@type\":\"ImageObject\",\"inLanguage\":\"fr-FR\",\"@id\":\"https:\\\/\\\/www.kaphonic.com\\\/fr\\\/#\\\/schema\\\/logo\\\/image\\\/\",\"url\":\"https:\\\/\\\/www.kaphonic.com\\\/wp-content\\\/uploads\\\/2023\\\/10\\\/LOGO-kaphonic-noir.png\",\"contentUrl\":\"https:\\\/\\\/www.kaphonic.com\\\/wp-content\\\/uploads\\\/2023\\\/10\\\/LOGO-kaphonic-noir.png\",\"width\":1000,\"height\":339,\"caption\":\"SAS KAPHONIC\"},\"image\":{\"@id\":\"https:\\\/\\\/www.kaphonic.com\\\/fr\\\/#\\\/schema\\\/logo\\\/image\\\/\"},\"sameAs\":[\"https:\\\/\\\/www.facebook.com\\\/kaphonic\\\/\",\"https:\\\/\\\/www.youtube.com\\\/@kaphonicrecords\",\"https:\\\/\\\/kaphonicrecords.bandcamp.com\\\/\",\"https:\\\/\\\/www.instagram.com\\\/kaphonicrecords\\\/\",\"https:\\\/\\\/soundcloud.com\\\/motsek\"]}]}<\/script>\n<!-- \/ Yoast SEO plugin. -->","yoast_head_json":{"title":"Acheter l'EP Radis Noir de Motsek | Kaphonic Records","description":"D\u00e9couvrez \u00ab Radis Noir \u00bb, le nouvel album de Motsek avec D. Tauliaut & M-Carlos, m\u00ealant musique \u00e9lectronique et instruments live, sorti chez Kaphonic Records.","robots":{"index":"index","follow":"follow","max-snippet":"max-snippet:-1","max-image-preview":"max-image-preview:large","max-video-preview":"max-video-preview:-1"},"canonical":"https:\/\/www.kaphonic.com\/fr\/shop\/radis-noir\/","og_locale":"fr_FR","og_type":"article","og_title":"Acheter l'EP Radis Noir de Motsek | Kaphonic Records","og_description":"D\u00e9couvrez \u00ab Radis Noir \u00bb, le nouvel album de Motsek avec D. Tauliaut & M-Carlos, m\u00ealant musique \u00e9lectronique et instruments live, sorti chez Kaphonic Records.","og_url":"https:\/\/www.kaphonic.com\/fr\/shop\/radis-noir\/","og_site_name":"Kaphonic","article_publisher":"https:\/\/www.facebook.com\/kaphonic\/","article_modified_time":"2026-03-10T14:34:36+00:00","og_image":[{"width":600,"height":600,"url":"https:\/\/www.kaphonic.com\/wp-content\/uploads\/2026\/01\/radis-noir-cover-600x600-1.webp","type":"image\/webp"}],"twitter_card":"summary_large_image","twitter_misc":{"Dur\u00e9e de lecture estim\u00e9e":"1 minute"},"schema":{"@context":"https:\/\/schema.org","@graph":[{"@type":"WebPage","@id":"https:\/\/www.kaphonic.com\/fr\/shop\/radis-noir\/","url":"https:\/\/www.kaphonic.com\/fr\/shop\/radis-noir\/","name":"Acheter l'EP Radis Noir de Motsek | Kaphonic Records","isPartOf":{"@id":"https:\/\/www.kaphonic.com\/fr\/#website"},"primaryImageOfPage":{"@id":"https:\/\/www.kaphonic.com\/fr\/shop\/radis-noir\/#primaryimage"},"image":{"@id":"https:\/\/www.kaphonic.com\/fr\/shop\/radis-noir\/#primaryimage"},"thumbnailUrl":"https:\/\/www.kaphonic.com\/wp-content\/uploads\/2026\/01\/radis-noir-cover-600x600-1.webp","datePublished":"2026-01-16T17:09:30+00:00","dateModified":"2026-03-10T14:34:36+00:00","description":"D\u00e9couvrez \u00ab Radis Noir \u00bb, le nouvel album de Motsek avec D. Tauliaut & M-Carlos, m\u00ealant musique \u00e9lectronique et instruments live, sorti chez Kaphonic Records.","breadcrumb":{"@id":"https:\/\/www.kaphonic.com\/fr\/shop\/radis-noir\/#breadcrumb"},"inLanguage":"fr-FR","potentialAction":[{"@type":"ReadAction","target":["https:\/\/www.kaphonic.com\/fr\/shop\/radis-noir\/"]}]},{"@type":"ImageObject","inLanguage":"fr-FR","@id":"https:\/\/www.kaphonic.com\/fr\/shop\/radis-noir\/#primaryimage","url":"https:\/\/www.kaphonic.com\/wp-content\/uploads\/2026\/01\/radis-noir-cover-600x600-1.webp","contentUrl":"https:\/\/www.kaphonic.com\/wp-content\/uploads\/2026\/01\/radis-noir-cover-600x600-1.webp","width":600,"height":600},{"@type":"BreadcrumbList","@id":"https:\/\/www.kaphonic.com\/fr\/shop\/radis-noir\/#breadcrumb","itemListElement":[{"@type":"ListItem","position":1,"name":"Home","item":"https:\/\/www.kaphonic.com\/fr\/"},{"@type":"ListItem","position":2,"name":"Shop","item":"https:\/\/www.kaphonic.com\/fr\/shop\/"},{"@type":"ListItem","position":3,"name":"RADIS NOIR"}]},{"@type":"WebSite","@id":"https:\/\/www.kaphonic.com\/fr\/#website","url":"https:\/\/www.kaphonic.com\/fr\/","name":"Kaphonic","description":"Label - \u00c9dition musicale - \u00c9v\u00e9nements","publisher":{"@id":"https:\/\/www.kaphonic.com\/fr\/#organization"},"alternateName":"Kaphonic","potentialAction":[{"@type":"SearchAction","target":{"@type":"EntryPoint","urlTemplate":"https:\/\/www.kaphonic.com\/fr\/?s={search_term_string}"},"query-input":{"@type":"PropertyValueSpecification","valueRequired":true,"valueName":"search_term_string"}}],"inLanguage":"fr-FR"},{"@type":"Organization","@id":"https:\/\/www.kaphonic.com\/fr\/#organization","name":"SAS KAPHONIC","alternateName":"KAPHONIC","url":"https:\/\/www.kaphonic.com\/fr\/","logo":{"@type":"ImageObject","inLanguage":"fr-FR","@id":"https:\/\/www.kaphonic.com\/fr\/#\/schema\/logo\/image\/","url":"https:\/\/www.kaphonic.com\/wp-content\/uploads\/2023\/10\/LOGO-kaphonic-noir.png","contentUrl":"https:\/\/www.kaphonic.com\/wp-content\/uploads\/2023\/10\/LOGO-kaphonic-noir.png","width":1000,"height":339,"caption":"SAS KAPHONIC"},"image":{"@id":"https:\/\/www.kaphonic.com\/fr\/#\/schema\/logo\/image\/"},"sameAs":["https:\/\/www.facebook.com\/kaphonic\/","https:\/\/www.youtube.com\/@kaphonicrecords","https:\/\/kaphonicrecords.bandcamp.com\/","https:\/\/www.instagram.com\/kaphonicrecords\/","https:\/\/soundcloud.com\/motsek"]}]}},"_links":{"self":[{"href":"https:\/\/www.kaphonic.com\/fr\/wp-json\/wp\/v2\/product\/18386","targetHints":{"allow":["GET"]}}],"collection":[{"href":"https:\/\/www.kaphonic.com\/fr\/wp-json\/wp\/v2\/product"}],"about":[{"href":"https:\/\/www.kaphonic.com\/fr\/wp-json\/wp\/v2\/types\/product"}],"version-history":[{"count":0,"href":"https:\/\/www.kaphonic.com\/fr\/wp-json\/wp\/v2\/product\/18386\/revisions"}],"wp:featuredmedia":[{"embeddable":true,"href":"https:\/\/www.kaphonic.com\/fr\/wp-json\/wp\/v2\/media\/18369"}],"wp:attachment":[{"href":"https:\/\/www.kaphonic.com\/fr\/wp-json\/wp\/v2\/media?parent=18386"}],"wp:term":[{"taxonomy":"product_brand","embeddable":true,"href":"https:\/\/www.kaphonic.com\/fr\/wp-json\/wp\/v2\/product_brand?post=18386"},{"taxonomy":"product_cat","embeddable":true,"href":"https:\/\/www.kaphonic.com\/fr\/wp-json\/wp\/v2\/product_cat?post=18386"},{"taxonomy":"product_tag","embeddable":true,"href":"https:\/\/www.kaphonic.com\/fr\/wp-json\/wp\/v2\/product_tag?post=18386"}],"curies":[{"name":"wp","href":"https:\/\/api.w.org\/{rel}","templated":true}]}}