{"id":18686,"date":"2026-02-26T18:04:15","date_gmt":"2026-02-26T17:04:15","guid":{"rendered":"https:\/\/www.kaphonic.com\/shop\/summer-breeze-dub-edit\/"},"modified":"2026-02-26T22:50:00","modified_gmt":"2026-02-26T21:50:00","slug":"summer-breeze-dub-edit","status":"publish","type":"product","link":"https:\/\/www.kaphonic.com\/fr\/shop\/summer-breeze-dub-edit\/","title":{"rendered":"SUMMER BREEZE (Dub Edit)"},"content":{"rendered":"","protected":false},"excerpt":{"rendered":"<p><strong>Chasseurs d\u2019Horizon<\/strong> est un nouvel EP instrumental sign\u00e9 <strong>El Payo<\/strong>, producteur et DJ au langage musical singulier. En abordant la musique \u00e9lectronique \u00e0 travers des influences jazz, et avec une attention particuli\u00e8re port\u00e9e aux textures sonores et \u00e0 la narration musicale, El Payo d\u00e9veloppe un univers organique et introspectif. Sa musique dessine des paysages d\u2019\u00e9motions et invite l\u2019auditeur \u00e0 une \u00e9coute immersive.<\/p>\n<p>L\u2019EP comprend <em>Summer Breeze<\/em>, une collaboration avec Lalla Martin, dont la pr\u00e9sence vocale lumineuse vient enrichir avec finesse l\u2019architecture instrumentale du morceau. Le titre accueille \u00e9galement une intervention \u00e0 la trompette de Timoth\u00e9 Petter, apportant une chaleur et une expressivit\u00e9 suppl\u00e9mentaires, et renfor\u00e7ant la sensation de lumi\u00e8re et de sensibilit\u00e9 qui traverse l\u2019ensemble du projet.<\/p>\n","protected":false},"featured_media":18571,"template":"","meta":{"_acf_changed":false},"product_brand":[],"product_cat":[74],"product_tag":[],"class_list":{"0":"post-18686","1":"product","2":"type-product","3":"status-publish","4":"has-post-thumbnail","6":"product_cat-piste","8":"first","9":"instock","10":"downloadable","11":"virtual","12":"taxable","13":"purchasable","14":"product-type-simple"},"acf":[],"yoast_head":"<!-- This site is optimized with the Yoast SEO plugin v27.3 - https:\/\/yoast.com\/product\/yoast-seo-wordpress\/ -->\n<title>Chasseurs d\u2019Horizon - EP d&#039;El Payo | Kaphonic Records<\/title>\n<meta name=\"description\" content=\"D\u00e9couvrez Chasseurs d\u2019Horizon, le nouvel EP instrumental d\u2019El Payo feat. Lalla Martin. Un jazz \u00e9lectronique immersif disponible d\u00e8s le 27 f\u00e9vrier.\" \/>\n<meta name=\"robots\" content=\"index, follow, max-snippet:-1, max-image-preview:large, max-video-preview:-1\" \/>\n<link rel=\"canonical\" href=\"https:\/\/www.kaphonic.com\/fr\/shop\/summer-breeze-dub-edit\/\" \/>\n<meta property=\"og:locale\" content=\"fr_FR\" \/>\n<meta property=\"og:type\" content=\"article\" \/>\n<meta property=\"og:title\" content=\"Chasseurs d\u2019Horizon - EP d&#039;El Payo | Kaphonic Records\" \/>\n<meta property=\"og:description\" content=\"D\u00e9couvrez Chasseurs d\u2019Horizon, le nouvel EP instrumental d\u2019El Payo feat. Lalla Martin. Un jazz \u00e9lectronique immersif disponible d\u00e8s le 27 f\u00e9vrier.\" \/>\n<meta property=\"og:url\" content=\"https:\/\/www.kaphonic.com\/fr\/shop\/summer-breeze-dub-edit\/\" \/>\n<meta property=\"og:site_name\" content=\"Kaphonic\" \/>\n<meta property=\"article:publisher\" content=\"https:\/\/www.facebook.com\/kaphonic\/\" \/>\n<meta property=\"article:modified_time\" content=\"2026-02-26T21:50:00+00:00\" \/>\n<meta property=\"og:image\" content=\"https:\/\/www.kaphonic.com\/wp-content\/uploads\/2026\/02\/CHASSEURS-D-HORIZON-cover-600x600-1.webp\" \/>\n\t<meta property=\"og:image:width\" content=\"600\" \/>\n\t<meta property=\"og:image:height\" content=\"600\" \/>\n\t<meta property=\"og:image:type\" content=\"image\/webp\" \/>\n<meta name=\"twitter:card\" content=\"summary_large_image\" \/>\n<meta name=\"twitter:label1\" content=\"Dur\u00e9e de lecture estim\u00e9e\" \/>\n\t<meta name=\"twitter:data1\" content=\"1 minute\" \/>\n<script type=\"application\/ld+json\" class=\"yoast-schema-graph\">{\"@context\":\"https:\\\/\\\/schema.org\",\"@graph\":[{\"@type\":\"WebPage\",\"@id\":\"https:\\\/\\\/www.kaphonic.com\\\/fr\\\/shop\\\/summer-breeze-dub-edit\\\/\",\"url\":\"https:\\\/\\\/www.kaphonic.com\\\/fr\\\/shop\\\/summer-breeze-dub-edit\\\/\",\"name\":\"Chasseurs d\u2019Horizon - EP d'El Payo | Kaphonic Records\",\"isPartOf\":{\"@id\":\"https:\\\/\\\/www.kaphonic.com\\\/fr\\\/#website\"},\"primaryImageOfPage\":{\"@id\":\"https:\\\/\\\/www.kaphonic.com\\\/fr\\\/shop\\\/summer-breeze-dub-edit\\\/#primaryimage\"},\"image\":{\"@id\":\"https:\\\/\\\/www.kaphonic.com\\\/fr\\\/shop\\\/summer-breeze-dub-edit\\\/#primaryimage\"},\"thumbnailUrl\":\"https:\\\/\\\/www.kaphonic.com\\\/wp-content\\\/uploads\\\/2026\\\/02\\\/CHASSEURS-D-HORIZON-cover-600x600-1.webp\",\"datePublished\":\"2026-02-26T17:04:15+00:00\",\"dateModified\":\"2026-02-26T21:50:00+00:00\",\"description\":\"D\u00e9couvrez Chasseurs d\u2019Horizon, le nouvel EP instrumental d\u2019El Payo feat. Lalla Martin. Un jazz \u00e9lectronique immersif disponible d\u00e8s le 27 f\u00e9vrier.\",\"breadcrumb\":{\"@id\":\"https:\\\/\\\/www.kaphonic.com\\\/fr\\\/shop\\\/summer-breeze-dub-edit\\\/#breadcrumb\"},\"inLanguage\":\"fr-FR\",\"potentialAction\":[{\"@type\":\"ReadAction\",\"target\":[\"https:\\\/\\\/www.kaphonic.com\\\/fr\\\/shop\\\/summer-breeze-dub-edit\\\/\"]}]},{\"@type\":\"ImageObject\",\"inLanguage\":\"fr-FR\",\"@id\":\"https:\\\/\\\/www.kaphonic.com\\\/fr\\\/shop\\\/summer-breeze-dub-edit\\\/#primaryimage\",\"url\":\"https:\\\/\\\/www.kaphonic.com\\\/wp-content\\\/uploads\\\/2026\\\/02\\\/CHASSEURS-D-HORIZON-cover-600x600-1.webp\",\"contentUrl\":\"https:\\\/\\\/www.kaphonic.com\\\/wp-content\\\/uploads\\\/2026\\\/02\\\/CHASSEURS-D-HORIZON-cover-600x600-1.webp\",\"width\":600,\"height\":600},{\"@type\":\"BreadcrumbList\",\"@id\":\"https:\\\/\\\/www.kaphonic.com\\\/fr\\\/shop\\\/summer-breeze-dub-edit\\\/#breadcrumb\",\"itemListElement\":[{\"@type\":\"ListItem\",\"position\":1,\"name\":\"Home\",\"item\":\"https:\\\/\\\/www.kaphonic.com\\\/fr\\\/accueil\\\/\"},{\"@type\":\"ListItem\",\"position\":2,\"name\":\"Shop\",\"item\":\"https:\\\/\\\/www.kaphonic.com\\\/fr\\\/shop\\\/\"},{\"@type\":\"ListItem\",\"position\":3,\"name\":\"SUMMER BREEZE (Dub Edit)\"}]},{\"@type\":\"WebSite\",\"@id\":\"https:\\\/\\\/www.kaphonic.com\\\/fr\\\/#website\",\"url\":\"https:\\\/\\\/www.kaphonic.com\\\/fr\\\/\",\"name\":\"Kaphonic\",\"description\":\"Label - \u00c9dition musicale - \u00c9v\u00e9nements\",\"publisher\":{\"@id\":\"https:\\\/\\\/www.kaphonic.com\\\/fr\\\/#organization\"},\"alternateName\":\"Kaphonic\",\"potentialAction\":[{\"@type\":\"SearchAction\",\"target\":{\"@type\":\"EntryPoint\",\"urlTemplate\":\"https:\\\/\\\/www.kaphonic.com\\\/fr\\\/?s={search_term_string}\"},\"query-input\":{\"@type\":\"PropertyValueSpecification\",\"valueRequired\":true,\"valueName\":\"search_term_string\"}}],\"inLanguage\":\"fr-FR\"},{\"@type\":\"Organization\",\"@id\":\"https:\\\/\\\/www.kaphonic.com\\\/fr\\\/#organization\",\"name\":\"SAS KAPHONIC\",\"alternateName\":\"KAPHONIC\",\"url\":\"https:\\\/\\\/www.kaphonic.com\\\/fr\\\/\",\"logo\":{\"@type\":\"ImageObject\",\"inLanguage\":\"fr-FR\",\"@id\":\"https:\\\/\\\/www.kaphonic.com\\\/fr\\\/#\\\/schema\\\/logo\\\/image\\\/\",\"url\":\"https:\\\/\\\/www.kaphonic.com\\\/wp-content\\\/uploads\\\/2023\\\/10\\\/LOGO-kaphonic-noir.png\",\"contentUrl\":\"https:\\\/\\\/www.kaphonic.com\\\/wp-content\\\/uploads\\\/2023\\\/10\\\/LOGO-kaphonic-noir.png\",\"width\":1000,\"height\":339,\"caption\":\"SAS KAPHONIC\"},\"image\":{\"@id\":\"https:\\\/\\\/www.kaphonic.com\\\/fr\\\/#\\\/schema\\\/logo\\\/image\\\/\"},\"sameAs\":[\"https:\\\/\\\/www.facebook.com\\\/kaphonic\\\/\",\"https:\\\/\\\/www.youtube.com\\\/@kaphonicrecords\",\"https:\\\/\\\/kaphonicrecords.bandcamp.com\\\/\",\"https:\\\/\\\/www.instagram.com\\\/kaphonicrecords\\\/\",\"https:\\\/\\\/soundcloud.com\\\/motsek\"]}]}<\/script>\n<!-- \/ Yoast SEO plugin. -->","yoast_head_json":{"title":"Chasseurs d\u2019Horizon - EP d'El Payo | Kaphonic Records","description":"D\u00e9couvrez Chasseurs d\u2019Horizon, le nouvel EP instrumental d\u2019El Payo feat. Lalla Martin. Un jazz \u00e9lectronique immersif disponible d\u00e8s le 27 f\u00e9vrier.","robots":{"index":"index","follow":"follow","max-snippet":"max-snippet:-1","max-image-preview":"max-image-preview:large","max-video-preview":"max-video-preview:-1"},"canonical":"https:\/\/www.kaphonic.com\/fr\/shop\/summer-breeze-dub-edit\/","og_locale":"fr_FR","og_type":"article","og_title":"Chasseurs d\u2019Horizon - EP d'El Payo | Kaphonic Records","og_description":"D\u00e9couvrez Chasseurs d\u2019Horizon, le nouvel EP instrumental d\u2019El Payo feat. Lalla Martin. Un jazz \u00e9lectronique immersif disponible d\u00e8s le 27 f\u00e9vrier.","og_url":"https:\/\/www.kaphonic.com\/fr\/shop\/summer-breeze-dub-edit\/","og_site_name":"Kaphonic","article_publisher":"https:\/\/www.facebook.com\/kaphonic\/","article_modified_time":"2026-02-26T21:50:00+00:00","og_image":[{"width":600,"height":600,"url":"https:\/\/www.kaphonic.com\/wp-content\/uploads\/2026\/02\/CHASSEURS-D-HORIZON-cover-600x600-1.webp","type":"image\/webp"}],"twitter_card":"summary_large_image","twitter_misc":{"Dur\u00e9e de lecture estim\u00e9e":"1 minute"},"schema":{"@context":"https:\/\/schema.org","@graph":[{"@type":"WebPage","@id":"https:\/\/www.kaphonic.com\/fr\/shop\/summer-breeze-dub-edit\/","url":"https:\/\/www.kaphonic.com\/fr\/shop\/summer-breeze-dub-edit\/","name":"Chasseurs d\u2019Horizon - EP d'El Payo | Kaphonic Records","isPartOf":{"@id":"https:\/\/www.kaphonic.com\/fr\/#website"},"primaryImageOfPage":{"@id":"https:\/\/www.kaphonic.com\/fr\/shop\/summer-breeze-dub-edit\/#primaryimage"},"image":{"@id":"https:\/\/www.kaphonic.com\/fr\/shop\/summer-breeze-dub-edit\/#primaryimage"},"thumbnailUrl":"https:\/\/www.kaphonic.com\/wp-content\/uploads\/2026\/02\/CHASSEURS-D-HORIZON-cover-600x600-1.webp","datePublished":"2026-02-26T17:04:15+00:00","dateModified":"2026-02-26T21:50:00+00:00","description":"D\u00e9couvrez Chasseurs d\u2019Horizon, le nouvel EP instrumental d\u2019El Payo feat. Lalla Martin. Un jazz \u00e9lectronique immersif disponible d\u00e8s le 27 f\u00e9vrier.","breadcrumb":{"@id":"https:\/\/www.kaphonic.com\/fr\/shop\/summer-breeze-dub-edit\/#breadcrumb"},"inLanguage":"fr-FR","potentialAction":[{"@type":"ReadAction","target":["https:\/\/www.kaphonic.com\/fr\/shop\/summer-breeze-dub-edit\/"]}]},{"@type":"ImageObject","inLanguage":"fr-FR","@id":"https:\/\/www.kaphonic.com\/fr\/shop\/summer-breeze-dub-edit\/#primaryimage","url":"https:\/\/www.kaphonic.com\/wp-content\/uploads\/2026\/02\/CHASSEURS-D-HORIZON-cover-600x600-1.webp","contentUrl":"https:\/\/www.kaphonic.com\/wp-content\/uploads\/2026\/02\/CHASSEURS-D-HORIZON-cover-600x600-1.webp","width":600,"height":600},{"@type":"BreadcrumbList","@id":"https:\/\/www.kaphonic.com\/fr\/shop\/summer-breeze-dub-edit\/#breadcrumb","itemListElement":[{"@type":"ListItem","position":1,"name":"Home","item":"https:\/\/www.kaphonic.com\/fr\/accueil\/"},{"@type":"ListItem","position":2,"name":"Shop","item":"https:\/\/www.kaphonic.com\/fr\/shop\/"},{"@type":"ListItem","position":3,"name":"SUMMER BREEZE (Dub Edit)"}]},{"@type":"WebSite","@id":"https:\/\/www.kaphonic.com\/fr\/#website","url":"https:\/\/www.kaphonic.com\/fr\/","name":"Kaphonic","description":"Label - \u00c9dition musicale - \u00c9v\u00e9nements","publisher":{"@id":"https:\/\/www.kaphonic.com\/fr\/#organization"},"alternateName":"Kaphonic","potentialAction":[{"@type":"SearchAction","target":{"@type":"EntryPoint","urlTemplate":"https:\/\/www.kaphonic.com\/fr\/?s={search_term_string}"},"query-input":{"@type":"PropertyValueSpecification","valueRequired":true,"valueName":"search_term_string"}}],"inLanguage":"fr-FR"},{"@type":"Organization","@id":"https:\/\/www.kaphonic.com\/fr\/#organization","name":"SAS KAPHONIC","alternateName":"KAPHONIC","url":"https:\/\/www.kaphonic.com\/fr\/","logo":{"@type":"ImageObject","inLanguage":"fr-FR","@id":"https:\/\/www.kaphonic.com\/fr\/#\/schema\/logo\/image\/","url":"https:\/\/www.kaphonic.com\/wp-content\/uploads\/2023\/10\/LOGO-kaphonic-noir.png","contentUrl":"https:\/\/www.kaphonic.com\/wp-content\/uploads\/2023\/10\/LOGO-kaphonic-noir.png","width":1000,"height":339,"caption":"SAS KAPHONIC"},"image":{"@id":"https:\/\/www.kaphonic.com\/fr\/#\/schema\/logo\/image\/"},"sameAs":["https:\/\/www.facebook.com\/kaphonic\/","https:\/\/www.youtube.com\/@kaphonicrecords","https:\/\/kaphonicrecords.bandcamp.com\/","https:\/\/www.instagram.com\/kaphonicrecords\/","https:\/\/soundcloud.com\/motsek"]}]}},"_links":{"self":[{"href":"https:\/\/www.kaphonic.com\/fr\/wp-json\/wp\/v2\/product\/18686","targetHints":{"allow":["GET"]}}],"collection":[{"href":"https:\/\/www.kaphonic.com\/fr\/wp-json\/wp\/v2\/product"}],"about":[{"href":"https:\/\/www.kaphonic.com\/fr\/wp-json\/wp\/v2\/types\/product"}],"version-history":[{"count":0,"href":"https:\/\/www.kaphonic.com\/fr\/wp-json\/wp\/v2\/product\/18686\/revisions"}],"wp:featuredmedia":[{"embeddable":true,"href":"https:\/\/www.kaphonic.com\/fr\/wp-json\/wp\/v2\/media\/18571"}],"wp:attachment":[{"href":"https:\/\/www.kaphonic.com\/fr\/wp-json\/wp\/v2\/media?parent=18686"}],"wp:term":[{"taxonomy":"product_brand","embeddable":true,"href":"https:\/\/www.kaphonic.com\/fr\/wp-json\/wp\/v2\/product_brand?post=18686"},{"taxonomy":"product_cat","embeddable":true,"href":"https:\/\/www.kaphonic.com\/fr\/wp-json\/wp\/v2\/product_cat?post=18686"},{"taxonomy":"product_tag","embeddable":true,"href":"https:\/\/www.kaphonic.com\/fr\/wp-json\/wp\/v2\/product_tag?post=18686"}],"curies":[{"name":"wp","href":"https:\/\/api.w.org\/{rel}","templated":true}]}}