{"id":18841,"date":"2026-03-10T15:50:09","date_gmt":"2026-03-10T14:50:09","guid":{"rendered":"https:\/\/www.kaphonic.com\/shop\/the-space-we-love-main-mix\/"},"modified":"2026-03-10T16:38:01","modified_gmt":"2026-03-10T15:38:01","slug":"the-space-we-love-main-mix","status":"publish","type":"product","link":"https:\/\/www.kaphonic.com\/fr\/shop\/the-space-we-love-main-mix\/","title":{"rendered":"THE SPACE WE LOVE (Main Mix)"},"content":{"rendered":"","protected":false},"excerpt":{"rendered":"<p><em><strong>The Space We Love<\/strong><\/em> est le troisi\u00e8me extrait du futur album de <strong>Soko Project<\/strong>, men\u00e9 par <strong>Motsek<\/strong>, aux c\u00f4t\u00e9s du percussionniste <strong>Dominique Tauliaut<\/strong> et du saxophoniste<strong> M-Carlos<\/strong>.<\/p>\n<p>Dans la continuit\u00e9 des deux premiers titres, ce nouveau morceau approfondit l\u2019identit\u00e9 du projet : les compositions \u00e9lectroniques de Motsek constituent l\u2019ossature du titre, tandis que les percussions et le saxophone viennent insuffler une dimension vivante et organique \u00e0 l\u2019ensemble.<\/p>\n<p>Port\u00e9 par la vision et la production de Motsek, <em>The Space We Love<\/em> se d\u00e9ploie avec retenue et tension ma\u00eetris\u00e9e. La structure \u00e9lectronique reste ouverte, laissant place aux textures rythmiques de Dominique Tauliaut et aux lignes m\u00e9lodiques du saxophone de M-Carlos.<\/p>\n<p>Plus qu\u2019un simple morceau, il s\u2019agit d\u2019un espace d\u2019interaction o\u00f9 \u00e9criture et spontan\u00e9it\u00e9 coexistent, r\u00e9v\u00e9lant progressivement l\u2019univers du futur album.<\/p>\n<p>Une rencontre coh\u00e9rente entre architecture \u00e9lectronique et expression acoustique.<\/p>\n","protected":false},"featured_media":18786,"template":"","meta":{"_acf_changed":false},"product_brand":[],"product_cat":[74],"product_tag":[],"class_list":{"0":"post-18841","1":"product","2":"type-product","3":"status-publish","4":"has-post-thumbnail","6":"product_cat-piste","8":"first","9":"instock","10":"downloadable","11":"virtual","12":"taxable","13":"purchasable","14":"product-type-simple"},"acf":[],"yoast_head":"<!-- This site is optimized with the Yoast SEO plugin v27.3 - https:\/\/yoast.com\/product\/yoast-seo-wordpress\/ -->\n<title>The Space We Love de Motsek | Kaphonic Records<\/title>\n<meta name=\"description\" content=\"The Space We Love est le 3\u00e8me extrait de l&#039;album de Soko Project, men\u00e9 par Motsek, aux c\u00f4t\u00e9s du percussionniste D. Tauliaut et du saxophoniste M-Carlos.\" \/>\n<meta name=\"robots\" content=\"index, follow, max-snippet:-1, max-image-preview:large, max-video-preview:-1\" \/>\n<link rel=\"canonical\" href=\"https:\/\/www.kaphonic.com\/fr\/shop\/the-space-we-love-main-mix\/\" \/>\n<meta property=\"og:locale\" content=\"fr_FR\" \/>\n<meta property=\"og:type\" content=\"article\" \/>\n<meta property=\"og:title\" content=\"The Space We Love de Motsek | Kaphonic Records\" \/>\n<meta property=\"og:description\" content=\"The Space We Love est le 3\u00e8me extrait de l&#039;album de Soko Project, men\u00e9 par Motsek, aux c\u00f4t\u00e9s du percussionniste D. Tauliaut et du saxophoniste M-Carlos.\" \/>\n<meta property=\"og:url\" content=\"https:\/\/www.kaphonic.com\/fr\/shop\/the-space-we-love-main-mix\/\" \/>\n<meta property=\"og:site_name\" content=\"Kaphonic\" \/>\n<meta property=\"article:publisher\" content=\"https:\/\/www.facebook.com\/kaphonic\/\" \/>\n<meta property=\"article:modified_time\" content=\"2026-03-10T15:38:01+00:00\" \/>\n<meta property=\"og:image\" content=\"https:\/\/www.kaphonic.com\/wp-content\/uploads\/2026\/03\/THE-SPACE-WE-LOVE-cover-600x600-1.webp\" \/>\n\t<meta property=\"og:image:width\" content=\"600\" \/>\n\t<meta property=\"og:image:height\" content=\"600\" \/>\n\t<meta property=\"og:image:type\" content=\"image\/webp\" \/>\n<meta name=\"twitter:card\" content=\"summary_large_image\" \/>\n<meta name=\"twitter:label1\" content=\"Dur\u00e9e de lecture estim\u00e9e\" \/>\n\t<meta name=\"twitter:data1\" content=\"1 minute\" \/>\n<script type=\"application\/ld+json\" class=\"yoast-schema-graph\">{\"@context\":\"https:\\\/\\\/schema.org\",\"@graph\":[{\"@type\":\"WebPage\",\"@id\":\"https:\\\/\\\/www.kaphonic.com\\\/fr\\\/shop\\\/the-space-we-love-main-mix\\\/\",\"url\":\"https:\\\/\\\/www.kaphonic.com\\\/fr\\\/shop\\\/the-space-we-love-main-mix\\\/\",\"name\":\"The Space We Love de Motsek | Kaphonic Records\",\"isPartOf\":{\"@id\":\"https:\\\/\\\/www.kaphonic.com\\\/fr\\\/#website\"},\"primaryImageOfPage\":{\"@id\":\"https:\\\/\\\/www.kaphonic.com\\\/fr\\\/shop\\\/the-space-we-love-main-mix\\\/#primaryimage\"},\"image\":{\"@id\":\"https:\\\/\\\/www.kaphonic.com\\\/fr\\\/shop\\\/the-space-we-love-main-mix\\\/#primaryimage\"},\"thumbnailUrl\":\"https:\\\/\\\/www.kaphonic.com\\\/wp-content\\\/uploads\\\/2026\\\/03\\\/THE-SPACE-WE-LOVE-cover-600x600-1.webp\",\"datePublished\":\"2026-03-10T14:50:09+00:00\",\"dateModified\":\"2026-03-10T15:38:01+00:00\",\"description\":\"The Space We Love est le 3\u00e8me extrait de l'album de Soko Project, men\u00e9 par Motsek, aux c\u00f4t\u00e9s du percussionniste D. Tauliaut et du saxophoniste M-Carlos.\",\"breadcrumb\":{\"@id\":\"https:\\\/\\\/www.kaphonic.com\\\/fr\\\/shop\\\/the-space-we-love-main-mix\\\/#breadcrumb\"},\"inLanguage\":\"fr-FR\",\"potentialAction\":[{\"@type\":\"ReadAction\",\"target\":[\"https:\\\/\\\/www.kaphonic.com\\\/fr\\\/shop\\\/the-space-we-love-main-mix\\\/\"]}]},{\"@type\":\"ImageObject\",\"inLanguage\":\"fr-FR\",\"@id\":\"https:\\\/\\\/www.kaphonic.com\\\/fr\\\/shop\\\/the-space-we-love-main-mix\\\/#primaryimage\",\"url\":\"https:\\\/\\\/www.kaphonic.com\\\/wp-content\\\/uploads\\\/2026\\\/03\\\/THE-SPACE-WE-LOVE-cover-600x600-1.webp\",\"contentUrl\":\"https:\\\/\\\/www.kaphonic.com\\\/wp-content\\\/uploads\\\/2026\\\/03\\\/THE-SPACE-WE-LOVE-cover-600x600-1.webp\",\"width\":600,\"height\":600},{\"@type\":\"BreadcrumbList\",\"@id\":\"https:\\\/\\\/www.kaphonic.com\\\/fr\\\/shop\\\/the-space-we-love-main-mix\\\/#breadcrumb\",\"itemListElement\":[{\"@type\":\"ListItem\",\"position\":1,\"name\":\"Home\",\"item\":\"https:\\\/\\\/www.kaphonic.com\\\/fr\\\/\"},{\"@type\":\"ListItem\",\"position\":2,\"name\":\"Shop\",\"item\":\"https:\\\/\\\/www.kaphonic.com\\\/fr\\\/shop\\\/\"},{\"@type\":\"ListItem\",\"position\":3,\"name\":\"THE SPACE WE LOVE (Main Mix)\"}]},{\"@type\":\"WebSite\",\"@id\":\"https:\\\/\\\/www.kaphonic.com\\\/fr\\\/#website\",\"url\":\"https:\\\/\\\/www.kaphonic.com\\\/fr\\\/\",\"name\":\"Kaphonic\",\"description\":\"Label - \u00c9dition musicale - \u00c9v\u00e9nements\",\"publisher\":{\"@id\":\"https:\\\/\\\/www.kaphonic.com\\\/fr\\\/#organization\"},\"alternateName\":\"Kaphonic\",\"potentialAction\":[{\"@type\":\"SearchAction\",\"target\":{\"@type\":\"EntryPoint\",\"urlTemplate\":\"https:\\\/\\\/www.kaphonic.com\\\/fr\\\/?s={search_term_string}\"},\"query-input\":{\"@type\":\"PropertyValueSpecification\",\"valueRequired\":true,\"valueName\":\"search_term_string\"}}],\"inLanguage\":\"fr-FR\"},{\"@type\":\"Organization\",\"@id\":\"https:\\\/\\\/www.kaphonic.com\\\/fr\\\/#organization\",\"name\":\"SAS KAPHONIC\",\"alternateName\":\"KAPHONIC\",\"url\":\"https:\\\/\\\/www.kaphonic.com\\\/fr\\\/\",\"logo\":{\"@type\":\"ImageObject\",\"inLanguage\":\"fr-FR\",\"@id\":\"https:\\\/\\\/www.kaphonic.com\\\/fr\\\/#\\\/schema\\\/logo\\\/image\\\/\",\"url\":\"https:\\\/\\\/www.kaphonic.com\\\/wp-content\\\/uploads\\\/2023\\\/10\\\/LOGO-kaphonic-noir.png\",\"contentUrl\":\"https:\\\/\\\/www.kaphonic.com\\\/wp-content\\\/uploads\\\/2023\\\/10\\\/LOGO-kaphonic-noir.png\",\"width\":1000,\"height\":339,\"caption\":\"SAS KAPHONIC\"},\"image\":{\"@id\":\"https:\\\/\\\/www.kaphonic.com\\\/fr\\\/#\\\/schema\\\/logo\\\/image\\\/\"},\"sameAs\":[\"https:\\\/\\\/www.facebook.com\\\/kaphonic\\\/\",\"https:\\\/\\\/www.youtube.com\\\/@kaphonicrecords\",\"https:\\\/\\\/kaphonicrecords.bandcamp.com\\\/\",\"https:\\\/\\\/www.instagram.com\\\/kaphonicrecords\\\/\",\"https:\\\/\\\/soundcloud.com\\\/motsek\"]}]}<\/script>\n<!-- \/ Yoast SEO plugin. -->","yoast_head_json":{"title":"The Space We Love de Motsek | Kaphonic Records","description":"The Space We Love est le 3\u00e8me extrait de l'album de Soko Project, men\u00e9 par Motsek, aux c\u00f4t\u00e9s du percussionniste D. Tauliaut et du saxophoniste M-Carlos.","robots":{"index":"index","follow":"follow","max-snippet":"max-snippet:-1","max-image-preview":"max-image-preview:large","max-video-preview":"max-video-preview:-1"},"canonical":"https:\/\/www.kaphonic.com\/fr\/shop\/the-space-we-love-main-mix\/","og_locale":"fr_FR","og_type":"article","og_title":"The Space We Love de Motsek | Kaphonic Records","og_description":"The Space We Love est le 3\u00e8me extrait de l'album de Soko Project, men\u00e9 par Motsek, aux c\u00f4t\u00e9s du percussionniste D. Tauliaut et du saxophoniste M-Carlos.","og_url":"https:\/\/www.kaphonic.com\/fr\/shop\/the-space-we-love-main-mix\/","og_site_name":"Kaphonic","article_publisher":"https:\/\/www.facebook.com\/kaphonic\/","article_modified_time":"2026-03-10T15:38:01+00:00","og_image":[{"width":600,"height":600,"url":"https:\/\/www.kaphonic.com\/wp-content\/uploads\/2026\/03\/THE-SPACE-WE-LOVE-cover-600x600-1.webp","type":"image\/webp"}],"twitter_card":"summary_large_image","twitter_misc":{"Dur\u00e9e de lecture estim\u00e9e":"1 minute"},"schema":{"@context":"https:\/\/schema.org","@graph":[{"@type":"WebPage","@id":"https:\/\/www.kaphonic.com\/fr\/shop\/the-space-we-love-main-mix\/","url":"https:\/\/www.kaphonic.com\/fr\/shop\/the-space-we-love-main-mix\/","name":"The Space We Love de Motsek | Kaphonic Records","isPartOf":{"@id":"https:\/\/www.kaphonic.com\/fr\/#website"},"primaryImageOfPage":{"@id":"https:\/\/www.kaphonic.com\/fr\/shop\/the-space-we-love-main-mix\/#primaryimage"},"image":{"@id":"https:\/\/www.kaphonic.com\/fr\/shop\/the-space-we-love-main-mix\/#primaryimage"},"thumbnailUrl":"https:\/\/www.kaphonic.com\/wp-content\/uploads\/2026\/03\/THE-SPACE-WE-LOVE-cover-600x600-1.webp","datePublished":"2026-03-10T14:50:09+00:00","dateModified":"2026-03-10T15:38:01+00:00","description":"The Space We Love est le 3\u00e8me extrait de l'album de Soko Project, men\u00e9 par Motsek, aux c\u00f4t\u00e9s du percussionniste D. Tauliaut et du saxophoniste M-Carlos.","breadcrumb":{"@id":"https:\/\/www.kaphonic.com\/fr\/shop\/the-space-we-love-main-mix\/#breadcrumb"},"inLanguage":"fr-FR","potentialAction":[{"@type":"ReadAction","target":["https:\/\/www.kaphonic.com\/fr\/shop\/the-space-we-love-main-mix\/"]}]},{"@type":"ImageObject","inLanguage":"fr-FR","@id":"https:\/\/www.kaphonic.com\/fr\/shop\/the-space-we-love-main-mix\/#primaryimage","url":"https:\/\/www.kaphonic.com\/wp-content\/uploads\/2026\/03\/THE-SPACE-WE-LOVE-cover-600x600-1.webp","contentUrl":"https:\/\/www.kaphonic.com\/wp-content\/uploads\/2026\/03\/THE-SPACE-WE-LOVE-cover-600x600-1.webp","width":600,"height":600},{"@type":"BreadcrumbList","@id":"https:\/\/www.kaphonic.com\/fr\/shop\/the-space-we-love-main-mix\/#breadcrumb","itemListElement":[{"@type":"ListItem","position":1,"name":"Home","item":"https:\/\/www.kaphonic.com\/fr\/"},{"@type":"ListItem","position":2,"name":"Shop","item":"https:\/\/www.kaphonic.com\/fr\/shop\/"},{"@type":"ListItem","position":3,"name":"THE SPACE WE LOVE (Main Mix)"}]},{"@type":"WebSite","@id":"https:\/\/www.kaphonic.com\/fr\/#website","url":"https:\/\/www.kaphonic.com\/fr\/","name":"Kaphonic","description":"Label - \u00c9dition musicale - \u00c9v\u00e9nements","publisher":{"@id":"https:\/\/www.kaphonic.com\/fr\/#organization"},"alternateName":"Kaphonic","potentialAction":[{"@type":"SearchAction","target":{"@type":"EntryPoint","urlTemplate":"https:\/\/www.kaphonic.com\/fr\/?s={search_term_string}"},"query-input":{"@type":"PropertyValueSpecification","valueRequired":true,"valueName":"search_term_string"}}],"inLanguage":"fr-FR"},{"@type":"Organization","@id":"https:\/\/www.kaphonic.com\/fr\/#organization","name":"SAS KAPHONIC","alternateName":"KAPHONIC","url":"https:\/\/www.kaphonic.com\/fr\/","logo":{"@type":"ImageObject","inLanguage":"fr-FR","@id":"https:\/\/www.kaphonic.com\/fr\/#\/schema\/logo\/image\/","url":"https:\/\/www.kaphonic.com\/wp-content\/uploads\/2023\/10\/LOGO-kaphonic-noir.png","contentUrl":"https:\/\/www.kaphonic.com\/wp-content\/uploads\/2023\/10\/LOGO-kaphonic-noir.png","width":1000,"height":339,"caption":"SAS KAPHONIC"},"image":{"@id":"https:\/\/www.kaphonic.com\/fr\/#\/schema\/logo\/image\/"},"sameAs":["https:\/\/www.facebook.com\/kaphonic\/","https:\/\/www.youtube.com\/@kaphonicrecords","https:\/\/kaphonicrecords.bandcamp.com\/","https:\/\/www.instagram.com\/kaphonicrecords\/","https:\/\/soundcloud.com\/motsek"]}]}},"_links":{"self":[{"href":"https:\/\/www.kaphonic.com\/fr\/wp-json\/wp\/v2\/product\/18841","targetHints":{"allow":["GET"]}}],"collection":[{"href":"https:\/\/www.kaphonic.com\/fr\/wp-json\/wp\/v2\/product"}],"about":[{"href":"https:\/\/www.kaphonic.com\/fr\/wp-json\/wp\/v2\/types\/product"}],"version-history":[{"count":0,"href":"https:\/\/www.kaphonic.com\/fr\/wp-json\/wp\/v2\/product\/18841\/revisions"}],"wp:featuredmedia":[{"embeddable":true,"href":"https:\/\/www.kaphonic.com\/fr\/wp-json\/wp\/v2\/media\/18786"}],"wp:attachment":[{"href":"https:\/\/www.kaphonic.com\/fr\/wp-json\/wp\/v2\/media?parent=18841"}],"wp:term":[{"taxonomy":"product_brand","embeddable":true,"href":"https:\/\/www.kaphonic.com\/fr\/wp-json\/wp\/v2\/product_brand?post=18841"},{"taxonomy":"product_cat","embeddable":true,"href":"https:\/\/www.kaphonic.com\/fr\/wp-json\/wp\/v2\/product_cat?post=18841"},{"taxonomy":"product_tag","embeddable":true,"href":"https:\/\/www.kaphonic.com\/fr\/wp-json\/wp\/v2\/product_tag?post=18841"}],"curies":[{"name":"wp","href":"https:\/\/api.w.org\/{rel}","templated":true}]}}