{"id":18965,"date":"2026-03-27T11:36:46","date_gmt":"2026-03-27T10:36:46","guid":{"rendered":"https:\/\/www.kaphonic.com\/shop\/jour-apres-jour-instrumental-mix\/"},"modified":"2026-03-27T15:51:45","modified_gmt":"2026-03-27T14:51:45","slug":"jour-apres-jour-instrumental-mix","status":"publish","type":"product","link":"https:\/\/www.kaphonic.com\/fr\/shop\/jour-apres-jour-instrumental-mix\/","title":{"rendered":"JOUR APRES JOUR (Instrumental Mix)"},"content":{"rendered":"","protected":false},"excerpt":{"rendered":"<p>Avec <em>Jour apr\u00e8s jour<\/em>, <strong>Layko<\/strong> au chant, et <strong>Motsek<\/strong> \u00e0 la composition, d\u00e9voilent un premier fragment de <em>Sov\u00e9 Vayan<\/em>, un album qui s\u2019inscrit dans la continuit\u00e9 de leurs recherches autour des h\u00e9ritages guadeloup\u00e9ens et des \u00e9critures musicales contemporaines.<\/p>\n<p>Dans l\u2019univers musical \u00e0 part enti\u00e8re du projet <strong><em>SOV\u00c9 VAYAN<\/em><\/strong>, on navigue avec assurance entre un Gwo-Ka d\u00e9complex\u00e9, et une Musique \u00c9lectro sophistiqu\u00e9e. Cette musique livre une synth\u00e8se millim\u00e9tr\u00e9e, entre sonorit\u00e9s actuelles et traditions carib\u00e9ennes.<\/p>\n<p>\u00c0 travers ce morceau, le duo pose les bases d\u2019un langage singulier. <em>Jour apr\u00e8s jour<\/em> fonctionne ainsi comme un point d\u2019entr\u00e9e : une mani\u00e8re d\u2019installer une \u00e9coute, un rapport au temps, et une premi\u00e8re respiration dans l\u2019univers de<em> Sov\u00e9 Vayan<\/em>.<\/p>\n","protected":false},"featured_media":18921,"template":"","meta":{"_acf_changed":false},"product_brand":[],"product_cat":[74],"product_tag":[],"class_list":{"0":"post-18965","1":"product","2":"type-product","3":"status-publish","4":"has-post-thumbnail","6":"product_cat-piste","8":"first","9":"instock","10":"downloadable","11":"virtual","12":"taxable","13":"purchasable","14":"product-type-simple"},"acf":[],"yoast_head":"<!-- This site is optimized with the Yoast SEO plugin v27.5 - https:\/\/yoast.com\/product\/yoast-seo-wordpress\/ -->\n<title>JOUR APRES JOUR (Instrumental Mix) - Kaphonic<\/title>\n<meta name=\"description\" content=\"D\u00e9couvrez \u00ab Jour apr\u00e8s jour \u00bb de Layko &amp; Motsek, un premier aper\u00e7u de \u00ab Sov\u00e9 Vayan \u00bb, qui m\u00eale les rythmes du Gwo-Ka \u00e0 des textures \u00e9lectroniques raffin\u00e9es.\" \/>\n<meta name=\"robots\" content=\"index, follow, max-snippet:-1, max-image-preview:large, max-video-preview:-1\" \/>\n<link rel=\"canonical\" href=\"https:\/\/www.kaphonic.com\/fr\/shop\/jour-apres-jour-instrumental-mix\/\" \/>\n<meta property=\"og:locale\" content=\"fr_FR\" \/>\n<meta property=\"og:type\" content=\"article\" \/>\n<meta property=\"og:title\" content=\"JOUR APRES JOUR (Instrumental Mix) - Kaphonic\" \/>\n<meta property=\"og:description\" content=\"D\u00e9couvrez \u00ab Jour apr\u00e8s jour \u00bb de Layko &amp; Motsek, un premier aper\u00e7u de \u00ab Sov\u00e9 Vayan \u00bb, qui m\u00eale les rythmes du Gwo-Ka \u00e0 des textures \u00e9lectroniques raffin\u00e9es.\" \/>\n<meta property=\"og:url\" content=\"https:\/\/www.kaphonic.com\/fr\/shop\/jour-apres-jour-instrumental-mix\/\" \/>\n<meta property=\"og:site_name\" content=\"Kaphonic\" \/>\n<meta property=\"article:publisher\" content=\"https:\/\/www.facebook.com\/kaphonic\/\" \/>\n<meta property=\"article:modified_time\" content=\"2026-03-27T14:51:45+00:00\" \/>\n<meta property=\"og:image\" content=\"https:\/\/www.kaphonic.com\/wp-content\/uploads\/2026\/03\/JOUR-APRES-JOUR-cover-600x600-1.webp\" \/>\n\t<meta property=\"og:image:width\" content=\"600\" \/>\n\t<meta property=\"og:image:height\" content=\"600\" \/>\n\t<meta property=\"og:image:type\" content=\"image\/webp\" \/>\n<meta name=\"twitter:card\" content=\"summary_large_image\" \/>\n<meta name=\"twitter:label1\" content=\"Dur\u00e9e de lecture estim\u00e9e\" \/>\n\t<meta name=\"twitter:data1\" content=\"1 minute\" \/>\n<script type=\"application\/ld+json\" class=\"yoast-schema-graph\">{\"@context\":\"https:\\\/\\\/schema.org\",\"@graph\":[{\"@type\":\"WebPage\",\"@id\":\"https:\\\/\\\/www.kaphonic.com\\\/fr\\\/shop\\\/jour-apres-jour-instrumental-mix\\\/\",\"url\":\"https:\\\/\\\/www.kaphonic.com\\\/fr\\\/shop\\\/jour-apres-jour-instrumental-mix\\\/\",\"name\":\"JOUR APRES JOUR (Instrumental Mix) - Kaphonic\",\"isPartOf\":{\"@id\":\"https:\\\/\\\/www.kaphonic.com\\\/fr\\\/#website\"},\"primaryImageOfPage\":{\"@id\":\"https:\\\/\\\/www.kaphonic.com\\\/fr\\\/shop\\\/jour-apres-jour-instrumental-mix\\\/#primaryimage\"},\"image\":{\"@id\":\"https:\\\/\\\/www.kaphonic.com\\\/fr\\\/shop\\\/jour-apres-jour-instrumental-mix\\\/#primaryimage\"},\"thumbnailUrl\":\"https:\\\/\\\/www.kaphonic.com\\\/wp-content\\\/uploads\\\/2026\\\/03\\\/JOUR-APRES-JOUR-cover-600x600-1.webp\",\"datePublished\":\"2026-03-27T10:36:46+00:00\",\"dateModified\":\"2026-03-27T14:51:45+00:00\",\"description\":\"D\u00e9couvrez \u00ab Jour apr\u00e8s jour \u00bb de Layko & Motsek, un premier aper\u00e7u de \u00ab Sov\u00e9 Vayan \u00bb, qui m\u00eale les rythmes du Gwo-Ka \u00e0 des textures \u00e9lectroniques raffin\u00e9es.\",\"breadcrumb\":{\"@id\":\"https:\\\/\\\/www.kaphonic.com\\\/fr\\\/shop\\\/jour-apres-jour-instrumental-mix\\\/#breadcrumb\"},\"inLanguage\":\"fr-FR\",\"potentialAction\":[{\"@type\":\"ReadAction\",\"target\":[\"https:\\\/\\\/www.kaphonic.com\\\/fr\\\/shop\\\/jour-apres-jour-instrumental-mix\\\/\"]}]},{\"@type\":\"ImageObject\",\"inLanguage\":\"fr-FR\",\"@id\":\"https:\\\/\\\/www.kaphonic.com\\\/fr\\\/shop\\\/jour-apres-jour-instrumental-mix\\\/#primaryimage\",\"url\":\"https:\\\/\\\/www.kaphonic.com\\\/wp-content\\\/uploads\\\/2026\\\/03\\\/JOUR-APRES-JOUR-cover-600x600-1.webp\",\"contentUrl\":\"https:\\\/\\\/www.kaphonic.com\\\/wp-content\\\/uploads\\\/2026\\\/03\\\/JOUR-APRES-JOUR-cover-600x600-1.webp\",\"width\":600,\"height\":600},{\"@type\":\"BreadcrumbList\",\"@id\":\"https:\\\/\\\/www.kaphonic.com\\\/fr\\\/shop\\\/jour-apres-jour-instrumental-mix\\\/#breadcrumb\",\"itemListElement\":[{\"@type\":\"ListItem\",\"position\":1,\"name\":\"Home\",\"item\":\"https:\\\/\\\/www.kaphonic.com\\\/fr\\\/\"},{\"@type\":\"ListItem\",\"position\":2,\"name\":\"Shop\",\"item\":\"https:\\\/\\\/www.kaphonic.com\\\/fr\\\/shop\\\/\"},{\"@type\":\"ListItem\",\"position\":3,\"name\":\"JOUR APRES JOUR (Instrumental Mix)\"}]},{\"@type\":\"WebSite\",\"@id\":\"https:\\\/\\\/www.kaphonic.com\\\/fr\\\/#website\",\"url\":\"https:\\\/\\\/www.kaphonic.com\\\/fr\\\/\",\"name\":\"Kaphonic\",\"description\":\"Label - \u00c9dition musicale - \u00c9v\u00e9nements\",\"publisher\":{\"@id\":\"https:\\\/\\\/www.kaphonic.com\\\/fr\\\/#organization\"},\"alternateName\":\"Kaphonic\",\"potentialAction\":[{\"@type\":\"SearchAction\",\"target\":{\"@type\":\"EntryPoint\",\"urlTemplate\":\"https:\\\/\\\/www.kaphonic.com\\\/fr\\\/?s={search_term_string}\"},\"query-input\":{\"@type\":\"PropertyValueSpecification\",\"valueRequired\":true,\"valueName\":\"search_term_string\"}}],\"inLanguage\":\"fr-FR\"},{\"@type\":\"Organization\",\"@id\":\"https:\\\/\\\/www.kaphonic.com\\\/fr\\\/#organization\",\"name\":\"SAS KAPHONIC\",\"alternateName\":\"KAPHONIC\",\"url\":\"https:\\\/\\\/www.kaphonic.com\\\/fr\\\/\",\"logo\":{\"@type\":\"ImageObject\",\"inLanguage\":\"fr-FR\",\"@id\":\"https:\\\/\\\/www.kaphonic.com\\\/fr\\\/#\\\/schema\\\/logo\\\/image\\\/\",\"url\":\"https:\\\/\\\/www.kaphonic.com\\\/wp-content\\\/uploads\\\/2023\\\/10\\\/LOGO-kaphonic-noir.png\",\"contentUrl\":\"https:\\\/\\\/www.kaphonic.com\\\/wp-content\\\/uploads\\\/2023\\\/10\\\/LOGO-kaphonic-noir.png\",\"width\":1000,\"height\":339,\"caption\":\"SAS KAPHONIC\"},\"image\":{\"@id\":\"https:\\\/\\\/www.kaphonic.com\\\/fr\\\/#\\\/schema\\\/logo\\\/image\\\/\"},\"sameAs\":[\"https:\\\/\\\/www.facebook.com\\\/kaphonic\\\/\",\"https:\\\/\\\/www.youtube.com\\\/@kaphonicrecords\",\"https:\\\/\\\/kaphonicrecords.bandcamp.com\\\/\",\"https:\\\/\\\/www.instagram.com\\\/kaphonicrecords\\\/\",\"https:\\\/\\\/soundcloud.com\\\/motsek\"]}]}<\/script>\n<!-- \/ Yoast SEO plugin. -->","yoast_head_json":{"title":"JOUR APRES JOUR (Instrumental Mix) - Kaphonic","description":"D\u00e9couvrez \u00ab Jour apr\u00e8s jour \u00bb de Layko & Motsek, un premier aper\u00e7u de \u00ab Sov\u00e9 Vayan \u00bb, qui m\u00eale les rythmes du Gwo-Ka \u00e0 des textures \u00e9lectroniques raffin\u00e9es.","robots":{"index":"index","follow":"follow","max-snippet":"max-snippet:-1","max-image-preview":"max-image-preview:large","max-video-preview":"max-video-preview:-1"},"canonical":"https:\/\/www.kaphonic.com\/fr\/shop\/jour-apres-jour-instrumental-mix\/","og_locale":"fr_FR","og_type":"article","og_title":"JOUR APRES JOUR (Instrumental Mix) - Kaphonic","og_description":"D\u00e9couvrez \u00ab Jour apr\u00e8s jour \u00bb de Layko & Motsek, un premier aper\u00e7u de \u00ab Sov\u00e9 Vayan \u00bb, qui m\u00eale les rythmes du Gwo-Ka \u00e0 des textures \u00e9lectroniques raffin\u00e9es.","og_url":"https:\/\/www.kaphonic.com\/fr\/shop\/jour-apres-jour-instrumental-mix\/","og_site_name":"Kaphonic","article_publisher":"https:\/\/www.facebook.com\/kaphonic\/","article_modified_time":"2026-03-27T14:51:45+00:00","og_image":[{"width":600,"height":600,"url":"https:\/\/www.kaphonic.com\/wp-content\/uploads\/2026\/03\/JOUR-APRES-JOUR-cover-600x600-1.webp","type":"image\/webp"}],"twitter_card":"summary_large_image","twitter_misc":{"Dur\u00e9e de lecture estim\u00e9e":"1 minute"},"schema":{"@context":"https:\/\/schema.org","@graph":[{"@type":"WebPage","@id":"https:\/\/www.kaphonic.com\/fr\/shop\/jour-apres-jour-instrumental-mix\/","url":"https:\/\/www.kaphonic.com\/fr\/shop\/jour-apres-jour-instrumental-mix\/","name":"JOUR APRES JOUR (Instrumental Mix) - Kaphonic","isPartOf":{"@id":"https:\/\/www.kaphonic.com\/fr\/#website"},"primaryImageOfPage":{"@id":"https:\/\/www.kaphonic.com\/fr\/shop\/jour-apres-jour-instrumental-mix\/#primaryimage"},"image":{"@id":"https:\/\/www.kaphonic.com\/fr\/shop\/jour-apres-jour-instrumental-mix\/#primaryimage"},"thumbnailUrl":"https:\/\/www.kaphonic.com\/wp-content\/uploads\/2026\/03\/JOUR-APRES-JOUR-cover-600x600-1.webp","datePublished":"2026-03-27T10:36:46+00:00","dateModified":"2026-03-27T14:51:45+00:00","description":"D\u00e9couvrez \u00ab Jour apr\u00e8s jour \u00bb de Layko & Motsek, un premier aper\u00e7u de \u00ab Sov\u00e9 Vayan \u00bb, qui m\u00eale les rythmes du Gwo-Ka \u00e0 des textures \u00e9lectroniques raffin\u00e9es.","breadcrumb":{"@id":"https:\/\/www.kaphonic.com\/fr\/shop\/jour-apres-jour-instrumental-mix\/#breadcrumb"},"inLanguage":"fr-FR","potentialAction":[{"@type":"ReadAction","target":["https:\/\/www.kaphonic.com\/fr\/shop\/jour-apres-jour-instrumental-mix\/"]}]},{"@type":"ImageObject","inLanguage":"fr-FR","@id":"https:\/\/www.kaphonic.com\/fr\/shop\/jour-apres-jour-instrumental-mix\/#primaryimage","url":"https:\/\/www.kaphonic.com\/wp-content\/uploads\/2026\/03\/JOUR-APRES-JOUR-cover-600x600-1.webp","contentUrl":"https:\/\/www.kaphonic.com\/wp-content\/uploads\/2026\/03\/JOUR-APRES-JOUR-cover-600x600-1.webp","width":600,"height":600},{"@type":"BreadcrumbList","@id":"https:\/\/www.kaphonic.com\/fr\/shop\/jour-apres-jour-instrumental-mix\/#breadcrumb","itemListElement":[{"@type":"ListItem","position":1,"name":"Home","item":"https:\/\/www.kaphonic.com\/fr\/"},{"@type":"ListItem","position":2,"name":"Shop","item":"https:\/\/www.kaphonic.com\/fr\/shop\/"},{"@type":"ListItem","position":3,"name":"JOUR APRES JOUR (Instrumental Mix)"}]},{"@type":"WebSite","@id":"https:\/\/www.kaphonic.com\/fr\/#website","url":"https:\/\/www.kaphonic.com\/fr\/","name":"Kaphonic","description":"Label - \u00c9dition musicale - \u00c9v\u00e9nements","publisher":{"@id":"https:\/\/www.kaphonic.com\/fr\/#organization"},"alternateName":"Kaphonic","potentialAction":[{"@type":"SearchAction","target":{"@type":"EntryPoint","urlTemplate":"https:\/\/www.kaphonic.com\/fr\/?s={search_term_string}"},"query-input":{"@type":"PropertyValueSpecification","valueRequired":true,"valueName":"search_term_string"}}],"inLanguage":"fr-FR"},{"@type":"Organization","@id":"https:\/\/www.kaphonic.com\/fr\/#organization","name":"SAS KAPHONIC","alternateName":"KAPHONIC","url":"https:\/\/www.kaphonic.com\/fr\/","logo":{"@type":"ImageObject","inLanguage":"fr-FR","@id":"https:\/\/www.kaphonic.com\/fr\/#\/schema\/logo\/image\/","url":"https:\/\/www.kaphonic.com\/wp-content\/uploads\/2023\/10\/LOGO-kaphonic-noir.png","contentUrl":"https:\/\/www.kaphonic.com\/wp-content\/uploads\/2023\/10\/LOGO-kaphonic-noir.png","width":1000,"height":339,"caption":"SAS KAPHONIC"},"image":{"@id":"https:\/\/www.kaphonic.com\/fr\/#\/schema\/logo\/image\/"},"sameAs":["https:\/\/www.facebook.com\/kaphonic\/","https:\/\/www.youtube.com\/@kaphonicrecords","https:\/\/kaphonicrecords.bandcamp.com\/","https:\/\/www.instagram.com\/kaphonicrecords\/","https:\/\/soundcloud.com\/motsek"]}]}},"_links":{"self":[{"href":"https:\/\/www.kaphonic.com\/fr\/wp-json\/wp\/v2\/product\/18965","targetHints":{"allow":["GET"]}}],"collection":[{"href":"https:\/\/www.kaphonic.com\/fr\/wp-json\/wp\/v2\/product"}],"about":[{"href":"https:\/\/www.kaphonic.com\/fr\/wp-json\/wp\/v2\/types\/product"}],"version-history":[{"count":0,"href":"https:\/\/www.kaphonic.com\/fr\/wp-json\/wp\/v2\/product\/18965\/revisions"}],"wp:featuredmedia":[{"embeddable":true,"href":"https:\/\/www.kaphonic.com\/fr\/wp-json\/wp\/v2\/media\/18921"}],"wp:attachment":[{"href":"https:\/\/www.kaphonic.com\/fr\/wp-json\/wp\/v2\/media?parent=18965"}],"wp:term":[{"taxonomy":"product_brand","embeddable":true,"href":"https:\/\/www.kaphonic.com\/fr\/wp-json\/wp\/v2\/product_brand?post=18965"},{"taxonomy":"product_cat","embeddable":true,"href":"https:\/\/www.kaphonic.com\/fr\/wp-json\/wp\/v2\/product_cat?post=18965"},{"taxonomy":"product_tag","embeddable":true,"href":"https:\/\/www.kaphonic.com\/fr\/wp-json\/wp\/v2\/product_tag?post=18965"}],"curies":[{"name":"wp","href":"https:\/\/api.w.org\/{rel}","templated":true}]}}