{"id":19275,"date":"2026-04-16T09:52:10","date_gmt":"2026-04-16T07:52:10","guid":{"rendered":"https:\/\/www.kaphonic.com\/shop\/ben-fey-kowosol\/"},"modified":"2026-04-16T12:43:40","modified_gmt":"2026-04-16T10:43:40","slug":"ben-fey-kowosol","status":"publish","type":"product","link":"https:\/\/www.kaphonic.com\/fr\/shop\/ben-fey-kowosol\/","title":{"rendered":"BEN FEY KOWOSOL"},"content":{"rendered":"","protected":false},"excerpt":{"rendered":"<p>Avec Ben Fey Kowosol, Layko et Motsek poursuivent l\u2019exploration qui annonce l\u2019album Sov\u00e9 Vayan. Le morceau s\u2019articule autour d\u2019un dialogue entre la voix, \u00e0 la fois ancr\u00e9e et habit\u00e9e, de Layko, et la cr\u00e9ation sonore de Motsek, nourrie de Gwo Ka et prolong\u00e9e d&rsquo;une mati\u00e8re \u00e9lectronique aussi organique que puissante.<\/p>\n<p>La pr\u00e9sence du fl\u00fbtiste virtuose Magic Malik introduit une nouvelle respiration. Son jeu, libre et pr\u00e9cis, traverse le morceau et en d\u00e9ploie les contours avec une justesse incroyable.<\/p>\n<p>Ben Fey Kowosol prolonge ainsi la logique du projet : faire circuler une m\u00e9moire musicale sans la figer, cr\u00e9er des points de rencontre entre pratiques ancestrales et formes actuelles, et laisser \u00e9merger une musique en mouvement, pens\u00e9e autant pour l\u2019\u00e9coute que pour le live.<\/p>\n","protected":false},"featured_media":19124,"template":"","meta":{"_acf_changed":false},"product_brand":[],"product_cat":[78],"product_tag":[86,76],"class_list":{"0":"post-19275","1":"product","2":"type-product","3":"status-publish","4":"has-post-thumbnail","6":"product_cat-album-fr","7":"product_tag-album-layko-fr","8":"product_tag-piste-motsek","10":"first","11":"instock","12":"downloadable","13":"virtual","14":"taxable","15":"purchasable","16":"product-type-simple"},"acf":[],"yoast_head":"<!-- This site is optimized with the Yoast SEO plugin v27.3 - https:\/\/yoast.com\/product\/yoast-seo-wordpress\/ -->\n<title>BEN FEY KOWOSOL - Kaphonic<\/title>\n<meta name=\"description\" content=\"D\u00e9couvrez \u00ab Ben Fey Kowosol \u00bb de Layko &amp; Motsek, avec Magic Malik : un dialogue entre le Gwo Ka, une fl\u00fbte virtuose, et des sons \u00e9lectroniques organiques, extrait de l&#039;album Sov\u00e9 Vayan.\" \/>\n<meta name=\"robots\" content=\"index, follow, max-snippet:-1, max-image-preview:large, max-video-preview:-1\" \/>\n<link rel=\"canonical\" href=\"https:\/\/www.kaphonic.com\/fr\/shop\/ben-fey-kowosol\/\" \/>\n<meta property=\"og:locale\" content=\"fr_FR\" \/>\n<meta property=\"og:type\" content=\"article\" \/>\n<meta property=\"og:title\" content=\"BEN FEY KOWOSOL - Kaphonic\" \/>\n<meta property=\"og:description\" content=\"D\u00e9couvrez \u00ab Ben Fey Kowosol \u00bb de Layko &amp; Motsek, avec Magic Malik : un dialogue entre le Gwo Ka, une fl\u00fbte virtuose, et des sons \u00e9lectroniques organiques, extrait de l&#039;album Sov\u00e9 Vayan.\" \/>\n<meta property=\"og:url\" content=\"https:\/\/www.kaphonic.com\/fr\/shop\/ben-fey-kowosol\/\" \/>\n<meta property=\"og:site_name\" content=\"Kaphonic\" \/>\n<meta property=\"article:publisher\" content=\"https:\/\/www.facebook.com\/kaphonic\/\" \/>\n<meta property=\"article:modified_time\" content=\"2026-04-16T10:43:40+00:00\" \/>\n<meta property=\"og:image\" content=\"https:\/\/www.kaphonic.com\/wp-content\/uploads\/2026\/04\/BEN-FEY-KOWOSOL-cover-600x600-1.webp\" \/>\n\t<meta property=\"og:image:width\" content=\"600\" \/>\n\t<meta property=\"og:image:height\" content=\"600\" \/>\n\t<meta property=\"og:image:type\" content=\"image\/webp\" \/>\n<meta name=\"twitter:card\" content=\"summary_large_image\" \/>\n<meta name=\"twitter:label1\" content=\"Dur\u00e9e de lecture estim\u00e9e\" \/>\n\t<meta name=\"twitter:data1\" content=\"1 minute\" \/>\n<script type=\"application\/ld+json\" class=\"yoast-schema-graph\">{\"@context\":\"https:\\\/\\\/schema.org\",\"@graph\":[{\"@type\":\"WebPage\",\"@id\":\"https:\\\/\\\/www.kaphonic.com\\\/fr\\\/shop\\\/ben-fey-kowosol\\\/\",\"url\":\"https:\\\/\\\/www.kaphonic.com\\\/fr\\\/shop\\\/ben-fey-kowosol\\\/\",\"name\":\"BEN FEY KOWOSOL - Kaphonic\",\"isPartOf\":{\"@id\":\"https:\\\/\\\/www.kaphonic.com\\\/fr\\\/#website\"},\"primaryImageOfPage\":{\"@id\":\"https:\\\/\\\/www.kaphonic.com\\\/fr\\\/shop\\\/ben-fey-kowosol\\\/#primaryimage\"},\"image\":{\"@id\":\"https:\\\/\\\/www.kaphonic.com\\\/fr\\\/shop\\\/ben-fey-kowosol\\\/#primaryimage\"},\"thumbnailUrl\":\"https:\\\/\\\/www.kaphonic.com\\\/wp-content\\\/uploads\\\/2026\\\/04\\\/BEN-FEY-KOWOSOL-cover-600x600-1.webp\",\"datePublished\":\"2026-04-16T07:52:10+00:00\",\"dateModified\":\"2026-04-16T10:43:40+00:00\",\"description\":\"D\u00e9couvrez \u00ab Ben Fey Kowosol \u00bb de Layko & Motsek, avec Magic Malik : un dialogue entre le Gwo Ka, une fl\u00fbte virtuose, et des sons \u00e9lectroniques organiques, extrait de l'album Sov\u00e9 Vayan.\",\"breadcrumb\":{\"@id\":\"https:\\\/\\\/www.kaphonic.com\\\/fr\\\/shop\\\/ben-fey-kowosol\\\/#breadcrumb\"},\"inLanguage\":\"fr-FR\",\"potentialAction\":[{\"@type\":\"ReadAction\",\"target\":[\"https:\\\/\\\/www.kaphonic.com\\\/fr\\\/shop\\\/ben-fey-kowosol\\\/\"]}]},{\"@type\":\"ImageObject\",\"inLanguage\":\"fr-FR\",\"@id\":\"https:\\\/\\\/www.kaphonic.com\\\/fr\\\/shop\\\/ben-fey-kowosol\\\/#primaryimage\",\"url\":\"https:\\\/\\\/www.kaphonic.com\\\/wp-content\\\/uploads\\\/2026\\\/04\\\/BEN-FEY-KOWOSOL-cover-600x600-1.webp\",\"contentUrl\":\"https:\\\/\\\/www.kaphonic.com\\\/wp-content\\\/uploads\\\/2026\\\/04\\\/BEN-FEY-KOWOSOL-cover-600x600-1.webp\",\"width\":600,\"height\":600},{\"@type\":\"BreadcrumbList\",\"@id\":\"https:\\\/\\\/www.kaphonic.com\\\/fr\\\/shop\\\/ben-fey-kowosol\\\/#breadcrumb\",\"itemListElement\":[{\"@type\":\"ListItem\",\"position\":1,\"name\":\"Home\",\"item\":\"https:\\\/\\\/www.kaphonic.com\\\/fr\\\/\"},{\"@type\":\"ListItem\",\"position\":2,\"name\":\"Shop\",\"item\":\"https:\\\/\\\/www.kaphonic.com\\\/fr\\\/shop\\\/\"},{\"@type\":\"ListItem\",\"position\":3,\"name\":\"BEN FEY KOWOSOL\"}]},{\"@type\":\"WebSite\",\"@id\":\"https:\\\/\\\/www.kaphonic.com\\\/fr\\\/#website\",\"url\":\"https:\\\/\\\/www.kaphonic.com\\\/fr\\\/\",\"name\":\"Kaphonic\",\"description\":\"Label - \u00c9dition musicale - \u00c9v\u00e9nements\",\"publisher\":{\"@id\":\"https:\\\/\\\/www.kaphonic.com\\\/fr\\\/#organization\"},\"alternateName\":\"Kaphonic\",\"potentialAction\":[{\"@type\":\"SearchAction\",\"target\":{\"@type\":\"EntryPoint\",\"urlTemplate\":\"https:\\\/\\\/www.kaphonic.com\\\/fr\\\/?s={search_term_string}\"},\"query-input\":{\"@type\":\"PropertyValueSpecification\",\"valueRequired\":true,\"valueName\":\"search_term_string\"}}],\"inLanguage\":\"fr-FR\"},{\"@type\":\"Organization\",\"@id\":\"https:\\\/\\\/www.kaphonic.com\\\/fr\\\/#organization\",\"name\":\"SAS KAPHONIC\",\"alternateName\":\"KAPHONIC\",\"url\":\"https:\\\/\\\/www.kaphonic.com\\\/fr\\\/\",\"logo\":{\"@type\":\"ImageObject\",\"inLanguage\":\"fr-FR\",\"@id\":\"https:\\\/\\\/www.kaphonic.com\\\/fr\\\/#\\\/schema\\\/logo\\\/image\\\/\",\"url\":\"https:\\\/\\\/www.kaphonic.com\\\/wp-content\\\/uploads\\\/2023\\\/10\\\/LOGO-kaphonic-noir.png\",\"contentUrl\":\"https:\\\/\\\/www.kaphonic.com\\\/wp-content\\\/uploads\\\/2023\\\/10\\\/LOGO-kaphonic-noir.png\",\"width\":1000,\"height\":339,\"caption\":\"SAS KAPHONIC\"},\"image\":{\"@id\":\"https:\\\/\\\/www.kaphonic.com\\\/fr\\\/#\\\/schema\\\/logo\\\/image\\\/\"},\"sameAs\":[\"https:\\\/\\\/www.facebook.com\\\/kaphonic\\\/\",\"https:\\\/\\\/www.youtube.com\\\/@kaphonicrecords\",\"https:\\\/\\\/kaphonicrecords.bandcamp.com\\\/\",\"https:\\\/\\\/www.instagram.com\\\/kaphonicrecords\\\/\",\"https:\\\/\\\/soundcloud.com\\\/motsek\"]}]}<\/script>\n<!-- \/ Yoast SEO plugin. -->","yoast_head_json":{"title":"BEN FEY KOWOSOL - Kaphonic","description":"D\u00e9couvrez \u00ab Ben Fey Kowosol \u00bb de Layko & Motsek, avec Magic Malik : un dialogue entre le Gwo Ka, une fl\u00fbte virtuose, et des sons \u00e9lectroniques organiques, extrait de l'album Sov\u00e9 Vayan.","robots":{"index":"index","follow":"follow","max-snippet":"max-snippet:-1","max-image-preview":"max-image-preview:large","max-video-preview":"max-video-preview:-1"},"canonical":"https:\/\/www.kaphonic.com\/fr\/shop\/ben-fey-kowosol\/","og_locale":"fr_FR","og_type":"article","og_title":"BEN FEY KOWOSOL - Kaphonic","og_description":"D\u00e9couvrez \u00ab Ben Fey Kowosol \u00bb de Layko & Motsek, avec Magic Malik : un dialogue entre le Gwo Ka, une fl\u00fbte virtuose, et des sons \u00e9lectroniques organiques, extrait de l'album Sov\u00e9 Vayan.","og_url":"https:\/\/www.kaphonic.com\/fr\/shop\/ben-fey-kowosol\/","og_site_name":"Kaphonic","article_publisher":"https:\/\/www.facebook.com\/kaphonic\/","article_modified_time":"2026-04-16T10:43:40+00:00","og_image":[{"width":600,"height":600,"url":"https:\/\/www.kaphonic.com\/wp-content\/uploads\/2026\/04\/BEN-FEY-KOWOSOL-cover-600x600-1.webp","type":"image\/webp"}],"twitter_card":"summary_large_image","twitter_misc":{"Dur\u00e9e de lecture estim\u00e9e":"1 minute"},"schema":{"@context":"https:\/\/schema.org","@graph":[{"@type":"WebPage","@id":"https:\/\/www.kaphonic.com\/fr\/shop\/ben-fey-kowosol\/","url":"https:\/\/www.kaphonic.com\/fr\/shop\/ben-fey-kowosol\/","name":"BEN FEY KOWOSOL - Kaphonic","isPartOf":{"@id":"https:\/\/www.kaphonic.com\/fr\/#website"},"primaryImageOfPage":{"@id":"https:\/\/www.kaphonic.com\/fr\/shop\/ben-fey-kowosol\/#primaryimage"},"image":{"@id":"https:\/\/www.kaphonic.com\/fr\/shop\/ben-fey-kowosol\/#primaryimage"},"thumbnailUrl":"https:\/\/www.kaphonic.com\/wp-content\/uploads\/2026\/04\/BEN-FEY-KOWOSOL-cover-600x600-1.webp","datePublished":"2026-04-16T07:52:10+00:00","dateModified":"2026-04-16T10:43:40+00:00","description":"D\u00e9couvrez \u00ab Ben Fey Kowosol \u00bb de Layko & Motsek, avec Magic Malik : un dialogue entre le Gwo Ka, une fl\u00fbte virtuose, et des sons \u00e9lectroniques organiques, extrait de l'album Sov\u00e9 Vayan.","breadcrumb":{"@id":"https:\/\/www.kaphonic.com\/fr\/shop\/ben-fey-kowosol\/#breadcrumb"},"inLanguage":"fr-FR","potentialAction":[{"@type":"ReadAction","target":["https:\/\/www.kaphonic.com\/fr\/shop\/ben-fey-kowosol\/"]}]},{"@type":"ImageObject","inLanguage":"fr-FR","@id":"https:\/\/www.kaphonic.com\/fr\/shop\/ben-fey-kowosol\/#primaryimage","url":"https:\/\/www.kaphonic.com\/wp-content\/uploads\/2026\/04\/BEN-FEY-KOWOSOL-cover-600x600-1.webp","contentUrl":"https:\/\/www.kaphonic.com\/wp-content\/uploads\/2026\/04\/BEN-FEY-KOWOSOL-cover-600x600-1.webp","width":600,"height":600},{"@type":"BreadcrumbList","@id":"https:\/\/www.kaphonic.com\/fr\/shop\/ben-fey-kowosol\/#breadcrumb","itemListElement":[{"@type":"ListItem","position":1,"name":"Home","item":"https:\/\/www.kaphonic.com\/fr\/"},{"@type":"ListItem","position":2,"name":"Shop","item":"https:\/\/www.kaphonic.com\/fr\/shop\/"},{"@type":"ListItem","position":3,"name":"BEN FEY KOWOSOL"}]},{"@type":"WebSite","@id":"https:\/\/www.kaphonic.com\/fr\/#website","url":"https:\/\/www.kaphonic.com\/fr\/","name":"Kaphonic","description":"Label - \u00c9dition musicale - \u00c9v\u00e9nements","publisher":{"@id":"https:\/\/www.kaphonic.com\/fr\/#organization"},"alternateName":"Kaphonic","potentialAction":[{"@type":"SearchAction","target":{"@type":"EntryPoint","urlTemplate":"https:\/\/www.kaphonic.com\/fr\/?s={search_term_string}"},"query-input":{"@type":"PropertyValueSpecification","valueRequired":true,"valueName":"search_term_string"}}],"inLanguage":"fr-FR"},{"@type":"Organization","@id":"https:\/\/www.kaphonic.com\/fr\/#organization","name":"SAS KAPHONIC","alternateName":"KAPHONIC","url":"https:\/\/www.kaphonic.com\/fr\/","logo":{"@type":"ImageObject","inLanguage":"fr-FR","@id":"https:\/\/www.kaphonic.com\/fr\/#\/schema\/logo\/image\/","url":"https:\/\/www.kaphonic.com\/wp-content\/uploads\/2023\/10\/LOGO-kaphonic-noir.png","contentUrl":"https:\/\/www.kaphonic.com\/wp-content\/uploads\/2023\/10\/LOGO-kaphonic-noir.png","width":1000,"height":339,"caption":"SAS KAPHONIC"},"image":{"@id":"https:\/\/www.kaphonic.com\/fr\/#\/schema\/logo\/image\/"},"sameAs":["https:\/\/www.facebook.com\/kaphonic\/","https:\/\/www.youtube.com\/@kaphonicrecords","https:\/\/kaphonicrecords.bandcamp.com\/","https:\/\/www.instagram.com\/kaphonicrecords\/","https:\/\/soundcloud.com\/motsek"]}]}},"_links":{"self":[{"href":"https:\/\/www.kaphonic.com\/fr\/wp-json\/wp\/v2\/product\/19275","targetHints":{"allow":["GET"]}}],"collection":[{"href":"https:\/\/www.kaphonic.com\/fr\/wp-json\/wp\/v2\/product"}],"about":[{"href":"https:\/\/www.kaphonic.com\/fr\/wp-json\/wp\/v2\/types\/product"}],"version-history":[{"count":1,"href":"https:\/\/www.kaphonic.com\/fr\/wp-json\/wp\/v2\/product\/19275\/revisions"}],"predecessor-version":[{"id":19309,"href":"https:\/\/www.kaphonic.com\/fr\/wp-json\/wp\/v2\/product\/19275\/revisions\/19309"}],"wp:featuredmedia":[{"embeddable":true,"href":"https:\/\/www.kaphonic.com\/fr\/wp-json\/wp\/v2\/media\/19124"}],"wp:attachment":[{"href":"https:\/\/www.kaphonic.com\/fr\/wp-json\/wp\/v2\/media?parent=19275"}],"wp:term":[{"taxonomy":"product_brand","embeddable":true,"href":"https:\/\/www.kaphonic.com\/fr\/wp-json\/wp\/v2\/product_brand?post=19275"},{"taxonomy":"product_cat","embeddable":true,"href":"https:\/\/www.kaphonic.com\/fr\/wp-json\/wp\/v2\/product_cat?post=19275"},{"taxonomy":"product_tag","embeddable":true,"href":"https:\/\/www.kaphonic.com\/fr\/wp-json\/wp\/v2\/product_tag?post=19275"}],"curies":[{"name":"wp","href":"https:\/\/api.w.org\/{rel}","templated":true}]}}