{"id":19547,"date":"2026-05-06T17:17:30","date_gmt":"2026-05-06T15:17:30","guid":{"rendered":"https:\/\/www.kaphonic.com\/shop\/jour-apres-jour-main-mix-2\/"},"modified":"2026-05-07T16:00:56","modified_gmt":"2026-05-07T14:00:56","slug":"jour-apres-jour-main-mix-2","status":"publish","type":"product","link":"https:\/\/www.kaphonic.com\/fr\/shop\/jour-apres-jour-main-mix-2\/","title":{"rendered":"JOUR APRES JOUR (Main mix)"},"content":{"rendered":"","protected":false},"excerpt":{"rendered":"<p>Avec l&rsquo;album Sov\u00e9 Vayan, Motsek \u00e0 la composition et Layko \u00e0 la voix, d\u00e9voilent un projet qui prolonge une collaboration tiss\u00e9e au fil du temps.<br \/>\nPort\u00e9 par les singles <strong>Ben F\u00e8y Kowosol et Jour apr\u00e8s jour<\/strong>, l&rsquo;album prend forme autour d&rsquo;une vision que les deux artistes d\u00e9fendent depuis leurs d\u00e9buts : celle de l\u2019Electro Ka. Un dialogue sensible entre textures \u00e9lectroniques et rythmes h\u00e9rit\u00e9s du tambour Ka, dialogue dont ils ont pos\u00e9 les premi\u00e8res bases. \u00c0 travers 8 titres, le duo explore une identit\u00e9 cr\u00e9ole en mouvement, m\u00ealant rythmes gwo ka, voix habit\u00e9e et textures \u00e9lectroniques.<\/p>\n<p>\u00c0 leurs c\u00f4t\u00e9s, <strong>Magic Malik<\/strong> apporte pour notre plus grand bonheur, la virtuosit\u00e9 de son jeu \u00e0 la fl\u00fbte sur deux titres.<\/p>\n<p>Cet opus dont le nom est inspir\u00e9 des veill\u00e9es traditionnelles de Guadeloupe, fait figure d\u2019album \u00ab\u00a0signature\u00a0\u00bb, il est \u00e0 d\u00e9couvrir d\u00e8s le vendredi 8 mai 2026 sur toutes les plateformes.<\/p>\n","protected":false},"featured_media":19383,"template":"","meta":{"_acf_changed":false},"product_brand":[],"product_cat":[74],"product_tag":[],"class_list":{"0":"post-19547","1":"product","2":"type-product","3":"status-publish","4":"has-post-thumbnail","6":"product_cat-piste","8":"first","9":"instock","10":"downloadable","11":"virtual","12":"taxable","13":"purchasable","14":"product-type-simple"},"acf":[],"yoast_head":"<!-- This site is optimized with the Yoast SEO plugin v27.5 - https:\/\/yoast.com\/product\/yoast-seo-wordpress\/ -->\n<title>JOUR APRES JOUR (Main mix) - Kaphonic<\/title>\n<meta name=\"description\" content=\"D\u00e9couvrez \u00ab JOUR APR\u00c8S JOUR \u00bb de Layko &amp; Motsek, avec Magic Malik : un dialogue entre le gwo ka, la fl\u00fbte virtuose et l&#039;\u00e9lectronique organique, tir\u00e9 de l&#039;album Sov\u00e9 Vayan.\" \/>\n<meta name=\"robots\" content=\"index, follow, max-snippet:-1, max-image-preview:large, max-video-preview:-1\" \/>\n<link rel=\"canonical\" href=\"https:\/\/www.kaphonic.com\/fr\/shop\/jour-apres-jour-main-mix-2\/\" \/>\n<meta property=\"og:locale\" content=\"fr_FR\" \/>\n<meta property=\"og:type\" content=\"article\" \/>\n<meta property=\"og:title\" content=\"JOUR APRES JOUR (Main mix) - Kaphonic\" \/>\n<meta property=\"og:description\" content=\"D\u00e9couvrez \u00ab JOUR APR\u00c8S JOUR \u00bb de Layko &amp; Motsek, avec Magic Malik : un dialogue entre le gwo ka, la fl\u00fbte virtuose et l&#039;\u00e9lectronique organique, tir\u00e9 de l&#039;album Sov\u00e9 Vayan.\" \/>\n<meta property=\"og:url\" content=\"https:\/\/www.kaphonic.com\/fr\/shop\/jour-apres-jour-main-mix-2\/\" \/>\n<meta property=\"og:site_name\" content=\"Kaphonic\" \/>\n<meta property=\"article:publisher\" content=\"https:\/\/www.facebook.com\/kaphonic\/\" \/>\n<meta property=\"article:modified_time\" content=\"2026-05-07T14:00:56+00:00\" \/>\n<meta property=\"og:image\" content=\"https:\/\/www.kaphonic.com\/wp-content\/uploads\/2026\/05\/SOVE-VAYAN-cover-600x600-1.webp\" \/>\n\t<meta property=\"og:image:width\" content=\"600\" \/>\n\t<meta property=\"og:image:height\" content=\"600\" \/>\n\t<meta property=\"og:image:type\" content=\"image\/webp\" \/>\n<meta name=\"twitter:card\" content=\"summary_large_image\" \/>\n<meta name=\"twitter:label1\" content=\"Dur\u00e9e de lecture estim\u00e9e\" \/>\n\t<meta name=\"twitter:data1\" content=\"1 minute\" \/>\n<script type=\"application\/ld+json\" class=\"yoast-schema-graph\">{\"@context\":\"https:\\\/\\\/schema.org\",\"@graph\":[{\"@type\":\"WebPage\",\"@id\":\"https:\\\/\\\/www.kaphonic.com\\\/fr\\\/shop\\\/jour-apres-jour-main-mix-2\\\/\",\"url\":\"https:\\\/\\\/www.kaphonic.com\\\/fr\\\/shop\\\/jour-apres-jour-main-mix-2\\\/\",\"name\":\"JOUR APRES JOUR (Main mix) - Kaphonic\",\"isPartOf\":{\"@id\":\"https:\\\/\\\/www.kaphonic.com\\\/fr\\\/#website\"},\"primaryImageOfPage\":{\"@id\":\"https:\\\/\\\/www.kaphonic.com\\\/fr\\\/shop\\\/jour-apres-jour-main-mix-2\\\/#primaryimage\"},\"image\":{\"@id\":\"https:\\\/\\\/www.kaphonic.com\\\/fr\\\/shop\\\/jour-apres-jour-main-mix-2\\\/#primaryimage\"},\"thumbnailUrl\":\"https:\\\/\\\/www.kaphonic.com\\\/wp-content\\\/uploads\\\/2026\\\/05\\\/SOVE-VAYAN-cover-600x600-1.webp\",\"datePublished\":\"2026-05-06T15:17:30+00:00\",\"dateModified\":\"2026-05-07T14:00:56+00:00\",\"description\":\"D\u00e9couvrez \u00ab JOUR APR\u00c8S JOUR \u00bb de Layko & Motsek, avec Magic Malik : un dialogue entre le gwo ka, la fl\u00fbte virtuose et l'\u00e9lectronique organique, tir\u00e9 de l'album Sov\u00e9 Vayan.\",\"breadcrumb\":{\"@id\":\"https:\\\/\\\/www.kaphonic.com\\\/fr\\\/shop\\\/jour-apres-jour-main-mix-2\\\/#breadcrumb\"},\"inLanguage\":\"fr-FR\",\"potentialAction\":[{\"@type\":\"ReadAction\",\"target\":[\"https:\\\/\\\/www.kaphonic.com\\\/fr\\\/shop\\\/jour-apres-jour-main-mix-2\\\/\"]}]},{\"@type\":\"ImageObject\",\"inLanguage\":\"fr-FR\",\"@id\":\"https:\\\/\\\/www.kaphonic.com\\\/fr\\\/shop\\\/jour-apres-jour-main-mix-2\\\/#primaryimage\",\"url\":\"https:\\\/\\\/www.kaphonic.com\\\/wp-content\\\/uploads\\\/2026\\\/05\\\/SOVE-VAYAN-cover-600x600-1.webp\",\"contentUrl\":\"https:\\\/\\\/www.kaphonic.com\\\/wp-content\\\/uploads\\\/2026\\\/05\\\/SOVE-VAYAN-cover-600x600-1.webp\",\"width\":600,\"height\":600},{\"@type\":\"BreadcrumbList\",\"@id\":\"https:\\\/\\\/www.kaphonic.com\\\/fr\\\/shop\\\/jour-apres-jour-main-mix-2\\\/#breadcrumb\",\"itemListElement\":[{\"@type\":\"ListItem\",\"position\":1,\"name\":\"Home\",\"item\":\"https:\\\/\\\/www.kaphonic.com\\\/fr\\\/\"},{\"@type\":\"ListItem\",\"position\":2,\"name\":\"Shop\",\"item\":\"https:\\\/\\\/www.kaphonic.com\\\/fr\\\/shop\\\/\"},{\"@type\":\"ListItem\",\"position\":3,\"name\":\"JOUR APRES JOUR (Main mix)\"}]},{\"@type\":\"WebSite\",\"@id\":\"https:\\\/\\\/www.kaphonic.com\\\/fr\\\/#website\",\"url\":\"https:\\\/\\\/www.kaphonic.com\\\/fr\\\/\",\"name\":\"Kaphonic\",\"description\":\"Label - \u00c9dition musicale - \u00c9v\u00e9nements\",\"publisher\":{\"@id\":\"https:\\\/\\\/www.kaphonic.com\\\/fr\\\/#organization\"},\"alternateName\":\"Kaphonic\",\"potentialAction\":[{\"@type\":\"SearchAction\",\"target\":{\"@type\":\"EntryPoint\",\"urlTemplate\":\"https:\\\/\\\/www.kaphonic.com\\\/fr\\\/?s={search_term_string}\"},\"query-input\":{\"@type\":\"PropertyValueSpecification\",\"valueRequired\":true,\"valueName\":\"search_term_string\"}}],\"inLanguage\":\"fr-FR\"},{\"@type\":\"Organization\",\"@id\":\"https:\\\/\\\/www.kaphonic.com\\\/fr\\\/#organization\",\"name\":\"SAS KAPHONIC\",\"alternateName\":\"KAPHONIC\",\"url\":\"https:\\\/\\\/www.kaphonic.com\\\/fr\\\/\",\"logo\":{\"@type\":\"ImageObject\",\"inLanguage\":\"fr-FR\",\"@id\":\"https:\\\/\\\/www.kaphonic.com\\\/fr\\\/#\\\/schema\\\/logo\\\/image\\\/\",\"url\":\"https:\\\/\\\/www.kaphonic.com\\\/wp-content\\\/uploads\\\/2023\\\/10\\\/LOGO-kaphonic-noir.png\",\"contentUrl\":\"https:\\\/\\\/www.kaphonic.com\\\/wp-content\\\/uploads\\\/2023\\\/10\\\/LOGO-kaphonic-noir.png\",\"width\":1000,\"height\":339,\"caption\":\"SAS KAPHONIC\"},\"image\":{\"@id\":\"https:\\\/\\\/www.kaphonic.com\\\/fr\\\/#\\\/schema\\\/logo\\\/image\\\/\"},\"sameAs\":[\"https:\\\/\\\/www.facebook.com\\\/kaphonic\\\/\",\"https:\\\/\\\/www.youtube.com\\\/@kaphonicrecords\",\"https:\\\/\\\/kaphonicrecords.bandcamp.com\\\/\",\"https:\\\/\\\/www.instagram.com\\\/kaphonicrecords\\\/\",\"https:\\\/\\\/soundcloud.com\\\/motsek\"]}]}<\/script>\n<!-- \/ Yoast SEO plugin. -->","yoast_head_json":{"title":"JOUR APRES JOUR (Main mix) - Kaphonic","description":"D\u00e9couvrez \u00ab JOUR APR\u00c8S JOUR \u00bb de Layko & Motsek, avec Magic Malik : un dialogue entre le gwo ka, la fl\u00fbte virtuose et l'\u00e9lectronique organique, tir\u00e9 de l'album Sov\u00e9 Vayan.","robots":{"index":"index","follow":"follow","max-snippet":"max-snippet:-1","max-image-preview":"max-image-preview:large","max-video-preview":"max-video-preview:-1"},"canonical":"https:\/\/www.kaphonic.com\/fr\/shop\/jour-apres-jour-main-mix-2\/","og_locale":"fr_FR","og_type":"article","og_title":"JOUR APRES JOUR (Main mix) - Kaphonic","og_description":"D\u00e9couvrez \u00ab JOUR APR\u00c8S JOUR \u00bb de Layko & Motsek, avec Magic Malik : un dialogue entre le gwo ka, la fl\u00fbte virtuose et l'\u00e9lectronique organique, tir\u00e9 de l'album Sov\u00e9 Vayan.","og_url":"https:\/\/www.kaphonic.com\/fr\/shop\/jour-apres-jour-main-mix-2\/","og_site_name":"Kaphonic","article_publisher":"https:\/\/www.facebook.com\/kaphonic\/","article_modified_time":"2026-05-07T14:00:56+00:00","og_image":[{"width":600,"height":600,"url":"https:\/\/www.kaphonic.com\/wp-content\/uploads\/2026\/05\/SOVE-VAYAN-cover-600x600-1.webp","type":"image\/webp"}],"twitter_card":"summary_large_image","twitter_misc":{"Dur\u00e9e de lecture estim\u00e9e":"1 minute"},"schema":{"@context":"https:\/\/schema.org","@graph":[{"@type":"WebPage","@id":"https:\/\/www.kaphonic.com\/fr\/shop\/jour-apres-jour-main-mix-2\/","url":"https:\/\/www.kaphonic.com\/fr\/shop\/jour-apres-jour-main-mix-2\/","name":"JOUR APRES JOUR (Main mix) - Kaphonic","isPartOf":{"@id":"https:\/\/www.kaphonic.com\/fr\/#website"},"primaryImageOfPage":{"@id":"https:\/\/www.kaphonic.com\/fr\/shop\/jour-apres-jour-main-mix-2\/#primaryimage"},"image":{"@id":"https:\/\/www.kaphonic.com\/fr\/shop\/jour-apres-jour-main-mix-2\/#primaryimage"},"thumbnailUrl":"https:\/\/www.kaphonic.com\/wp-content\/uploads\/2026\/05\/SOVE-VAYAN-cover-600x600-1.webp","datePublished":"2026-05-06T15:17:30+00:00","dateModified":"2026-05-07T14:00:56+00:00","description":"D\u00e9couvrez \u00ab JOUR APR\u00c8S JOUR \u00bb de Layko & Motsek, avec Magic Malik : un dialogue entre le gwo ka, la fl\u00fbte virtuose et l'\u00e9lectronique organique, tir\u00e9 de l'album Sov\u00e9 Vayan.","breadcrumb":{"@id":"https:\/\/www.kaphonic.com\/fr\/shop\/jour-apres-jour-main-mix-2\/#breadcrumb"},"inLanguage":"fr-FR","potentialAction":[{"@type":"ReadAction","target":["https:\/\/www.kaphonic.com\/fr\/shop\/jour-apres-jour-main-mix-2\/"]}]},{"@type":"ImageObject","inLanguage":"fr-FR","@id":"https:\/\/www.kaphonic.com\/fr\/shop\/jour-apres-jour-main-mix-2\/#primaryimage","url":"https:\/\/www.kaphonic.com\/wp-content\/uploads\/2026\/05\/SOVE-VAYAN-cover-600x600-1.webp","contentUrl":"https:\/\/www.kaphonic.com\/wp-content\/uploads\/2026\/05\/SOVE-VAYAN-cover-600x600-1.webp","width":600,"height":600},{"@type":"BreadcrumbList","@id":"https:\/\/www.kaphonic.com\/fr\/shop\/jour-apres-jour-main-mix-2\/#breadcrumb","itemListElement":[{"@type":"ListItem","position":1,"name":"Home","item":"https:\/\/www.kaphonic.com\/fr\/"},{"@type":"ListItem","position":2,"name":"Shop","item":"https:\/\/www.kaphonic.com\/fr\/shop\/"},{"@type":"ListItem","position":3,"name":"JOUR APRES JOUR (Main mix)"}]},{"@type":"WebSite","@id":"https:\/\/www.kaphonic.com\/fr\/#website","url":"https:\/\/www.kaphonic.com\/fr\/","name":"Kaphonic","description":"Label - \u00c9dition musicale - \u00c9v\u00e9nements","publisher":{"@id":"https:\/\/www.kaphonic.com\/fr\/#organization"},"alternateName":"Kaphonic","potentialAction":[{"@type":"SearchAction","target":{"@type":"EntryPoint","urlTemplate":"https:\/\/www.kaphonic.com\/fr\/?s={search_term_string}"},"query-input":{"@type":"PropertyValueSpecification","valueRequired":true,"valueName":"search_term_string"}}],"inLanguage":"fr-FR"},{"@type":"Organization","@id":"https:\/\/www.kaphonic.com\/fr\/#organization","name":"SAS KAPHONIC","alternateName":"KAPHONIC","url":"https:\/\/www.kaphonic.com\/fr\/","logo":{"@type":"ImageObject","inLanguage":"fr-FR","@id":"https:\/\/www.kaphonic.com\/fr\/#\/schema\/logo\/image\/","url":"https:\/\/www.kaphonic.com\/wp-content\/uploads\/2023\/10\/LOGO-kaphonic-noir.png","contentUrl":"https:\/\/www.kaphonic.com\/wp-content\/uploads\/2023\/10\/LOGO-kaphonic-noir.png","width":1000,"height":339,"caption":"SAS KAPHONIC"},"image":{"@id":"https:\/\/www.kaphonic.com\/fr\/#\/schema\/logo\/image\/"},"sameAs":["https:\/\/www.facebook.com\/kaphonic\/","https:\/\/www.youtube.com\/@kaphonicrecords","https:\/\/kaphonicrecords.bandcamp.com\/","https:\/\/www.instagram.com\/kaphonicrecords\/","https:\/\/soundcloud.com\/motsek"]}]}},"_links":{"self":[{"href":"https:\/\/www.kaphonic.com\/fr\/wp-json\/wp\/v2\/product\/19547","targetHints":{"allow":["GET"]}}],"collection":[{"href":"https:\/\/www.kaphonic.com\/fr\/wp-json\/wp\/v2\/product"}],"about":[{"href":"https:\/\/www.kaphonic.com\/fr\/wp-json\/wp\/v2\/types\/product"}],"version-history":[{"count":2,"href":"https:\/\/www.kaphonic.com\/fr\/wp-json\/wp\/v2\/product\/19547\/revisions"}],"predecessor-version":[{"id":19632,"href":"https:\/\/www.kaphonic.com\/fr\/wp-json\/wp\/v2\/product\/19547\/revisions\/19632"}],"wp:featuredmedia":[{"embeddable":true,"href":"https:\/\/www.kaphonic.com\/fr\/wp-json\/wp\/v2\/media\/19383"}],"wp:attachment":[{"href":"https:\/\/www.kaphonic.com\/fr\/wp-json\/wp\/v2\/media?parent=19547"}],"wp:term":[{"taxonomy":"product_brand","embeddable":true,"href":"https:\/\/www.kaphonic.com\/fr\/wp-json\/wp\/v2\/product_brand?post=19547"},{"taxonomy":"product_cat","embeddable":true,"href":"https:\/\/www.kaphonic.com\/fr\/wp-json\/wp\/v2\/product_cat?post=19547"},{"taxonomy":"product_tag","embeddable":true,"href":"https:\/\/www.kaphonic.com\/fr\/wp-json\/wp\/v2\/product_tag?post=19547"}],"curies":[{"name":"wp","href":"https:\/\/api.w.org\/{rel}","templated":true}]}}