{"id":6575,"date":"2023-09-29T18:02:54","date_gmt":"2023-09-29T16:02:54","guid":{"rendered":"https:\/\/www.kaphonic.com\/new\/shop\/nou-ka-kevin-toy-remix\/"},"modified":"2024-01-21T22:07:39","modified_gmt":"2024-01-21T21:07:39","slug":"nou-ka-kevin-toy-remix","status":"publish","type":"product","link":"https:\/\/www.kaphonic.com\/fr\/shop\/nou-ka-kevin-toy-remix\/","title":{"rendered":"NOU\u200b-\u200bKA (Kevin Toy Remix)"},"content":{"rendered":"","protected":false},"excerpt":{"rendered":"<p>Dans la continuit\u00e9 naturelle de sa ligne artistique, le Label KAPHONIC RECORDS s&rsquo;offre une p\u00e9pite musicale, ing\u00e9nieusement fa\u00e7onn\u00e9e par son directeur artistique MOTSEK.<\/p>\n<p>Autour de lui, on retrouve WOZAN MONZA, magistral chanteur T\u00e9nor caribb\u00e9en ainsi que DOMINIQUE TAULIAUT, percussionniste virtuose, issu lui aussi du terreau fertile de cette culture guadeloup\u00e9enne ancestrale. Ces trois amoureux du GWOKA sont rejoints par KEVIN TOY, jeune arrangeur et compositeur multi-instrumentiste, aguerri \u00e0 toutes les sonorit\u00e9s du monde Electro.<\/p>\n<p>Ensemble ils mod\u00e8lent une cr\u00e9ation qui absorbe les codes traditionnels ancestraux, les habillant de sons minimal progressive house savamment cisel\u00e9s. On retrouve ainsi les rythmes du GWOKA transport\u00e9s dans une spirale \u00e9lectro r\u00e9solument contemporaine, ex\u00e9cutant des aller-retours subtils entre les fondements ancestraux carib\u00e9ens et ceux de la House Music.<\/p>\n","protected":false},"featured_media":7958,"template":"","meta":{"_acf_changed":false},"product_brand":[],"product_cat":[84,74],"product_tag":[85],"class_list":{"0":"post-6575","1":"product","2":"type-product","3":"status-publish","4":"has-post-thumbnail","6":"product_cat-ancestral-ka-fr","7":"product_cat-piste","8":"product_tag-track-ancestral-ka-fr","10":"first","11":"instock","12":"downloadable","13":"virtual","14":"taxable","15":"purchasable","16":"product-type-simple"},"acf":[],"yoast_head":"<!-- This site is optimized with the Yoast SEO plugin v27.3 - https:\/\/yoast.com\/product\/yoast-seo-wordpress\/ -->\n<title>NOU\u200b-\u200bKA (Kevin Toy Remix) - Kaphonic<\/title>\n<meta name=\"robots\" content=\"index, follow, max-snippet:-1, max-image-preview:large, max-video-preview:-1\" \/>\n<link rel=\"canonical\" href=\"https:\/\/www.kaphonic.com\/fr\/shop\/nou-ka-kevin-toy-remix\/\" \/>\n<meta property=\"og:locale\" content=\"fr_FR\" \/>\n<meta property=\"og:type\" content=\"article\" \/>\n<meta property=\"og:title\" content=\"NOU\u200b-\u200bKA (Kevin Toy Remix) - Kaphonic\" \/>\n<meta property=\"og:description\" content=\"Dans la continuit\u00e9 naturelle de sa ligne artistique, le Label KAPHONIC RECORDS s&#039;offre une p\u00e9pite musicale, ing\u00e9nieusement fa\u00e7onn\u00e9e par son directeur artistique MOTSEK.  Autour de lui, on retrouve WOZAN MONZA, magistral chanteur T\u00e9nor caribb\u00e9en ainsi que DOMINIQUE TAULIAUT, percussionniste virtuose, issu lui aussi du terreau fertile de cette culture guadeloup\u00e9enne ancestrale. Ces trois amoureux du GWOKA sont rejoints par KEVIN TOY, jeune arrangeur et compositeur multi-instrumentiste, aguerri \u00e0 toutes les sonorit\u00e9s du monde Electro.  Ensemble ils mod\u00e8lent une cr\u00e9ation qui absorbe les codes traditionnels ancestraux, les habillant de sons minimal progressive house savamment cisel\u00e9s. On retrouve ainsi les rythmes du GWOKA transport\u00e9s dans une spirale \u00e9lectro r\u00e9solument contemporaine, ex\u00e9cutant des aller-retours subtils entre les fondements ancestraux carib\u00e9ens et ceux de la House Music.\" \/>\n<meta property=\"og:url\" content=\"https:\/\/www.kaphonic.com\/fr\/shop\/nou-ka-kevin-toy-remix\/\" \/>\n<meta property=\"og:site_name\" content=\"Kaphonic\" \/>\n<meta property=\"article:publisher\" content=\"https:\/\/www.facebook.com\/kaphonic\/\" \/>\n<meta property=\"article:modified_time\" content=\"2024-01-21T21:07:39+00:00\" \/>\n<meta property=\"og:image\" content=\"https:\/\/www.kaphonic.com\/wp-content\/uploads\/2023\/09\/NOU-K-COVER-kaphonic.jpg\" \/>\n\t<meta property=\"og:image:width\" content=\"1000\" \/>\n\t<meta property=\"og:image:height\" content=\"1000\" \/>\n\t<meta property=\"og:image:type\" content=\"image\/jpeg\" \/>\n<meta name=\"twitter:card\" content=\"summary_large_image\" \/>\n<meta name=\"twitter:label1\" content=\"Dur\u00e9e de lecture estim\u00e9e\" \/>\n\t<meta name=\"twitter:data1\" content=\"1 minute\" \/>\n<script type=\"application\/ld+json\" class=\"yoast-schema-graph\">{\"@context\":\"https:\\\/\\\/schema.org\",\"@graph\":[{\"@type\":\"WebPage\",\"@id\":\"https:\\\/\\\/www.kaphonic.com\\\/fr\\\/shop\\\/nou-ka-kevin-toy-remix\\\/\",\"url\":\"https:\\\/\\\/www.kaphonic.com\\\/fr\\\/shop\\\/nou-ka-kevin-toy-remix\\\/\",\"name\":\"NOU\u200b-\u200bKA (Kevin Toy Remix) - Kaphonic\",\"isPartOf\":{\"@id\":\"https:\\\/\\\/www.kaphonic.com\\\/fr\\\/#website\"},\"primaryImageOfPage\":{\"@id\":\"https:\\\/\\\/www.kaphonic.com\\\/fr\\\/shop\\\/nou-ka-kevin-toy-remix\\\/#primaryimage\"},\"image\":{\"@id\":\"https:\\\/\\\/www.kaphonic.com\\\/fr\\\/shop\\\/nou-ka-kevin-toy-remix\\\/#primaryimage\"},\"thumbnailUrl\":\"https:\\\/\\\/www.kaphonic.com\\\/wp-content\\\/uploads\\\/2023\\\/09\\\/NOU-K-COVER-kaphonic.jpg\",\"datePublished\":\"2023-09-29T16:02:54+00:00\",\"dateModified\":\"2024-01-21T21:07:39+00:00\",\"breadcrumb\":{\"@id\":\"https:\\\/\\\/www.kaphonic.com\\\/fr\\\/shop\\\/nou-ka-kevin-toy-remix\\\/#breadcrumb\"},\"inLanguage\":\"fr-FR\",\"potentialAction\":[{\"@type\":\"ReadAction\",\"target\":[\"https:\\\/\\\/www.kaphonic.com\\\/fr\\\/shop\\\/nou-ka-kevin-toy-remix\\\/\"]}]},{\"@type\":\"ImageObject\",\"inLanguage\":\"fr-FR\",\"@id\":\"https:\\\/\\\/www.kaphonic.com\\\/fr\\\/shop\\\/nou-ka-kevin-toy-remix\\\/#primaryimage\",\"url\":\"https:\\\/\\\/www.kaphonic.com\\\/wp-content\\\/uploads\\\/2023\\\/09\\\/NOU-K-COVER-kaphonic.jpg\",\"contentUrl\":\"https:\\\/\\\/www.kaphonic.com\\\/wp-content\\\/uploads\\\/2023\\\/09\\\/NOU-K-COVER-kaphonic.jpg\",\"width\":1000,\"height\":1000},{\"@type\":\"BreadcrumbList\",\"@id\":\"https:\\\/\\\/www.kaphonic.com\\\/fr\\\/shop\\\/nou-ka-kevin-toy-remix\\\/#breadcrumb\",\"itemListElement\":[{\"@type\":\"ListItem\",\"position\":1,\"name\":\"Home\",\"item\":\"https:\\\/\\\/www.kaphonic.com\\\/fr\\\/accueil\\\/\"},{\"@type\":\"ListItem\",\"position\":2,\"name\":\"Shop\",\"item\":\"https:\\\/\\\/www.kaphonic.com\\\/fr\\\/shop\\\/\"},{\"@type\":\"ListItem\",\"position\":3,\"name\":\"NOU\u200b-\u200bKA (Kevin Toy Remix)\"}]},{\"@type\":\"WebSite\",\"@id\":\"https:\\\/\\\/www.kaphonic.com\\\/fr\\\/#website\",\"url\":\"https:\\\/\\\/www.kaphonic.com\\\/fr\\\/\",\"name\":\"Kaphonic\",\"description\":\"Label - \u00c9dition musicale - \u00c9v\u00e9nements\",\"publisher\":{\"@id\":\"https:\\\/\\\/www.kaphonic.com\\\/fr\\\/#organization\"},\"alternateName\":\"Kaphonic\",\"potentialAction\":[{\"@type\":\"SearchAction\",\"target\":{\"@type\":\"EntryPoint\",\"urlTemplate\":\"https:\\\/\\\/www.kaphonic.com\\\/fr\\\/?s={search_term_string}\"},\"query-input\":{\"@type\":\"PropertyValueSpecification\",\"valueRequired\":true,\"valueName\":\"search_term_string\"}}],\"inLanguage\":\"fr-FR\"},{\"@type\":\"Organization\",\"@id\":\"https:\\\/\\\/www.kaphonic.com\\\/fr\\\/#organization\",\"name\":\"SAS KAPHONIC\",\"alternateName\":\"KAPHONIC\",\"url\":\"https:\\\/\\\/www.kaphonic.com\\\/fr\\\/\",\"logo\":{\"@type\":\"ImageObject\",\"inLanguage\":\"fr-FR\",\"@id\":\"https:\\\/\\\/www.kaphonic.com\\\/fr\\\/#\\\/schema\\\/logo\\\/image\\\/\",\"url\":\"https:\\\/\\\/www.kaphonic.com\\\/wp-content\\\/uploads\\\/2023\\\/10\\\/LOGO-kaphonic-noir.png\",\"contentUrl\":\"https:\\\/\\\/www.kaphonic.com\\\/wp-content\\\/uploads\\\/2023\\\/10\\\/LOGO-kaphonic-noir.png\",\"width\":1000,\"height\":339,\"caption\":\"SAS KAPHONIC\"},\"image\":{\"@id\":\"https:\\\/\\\/www.kaphonic.com\\\/fr\\\/#\\\/schema\\\/logo\\\/image\\\/\"},\"sameAs\":[\"https:\\\/\\\/www.facebook.com\\\/kaphonic\\\/\",\"https:\\\/\\\/www.youtube.com\\\/@kaphonicrecords\",\"https:\\\/\\\/kaphonicrecords.bandcamp.com\\\/\",\"https:\\\/\\\/www.instagram.com\\\/kaphonicrecords\\\/\",\"https:\\\/\\\/soundcloud.com\\\/motsek\"]}]}<\/script>\n<!-- \/ Yoast SEO plugin. -->","yoast_head_json":{"title":"NOU\u200b-\u200bKA (Kevin Toy Remix) - Kaphonic","robots":{"index":"index","follow":"follow","max-snippet":"max-snippet:-1","max-image-preview":"max-image-preview:large","max-video-preview":"max-video-preview:-1"},"canonical":"https:\/\/www.kaphonic.com\/fr\/shop\/nou-ka-kevin-toy-remix\/","og_locale":"fr_FR","og_type":"article","og_title":"NOU\u200b-\u200bKA (Kevin Toy Remix) - Kaphonic","og_description":"Dans la continuit\u00e9 naturelle de sa ligne artistique, le Label KAPHONIC RECORDS s'offre une p\u00e9pite musicale, ing\u00e9nieusement fa\u00e7onn\u00e9e par son directeur artistique MOTSEK.  Autour de lui, on retrouve WOZAN MONZA, magistral chanteur T\u00e9nor caribb\u00e9en ainsi que DOMINIQUE TAULIAUT, percussionniste virtuose, issu lui aussi du terreau fertile de cette culture guadeloup\u00e9enne ancestrale. Ces trois amoureux du GWOKA sont rejoints par KEVIN TOY, jeune arrangeur et compositeur multi-instrumentiste, aguerri \u00e0 toutes les sonorit\u00e9s du monde Electro.  Ensemble ils mod\u00e8lent une cr\u00e9ation qui absorbe les codes traditionnels ancestraux, les habillant de sons minimal progressive house savamment cisel\u00e9s. On retrouve ainsi les rythmes du GWOKA transport\u00e9s dans une spirale \u00e9lectro r\u00e9solument contemporaine, ex\u00e9cutant des aller-retours subtils entre les fondements ancestraux carib\u00e9ens et ceux de la House Music.","og_url":"https:\/\/www.kaphonic.com\/fr\/shop\/nou-ka-kevin-toy-remix\/","og_site_name":"Kaphonic","article_publisher":"https:\/\/www.facebook.com\/kaphonic\/","article_modified_time":"2024-01-21T21:07:39+00:00","og_image":[{"width":1000,"height":1000,"url":"https:\/\/www.kaphonic.com\/wp-content\/uploads\/2023\/09\/NOU-K-COVER-kaphonic.jpg","type":"image\/jpeg"}],"twitter_card":"summary_large_image","twitter_misc":{"Dur\u00e9e de lecture estim\u00e9e":"1 minute"},"schema":{"@context":"https:\/\/schema.org","@graph":[{"@type":"WebPage","@id":"https:\/\/www.kaphonic.com\/fr\/shop\/nou-ka-kevin-toy-remix\/","url":"https:\/\/www.kaphonic.com\/fr\/shop\/nou-ka-kevin-toy-remix\/","name":"NOU\u200b-\u200bKA (Kevin Toy Remix) - Kaphonic","isPartOf":{"@id":"https:\/\/www.kaphonic.com\/fr\/#website"},"primaryImageOfPage":{"@id":"https:\/\/www.kaphonic.com\/fr\/shop\/nou-ka-kevin-toy-remix\/#primaryimage"},"image":{"@id":"https:\/\/www.kaphonic.com\/fr\/shop\/nou-ka-kevin-toy-remix\/#primaryimage"},"thumbnailUrl":"https:\/\/www.kaphonic.com\/wp-content\/uploads\/2023\/09\/NOU-K-COVER-kaphonic.jpg","datePublished":"2023-09-29T16:02:54+00:00","dateModified":"2024-01-21T21:07:39+00:00","breadcrumb":{"@id":"https:\/\/www.kaphonic.com\/fr\/shop\/nou-ka-kevin-toy-remix\/#breadcrumb"},"inLanguage":"fr-FR","potentialAction":[{"@type":"ReadAction","target":["https:\/\/www.kaphonic.com\/fr\/shop\/nou-ka-kevin-toy-remix\/"]}]},{"@type":"ImageObject","inLanguage":"fr-FR","@id":"https:\/\/www.kaphonic.com\/fr\/shop\/nou-ka-kevin-toy-remix\/#primaryimage","url":"https:\/\/www.kaphonic.com\/wp-content\/uploads\/2023\/09\/NOU-K-COVER-kaphonic.jpg","contentUrl":"https:\/\/www.kaphonic.com\/wp-content\/uploads\/2023\/09\/NOU-K-COVER-kaphonic.jpg","width":1000,"height":1000},{"@type":"BreadcrumbList","@id":"https:\/\/www.kaphonic.com\/fr\/shop\/nou-ka-kevin-toy-remix\/#breadcrumb","itemListElement":[{"@type":"ListItem","position":1,"name":"Home","item":"https:\/\/www.kaphonic.com\/fr\/accueil\/"},{"@type":"ListItem","position":2,"name":"Shop","item":"https:\/\/www.kaphonic.com\/fr\/shop\/"},{"@type":"ListItem","position":3,"name":"NOU\u200b-\u200bKA (Kevin Toy Remix)"}]},{"@type":"WebSite","@id":"https:\/\/www.kaphonic.com\/fr\/#website","url":"https:\/\/www.kaphonic.com\/fr\/","name":"Kaphonic","description":"Label - \u00c9dition musicale - \u00c9v\u00e9nements","publisher":{"@id":"https:\/\/www.kaphonic.com\/fr\/#organization"},"alternateName":"Kaphonic","potentialAction":[{"@type":"SearchAction","target":{"@type":"EntryPoint","urlTemplate":"https:\/\/www.kaphonic.com\/fr\/?s={search_term_string}"},"query-input":{"@type":"PropertyValueSpecification","valueRequired":true,"valueName":"search_term_string"}}],"inLanguage":"fr-FR"},{"@type":"Organization","@id":"https:\/\/www.kaphonic.com\/fr\/#organization","name":"SAS KAPHONIC","alternateName":"KAPHONIC","url":"https:\/\/www.kaphonic.com\/fr\/","logo":{"@type":"ImageObject","inLanguage":"fr-FR","@id":"https:\/\/www.kaphonic.com\/fr\/#\/schema\/logo\/image\/","url":"https:\/\/www.kaphonic.com\/wp-content\/uploads\/2023\/10\/LOGO-kaphonic-noir.png","contentUrl":"https:\/\/www.kaphonic.com\/wp-content\/uploads\/2023\/10\/LOGO-kaphonic-noir.png","width":1000,"height":339,"caption":"SAS KAPHONIC"},"image":{"@id":"https:\/\/www.kaphonic.com\/fr\/#\/schema\/logo\/image\/"},"sameAs":["https:\/\/www.facebook.com\/kaphonic\/","https:\/\/www.youtube.com\/@kaphonicrecords","https:\/\/kaphonicrecords.bandcamp.com\/","https:\/\/www.instagram.com\/kaphonicrecords\/","https:\/\/soundcloud.com\/motsek"]}]}},"_links":{"self":[{"href":"https:\/\/www.kaphonic.com\/fr\/wp-json\/wp\/v2\/product\/6575","targetHints":{"allow":["GET"]}}],"collection":[{"href":"https:\/\/www.kaphonic.com\/fr\/wp-json\/wp\/v2\/product"}],"about":[{"href":"https:\/\/www.kaphonic.com\/fr\/wp-json\/wp\/v2\/types\/product"}],"version-history":[{"count":0,"href":"https:\/\/www.kaphonic.com\/fr\/wp-json\/wp\/v2\/product\/6575\/revisions"}],"wp:featuredmedia":[{"embeddable":true,"href":"https:\/\/www.kaphonic.com\/fr\/wp-json\/wp\/v2\/media\/7958"}],"wp:attachment":[{"href":"https:\/\/www.kaphonic.com\/fr\/wp-json\/wp\/v2\/media?parent=6575"}],"wp:term":[{"taxonomy":"product_brand","embeddable":true,"href":"https:\/\/www.kaphonic.com\/fr\/wp-json\/wp\/v2\/product_brand?post=6575"},{"taxonomy":"product_cat","embeddable":true,"href":"https:\/\/www.kaphonic.com\/fr\/wp-json\/wp\/v2\/product_cat?post=6575"},{"taxonomy":"product_tag","embeddable":true,"href":"https:\/\/www.kaphonic.com\/fr\/wp-json\/wp\/v2\/product_tag?post=6575"}],"curies":[{"name":"wp","href":"https:\/\/api.w.org\/{rel}","templated":true}]}}