{"id":6576,"date":"2023-09-29T17:30:41","date_gmt":"2023-09-29T15:30:41","guid":{"rendered":"https:\/\/www.kaphonic.com\/new\/shop\/sonje-koute\/"},"modified":"2026-03-27T14:59:59","modified_gmt":"2026-03-27T13:59:59","slug":"sonje-koute","status":"publish","type":"product","link":"https:\/\/www.kaphonic.com\/fr\/shop\/sonje-koute\/","title":{"rendered":"SONJ\u00c9 KOUT\u00c9"},"content":{"rendered":"","protected":false},"excerpt":{"rendered":"<p>Dans l\u2019univers musical \u00e0 part enti\u00e8re de LAYKO, on navigue avec assurance entre un Gwo-Ka d\u00e9complex\u00e9, et une Musique \u00c9lectro sophistiqu\u00e9e.<\/p>\n<p>Avec MOTSEK, compositeur et directeur du label Kaphonic, et M-CARLOS, talentueux compositeur et Saxophoniste cubain, LAYKO livre une synth\u00e8se sensible, entre sonorit\u00e9s actuelles et traditions carib\u00e9ennes, entre rythmiques de quintessence universelle et mouvements trac\u00e9s en terres archip\u00e9liques.<\/p>\n","protected":false},"featured_media":7917,"template":"","meta":{"_acf_changed":false},"product_brand":[],"product_cat":[78,80],"product_tag":[86,76],"class_list":{"0":"post-6576","1":"product","2":"type-product","3":"status-publish","4":"has-post-thumbnail","6":"product_cat-album-fr","7":"product_cat-layko-fr","8":"product_tag-album-layko-fr","9":"product_tag-piste-motsek","11":"first","12":"instock","13":"featured","14":"downloadable","15":"virtual","16":"taxable","17":"purchasable","18":"product-type-simple"},"acf":[],"yoast_head":"<!-- This site is optimized with the Yoast SEO plugin v27.3 - https:\/\/yoast.com\/product\/yoast-seo-wordpress\/ -->\n<title>Acheter SONJ\u00c9 KOUT\u00c9 de Layko | Kaphonic Records<\/title>\n<meta name=\"description\" content=\"D\u00e9couvrez &#039;SONJ\u00c9 KOUT\u00c9&#039; de LAYKO, un album qui m\u00eale les rythmes du Gwo-Ka \u00e0 une musique \u00e9lectronique sophistiqu\u00e9e aux sonorit\u00e9s contemporaines et aux traditions carib\u00e9ennes.\" \/>\n<meta name=\"robots\" content=\"index, follow, max-snippet:-1, max-image-preview:large, max-video-preview:-1\" \/>\n<link rel=\"canonical\" href=\"https:\/\/www.kaphonic.com\/fr\/shop\/sonje-koute\/\" \/>\n<meta property=\"og:locale\" content=\"fr_FR\" \/>\n<meta property=\"og:type\" content=\"article\" \/>\n<meta property=\"og:title\" content=\"Acheter SONJ\u00c9 KOUT\u00c9 de Layko | Kaphonic Records\" \/>\n<meta property=\"og:description\" content=\"D\u00e9couvrez &#039;SONJ\u00c9 KOUT\u00c9&#039; de LAYKO, un album qui m\u00eale les rythmes du Gwo-Ka \u00e0 une musique \u00e9lectronique sophistiqu\u00e9e aux sonorit\u00e9s contemporaines et aux traditions carib\u00e9ennes.\" \/>\n<meta property=\"og:url\" content=\"https:\/\/www.kaphonic.com\/fr\/shop\/sonje-koute\/\" \/>\n<meta property=\"og:site_name\" content=\"Kaphonic\" \/>\n<meta property=\"article:publisher\" content=\"https:\/\/www.facebook.com\/kaphonic\/\" \/>\n<meta property=\"article:modified_time\" content=\"2026-03-27T13:59:59+00:00\" \/>\n<meta property=\"og:image\" content=\"https:\/\/www.kaphonic.com\/wp-content\/uploads\/2023\/09\/cover-LAYKO_SONJE_KOUTE.jpg\" \/>\n\t<meta property=\"og:image:width\" content=\"728\" \/>\n\t<meta property=\"og:image:height\" content=\"728\" \/>\n\t<meta property=\"og:image:type\" content=\"image\/jpeg\" \/>\n<meta name=\"twitter:card\" content=\"summary_large_image\" \/>\n<meta name=\"twitter:label1\" content=\"Dur\u00e9e de lecture estim\u00e9e\" \/>\n\t<meta name=\"twitter:data1\" content=\"1 minute\" \/>\n<script type=\"application\/ld+json\" class=\"yoast-schema-graph\">{\"@context\":\"https:\\\/\\\/schema.org\",\"@graph\":[{\"@type\":\"WebPage\",\"@id\":\"https:\\\/\\\/www.kaphonic.com\\\/fr\\\/shop\\\/sonje-koute\\\/\",\"url\":\"https:\\\/\\\/www.kaphonic.com\\\/fr\\\/shop\\\/sonje-koute\\\/\",\"name\":\"Acheter SONJ\u00c9 KOUT\u00c9 de Layko | Kaphonic Records\",\"isPartOf\":{\"@id\":\"https:\\\/\\\/www.kaphonic.com\\\/fr\\\/#website\"},\"primaryImageOfPage\":{\"@id\":\"https:\\\/\\\/www.kaphonic.com\\\/fr\\\/shop\\\/sonje-koute\\\/#primaryimage\"},\"image\":{\"@id\":\"https:\\\/\\\/www.kaphonic.com\\\/fr\\\/shop\\\/sonje-koute\\\/#primaryimage\"},\"thumbnailUrl\":\"https:\\\/\\\/www.kaphonic.com\\\/wp-content\\\/uploads\\\/2023\\\/09\\\/cover-LAYKO_SONJE_KOUTE.jpg\",\"datePublished\":\"2023-09-29T15:30:41+00:00\",\"dateModified\":\"2026-03-27T13:59:59+00:00\",\"description\":\"D\u00e9couvrez 'SONJ\u00c9 KOUT\u00c9' de LAYKO, un album qui m\u00eale les rythmes du Gwo-Ka \u00e0 une musique \u00e9lectronique sophistiqu\u00e9e aux sonorit\u00e9s contemporaines et aux traditions carib\u00e9ennes.\",\"breadcrumb\":{\"@id\":\"https:\\\/\\\/www.kaphonic.com\\\/fr\\\/shop\\\/sonje-koute\\\/#breadcrumb\"},\"inLanguage\":\"fr-FR\",\"potentialAction\":[{\"@type\":\"ReadAction\",\"target\":[\"https:\\\/\\\/www.kaphonic.com\\\/fr\\\/shop\\\/sonje-koute\\\/\"]}]},{\"@type\":\"ImageObject\",\"inLanguage\":\"fr-FR\",\"@id\":\"https:\\\/\\\/www.kaphonic.com\\\/fr\\\/shop\\\/sonje-koute\\\/#primaryimage\",\"url\":\"https:\\\/\\\/www.kaphonic.com\\\/wp-content\\\/uploads\\\/2023\\\/09\\\/cover-LAYKO_SONJE_KOUTE.jpg\",\"contentUrl\":\"https:\\\/\\\/www.kaphonic.com\\\/wp-content\\\/uploads\\\/2023\\\/09\\\/cover-LAYKO_SONJE_KOUTE.jpg\",\"width\":728,\"height\":728,\"caption\":\"cover-LAYKO_SONJE_KOUTE\"},{\"@type\":\"BreadcrumbList\",\"@id\":\"https:\\\/\\\/www.kaphonic.com\\\/fr\\\/shop\\\/sonje-koute\\\/#breadcrumb\",\"itemListElement\":[{\"@type\":\"ListItem\",\"position\":1,\"name\":\"Home\",\"item\":\"https:\\\/\\\/www.kaphonic.com\\\/fr\\\/accueil\\\/\"},{\"@type\":\"ListItem\",\"position\":2,\"name\":\"Shop\",\"item\":\"https:\\\/\\\/www.kaphonic.com\\\/fr\\\/shop\\\/\"},{\"@type\":\"ListItem\",\"position\":3,\"name\":\"SONJ\u00c9 KOUT\u00c9\"}]},{\"@type\":\"WebSite\",\"@id\":\"https:\\\/\\\/www.kaphonic.com\\\/fr\\\/#website\",\"url\":\"https:\\\/\\\/www.kaphonic.com\\\/fr\\\/\",\"name\":\"Kaphonic\",\"description\":\"Label - \u00c9dition musicale - \u00c9v\u00e9nements\",\"publisher\":{\"@id\":\"https:\\\/\\\/www.kaphonic.com\\\/fr\\\/#organization\"},\"alternateName\":\"Kaphonic\",\"potentialAction\":[{\"@type\":\"SearchAction\",\"target\":{\"@type\":\"EntryPoint\",\"urlTemplate\":\"https:\\\/\\\/www.kaphonic.com\\\/fr\\\/?s={search_term_string}\"},\"query-input\":{\"@type\":\"PropertyValueSpecification\",\"valueRequired\":true,\"valueName\":\"search_term_string\"}}],\"inLanguage\":\"fr-FR\"},{\"@type\":\"Organization\",\"@id\":\"https:\\\/\\\/www.kaphonic.com\\\/fr\\\/#organization\",\"name\":\"SAS KAPHONIC\",\"alternateName\":\"KAPHONIC\",\"url\":\"https:\\\/\\\/www.kaphonic.com\\\/fr\\\/\",\"logo\":{\"@type\":\"ImageObject\",\"inLanguage\":\"fr-FR\",\"@id\":\"https:\\\/\\\/www.kaphonic.com\\\/fr\\\/#\\\/schema\\\/logo\\\/image\\\/\",\"url\":\"https:\\\/\\\/www.kaphonic.com\\\/wp-content\\\/uploads\\\/2023\\\/10\\\/LOGO-kaphonic-noir.png\",\"contentUrl\":\"https:\\\/\\\/www.kaphonic.com\\\/wp-content\\\/uploads\\\/2023\\\/10\\\/LOGO-kaphonic-noir.png\",\"width\":1000,\"height\":339,\"caption\":\"SAS KAPHONIC\"},\"image\":{\"@id\":\"https:\\\/\\\/www.kaphonic.com\\\/fr\\\/#\\\/schema\\\/logo\\\/image\\\/\"},\"sameAs\":[\"https:\\\/\\\/www.facebook.com\\\/kaphonic\\\/\",\"https:\\\/\\\/www.youtube.com\\\/@kaphonicrecords\",\"https:\\\/\\\/kaphonicrecords.bandcamp.com\\\/\",\"https:\\\/\\\/www.instagram.com\\\/kaphonicrecords\\\/\",\"https:\\\/\\\/soundcloud.com\\\/motsek\"]}]}<\/script>\n<!-- \/ Yoast SEO plugin. -->","yoast_head_json":{"title":"Acheter SONJ\u00c9 KOUT\u00c9 de Layko | Kaphonic Records","description":"D\u00e9couvrez 'SONJ\u00c9 KOUT\u00c9' de LAYKO, un album qui m\u00eale les rythmes du Gwo-Ka \u00e0 une musique \u00e9lectronique sophistiqu\u00e9e aux sonorit\u00e9s contemporaines et aux traditions carib\u00e9ennes.","robots":{"index":"index","follow":"follow","max-snippet":"max-snippet:-1","max-image-preview":"max-image-preview:large","max-video-preview":"max-video-preview:-1"},"canonical":"https:\/\/www.kaphonic.com\/fr\/shop\/sonje-koute\/","og_locale":"fr_FR","og_type":"article","og_title":"Acheter SONJ\u00c9 KOUT\u00c9 de Layko | Kaphonic Records","og_description":"D\u00e9couvrez 'SONJ\u00c9 KOUT\u00c9' de LAYKO, un album qui m\u00eale les rythmes du Gwo-Ka \u00e0 une musique \u00e9lectronique sophistiqu\u00e9e aux sonorit\u00e9s contemporaines et aux traditions carib\u00e9ennes.","og_url":"https:\/\/www.kaphonic.com\/fr\/shop\/sonje-koute\/","og_site_name":"Kaphonic","article_publisher":"https:\/\/www.facebook.com\/kaphonic\/","article_modified_time":"2026-03-27T13:59:59+00:00","og_image":[{"width":728,"height":728,"url":"https:\/\/www.kaphonic.com\/wp-content\/uploads\/2023\/09\/cover-LAYKO_SONJE_KOUTE.jpg","type":"image\/jpeg"}],"twitter_card":"summary_large_image","twitter_misc":{"Dur\u00e9e de lecture estim\u00e9e":"1 minute"},"schema":{"@context":"https:\/\/schema.org","@graph":[{"@type":"WebPage","@id":"https:\/\/www.kaphonic.com\/fr\/shop\/sonje-koute\/","url":"https:\/\/www.kaphonic.com\/fr\/shop\/sonje-koute\/","name":"Acheter SONJ\u00c9 KOUT\u00c9 de Layko | Kaphonic Records","isPartOf":{"@id":"https:\/\/www.kaphonic.com\/fr\/#website"},"primaryImageOfPage":{"@id":"https:\/\/www.kaphonic.com\/fr\/shop\/sonje-koute\/#primaryimage"},"image":{"@id":"https:\/\/www.kaphonic.com\/fr\/shop\/sonje-koute\/#primaryimage"},"thumbnailUrl":"https:\/\/www.kaphonic.com\/wp-content\/uploads\/2023\/09\/cover-LAYKO_SONJE_KOUTE.jpg","datePublished":"2023-09-29T15:30:41+00:00","dateModified":"2026-03-27T13:59:59+00:00","description":"D\u00e9couvrez 'SONJ\u00c9 KOUT\u00c9' de LAYKO, un album qui m\u00eale les rythmes du Gwo-Ka \u00e0 une musique \u00e9lectronique sophistiqu\u00e9e aux sonorit\u00e9s contemporaines et aux traditions carib\u00e9ennes.","breadcrumb":{"@id":"https:\/\/www.kaphonic.com\/fr\/shop\/sonje-koute\/#breadcrumb"},"inLanguage":"fr-FR","potentialAction":[{"@type":"ReadAction","target":["https:\/\/www.kaphonic.com\/fr\/shop\/sonje-koute\/"]}]},{"@type":"ImageObject","inLanguage":"fr-FR","@id":"https:\/\/www.kaphonic.com\/fr\/shop\/sonje-koute\/#primaryimage","url":"https:\/\/www.kaphonic.com\/wp-content\/uploads\/2023\/09\/cover-LAYKO_SONJE_KOUTE.jpg","contentUrl":"https:\/\/www.kaphonic.com\/wp-content\/uploads\/2023\/09\/cover-LAYKO_SONJE_KOUTE.jpg","width":728,"height":728,"caption":"cover-LAYKO_SONJE_KOUTE"},{"@type":"BreadcrumbList","@id":"https:\/\/www.kaphonic.com\/fr\/shop\/sonje-koute\/#breadcrumb","itemListElement":[{"@type":"ListItem","position":1,"name":"Home","item":"https:\/\/www.kaphonic.com\/fr\/accueil\/"},{"@type":"ListItem","position":2,"name":"Shop","item":"https:\/\/www.kaphonic.com\/fr\/shop\/"},{"@type":"ListItem","position":3,"name":"SONJ\u00c9 KOUT\u00c9"}]},{"@type":"WebSite","@id":"https:\/\/www.kaphonic.com\/fr\/#website","url":"https:\/\/www.kaphonic.com\/fr\/","name":"Kaphonic","description":"Label - \u00c9dition musicale - \u00c9v\u00e9nements","publisher":{"@id":"https:\/\/www.kaphonic.com\/fr\/#organization"},"alternateName":"Kaphonic","potentialAction":[{"@type":"SearchAction","target":{"@type":"EntryPoint","urlTemplate":"https:\/\/www.kaphonic.com\/fr\/?s={search_term_string}"},"query-input":{"@type":"PropertyValueSpecification","valueRequired":true,"valueName":"search_term_string"}}],"inLanguage":"fr-FR"},{"@type":"Organization","@id":"https:\/\/www.kaphonic.com\/fr\/#organization","name":"SAS KAPHONIC","alternateName":"KAPHONIC","url":"https:\/\/www.kaphonic.com\/fr\/","logo":{"@type":"ImageObject","inLanguage":"fr-FR","@id":"https:\/\/www.kaphonic.com\/fr\/#\/schema\/logo\/image\/","url":"https:\/\/www.kaphonic.com\/wp-content\/uploads\/2023\/10\/LOGO-kaphonic-noir.png","contentUrl":"https:\/\/www.kaphonic.com\/wp-content\/uploads\/2023\/10\/LOGO-kaphonic-noir.png","width":1000,"height":339,"caption":"SAS KAPHONIC"},"image":{"@id":"https:\/\/www.kaphonic.com\/fr\/#\/schema\/logo\/image\/"},"sameAs":["https:\/\/www.facebook.com\/kaphonic\/","https:\/\/www.youtube.com\/@kaphonicrecords","https:\/\/kaphonicrecords.bandcamp.com\/","https:\/\/www.instagram.com\/kaphonicrecords\/","https:\/\/soundcloud.com\/motsek"]}]}},"_links":{"self":[{"href":"https:\/\/www.kaphonic.com\/fr\/wp-json\/wp\/v2\/product\/6576","targetHints":{"allow":["GET"]}}],"collection":[{"href":"https:\/\/www.kaphonic.com\/fr\/wp-json\/wp\/v2\/product"}],"about":[{"href":"https:\/\/www.kaphonic.com\/fr\/wp-json\/wp\/v2\/types\/product"}],"version-history":[{"count":0,"href":"https:\/\/www.kaphonic.com\/fr\/wp-json\/wp\/v2\/product\/6576\/revisions"}],"wp:featuredmedia":[{"embeddable":true,"href":"https:\/\/www.kaphonic.com\/fr\/wp-json\/wp\/v2\/media\/7917"}],"wp:attachment":[{"href":"https:\/\/www.kaphonic.com\/fr\/wp-json\/wp\/v2\/media?parent=6576"}],"wp:term":[{"taxonomy":"product_brand","embeddable":true,"href":"https:\/\/www.kaphonic.com\/fr\/wp-json\/wp\/v2\/product_brand?post=6576"},{"taxonomy":"product_cat","embeddable":true,"href":"https:\/\/www.kaphonic.com\/fr\/wp-json\/wp\/v2\/product_cat?post=6576"},{"taxonomy":"product_tag","embeddable":true,"href":"https:\/\/www.kaphonic.com\/fr\/wp-json\/wp\/v2\/product_tag?post=6576"}],"curies":[{"name":"wp","href":"https:\/\/api.w.org\/{rel}","templated":true}]}}