{"id":9345,"date":"2023-12-14T15:05:21","date_gmt":"2023-12-14T14:05:21","guid":{"rendered":"https:\/\/www.kaphonic.com\/?post_type=product&#038;p=9345"},"modified":"2024-04-08T10:33:55","modified_gmt":"2024-04-08T08:33:55","slug":"liquid-love-raido-edit","status":"publish","type":"product","link":"https:\/\/www.kaphonic.com\/fr\/shop\/liquid-love-raido-edit\/","title":{"rendered":"LIQUID LOVE (Radio Edit)"},"content":{"rendered":"","protected":false},"excerpt":{"rendered":"<p>C\u2019est l\u2019histoire d\u2019une chanson qui ne voulait pas de son titre\u2026 une chanson qui te fait savoir qu\u2019elle est l\u2019essence de \u00ab La Chose \u00bb et qu\u2019\u00e0 ce titre, celui que tu lui as choisi ne lui va pas !<\/p>\n<p>\u00ab PLEASURE ISLAND \u00bb t\u2019invitait \u00e0 d\u00e9couvrir une \u00eele myst\u00e9rieuse, un jardin secret o\u00f9 Vivre et t\u2019enivrer, un lieu o\u00f9 libert\u00e9 rime avec sensualit\u00e9. La chanson t\u2019avisait qu\u2019elle \u00e9tait tout cela bien s\u00fbr, et pourtant, tu n\u2019y \u00e9tais pas encore\u2026 tu devais plonger au-del\u00e0, vraiment !<br \/>\nElle t\u2019a alors souffl\u00e9 qu\u2019elle est d\u00e9sir, connexion intime, sublimation d\u2019une mol\u00e9cule atomis\u00e9e, une c\u00e9l\u00e9bration sacr\u00e9e de l\u2019union ; elle te dit qu\u2019elle est Amour et Fusion, gorg\u00e9e d\u2019un \u00e9lixir puis\u00e9 \u00e0 l\u2019alambic de l\u2019intimit\u00e9, et que pour tout cela, tu dois l\u2019appeler \u00ab LIQUID LOVE \u00bb !<\/p>\n<p><iframe width=\"560\" height=\"315\" src=\"https:\/\/www.youtube.com\/embed\/jjYmEsqxR6U?si=VzMD_x9OVuKbdoC4\" frameborder=\"0\" allowfullscreen=\"\"><\/iframe><br \/>\n<\/body><\/p>\n<p><strong>Pleasure Island&#8230; Liquid Love nous voulons tout.<\/strong><\/p>\n<p>BLUE NEFERTITI, la plus parisienne des \u00ab Nubians \u00bb, connait les mots, leur saveur et leur port\u00e9e. Elle les chante depuis toujours, pour dire avec \u00e9l\u00e9gance et fiert\u00e9, l\u2019histoire des peuples et des m\u00e9moires. De \u00ab Makeda \u00bb \u00e0 aujourd\u2019hui, l\u2019artiste a parcouru le monde, jou\u00e9 sur les sc\u00e8nes les plus prestigieuses et collabor\u00e9 avec les plus grands (Kery James, les Black Eyed Peas, Boddhi Satva, Manu Dibango, dj Spinna, etc).<\/p>\n<p>Avec le titre \u00ab Liquid Love \u00bb, Blue Nefertiti vient habiter avec une \u00e9l\u00e9gance sans pareil la musique de EXTE-C, l&rsquo;un des DJ les plus influents de la sc\u00e8ne Deep House sud-africaine. On savoure le titre comme un bonbon f\u00e9tiche gliss\u00e9 sous la langue. La friandise fond, se diffuse et s\u2019\u00e9parpille, l\u2019addiction op\u00e8re !<\/p>\n","protected":false},"featured_media":9259,"template":"","meta":{"_acf_changed":false},"product_brand":[],"product_cat":[104,74],"product_tag":[],"class_list":{"0":"post-9345","1":"product","2":"type-product","3":"status-publish","4":"has-post-thumbnail","6":"product_cat-blue-nefertiti-fr","7":"product_cat-piste","9":"first","10":"instock","11":"featured","12":"downloadable","13":"virtual","14":"taxable","15":"purchasable","16":"product-type-simple"},"acf":[],"yoast_head":"<!-- This site is optimized with the Yoast SEO plugin v26.7 - https:\/\/yoast.com\/wordpress\/plugins\/seo\/ -->\n<title>Acheter LIQUID LOVE by Blue Nefertiti | Kaphonic Records<\/title>\n<meta name=\"description\" content=\"Avec le titre \u00ab Liquid Love \u00bb, Blue Nefertiti vient habiter avec une \u00e9l\u00e9gance sans pareil la musique de EXTE-C, DJ sud-africain.\" \/>\n<meta name=\"robots\" content=\"index, follow, max-snippet:-1, max-image-preview:large, max-video-preview:-1\" \/>\n<link rel=\"canonical\" href=\"https:\/\/www.kaphonic.com\/fr\/shop\/liquid-love-raido-edit\/\" \/>\n<meta property=\"og:locale\" content=\"fr_FR\" \/>\n<meta property=\"og:type\" content=\"article\" \/>\n<meta property=\"og:title\" content=\"Acheter LIQUID LOVE by Blue Nefertiti | Kaphonic Records\" \/>\n<meta property=\"og:description\" content=\"Avec le titre \u00ab Liquid Love \u00bb, Blue Nefertiti vient habiter avec une \u00e9l\u00e9gance sans pareil la musique de EXTE-C, DJ sud-africain.\" \/>\n<meta property=\"og:url\" content=\"https:\/\/www.kaphonic.com\/fr\/shop\/liquid-love-raido-edit\/\" \/>\n<meta property=\"og:site_name\" content=\"Kaphonic\" \/>\n<meta property=\"article:publisher\" content=\"https:\/\/www.facebook.com\/kaphonic\/\" \/>\n<meta property=\"article:modified_time\" content=\"2024-04-08T08:33:55+00:00\" \/>\n<meta property=\"og:image\" content=\"https:\/\/www.kaphonic.com\/wp-content\/uploads\/2023\/12\/LIQUID-LOVE-COVER-500-.jpg\" \/>\n\t<meta property=\"og:image:width\" content=\"500\" \/>\n\t<meta property=\"og:image:height\" content=\"500\" \/>\n\t<meta property=\"og:image:type\" content=\"image\/jpeg\" \/>\n<meta name=\"twitter:card\" content=\"summary_large_image\" \/>\n<meta name=\"twitter:label1\" content=\"Dur\u00e9e de lecture estim\u00e9e\" \/>\n\t<meta name=\"twitter:data1\" content=\"1 minute\" \/>\n<script type=\"application\/ld+json\" class=\"yoast-schema-graph\">{\"@context\":\"https:\/\/schema.org\",\"@graph\":[{\"@type\":\"WebPage\",\"@id\":\"https:\/\/www.kaphonic.com\/fr\/shop\/liquid-love-raido-edit\/\",\"url\":\"https:\/\/www.kaphonic.com\/fr\/shop\/liquid-love-raido-edit\/\",\"name\":\"Acheter LIQUID LOVE by Blue Nefertiti | Kaphonic Records\",\"isPartOf\":{\"@id\":\"https:\/\/www.kaphonic.com\/fr\/#website\"},\"primaryImageOfPage\":{\"@id\":\"https:\/\/www.kaphonic.com\/fr\/shop\/liquid-love-raido-edit\/#primaryimage\"},\"image\":{\"@id\":\"https:\/\/www.kaphonic.com\/fr\/shop\/liquid-love-raido-edit\/#primaryimage\"},\"thumbnailUrl\":\"https:\/\/www.kaphonic.com\/wp-content\/uploads\/2023\/12\/LIQUID-LOVE-COVER-500-.jpg\",\"datePublished\":\"2023-12-14T14:05:21+00:00\",\"dateModified\":\"2024-04-08T08:33:55+00:00\",\"description\":\"Avec le titre \u00ab Liquid Love \u00bb, Blue Nefertiti vient habiter avec une \u00e9l\u00e9gance sans pareil la musique de EXTE-C, DJ sud-africain.\",\"breadcrumb\":{\"@id\":\"https:\/\/www.kaphonic.com\/fr\/shop\/liquid-love-raido-edit\/#breadcrumb\"},\"inLanguage\":\"fr-FR\",\"potentialAction\":[{\"@type\":\"ReadAction\",\"target\":[\"https:\/\/www.kaphonic.com\/fr\/shop\/liquid-love-raido-edit\/\"]}]},{\"@type\":\"ImageObject\",\"inLanguage\":\"fr-FR\",\"@id\":\"https:\/\/www.kaphonic.com\/fr\/shop\/liquid-love-raido-edit\/#primaryimage\",\"url\":\"https:\/\/www.kaphonic.com\/wp-content\/uploads\/2023\/12\/LIQUID-LOVE-COVER-500-.jpg\",\"contentUrl\":\"https:\/\/www.kaphonic.com\/wp-content\/uploads\/2023\/12\/LIQUID-LOVE-COVER-500-.jpg\",\"width\":500,\"height\":500,\"caption\":\"Cover Liquid Love\"},{\"@type\":\"BreadcrumbList\",\"@id\":\"https:\/\/www.kaphonic.com\/fr\/shop\/liquid-love-raido-edit\/#breadcrumb\",\"itemListElement\":[{\"@type\":\"ListItem\",\"position\":1,\"name\":\"Home\",\"item\":\"https:\/\/www.kaphonic.com\/fr\/accueil\/\"},{\"@type\":\"ListItem\",\"position\":2,\"name\":\"Shop\",\"item\":\"https:\/\/www.kaphonic.com\/fr\/shop\/\"},{\"@type\":\"ListItem\",\"position\":3,\"name\":\"LIQUID LOVE (Radio Edit)\"}]},{\"@type\":\"WebSite\",\"@id\":\"https:\/\/www.kaphonic.com\/fr\/#website\",\"url\":\"https:\/\/www.kaphonic.com\/fr\/\",\"name\":\"Kaphonic\",\"description\":\"Label - \u00c9dition musicale - \u00c9v\u00e9nements\",\"publisher\":{\"@id\":\"https:\/\/www.kaphonic.com\/fr\/#organization\"},\"alternateName\":\"Kaphonic\",\"potentialAction\":[{\"@type\":\"SearchAction\",\"target\":{\"@type\":\"EntryPoint\",\"urlTemplate\":\"https:\/\/www.kaphonic.com\/fr\/?s={search_term_string}\"},\"query-input\":{\"@type\":\"PropertyValueSpecification\",\"valueRequired\":true,\"valueName\":\"search_term_string\"}}],\"inLanguage\":\"fr-FR\"},{\"@type\":\"Organization\",\"@id\":\"https:\/\/www.kaphonic.com\/fr\/#organization\",\"name\":\"SAS KAPHONIC\",\"alternateName\":\"KAPHONIC\",\"url\":\"https:\/\/www.kaphonic.com\/fr\/\",\"logo\":{\"@type\":\"ImageObject\",\"inLanguage\":\"fr-FR\",\"@id\":\"https:\/\/www.kaphonic.com\/fr\/#\/schema\/logo\/image\/\",\"url\":\"https:\/\/www.kaphonic.com\/wp-content\/uploads\/2023\/10\/LOGO-kaphonic-noir.png\",\"contentUrl\":\"https:\/\/www.kaphonic.com\/wp-content\/uploads\/2023\/10\/LOGO-kaphonic-noir.png\",\"width\":1000,\"height\":339,\"caption\":\"SAS KAPHONIC\"},\"image\":{\"@id\":\"https:\/\/www.kaphonic.com\/fr\/#\/schema\/logo\/image\/\"},\"sameAs\":[\"https:\/\/www.facebook.com\/kaphonic\/\",\"https:\/\/www.youtube.com\/@kaphonicrecords\",\"https:\/\/kaphonicrecords.bandcamp.com\/\",\"https:\/\/www.instagram.com\/kaphonicrecords\/\",\"https:\/\/soundcloud.com\/motsek\"]}]}<\/script>\n<!-- \/ Yoast SEO plugin. -->","yoast_head_json":{"title":"Acheter LIQUID LOVE by Blue Nefertiti | Kaphonic Records","description":"Avec le titre \u00ab Liquid Love \u00bb, Blue Nefertiti vient habiter avec une \u00e9l\u00e9gance sans pareil la musique de EXTE-C, DJ sud-africain.","robots":{"index":"index","follow":"follow","max-snippet":"max-snippet:-1","max-image-preview":"max-image-preview:large","max-video-preview":"max-video-preview:-1"},"canonical":"https:\/\/www.kaphonic.com\/fr\/shop\/liquid-love-raido-edit\/","og_locale":"fr_FR","og_type":"article","og_title":"Acheter LIQUID LOVE by Blue Nefertiti | Kaphonic Records","og_description":"Avec le titre \u00ab Liquid Love \u00bb, Blue Nefertiti vient habiter avec une \u00e9l\u00e9gance sans pareil la musique de EXTE-C, DJ sud-africain.","og_url":"https:\/\/www.kaphonic.com\/fr\/shop\/liquid-love-raido-edit\/","og_site_name":"Kaphonic","article_publisher":"https:\/\/www.facebook.com\/kaphonic\/","article_modified_time":"2024-04-08T08:33:55+00:00","og_image":[{"width":500,"height":500,"url":"https:\/\/www.kaphonic.com\/wp-content\/uploads\/2023\/12\/LIQUID-LOVE-COVER-500-.jpg","type":"image\/jpeg"}],"twitter_card":"summary_large_image","twitter_misc":{"Dur\u00e9e de lecture estim\u00e9e":"1 minute"},"schema":{"@context":"https:\/\/schema.org","@graph":[{"@type":"WebPage","@id":"https:\/\/www.kaphonic.com\/fr\/shop\/liquid-love-raido-edit\/","url":"https:\/\/www.kaphonic.com\/fr\/shop\/liquid-love-raido-edit\/","name":"Acheter LIQUID LOVE by Blue Nefertiti | Kaphonic Records","isPartOf":{"@id":"https:\/\/www.kaphonic.com\/fr\/#website"},"primaryImageOfPage":{"@id":"https:\/\/www.kaphonic.com\/fr\/shop\/liquid-love-raido-edit\/#primaryimage"},"image":{"@id":"https:\/\/www.kaphonic.com\/fr\/shop\/liquid-love-raido-edit\/#primaryimage"},"thumbnailUrl":"https:\/\/www.kaphonic.com\/wp-content\/uploads\/2023\/12\/LIQUID-LOVE-COVER-500-.jpg","datePublished":"2023-12-14T14:05:21+00:00","dateModified":"2024-04-08T08:33:55+00:00","description":"Avec le titre \u00ab Liquid Love \u00bb, Blue Nefertiti vient habiter avec une \u00e9l\u00e9gance sans pareil la musique de EXTE-C, DJ sud-africain.","breadcrumb":{"@id":"https:\/\/www.kaphonic.com\/fr\/shop\/liquid-love-raido-edit\/#breadcrumb"},"inLanguage":"fr-FR","potentialAction":[{"@type":"ReadAction","target":["https:\/\/www.kaphonic.com\/fr\/shop\/liquid-love-raido-edit\/"]}]},{"@type":"ImageObject","inLanguage":"fr-FR","@id":"https:\/\/www.kaphonic.com\/fr\/shop\/liquid-love-raido-edit\/#primaryimage","url":"https:\/\/www.kaphonic.com\/wp-content\/uploads\/2023\/12\/LIQUID-LOVE-COVER-500-.jpg","contentUrl":"https:\/\/www.kaphonic.com\/wp-content\/uploads\/2023\/12\/LIQUID-LOVE-COVER-500-.jpg","width":500,"height":500,"caption":"Cover Liquid Love"},{"@type":"BreadcrumbList","@id":"https:\/\/www.kaphonic.com\/fr\/shop\/liquid-love-raido-edit\/#breadcrumb","itemListElement":[{"@type":"ListItem","position":1,"name":"Home","item":"https:\/\/www.kaphonic.com\/fr\/accueil\/"},{"@type":"ListItem","position":2,"name":"Shop","item":"https:\/\/www.kaphonic.com\/fr\/shop\/"},{"@type":"ListItem","position":3,"name":"LIQUID LOVE (Radio Edit)"}]},{"@type":"WebSite","@id":"https:\/\/www.kaphonic.com\/fr\/#website","url":"https:\/\/www.kaphonic.com\/fr\/","name":"Kaphonic","description":"Label - \u00c9dition musicale - \u00c9v\u00e9nements","publisher":{"@id":"https:\/\/www.kaphonic.com\/fr\/#organization"},"alternateName":"Kaphonic","potentialAction":[{"@type":"SearchAction","target":{"@type":"EntryPoint","urlTemplate":"https:\/\/www.kaphonic.com\/fr\/?s={search_term_string}"},"query-input":{"@type":"PropertyValueSpecification","valueRequired":true,"valueName":"search_term_string"}}],"inLanguage":"fr-FR"},{"@type":"Organization","@id":"https:\/\/www.kaphonic.com\/fr\/#organization","name":"SAS KAPHONIC","alternateName":"KAPHONIC","url":"https:\/\/www.kaphonic.com\/fr\/","logo":{"@type":"ImageObject","inLanguage":"fr-FR","@id":"https:\/\/www.kaphonic.com\/fr\/#\/schema\/logo\/image\/","url":"https:\/\/www.kaphonic.com\/wp-content\/uploads\/2023\/10\/LOGO-kaphonic-noir.png","contentUrl":"https:\/\/www.kaphonic.com\/wp-content\/uploads\/2023\/10\/LOGO-kaphonic-noir.png","width":1000,"height":339,"caption":"SAS KAPHONIC"},"image":{"@id":"https:\/\/www.kaphonic.com\/fr\/#\/schema\/logo\/image\/"},"sameAs":["https:\/\/www.facebook.com\/kaphonic\/","https:\/\/www.youtube.com\/@kaphonicrecords","https:\/\/kaphonicrecords.bandcamp.com\/","https:\/\/www.instagram.com\/kaphonicrecords\/","https:\/\/soundcloud.com\/motsek"]}]}},"_links":{"self":[{"href":"https:\/\/www.kaphonic.com\/fr\/wp-json\/wp\/v2\/product\/9345","targetHints":{"allow":["GET"]}}],"collection":[{"href":"https:\/\/www.kaphonic.com\/fr\/wp-json\/wp\/v2\/product"}],"about":[{"href":"https:\/\/www.kaphonic.com\/fr\/wp-json\/wp\/v2\/types\/product"}],"version-history":[{"count":0,"href":"https:\/\/www.kaphonic.com\/fr\/wp-json\/wp\/v2\/product\/9345\/revisions"}],"wp:featuredmedia":[{"embeddable":true,"href":"https:\/\/www.kaphonic.com\/fr\/wp-json\/wp\/v2\/media\/9259"}],"wp:attachment":[{"href":"https:\/\/www.kaphonic.com\/fr\/wp-json\/wp\/v2\/media?parent=9345"}],"wp:term":[{"taxonomy":"product_brand","embeddable":true,"href":"https:\/\/www.kaphonic.com\/fr\/wp-json\/wp\/v2\/product_brand?post=9345"},{"taxonomy":"product_cat","embeddable":true,"href":"https:\/\/www.kaphonic.com\/fr\/wp-json\/wp\/v2\/product_cat?post=9345"},{"taxonomy":"product_tag","embeddable":true,"href":"https:\/\/www.kaphonic.com\/fr\/wp-json\/wp\/v2\/product_tag?post=9345"}],"curies":[{"name":"wp","href":"https:\/\/api.w.org\/{rel}","templated":true}]}}